{"id":4519,"date":"2025-09-14T10:41:54","date_gmt":"2025-09-14T10:41:54","guid":{"rendered":"https:\/\/www.clear-edge.com\/?page_id=4519"},"modified":"2025-09-14T10:41:55","modified_gmt":"2025-09-14T10:41:55","slug":"bandas-de-secado-para-biomasa-y-produccion-de-pellets-de-madera","status":"publish","type":"page","link":"https:\/\/www.clear-edge.com\/es\/bandas-de-secado-para-biomasa-y-produccion-de-pellets-de-madera\/","title":{"rendered":"Bandas de secado para biomasa y producci\u00f3n de pellets de madera"},"content":{"rendered":"\n<div class=\"wp-block-cover\"><img loading=\"lazy\" decoding=\"async\" width=\"1024\" height=\"767\" class=\"wp-block-cover__image-background wp-image-4477 size-large\" alt=\"\" src=\"https:\/\/www.clear-edge.com\/wp-content\/uploads\/2025\/08\/iStock-1351320954-1024x767.jpg\" style=\"object-position:49% 39%\" data-object-fit=\"cover\" data-object-position=\"49% 39%\" srcset=\"https:\/\/www.clear-edge.com\/wp-content\/uploads\/2025\/08\/iStock-1351320954-1024x767.jpg 1024w, https:\/\/www.clear-edge.com\/wp-content\/uploads\/2025\/08\/iStock-1351320954-300x225.jpg 300w, https:\/\/www.clear-edge.com\/wp-content\/uploads\/2025\/08\/iStock-1351320954-768x576.jpg 768w, https:\/\/www.clear-edge.com\/wp-content\/uploads\/2025\/08\/iStock-1351320954-1536x1151.jpg 1536w, https:\/\/www.clear-edge.com\/wp-content\/uploads\/2025\/08\/iStock-1351320954-2048x1535.jpg 2048w\" sizes=\"auto, (max-width: 1024px) 100vw, 1024px\" \/><span aria-hidden=\"true\" class=\"wp-block-cover__background has-black-background-color has-background-dim-40 has-background-dim\"><\/span><div class=\"wp-block-cover__inner-container is-layout-constrained wp-block-cover-is-layout-constrained\">\n<h2 class=\"wp-block-heading has-text-align-center has-large-font-size\">Bandas de secado de alto rendimiento para biomasa y producci\u00f3n de pellets de madera<\/h2>\n<\/div><\/div>\n\n\n\n<p>Clear Edge es un proveedor global de confianza de bandas de secado especializadas para la industria de la biomasa, ayudando a los productores de pellets de madera a lograr una reducci\u00f3n eficiente de la humedad, una calidad de pellet constante y una reducci\u00f3n del tiempo de inactividad. Nuestros tejidos t\u00e9cnicos est\u00e1n dise\u00f1ados para soportar altas temperaturas, cargas pesadas y condiciones abrasivas presentes en las operaciones de secado de biomasa.<\/p>\n\n\n\n<div style=\"height:15px\" aria-hidden=\"true\" class=\"wp-block-spacer\"><\/div>\n\n\n\n<div class=\"wp-block-media-text is-stacked-on-mobile\"><figure class=\"wp-block-media-text__media\"><img loading=\"lazy\" decoding=\"async\" width=\"1024\" height=\"768\" src=\"https:\/\/www.clear-edge.com\/wp-content\/uploads\/2025\/08\/Biomass-1-1024x768.jpg\" alt=\"\" class=\"wp-image-4480 size-full\" srcset=\"https:\/\/www.clear-edge.com\/wp-content\/uploads\/2025\/08\/Biomass-1-1024x768.jpg 1024w, https:\/\/www.clear-edge.com\/wp-content\/uploads\/2025\/08\/Biomass-1-300x225.jpg 300w, https:\/\/www.clear-edge.com\/wp-content\/uploads\/2025\/08\/Biomass-1-768x576.jpg 768w, https:\/\/www.clear-edge.com\/wp-content\/uploads\/2025\/08\/Biomass-1-1536x1152.jpg 1536w, https:\/\/www.clear-edge.com\/wp-content\/uploads\/2025\/08\/Biomass-1-2048x1536.jpg 2048w\" sizes=\"auto, (max-width: 1024px) 100vw, 1024px\" \/><\/figure><div class=\"wp-block-media-text__content\">\n<h3 class=\"wp-block-heading\"><strong>La importancia de un secado eficiente de biomasa<\/strong><\/h3>\n\n\n\n<p>En el procesamiento de biomasa, especialmente en la fabricaci\u00f3n de pellets de madera, el secado es una etapa cr\u00edtica. La eliminaci\u00f3n eficiente de la humedad asegura:<\/p>\n\n\n\n<ul class=\"wp-block-list\">\n<li>Densidad y valor energ\u00e9tico constantes de los pellets<\/li>\n\n\n\n<li>Menor riesgo de degradaci\u00f3n de los pellets durante el almacenamiento y transporte<\/li>\n\n\n\n<li>Rendimiento de combusti\u00f3n optimizado para los usuarios finales<\/li>\n\n\n\n<li>Costes operativos reducidos gracias a ciclos de secado m\u00e1s cortos y mayor rendimiento<\/li>\n<\/ul>\n<\/div><\/div>\n\n\n\n<div style=\"height:15px\" aria-hidden=\"true\" class=\"wp-block-spacer\"><\/div>\n\n\n\n<h3 class=\"wp-block-heading\"><strong>Soluciones de Clear Edge para secadores de biomasa<\/strong><\/h3>\n\n\n\n<p>Nuestras bandas de secado industriales se utilizan en secadores de banda, secadores de cinta transportadora y sistemas de secado continuo para biomasa.<br>Caracter\u00edsticas clave del producto:<\/p>\n\n\n\n<ul class=\"wp-block-list\">\n<li>Resistencia a altas temperaturas \u2013 Dise\u00f1adas para funcionar en entornos de secado extremos sin degradaci\u00f3n<\/li>\n\n\n\n<li>Resistencia a la abrasi\u00f3n \u2013 Manejan part\u00edculas rugosas de biomasa, incluidos astillas de madera, aserr\u00edn y residuos agr\u00edcolas<\/li>\n\n\n\n<li>Construcci\u00f3n de tejido abierto \u2013 Permite un flujo de aire \u00f3ptimo para un secado uniforme<\/li>\n\n\n\n<li>Dise\u00f1os a medida \u2013 Adaptados a las especificaciones de los OEM para secadores de banda en plantas de pellets de madera<\/li>\n\n\n\n<li>Larga vida \u00fatil \u2013 Menos reemplazos de bandas y menor tiempo de inactividad por mantenimiento<\/li>\n<\/ul>\n\n\n\n<div style=\"height:15px\" aria-hidden=\"true\" class=\"wp-block-spacer\"><\/div>\n\n\n\n<div class=\"wp-block-media-text is-stacked-on-mobile\"><figure class=\"wp-block-media-text__media\"><img loading=\"lazy\" decoding=\"async\" width=\"987\" height=\"693\" src=\"https:\/\/www.clear-edge.com\/wp-content\/uploads\/2025\/08\/Picture3-1.png\" alt=\"\" class=\"wp-image-4486 size-full\" srcset=\"https:\/\/www.clear-edge.com\/wp-content\/uploads\/2025\/08\/Picture3-1.png 987w, https:\/\/www.clear-edge.com\/wp-content\/uploads\/2025\/08\/Picture3-1-300x211.png 300w, https:\/\/www.clear-edge.com\/wp-content\/uploads\/2025\/08\/Picture3-1-768x539.png 768w\" sizes=\"auto, (max-width: 987px) 100vw, 987px\" \/><\/figure><div class=\"wp-block-media-text__content\">\n<h3 class=\"wp-block-heading\"><strong>Aplicaciones en la industria de la biomasa<\/strong><\/h3>\n\n\n\n<p>Nuestras bandas de secado son ideales para:<\/p>\n\n\n\n<ul class=\"wp-block-list\">\n<li>Producci\u00f3n de pellets de madera (con\u00edferas y frondosas)<\/li>\n\n\n\n<li>Secado de biomasa agr\u00edcola (c\u00e1scaras, vainas, pajas)<\/li>\n\n\n\n<li>Secado de residuos forestales (astillas de madera, aserr\u00edn, corteza)<\/li>\n\n\n\n<li>Preparaci\u00f3n de materias primas para biocombustibles alternativos<\/li>\n<\/ul>\n<\/div><\/div>\n\n\n\n<div style=\"height:15px\" aria-hidden=\"true\" class=\"wp-block-spacer\"><\/div>\n\n\n\n<h3 class=\"wp-block-heading\"><strong>Apoyando la sostenibilidad en energ\u00edas renovables<\/strong><\/h3>\n\n\n\n<p>Clear Edge contribuye a la cadena de valor de la energ\u00eda renovable proporcionando soluciones de secado duraderas y energ\u00e9ticamente eficientes que:<\/p>\n\n\n\n<ul class=\"wp-block-list\">\n<li>Reducen los desechos mediante una mayor vida \u00fatil de las bandas<\/li>\n\n\n\n<li>Mejoran la eficiencia del secado, reduciendo el consumo de energ\u00eda<\/li>\n\n\n\n<li>Apoyan combustibles de biomasa consistentes y de alta calidad para los mercados globales<\/li>\n<\/ul>\n\n\n\n<div style=\"height:15px\" aria-hidden=\"true\" class=\"wp-block-spacer\"><\/div>\n\n\n\n<h3 class=\"wp-block-heading\"><strong>Suministro global, soporte local<\/strong><\/h3>\n\n\n\n<p>Con centros de producci\u00f3n y equipos de servicio en Norteam\u00e9rica, Europa, Asia y \u00c1frica, ofrecemos:<\/p>\n\n\n\n<ul class=\"wp-block-list\">\n<li>Bandas de repuesto r\u00e1pidas para minimizar el tiempo de inactividad<\/li>\n\n\n\n<li>Soporte t\u00e9cnico en sitio para la optimizaci\u00f3n de secadores<\/li>\n\n\n\n<li>Alianzas con OEM para dise\u00f1os personalizados de bandas de secado<\/li>\n<\/ul>\n\n\n\n<div style=\"height:20px\" aria-hidden=\"true\" class=\"wp-block-spacer\"><\/div>\n\n\n\n<p><strong>Mejore la eficiencia del secado de biomasa con las bandas de secado de Clear Edge.<br><\/strong>Contacte hoy mismo a nuestros expertos para analizar los requisitos de su planta y descubrir c\u00f3mo podemos ayudarle a mejorar el rendimiento, la calidad de los pellets y la fiabilidad operativa.<\/p>\n\n\n\n<div class=\"wp-block-buttons is-content-justification-center is-layout-flex wp-container-core-buttons-is-layout-16018d1d wp-block-buttons-is-layout-flex\">\n<div class=\"wp-block-button\"><a class=\"wp-block-button__link has-green-background-color has-background wp-element-button\" href=\"https:\/\/www.clear-edge.com\/about-us\/contact-us\/\">Cont\u00e1ctenos<\/a><\/div>\n<\/div>\n\n\n\n<div style=\"height:14px\" aria-hidden=\"true\" class=\"wp-block-spacer\"><\/div>\n\n\n\n<hr class=\"wp-block-separator has-alpha-channel-opacity\" \/>\n\n\n\n<div style=\"height:14px\" aria-hidden=\"true\" class=\"wp-block-spacer\"><\/div>\n\n\n\n<div class=\"wp-block-cover alignwide\" style=\"min-height:222px;aspect-ratio:unset;\"><img loading=\"lazy\" decoding=\"async\" width=\"1024\" height=\"191\" class=\"wp-block-cover__image-background wp-image-4503 size-large\" alt=\"\" src=\"https:\/\/www.clear-edge.com\/wp-content\/uploads\/2025\/09\/Biomass-Brochure-Download-Banner-1-1024x191.png\" style=\"object-position:17% 37%\" data-object-fit=\"cover\" data-object-position=\"17% 37%\" srcset=\"https:\/\/www.clear-edge.com\/wp-content\/uploads\/2025\/09\/Biomass-Brochure-Download-Banner-1-1024x191.png 1024w, https:\/\/www.clear-edge.com\/wp-content\/uploads\/2025\/09\/Biomass-Brochure-Download-Banner-1-300x56.png 300w, https:\/\/www.clear-edge.com\/wp-content\/uploads\/2025\/09\/Biomass-Brochure-Download-Banner-1-768x144.png 768w, https:\/\/www.clear-edge.com\/wp-content\/uploads\/2025\/09\/Biomass-Brochure-Download-Banner-1-1536x287.png 1536w, https:\/\/www.clear-edge.com\/wp-content\/uploads\/2025\/09\/Biomass-Brochure-Download-Banner-1.png 1584w\" sizes=\"auto, (max-width: 1024px) 100vw, 1024px\" \/><span aria-hidden=\"true\" class=\"wp-block-cover__background has-black-background-color has-background-dim-0 has-background-dim\"><\/span><div class=\"wp-block-cover__inner-container is-layout-constrained wp-block-cover-is-layout-constrained\">\n<h4 class=\"wp-block-heading has-text-align-center\" style=\"font-size:34px\">Folleto de Biomasa<\/h4>\n\n\n\n<div class=\"wp-block-buttons is-content-justification-center is-layout-flex wp-container-core-buttons-is-layout-16018d1d wp-block-buttons-is-layout-flex\">\n<div class=\"wp-block-button\"><a class=\"wp-block-button__link has-green-background-color has-background wp-element-button\" href=\"https:\/\/www.clear-edge.com\/specialized-dryer-belts-for-biomass-industry\/\">Descargar ahora<\/a><\/div>\n<\/div>\n<\/div><\/div>\n\n\n\n<p><\/p>\n","protected":false},"excerpt":{"rendered":"<p>Clear Edge es un proveedor global de confianza de bandas de secado especializadas para la industria de la biomasa, ayudando a los productores de pellets de madera a lograr una reducci\u00f3n eficiente de la humedad, una calidad de pellet constante y una reducci\u00f3n del tiempo de inactividad. Nuestros tejidos t\u00e9cnicos est\u00e1n dise\u00f1ados para soportar altas [&hellip;]<\/p>\n","protected":false},"author":14,"featured_media":0,"parent":0,"menu_order":0,"comment_status":"closed","ping_status":"closed","template":"","meta":{"_acf_changed":false,"footnotes":""},"class_list":["post-4519","page","type-page","status-publish","hentry"],"acf":[],"yoast_head":"<!-- This site is optimized with the Yoast SEO plugin v27.3 - https:\/\/yoast.com\/product\/yoast-seo-wordpress\/ -->\n<title>Bandas de secado para biomasa y producci\u00f3n de pellets de madera - Clear Edge<\/title>\n<meta name=\"robots\" content=\"index, follow, max-snippet:-1, max-image-preview:large, max-video-preview:-1\" \/>\n<link rel=\"canonical\" href=\"https:\/\/www.clear-edge.com\/es\/bandas-de-secado-para-biomasa-y-produccion-de-pellets-de-madera\/\" \/>\n<meta property=\"og:locale\" content=\"es_ES\" \/>\n<meta property=\"og:type\" content=\"article\" \/>\n<meta property=\"og:title\" content=\"Bandas de secado para biomasa y producci\u00f3n de pellets de madera - Clear Edge\" \/>\n<meta property=\"og:description\" content=\"Clear Edge es un proveedor global de confianza de bandas de secado especializadas para la industria de la biomasa, ayudando a los productores de pellets de madera a lograr una reducci\u00f3n eficiente de la humedad, una calidad de pellet constante y una reducci\u00f3n del tiempo de inactividad. Nuestros tejidos t\u00e9cnicos est\u00e1n dise\u00f1ados para soportar altas [&hellip;]\" \/>\n<meta property=\"og:url\" content=\"https:\/\/www.clear-edge.com\/es\/bandas-de-secado-para-biomasa-y-produccion-de-pellets-de-madera\/\" \/>\n<meta property=\"og:site_name\" content=\"Clear Edge\" \/>\n<meta property=\"article:modified_time\" content=\"2025-09-14T10:41:55+00:00\" \/>\n<meta property=\"og:image\" content=\"https:\/\/www.clear-edge.com\/wp-content\/uploads\/2025\/08\/iStock-1351320954-scaled.jpg\" \/>\n\t<meta property=\"og:image:width\" content=\"2560\" \/>\n\t<meta property=\"og:image:height\" content=\"1919\" \/>\n\t<meta property=\"og:image:type\" content=\"image\/jpeg\" \/>\n<meta name=\"twitter:card\" content=\"summary_large_image\" \/>\n<meta name=\"twitter:label1\" content=\"Est. reading time\" \/>\n\t<meta name=\"twitter:data1\" content=\"3 minutos\" \/>\n<script type=\"application\/ld+json\" class=\"yoast-schema-graph\">{\"@context\":\"https:\\\/\\\/schema.org\",\"@graph\":[{\"@type\":\"WebPage\",\"@id\":\"https:\\\/\\\/www.clear-edge.com\\\/es\\\/bandas-de-secado-para-biomasa-y-produccion-de-pellets-de-madera\\\/\",\"url\":\"https:\\\/\\\/www.clear-edge.com\\\/es\\\/bandas-de-secado-para-biomasa-y-produccion-de-pellets-de-madera\\\/\",\"name\":\"Bandas de secado para biomasa y producci\u00f3n de pellets de madera - Clear Edge\",\"isPartOf\":{\"@id\":\"https:\\\/\\\/www.clear-edge.com\\\/es\\\/#website\"},\"primaryImageOfPage\":{\"@id\":\"https:\\\/\\\/www.clear-edge.com\\\/es\\\/bandas-de-secado-para-biomasa-y-produccion-de-pellets-de-madera\\\/#primaryimage\"},\"image\":{\"@id\":\"https:\\\/\\\/www.clear-edge.com\\\/es\\\/bandas-de-secado-para-biomasa-y-produccion-de-pellets-de-madera\\\/#primaryimage\"},\"thumbnailUrl\":\"https:\\\/\\\/www.clear-edge.com\\\/wp-content\\\/uploads\\\/2025\\\/08\\\/iStock-1351320954-1024x767.jpg\",\"datePublished\":\"2025-09-14T10:41:54+00:00\",\"dateModified\":\"2025-09-14T10:41:55+00:00\",\"breadcrumb\":{\"@id\":\"https:\\\/\\\/www.clear-edge.com\\\/es\\\/bandas-de-secado-para-biomasa-y-produccion-de-pellets-de-madera\\\/#breadcrumb\"},\"inLanguage\":\"es\",\"potentialAction\":[{\"@type\":\"ReadAction\",\"target\":[\"https:\\\/\\\/www.clear-edge.com\\\/es\\\/bandas-de-secado-para-biomasa-y-produccion-de-pellets-de-madera\\\/\"]}]},{\"@type\":\"ImageObject\",\"inLanguage\":\"es\",\"@id\":\"https:\\\/\\\/www.clear-edge.com\\\/es\\\/bandas-de-secado-para-biomasa-y-produccion-de-pellets-de-madera\\\/#primaryimage\",\"url\":\"https:\\\/\\\/www.clear-edge.com\\\/wp-content\\\/uploads\\\/2025\\\/08\\\/iStock-1351320954-1024x767.jpg\",\"contentUrl\":\"https:\\\/\\\/www.clear-edge.com\\\/wp-content\\\/uploads\\\/2025\\\/08\\\/iStock-1351320954-1024x767.jpg\"},{\"@type\":\"BreadcrumbList\",\"@id\":\"https:\\\/\\\/www.clear-edge.com\\\/es\\\/bandas-de-secado-para-biomasa-y-produccion-de-pellets-de-madera\\\/#breadcrumb\",\"itemListElement\":[{\"@type\":\"ListItem\",\"position\":1,\"name\":\"\",\"item\":\"https:\\\/\\\/www.clear-edge.com\\\/es\\\/\"},{\"@type\":\"ListItem\",\"position\":2,\"name\":\"Bandas de secado para biomasa y producci\u00f3n de pellets de madera\"}]},{\"@type\":\"WebSite\",\"@id\":\"https:\\\/\\\/www.clear-edge.com\\\/es\\\/#website\",\"url\":\"https:\\\/\\\/www.clear-edge.com\\\/es\\\/\",\"name\":\"Clear Edge\",\"description\":\"Global manufacturer and supplier of technical filter fabrics I filter cloths I filter belts I filtration solutions\",\"publisher\":{\"@id\":\"https:\\\/\\\/www.clear-edge.com\\\/es\\\/#organization\"},\"potentialAction\":[{\"@type\":\"SearchAction\",\"target\":{\"@type\":\"EntryPoint\",\"urlTemplate\":\"https:\\\/\\\/www.clear-edge.com\\\/es\\\/?s={search_term_string}\"},\"query-input\":{\"@type\":\"PropertyValueSpecification\",\"valueRequired\":true,\"valueName\":\"search_term_string\"}}],\"inLanguage\":\"es\"},{\"@type\":\"Organization\",\"@id\":\"https:\\\/\\\/www.clear-edge.com\\\/es\\\/#organization\",\"name\":\"Filtration Group\",\"url\":\"https:\\\/\\\/www.clear-edge.com\\\/es\\\/\",\"logo\":{\"@type\":\"ImageObject\",\"inLanguage\":\"es\",\"@id\":\"https:\\\/\\\/www.clear-edge.com\\\/es\\\/#\\\/schema\\\/logo\\\/image\\\/\",\"url\":\"https:\\\/\\\/www.clear-edge.com\\\/wp-content\\\/uploads\\\/2019\\\/06\\\/FGC-logo-1.png\",\"contentUrl\":\"https:\\\/\\\/www.clear-edge.com\\\/wp-content\\\/uploads\\\/2019\\\/06\\\/FGC-logo-1.png\",\"width\":1104,\"height\":224,\"caption\":\"Filtration Group\"},\"image\":{\"@id\":\"https:\\\/\\\/www.clear-edge.com\\\/es\\\/#\\\/schema\\\/logo\\\/image\\\/\"}}]}<\/script>\n<!-- \/ Yoast SEO plugin. -->","yoast_head_json":{"title":"Bandas de secado para biomasa y producci\u00f3n de pellets de madera - Clear Edge","robots":{"index":"index","follow":"follow","max-snippet":"max-snippet:-1","max-image-preview":"max-image-preview:large","max-video-preview":"max-video-preview:-1"},"canonical":"https:\/\/www.clear-edge.com\/es\/bandas-de-secado-para-biomasa-y-produccion-de-pellets-de-madera\/","og_locale":"es_ES","og_type":"article","og_title":"Bandas de secado para biomasa y producci\u00f3n de pellets de madera - Clear Edge","og_description":"Clear Edge es un proveedor global de confianza de bandas de secado especializadas para la industria de la biomasa, ayudando a los productores de pellets de madera a lograr una reducci\u00f3n eficiente de la humedad, una calidad de pellet constante y una reducci\u00f3n del tiempo de inactividad. Nuestros tejidos t\u00e9cnicos est\u00e1n dise\u00f1ados para soportar altas [&hellip;]","og_url":"https:\/\/www.clear-edge.com\/es\/bandas-de-secado-para-biomasa-y-produccion-de-pellets-de-madera\/","og_site_name":"Clear Edge","article_modified_time":"2025-09-14T10:41:55+00:00","og_image":[{"width":2560,"height":1919,"url":"https:\/\/www.clear-edge.com\/wp-content\/uploads\/2025\/08\/iStock-1351320954-scaled.jpg","type":"image\/jpeg"}],"twitter_card":"summary_large_image","twitter_misc":{"Est. reading time":"3 minutos"},"schema":{"@context":"https:\/\/schema.org","@graph":[{"@type":"WebPage","@id":"https:\/\/www.clear-edge.com\/es\/bandas-de-secado-para-biomasa-y-produccion-de-pellets-de-madera\/","url":"https:\/\/www.clear-edge.com\/es\/bandas-de-secado-para-biomasa-y-produccion-de-pellets-de-madera\/","name":"Bandas de secado para biomasa y producci\u00f3n de pellets de madera - Clear Edge","isPartOf":{"@id":"https:\/\/www.clear-edge.com\/es\/#website"},"primaryImageOfPage":{"@id":"https:\/\/www.clear-edge.com\/es\/bandas-de-secado-para-biomasa-y-produccion-de-pellets-de-madera\/#primaryimage"},"image":{"@id":"https:\/\/www.clear-edge.com\/es\/bandas-de-secado-para-biomasa-y-produccion-de-pellets-de-madera\/#primaryimage"},"thumbnailUrl":"https:\/\/www.clear-edge.com\/wp-content\/uploads\/2025\/08\/iStock-1351320954-1024x767.jpg","datePublished":"2025-09-14T10:41:54+00:00","dateModified":"2025-09-14T10:41:55+00:00","breadcrumb":{"@id":"https:\/\/www.clear-edge.com\/es\/bandas-de-secado-para-biomasa-y-produccion-de-pellets-de-madera\/#breadcrumb"},"inLanguage":"es","potentialAction":[{"@type":"ReadAction","target":["https:\/\/www.clear-edge.com\/es\/bandas-de-secado-para-biomasa-y-produccion-de-pellets-de-madera\/"]}]},{"@type":"ImageObject","inLanguage":"es","@id":"https:\/\/www.clear-edge.com\/es\/bandas-de-secado-para-biomasa-y-produccion-de-pellets-de-madera\/#primaryimage","url":"https:\/\/www.clear-edge.com\/wp-content\/uploads\/2025\/08\/iStock-1351320954-1024x767.jpg","contentUrl":"https:\/\/www.clear-edge.com\/wp-content\/uploads\/2025\/08\/iStock-1351320954-1024x767.jpg"},{"@type":"BreadcrumbList","@id":"https:\/\/www.clear-edge.com\/es\/bandas-de-secado-para-biomasa-y-produccion-de-pellets-de-madera\/#breadcrumb","itemListElement":[{"@type":"ListItem","position":1,"name":"","item":"https:\/\/www.clear-edge.com\/es\/"},{"@type":"ListItem","position":2,"name":"Bandas de secado para biomasa y producci\u00f3n de pellets de madera"}]},{"@type":"WebSite","@id":"https:\/\/www.clear-edge.com\/es\/#website","url":"https:\/\/www.clear-edge.com\/es\/","name":"Clear Edge","description":"Global manufacturer and supplier of technical filter fabrics I filter cloths I filter belts I filtration solutions","publisher":{"@id":"https:\/\/www.clear-edge.com\/es\/#organization"},"potentialAction":[{"@type":"SearchAction","target":{"@type":"EntryPoint","urlTemplate":"https:\/\/www.clear-edge.com\/es\/?s={search_term_string}"},"query-input":{"@type":"PropertyValueSpecification","valueRequired":true,"valueName":"search_term_string"}}],"inLanguage":"es"},{"@type":"Organization","@id":"https:\/\/www.clear-edge.com\/es\/#organization","name":"Filtration Group","url":"https:\/\/www.clear-edge.com\/es\/","logo":{"@type":"ImageObject","inLanguage":"es","@id":"https:\/\/www.clear-edge.com\/es\/#\/schema\/logo\/image\/","url":"https:\/\/www.clear-edge.com\/wp-content\/uploads\/2019\/06\/FGC-logo-1.png","contentUrl":"https:\/\/www.clear-edge.com\/wp-content\/uploads\/2019\/06\/FGC-logo-1.png","width":1104,"height":224,"caption":"Filtration Group"},"image":{"@id":"https:\/\/www.clear-edge.com\/es\/#\/schema\/logo\/image\/"}}]}},"_links":{"self":[{"href":"https:\/\/www.clear-edge.com\/es\/wp-json\/wp\/v2\/pages\/4519","targetHints":{"allow":["GET"]}}],"collection":[{"href":"https:\/\/www.clear-edge.com\/es\/wp-json\/wp\/v2\/pages"}],"about":[{"href":"https:\/\/www.clear-edge.com\/es\/wp-json\/wp\/v2\/types\/page"}],"author":[{"embeddable":true,"href":"https:\/\/www.clear-edge.com\/es\/wp-json\/wp\/v2\/users\/14"}],"replies":[{"embeddable":true,"href":"https:\/\/www.clear-edge.com\/es\/wp-json\/wp\/v2\/comments?post=4519"}],"version-history":[{"count":0,"href":"https:\/\/www.clear-edge.com\/es\/wp-json\/wp\/v2\/pages\/4519\/revisions"}],"wp:attachment":[{"href":"https:\/\/www.clear-edge.com\/es\/wp-json\/wp\/v2\/media?parent=4519"}],"curies":[{"name":"wp","href":"https:\/\/api.w.org\/{rel}","templated":true}]}}