{"id":1594,"date":"2022-01-05T11:57:23","date_gmt":"2022-01-05T11:57:23","guid":{"rendered":"https:\/\/www.clear-edge.com\/?page_id=1594"},"modified":"2022-01-05T11:57:24","modified_gmt":"2022-01-05T11:57:24","slug":"phosphorsaeure","status":"publish","type":"page","link":"https:\/\/www.clear-edge.com\/de\/maerkte\/chemikalien\/phosphorsaeure\/","title":{"rendered":"Phosphors\u00e4ure"},"content":{"rendered":"\n<p class=\"has-large-font-size\"><strong>Phosphors\u00e4ure<\/strong><\/p>\n\n\n\n<p>Je nach Herkunft und Qualit\u00e4t des Phosphorits kann die Partikelgr\u00f6\u00dfe erheblich variieren, was sich zwangsl\u00e4ufig auf die Filtrationsrate auswirkt. Hinsichtlich des Bedarfs an hohen Durchflussraten werden ausnahmslos monofile Gewebe, entweder aus Polypropylen oder Polyester, je nach kundenspezifischen Leistungskriterien f\u00fcr Filtration und Standzeit, ausgew\u00e4hlt.<\/p>\n\n\n\n<p>Wir arbeiten seit vielen Jahren mit den Herstellern von Phosphors\u00e4ure zusammen, und haben bei verschiedenen Prozessbedingungen und unterschiedlichen Rohstoffqualit\u00e4ten die besten Filtrationsergebnisse erzielt. Wir helfen Ihnen, das beste Ergebnis aus dem Wechselspiel der Faktoren S\u00e4urequalit\u00e4t, Ergiebigkeit, Kosten, Lebensdauer der Filtermedien und Filtrationsleistung zu erzielen.<\/p>\n\n\n\n<p>F\u00fcr weitere Informationen k\u00f6nnen Sie unsere Brosch\u00fcre herunterladen:<\/p>\n\n\n\n<div class=\"wp-block-buttons is-layout-flex wp-block-buttons-is-layout-flex\">\n<div class=\"wp-block-button\"><a class=\"wp-block-button__link has-green-background-color has-background\" href=\"https:\/\/www.clear-edge.com\/resources\/brochures-and-case-studies\/phosphoric-acid-brochure-download-request\/\">Herunterladen<\/a><\/div>\n<\/div>\n","protected":false},"excerpt":{"rendered":"<p>Phosphors\u00e4ure Je nach Herkunft und Qualit\u00e4t des Phosphorits kann die Partikelgr\u00f6\u00dfe erheblich variieren, was sich zwangsl\u00e4ufig auf die Filtrationsrate auswirkt. Hinsichtlich des Bedarfs an hohen Durchflussraten werden ausnahmslos monofile Gewebe, entweder aus Polypropylen oder Polyester, je nach kundenspezifischen Leistungskriterien f\u00fcr Filtration und Standzeit, ausgew\u00e4hlt. Wir arbeiten seit vielen Jahren mit den Herstellern von Phosphors\u00e4ure zusammen, [&hellip;]<\/p>\n","protected":false},"author":4,"featured_media":0,"parent":1150,"menu_order":0,"comment_status":"closed","ping_status":"closed","template":"","meta":{"_acf_changed":false,"footnotes":""},"class_list":["post-1594","page","type-page","status-publish","hentry"],"acf":[],"yoast_head":"<!-- This site is optimized with the Yoast SEO plugin v27.3 - https:\/\/yoast.com\/product\/yoast-seo-wordpress\/ -->\n<title>Phosphors\u00e4ure - Clear Edge<\/title>\n<meta name=\"robots\" content=\"index, follow, max-snippet:-1, max-image-preview:large, max-video-preview:-1\" \/>\n<link rel=\"canonical\" href=\"https:\/\/www.clear-edge.com\/de\/maerkte\/chemikalien\/phosphorsaeure\/\" \/>\n<meta property=\"og:locale\" content=\"de_DE\" \/>\n<meta property=\"og:type\" content=\"article\" \/>\n<meta property=\"og:title\" content=\"Phosphors\u00e4ure - Clear Edge\" \/>\n<meta property=\"og:description\" content=\"Phosphors\u00e4ure Je nach Herkunft und Qualit\u00e4t des Phosphorits kann die Partikelgr\u00f6\u00dfe erheblich variieren, was sich zwangsl\u00e4ufig auf die Filtrationsrate auswirkt. Hinsichtlich des Bedarfs an hohen Durchflussraten werden ausnahmslos monofile Gewebe, entweder aus Polypropylen oder Polyester, je nach kundenspezifischen Leistungskriterien f\u00fcr Filtration und Standzeit, ausgew\u00e4hlt. Wir arbeiten seit vielen Jahren mit den Herstellern von Phosphors\u00e4ure zusammen, [&hellip;]\" \/>\n<meta property=\"og:url\" content=\"https:\/\/www.clear-edge.com\/de\/maerkte\/chemikalien\/phosphorsaeure\/\" \/>\n<meta property=\"og:site_name\" content=\"Clear Edge\" \/>\n<meta property=\"article:modified_time\" content=\"2022-01-05T11:57:24+00:00\" \/>\n<meta name=\"twitter:card\" content=\"summary_large_image\" \/>\n<meta name=\"twitter:label1\" content=\"Gesch\u00e4tzte Lesezeit\" \/>\n\t<meta name=\"twitter:data1\" content=\"1 Minute\" \/>\n<script type=\"application\/ld+json\" class=\"yoast-schema-graph\">{\"@context\":\"https:\\\/\\\/schema.org\",\"@graph\":[{\"@type\":\"WebPage\",\"@id\":\"https:\\\/\\\/www.clear-edge.com\\\/de\\\/maerkte\\\/chemikalien\\\/phosphorsaeure\\\/\",\"url\":\"https:\\\/\\\/www.clear-edge.com\\\/de\\\/maerkte\\\/chemikalien\\\/phosphorsaeure\\\/\",\"name\":\"Phosphors\u00e4ure - Clear Edge\",\"isPartOf\":{\"@id\":\"https:\\\/\\\/www.clear-edge.com\\\/de\\\/#website\"},\"datePublished\":\"2022-01-05T11:57:23+00:00\",\"dateModified\":\"2022-01-05T11:57:24+00:00\",\"breadcrumb\":{\"@id\":\"https:\\\/\\\/www.clear-edge.com\\\/de\\\/maerkte\\\/chemikalien\\\/phosphorsaeure\\\/#breadcrumb\"},\"inLanguage\":\"de-DE\",\"potentialAction\":[{\"@type\":\"ReadAction\",\"target\":[\"https:\\\/\\\/www.clear-edge.com\\\/de\\\/maerkte\\\/chemikalien\\\/phosphorsaeure\\\/\"]}]},{\"@type\":\"BreadcrumbList\",\"@id\":\"https:\\\/\\\/www.clear-edge.com\\\/de\\\/maerkte\\\/chemikalien\\\/phosphorsaeure\\\/#breadcrumb\",\"itemListElement\":[{\"@type\":\"ListItem\",\"position\":1,\"name\":\"\",\"item\":\"https:\\\/\\\/www.clear-edge.com\\\/de\\\/\"},{\"@type\":\"ListItem\",\"position\":2,\"name\":\"M\u00e4rkte\",\"item\":\"https:\\\/\\\/www.clear-edge.com\\\/de\\\/maerkte\\\/\"},{\"@type\":\"ListItem\",\"position\":3,\"name\":\"Chemikalien\",\"item\":\"https:\\\/\\\/www.clear-edge.com\\\/de\\\/maerkte\\\/chemikalien\\\/\"},{\"@type\":\"ListItem\",\"position\":4,\"name\":\"Phosphors\u00e4ure\"}]},{\"@type\":\"WebSite\",\"@id\":\"https:\\\/\\\/www.clear-edge.com\\\/de\\\/#website\",\"url\":\"https:\\\/\\\/www.clear-edge.com\\\/de\\\/\",\"name\":\"Clear Edge\",\"description\":\"Global manufacturer and supplier of technical filter fabrics I filter cloths I filter belts I filtration solutions\",\"publisher\":{\"@id\":\"https:\\\/\\\/www.clear-edge.com\\\/de\\\/#organization\"},\"potentialAction\":[{\"@type\":\"SearchAction\",\"target\":{\"@type\":\"EntryPoint\",\"urlTemplate\":\"https:\\\/\\\/www.clear-edge.com\\\/de\\\/?s={search_term_string}\"},\"query-input\":{\"@type\":\"PropertyValueSpecification\",\"valueRequired\":true,\"valueName\":\"search_term_string\"}}],\"inLanguage\":\"de-DE\"},{\"@type\":\"Organization\",\"@id\":\"https:\\\/\\\/www.clear-edge.com\\\/de\\\/#organization\",\"name\":\"Filtration Group\",\"url\":\"https:\\\/\\\/www.clear-edge.com\\\/de\\\/\",\"logo\":{\"@type\":\"ImageObject\",\"inLanguage\":\"de-DE\",\"@id\":\"https:\\\/\\\/www.clear-edge.com\\\/de\\\/#\\\/schema\\\/logo\\\/image\\\/\",\"url\":\"https:\\\/\\\/www.clear-edge.com\\\/wp-content\\\/uploads\\\/2019\\\/06\\\/FGC-logo-1.png\",\"contentUrl\":\"https:\\\/\\\/www.clear-edge.com\\\/wp-content\\\/uploads\\\/2019\\\/06\\\/FGC-logo-1.png\",\"width\":1104,\"height\":224,\"caption\":\"Filtration Group\"},\"image\":{\"@id\":\"https:\\\/\\\/www.clear-edge.com\\\/de\\\/#\\\/schema\\\/logo\\\/image\\\/\"}}]}<\/script>\n<!-- \/ Yoast SEO plugin. -->","yoast_head_json":{"title":"Phosphors\u00e4ure - Clear Edge","robots":{"index":"index","follow":"follow","max-snippet":"max-snippet:-1","max-image-preview":"max-image-preview:large","max-video-preview":"max-video-preview:-1"},"canonical":"https:\/\/www.clear-edge.com\/de\/maerkte\/chemikalien\/phosphorsaeure\/","og_locale":"de_DE","og_type":"article","og_title":"Phosphors\u00e4ure - Clear Edge","og_description":"Phosphors\u00e4ure Je nach Herkunft und Qualit\u00e4t des Phosphorits kann die Partikelgr\u00f6\u00dfe erheblich variieren, was sich zwangsl\u00e4ufig auf die Filtrationsrate auswirkt. Hinsichtlich des Bedarfs an hohen Durchflussraten werden ausnahmslos monofile Gewebe, entweder aus Polypropylen oder Polyester, je nach kundenspezifischen Leistungskriterien f\u00fcr Filtration und Standzeit, ausgew\u00e4hlt. Wir arbeiten seit vielen Jahren mit den Herstellern von Phosphors\u00e4ure zusammen, [&hellip;]","og_url":"https:\/\/www.clear-edge.com\/de\/maerkte\/chemikalien\/phosphorsaeure\/","og_site_name":"Clear Edge","article_modified_time":"2022-01-05T11:57:24+00:00","twitter_card":"summary_large_image","twitter_misc":{"Gesch\u00e4tzte Lesezeit":"1 Minute"},"schema":{"@context":"https:\/\/schema.org","@graph":[{"@type":"WebPage","@id":"https:\/\/www.clear-edge.com\/de\/maerkte\/chemikalien\/phosphorsaeure\/","url":"https:\/\/www.clear-edge.com\/de\/maerkte\/chemikalien\/phosphorsaeure\/","name":"Phosphors\u00e4ure - Clear Edge","isPartOf":{"@id":"https:\/\/www.clear-edge.com\/de\/#website"},"datePublished":"2022-01-05T11:57:23+00:00","dateModified":"2022-01-05T11:57:24+00:00","breadcrumb":{"@id":"https:\/\/www.clear-edge.com\/de\/maerkte\/chemikalien\/phosphorsaeure\/#breadcrumb"},"inLanguage":"de-DE","potentialAction":[{"@type":"ReadAction","target":["https:\/\/www.clear-edge.com\/de\/maerkte\/chemikalien\/phosphorsaeure\/"]}]},{"@type":"BreadcrumbList","@id":"https:\/\/www.clear-edge.com\/de\/maerkte\/chemikalien\/phosphorsaeure\/#breadcrumb","itemListElement":[{"@type":"ListItem","position":1,"name":"","item":"https:\/\/www.clear-edge.com\/de\/"},{"@type":"ListItem","position":2,"name":"M\u00e4rkte","item":"https:\/\/www.clear-edge.com\/de\/maerkte\/"},{"@type":"ListItem","position":3,"name":"Chemikalien","item":"https:\/\/www.clear-edge.com\/de\/maerkte\/chemikalien\/"},{"@type":"ListItem","position":4,"name":"Phosphors\u00e4ure"}]},{"@type":"WebSite","@id":"https:\/\/www.clear-edge.com\/de\/#website","url":"https:\/\/www.clear-edge.com\/de\/","name":"Clear Edge","description":"Global manufacturer and supplier of technical filter fabrics I filter cloths I filter belts I filtration solutions","publisher":{"@id":"https:\/\/www.clear-edge.com\/de\/#organization"},"potentialAction":[{"@type":"SearchAction","target":{"@type":"EntryPoint","urlTemplate":"https:\/\/www.clear-edge.com\/de\/?s={search_term_string}"},"query-input":{"@type":"PropertyValueSpecification","valueRequired":true,"valueName":"search_term_string"}}],"inLanguage":"de-DE"},{"@type":"Organization","@id":"https:\/\/www.clear-edge.com\/de\/#organization","name":"Filtration Group","url":"https:\/\/www.clear-edge.com\/de\/","logo":{"@type":"ImageObject","inLanguage":"de-DE","@id":"https:\/\/www.clear-edge.com\/de\/#\/schema\/logo\/image\/","url":"https:\/\/www.clear-edge.com\/wp-content\/uploads\/2019\/06\/FGC-logo-1.png","contentUrl":"https:\/\/www.clear-edge.com\/wp-content\/uploads\/2019\/06\/FGC-logo-1.png","width":1104,"height":224,"caption":"Filtration Group"},"image":{"@id":"https:\/\/www.clear-edge.com\/de\/#\/schema\/logo\/image\/"}}]}},"_links":{"self":[{"href":"https:\/\/www.clear-edge.com\/de\/wp-json\/wp\/v2\/pages\/1594","targetHints":{"allow":["GET"]}}],"collection":[{"href":"https:\/\/www.clear-edge.com\/de\/wp-json\/wp\/v2\/pages"}],"about":[{"href":"https:\/\/www.clear-edge.com\/de\/wp-json\/wp\/v2\/types\/page"}],"author":[{"embeddable":true,"href":"https:\/\/www.clear-edge.com\/de\/wp-json\/wp\/v2\/users\/4"}],"replies":[{"embeddable":true,"href":"https:\/\/www.clear-edge.com\/de\/wp-json\/wp\/v2\/comments?post=1594"}],"version-history":[{"count":0,"href":"https:\/\/www.clear-edge.com\/de\/wp-json\/wp\/v2\/pages\/1594\/revisions"}],"up":[{"embeddable":true,"href":"https:\/\/www.clear-edge.com\/de\/wp-json\/wp\/v2\/pages\/1150"}],"wp:attachment":[{"href":"https:\/\/www.clear-edge.com\/de\/wp-json\/wp\/v2\/media?parent=1594"}],"curies":[{"name":"wp","href":"https:\/\/api.w.org\/{rel}","templated":true}]}}