{"id":1583,"date":"2022-01-03T06:01:53","date_gmt":"2022-01-03T06:01:53","guid":{"rendered":"https:\/\/www.clear-edge.com\/?page_id=1583"},"modified":"2022-01-03T06:01:54","modified_gmt":"2022-01-03T06:01:54","slug":"titandioxid","status":"publish","type":"page","link":"https:\/\/www.clear-edge.com\/de\/maerkte\/chemikalien\/titandioxid\/","title":{"rendered":"Titandioxid"},"content":{"rendered":"\n<p class=\"has-large-font-size\"><strong>Titandioxid<\/strong><\/p>\n\n\n\n<p>Clear Edge bedient Kunden auf der ganzen Welt, die mit dem Sulfat- oder Chloridverfahren Titandioxid herstellen. Wir sind ein f\u00fchrender Anbieter von Filtermedien f\u00fcr die TiO2-Industrie. Die Produktauswahl ist wissenschaftlich fundiert und basiert auf unserem umfangreichen Wissen \u00fcber die thermischen, chemischen und mechanischen Bedingungen, die in den Anwendungen vorkommen. Unsere vertikal integrierte Fertigung gew\u00e4hrleistet in jeder Phase den h\u00f6chsten Qualit\u00e4tsstandard. Dar\u00fcber hinaus bietet unser Produktprogramm intelligente L\u00f6sungen f\u00fcr die schnelle und einfache Montage von Beuteln f\u00fcr Vakuumblattfilter (Moore) , die in der TiO2-Industrie verwendet werden.<\/p>\n\n\n\n<p>Die Bedingungen und Maschinenausstattung des Sulfatprozesses unterscheiden sich je nach Filtrationsstufe, auch von Anlage zu Anlage, erheblich. Das Ilmeniterz besteht aus schwarzem Sand oder Gestein, weshalb der erste Teil des Herstellungsprozesses oft als schwarzer Abschnitt und der zweite Teil als wei\u00dfer Abschnitt bezeichnet wird, obwohl die Einteilung nicht immer offensichtlich ist.<\/p>\n\n\n\n<p>Mehr Informationen anfordern<\/p>\n\n\n\n<div class=\"wp-block-buttons is-layout-flex wp-block-buttons-is-layout-flex\">\n<div class=\"wp-block-button\"><a class=\"wp-block-button__link has-green-background-color has-background\" href=\"https:\/\/www.clear-edge.com\/about-us\/contact-us\/\">Kontaktieren sie uns<\/a><\/div>\n<\/div>\n","protected":false},"excerpt":{"rendered":"<p>Titandioxid Clear Edge bedient Kunden auf der ganzen Welt, die mit dem Sulfat- oder Chloridverfahren Titandioxid herstellen. Wir sind ein f\u00fchrender Anbieter von Filtermedien f\u00fcr die TiO2-Industrie. Die Produktauswahl ist wissenschaftlich fundiert und basiert auf unserem umfangreichen Wissen \u00fcber die thermischen, chemischen und mechanischen Bedingungen, die in den Anwendungen vorkommen. Unsere vertikal integrierte Fertigung gew\u00e4hrleistet [&hellip;]<\/p>\n","protected":false},"author":4,"featured_media":0,"parent":1150,"menu_order":0,"comment_status":"closed","ping_status":"closed","template":"","meta":{"_acf_changed":false,"footnotes":""},"class_list":["post-1583","page","type-page","status-publish","hentry"],"acf":[],"yoast_head":"<!-- This site is optimized with the Yoast SEO plugin v27.3 - https:\/\/yoast.com\/product\/yoast-seo-wordpress\/ -->\n<title>Titandioxid - Clear Edge<\/title>\n<meta name=\"robots\" content=\"index, follow, max-snippet:-1, max-image-preview:large, max-video-preview:-1\" \/>\n<link rel=\"canonical\" href=\"https:\/\/www.clear-edge.com\/de\/maerkte\/chemikalien\/titandioxid\/\" \/>\n<meta property=\"og:locale\" content=\"de_DE\" \/>\n<meta property=\"og:type\" content=\"article\" \/>\n<meta property=\"og:title\" content=\"Titandioxid - Clear Edge\" \/>\n<meta property=\"og:description\" content=\"Titandioxid Clear Edge bedient Kunden auf der ganzen Welt, die mit dem Sulfat- oder Chloridverfahren Titandioxid herstellen. Wir sind ein f\u00fchrender Anbieter von Filtermedien f\u00fcr die TiO2-Industrie. Die Produktauswahl ist wissenschaftlich fundiert und basiert auf unserem umfangreichen Wissen \u00fcber die thermischen, chemischen und mechanischen Bedingungen, die in den Anwendungen vorkommen. Unsere vertikal integrierte Fertigung gew\u00e4hrleistet [&hellip;]\" \/>\n<meta property=\"og:url\" content=\"https:\/\/www.clear-edge.com\/de\/maerkte\/chemikalien\/titandioxid\/\" \/>\n<meta property=\"og:site_name\" content=\"Clear Edge\" \/>\n<meta property=\"article:modified_time\" content=\"2022-01-03T06:01:54+00:00\" \/>\n<meta name=\"twitter:card\" content=\"summary_large_image\" \/>\n<meta name=\"twitter:label1\" content=\"Gesch\u00e4tzte Lesezeit\" \/>\n\t<meta name=\"twitter:data1\" content=\"1 Minute\" \/>\n<script type=\"application\/ld+json\" class=\"yoast-schema-graph\">{\"@context\":\"https:\\\/\\\/schema.org\",\"@graph\":[{\"@type\":\"WebPage\",\"@id\":\"https:\\\/\\\/www.clear-edge.com\\\/de\\\/maerkte\\\/chemikalien\\\/titandioxid\\\/\",\"url\":\"https:\\\/\\\/www.clear-edge.com\\\/de\\\/maerkte\\\/chemikalien\\\/titandioxid\\\/\",\"name\":\"Titandioxid - Clear Edge\",\"isPartOf\":{\"@id\":\"https:\\\/\\\/www.clear-edge.com\\\/de\\\/#website\"},\"datePublished\":\"2022-01-03T06:01:53+00:00\",\"dateModified\":\"2022-01-03T06:01:54+00:00\",\"breadcrumb\":{\"@id\":\"https:\\\/\\\/www.clear-edge.com\\\/de\\\/maerkte\\\/chemikalien\\\/titandioxid\\\/#breadcrumb\"},\"inLanguage\":\"de-DE\",\"potentialAction\":[{\"@type\":\"ReadAction\",\"target\":[\"https:\\\/\\\/www.clear-edge.com\\\/de\\\/maerkte\\\/chemikalien\\\/titandioxid\\\/\"]}]},{\"@type\":\"BreadcrumbList\",\"@id\":\"https:\\\/\\\/www.clear-edge.com\\\/de\\\/maerkte\\\/chemikalien\\\/titandioxid\\\/#breadcrumb\",\"itemListElement\":[{\"@type\":\"ListItem\",\"position\":1,\"name\":\"\",\"item\":\"https:\\\/\\\/www.clear-edge.com\\\/de\\\/\"},{\"@type\":\"ListItem\",\"position\":2,\"name\":\"M\u00e4rkte\",\"item\":\"https:\\\/\\\/www.clear-edge.com\\\/de\\\/maerkte\\\/\"},{\"@type\":\"ListItem\",\"position\":3,\"name\":\"Chemikalien\",\"item\":\"https:\\\/\\\/www.clear-edge.com\\\/de\\\/maerkte\\\/chemikalien\\\/\"},{\"@type\":\"ListItem\",\"position\":4,\"name\":\"Titandioxid\"}]},{\"@type\":\"WebSite\",\"@id\":\"https:\\\/\\\/www.clear-edge.com\\\/de\\\/#website\",\"url\":\"https:\\\/\\\/www.clear-edge.com\\\/de\\\/\",\"name\":\"Clear Edge\",\"description\":\"Global manufacturer and supplier of technical filter fabrics I filter cloths I filter belts I filtration solutions\",\"publisher\":{\"@id\":\"https:\\\/\\\/www.clear-edge.com\\\/de\\\/#organization\"},\"potentialAction\":[{\"@type\":\"SearchAction\",\"target\":{\"@type\":\"EntryPoint\",\"urlTemplate\":\"https:\\\/\\\/www.clear-edge.com\\\/de\\\/?s={search_term_string}\"},\"query-input\":{\"@type\":\"PropertyValueSpecification\",\"valueRequired\":true,\"valueName\":\"search_term_string\"}}],\"inLanguage\":\"de-DE\"},{\"@type\":\"Organization\",\"@id\":\"https:\\\/\\\/www.clear-edge.com\\\/de\\\/#organization\",\"name\":\"Filtration Group\",\"url\":\"https:\\\/\\\/www.clear-edge.com\\\/de\\\/\",\"logo\":{\"@type\":\"ImageObject\",\"inLanguage\":\"de-DE\",\"@id\":\"https:\\\/\\\/www.clear-edge.com\\\/de\\\/#\\\/schema\\\/logo\\\/image\\\/\",\"url\":\"https:\\\/\\\/www.clear-edge.com\\\/wp-content\\\/uploads\\\/2019\\\/06\\\/FGC-logo-1.png\",\"contentUrl\":\"https:\\\/\\\/www.clear-edge.com\\\/wp-content\\\/uploads\\\/2019\\\/06\\\/FGC-logo-1.png\",\"width\":1104,\"height\":224,\"caption\":\"Filtration Group\"},\"image\":{\"@id\":\"https:\\\/\\\/www.clear-edge.com\\\/de\\\/#\\\/schema\\\/logo\\\/image\\\/\"}}]}<\/script>\n<!-- \/ Yoast SEO plugin. -->","yoast_head_json":{"title":"Titandioxid - Clear Edge","robots":{"index":"index","follow":"follow","max-snippet":"max-snippet:-1","max-image-preview":"max-image-preview:large","max-video-preview":"max-video-preview:-1"},"canonical":"https:\/\/www.clear-edge.com\/de\/maerkte\/chemikalien\/titandioxid\/","og_locale":"de_DE","og_type":"article","og_title":"Titandioxid - Clear Edge","og_description":"Titandioxid Clear Edge bedient Kunden auf der ganzen Welt, die mit dem Sulfat- oder Chloridverfahren Titandioxid herstellen. Wir sind ein f\u00fchrender Anbieter von Filtermedien f\u00fcr die TiO2-Industrie. Die Produktauswahl ist wissenschaftlich fundiert und basiert auf unserem umfangreichen Wissen \u00fcber die thermischen, chemischen und mechanischen Bedingungen, die in den Anwendungen vorkommen. Unsere vertikal integrierte Fertigung gew\u00e4hrleistet [&hellip;]","og_url":"https:\/\/www.clear-edge.com\/de\/maerkte\/chemikalien\/titandioxid\/","og_site_name":"Clear Edge","article_modified_time":"2022-01-03T06:01:54+00:00","twitter_card":"summary_large_image","twitter_misc":{"Gesch\u00e4tzte Lesezeit":"1 Minute"},"schema":{"@context":"https:\/\/schema.org","@graph":[{"@type":"WebPage","@id":"https:\/\/www.clear-edge.com\/de\/maerkte\/chemikalien\/titandioxid\/","url":"https:\/\/www.clear-edge.com\/de\/maerkte\/chemikalien\/titandioxid\/","name":"Titandioxid - Clear Edge","isPartOf":{"@id":"https:\/\/www.clear-edge.com\/de\/#website"},"datePublished":"2022-01-03T06:01:53+00:00","dateModified":"2022-01-03T06:01:54+00:00","breadcrumb":{"@id":"https:\/\/www.clear-edge.com\/de\/maerkte\/chemikalien\/titandioxid\/#breadcrumb"},"inLanguage":"de-DE","potentialAction":[{"@type":"ReadAction","target":["https:\/\/www.clear-edge.com\/de\/maerkte\/chemikalien\/titandioxid\/"]}]},{"@type":"BreadcrumbList","@id":"https:\/\/www.clear-edge.com\/de\/maerkte\/chemikalien\/titandioxid\/#breadcrumb","itemListElement":[{"@type":"ListItem","position":1,"name":"","item":"https:\/\/www.clear-edge.com\/de\/"},{"@type":"ListItem","position":2,"name":"M\u00e4rkte","item":"https:\/\/www.clear-edge.com\/de\/maerkte\/"},{"@type":"ListItem","position":3,"name":"Chemikalien","item":"https:\/\/www.clear-edge.com\/de\/maerkte\/chemikalien\/"},{"@type":"ListItem","position":4,"name":"Titandioxid"}]},{"@type":"WebSite","@id":"https:\/\/www.clear-edge.com\/de\/#website","url":"https:\/\/www.clear-edge.com\/de\/","name":"Clear Edge","description":"Global manufacturer and supplier of technical filter fabrics I filter cloths I filter belts I filtration solutions","publisher":{"@id":"https:\/\/www.clear-edge.com\/de\/#organization"},"potentialAction":[{"@type":"SearchAction","target":{"@type":"EntryPoint","urlTemplate":"https:\/\/www.clear-edge.com\/de\/?s={search_term_string}"},"query-input":{"@type":"PropertyValueSpecification","valueRequired":true,"valueName":"search_term_string"}}],"inLanguage":"de-DE"},{"@type":"Organization","@id":"https:\/\/www.clear-edge.com\/de\/#organization","name":"Filtration Group","url":"https:\/\/www.clear-edge.com\/de\/","logo":{"@type":"ImageObject","inLanguage":"de-DE","@id":"https:\/\/www.clear-edge.com\/de\/#\/schema\/logo\/image\/","url":"https:\/\/www.clear-edge.com\/wp-content\/uploads\/2019\/06\/FGC-logo-1.png","contentUrl":"https:\/\/www.clear-edge.com\/wp-content\/uploads\/2019\/06\/FGC-logo-1.png","width":1104,"height":224,"caption":"Filtration Group"},"image":{"@id":"https:\/\/www.clear-edge.com\/de\/#\/schema\/logo\/image\/"}}]}},"_links":{"self":[{"href":"https:\/\/www.clear-edge.com\/de\/wp-json\/wp\/v2\/pages\/1583","targetHints":{"allow":["GET"]}}],"collection":[{"href":"https:\/\/www.clear-edge.com\/de\/wp-json\/wp\/v2\/pages"}],"about":[{"href":"https:\/\/www.clear-edge.com\/de\/wp-json\/wp\/v2\/types\/page"}],"author":[{"embeddable":true,"href":"https:\/\/www.clear-edge.com\/de\/wp-json\/wp\/v2\/users\/4"}],"replies":[{"embeddable":true,"href":"https:\/\/www.clear-edge.com\/de\/wp-json\/wp\/v2\/comments?post=1583"}],"version-history":[{"count":0,"href":"https:\/\/www.clear-edge.com\/de\/wp-json\/wp\/v2\/pages\/1583\/revisions"}],"up":[{"embeddable":true,"href":"https:\/\/www.clear-edge.com\/de\/wp-json\/wp\/v2\/pages\/1150"}],"wp:attachment":[{"href":"https:\/\/www.clear-edge.com\/de\/wp-json\/wp\/v2\/media?parent=1583"}],"curies":[{"name":"wp","href":"https:\/\/api.w.org\/{rel}","templated":true}]}}