{"id":1582,"date":"2022-01-03T05:59:39","date_gmt":"2022-01-03T05:59:39","guid":{"rendered":"https:\/\/www.clear-edge.com\/?page_id=1582"},"modified":"2022-01-03T05:59:41","modified_gmt":"2022-01-03T05:59:41","slug":"pigmente","status":"publish","type":"page","link":"https:\/\/www.clear-edge.com\/de\/maerkte\/chemikalien\/pigmente\/","title":{"rendered":"Pigmente"},"content":{"rendered":"\n<p class=\"has-large-font-size\"><strong>Pigmente<\/strong><\/p>\n\n\n\n<p>Die Abscheidung von sehr feinen Partikeln und ein schneller Durchsatz sind eine Herausforderung in der Pigmentindustrie. Clear Edge hat einzigartige L\u00f6sungen f\u00fcr dieses Marktsegment entwickelt. Azurtex\u2122 und Primapor\u2122 sind Meilensteine in der Entwicklung von Produkten f\u00fcr die Herstellung von Farbpigmenten.<br><br>Wenn Ihr Ziel darin besteht, die Entw\u00e4sserung der Suspension zu beschleunigen und den Produktverlust zu minimieren \u2013 Clear Edge hat schon vielen Pigmentherstellern geholfen, bessere Ergebnisse mit unseren beschichteten Medien zu erreichen.<br><br><a href=\"https:\/\/www.clear-edge.com\/de\/produkte\/medien-mit-hoher-abscheideleistung\/\">AZURTEX\u2122<\/a>, in Kombination mit\u00a0<a href=\"https:\/\/www.clear-edge.com\/de\/produkte\/druckfiltration\/filtertuecher-fuer-filterpressen\/#coreflo\">COREFLO\u2122<\/a>, bietet eine einzigartige L\u00f6sung f\u00fcr Kammerfilterpressen, da diese eine lange Standzeit, h\u00f6chste Abscheideleistung, geringsten Produktverlust und eine einfache Installation garantiert. Coreflo\u2122, die geschwei\u00dfte Tuchhals-Verbindung, bietet eine sowohl hervorragende Best\u00e4ndigkeit gegen\u00fcber mechanischer Belastung als auch die Eliminierung von Produktverlust durch die Vermeidung von gen\u00e4hten Verbindungen.<br><\/p>\n\n\n\n<p>Mehr Informationen anfordern<\/p>\n\n\n\n<div class=\"wp-block-buttons is-layout-flex wp-block-buttons-is-layout-flex\">\n<div class=\"wp-block-button\"><a class=\"wp-block-button__link has-green-background-color has-background\" href=\"https:\/\/www.clear-edge.com\/about-us\/contact-us\/\">Kontaktieren sie uns<\/a><\/div>\n<\/div>\n","protected":false},"excerpt":{"rendered":"<p>Pigmente Die Abscheidung von sehr feinen Partikeln und ein schneller Durchsatz sind eine Herausforderung in der Pigmentindustrie. Clear Edge hat einzigartige L\u00f6sungen f\u00fcr dieses Marktsegment entwickelt. Azurtex\u2122 und Primapor\u2122 sind Meilensteine in der Entwicklung von Produkten f\u00fcr die Herstellung von Farbpigmenten. Wenn Ihr Ziel darin besteht, die Entw\u00e4sserung der Suspension zu beschleunigen und den Produktverlust [&hellip;]<\/p>\n","protected":false},"author":4,"featured_media":0,"parent":1150,"menu_order":0,"comment_status":"closed","ping_status":"closed","template":"","meta":{"_acf_changed":false,"footnotes":""},"class_list":["post-1582","page","type-page","status-publish","hentry"],"acf":[],"yoast_head":"<!-- This site is optimized with the Yoast SEO plugin v27.3 - https:\/\/yoast.com\/product\/yoast-seo-wordpress\/ -->\n<title>Pigmente - Clear Edge<\/title>\n<meta name=\"robots\" content=\"index, follow, max-snippet:-1, max-image-preview:large, max-video-preview:-1\" \/>\n<link rel=\"canonical\" href=\"https:\/\/www.clear-edge.com\/de\/maerkte\/chemikalien\/pigmente\/\" \/>\n<meta property=\"og:locale\" content=\"de_DE\" \/>\n<meta property=\"og:type\" content=\"article\" \/>\n<meta property=\"og:title\" content=\"Pigmente - Clear Edge\" \/>\n<meta property=\"og:description\" content=\"Pigmente Die Abscheidung von sehr feinen Partikeln und ein schneller Durchsatz sind eine Herausforderung in der Pigmentindustrie. Clear Edge hat einzigartige L\u00f6sungen f\u00fcr dieses Marktsegment entwickelt. Azurtex\u2122 und Primapor\u2122 sind Meilensteine in der Entwicklung von Produkten f\u00fcr die Herstellung von Farbpigmenten. Wenn Ihr Ziel darin besteht, die Entw\u00e4sserung der Suspension zu beschleunigen und den Produktverlust [&hellip;]\" \/>\n<meta property=\"og:url\" content=\"https:\/\/www.clear-edge.com\/de\/maerkte\/chemikalien\/pigmente\/\" \/>\n<meta property=\"og:site_name\" content=\"Clear Edge\" \/>\n<meta property=\"article:modified_time\" content=\"2022-01-03T05:59:41+00:00\" \/>\n<meta name=\"twitter:card\" content=\"summary_large_image\" \/>\n<meta name=\"twitter:label1\" content=\"Gesch\u00e4tzte Lesezeit\" \/>\n\t<meta name=\"twitter:data1\" content=\"1 Minute\" \/>\n<script type=\"application\/ld+json\" class=\"yoast-schema-graph\">{\"@context\":\"https:\\\/\\\/schema.org\",\"@graph\":[{\"@type\":\"WebPage\",\"@id\":\"https:\\\/\\\/www.clear-edge.com\\\/de\\\/maerkte\\\/chemikalien\\\/pigmente\\\/\",\"url\":\"https:\\\/\\\/www.clear-edge.com\\\/de\\\/maerkte\\\/chemikalien\\\/pigmente\\\/\",\"name\":\"Pigmente - Clear Edge\",\"isPartOf\":{\"@id\":\"https:\\\/\\\/www.clear-edge.com\\\/de\\\/#website\"},\"datePublished\":\"2022-01-03T05:59:39+00:00\",\"dateModified\":\"2022-01-03T05:59:41+00:00\",\"breadcrumb\":{\"@id\":\"https:\\\/\\\/www.clear-edge.com\\\/de\\\/maerkte\\\/chemikalien\\\/pigmente\\\/#breadcrumb\"},\"inLanguage\":\"de-DE\",\"potentialAction\":[{\"@type\":\"ReadAction\",\"target\":[\"https:\\\/\\\/www.clear-edge.com\\\/de\\\/maerkte\\\/chemikalien\\\/pigmente\\\/\"]}]},{\"@type\":\"BreadcrumbList\",\"@id\":\"https:\\\/\\\/www.clear-edge.com\\\/de\\\/maerkte\\\/chemikalien\\\/pigmente\\\/#breadcrumb\",\"itemListElement\":[{\"@type\":\"ListItem\",\"position\":1,\"name\":\"\",\"item\":\"https:\\\/\\\/www.clear-edge.com\\\/de\\\/\"},{\"@type\":\"ListItem\",\"position\":2,\"name\":\"M\u00e4rkte\",\"item\":\"https:\\\/\\\/www.clear-edge.com\\\/de\\\/maerkte\\\/\"},{\"@type\":\"ListItem\",\"position\":3,\"name\":\"Chemikalien\",\"item\":\"https:\\\/\\\/www.clear-edge.com\\\/de\\\/maerkte\\\/chemikalien\\\/\"},{\"@type\":\"ListItem\",\"position\":4,\"name\":\"Pigmente\"}]},{\"@type\":\"WebSite\",\"@id\":\"https:\\\/\\\/www.clear-edge.com\\\/de\\\/#website\",\"url\":\"https:\\\/\\\/www.clear-edge.com\\\/de\\\/\",\"name\":\"Clear Edge\",\"description\":\"Global manufacturer and supplier of technical filter fabrics I filter cloths I filter belts I filtration solutions\",\"publisher\":{\"@id\":\"https:\\\/\\\/www.clear-edge.com\\\/de\\\/#organization\"},\"potentialAction\":[{\"@type\":\"SearchAction\",\"target\":{\"@type\":\"EntryPoint\",\"urlTemplate\":\"https:\\\/\\\/www.clear-edge.com\\\/de\\\/?s={search_term_string}\"},\"query-input\":{\"@type\":\"PropertyValueSpecification\",\"valueRequired\":true,\"valueName\":\"search_term_string\"}}],\"inLanguage\":\"de-DE\"},{\"@type\":\"Organization\",\"@id\":\"https:\\\/\\\/www.clear-edge.com\\\/de\\\/#organization\",\"name\":\"Filtration Group\",\"url\":\"https:\\\/\\\/www.clear-edge.com\\\/de\\\/\",\"logo\":{\"@type\":\"ImageObject\",\"inLanguage\":\"de-DE\",\"@id\":\"https:\\\/\\\/www.clear-edge.com\\\/de\\\/#\\\/schema\\\/logo\\\/image\\\/\",\"url\":\"https:\\\/\\\/www.clear-edge.com\\\/wp-content\\\/uploads\\\/2019\\\/06\\\/FGC-logo-1.png\",\"contentUrl\":\"https:\\\/\\\/www.clear-edge.com\\\/wp-content\\\/uploads\\\/2019\\\/06\\\/FGC-logo-1.png\",\"width\":1104,\"height\":224,\"caption\":\"Filtration Group\"},\"image\":{\"@id\":\"https:\\\/\\\/www.clear-edge.com\\\/de\\\/#\\\/schema\\\/logo\\\/image\\\/\"}}]}<\/script>\n<!-- \/ Yoast SEO plugin. -->","yoast_head_json":{"title":"Pigmente - Clear Edge","robots":{"index":"index","follow":"follow","max-snippet":"max-snippet:-1","max-image-preview":"max-image-preview:large","max-video-preview":"max-video-preview:-1"},"canonical":"https:\/\/www.clear-edge.com\/de\/maerkte\/chemikalien\/pigmente\/","og_locale":"de_DE","og_type":"article","og_title":"Pigmente - Clear Edge","og_description":"Pigmente Die Abscheidung von sehr feinen Partikeln und ein schneller Durchsatz sind eine Herausforderung in der Pigmentindustrie. Clear Edge hat einzigartige L\u00f6sungen f\u00fcr dieses Marktsegment entwickelt. Azurtex\u2122 und Primapor\u2122 sind Meilensteine in der Entwicklung von Produkten f\u00fcr die Herstellung von Farbpigmenten. Wenn Ihr Ziel darin besteht, die Entw\u00e4sserung der Suspension zu beschleunigen und den Produktverlust [&hellip;]","og_url":"https:\/\/www.clear-edge.com\/de\/maerkte\/chemikalien\/pigmente\/","og_site_name":"Clear Edge","article_modified_time":"2022-01-03T05:59:41+00:00","twitter_card":"summary_large_image","twitter_misc":{"Gesch\u00e4tzte Lesezeit":"1 Minute"},"schema":{"@context":"https:\/\/schema.org","@graph":[{"@type":"WebPage","@id":"https:\/\/www.clear-edge.com\/de\/maerkte\/chemikalien\/pigmente\/","url":"https:\/\/www.clear-edge.com\/de\/maerkte\/chemikalien\/pigmente\/","name":"Pigmente - Clear Edge","isPartOf":{"@id":"https:\/\/www.clear-edge.com\/de\/#website"},"datePublished":"2022-01-03T05:59:39+00:00","dateModified":"2022-01-03T05:59:41+00:00","breadcrumb":{"@id":"https:\/\/www.clear-edge.com\/de\/maerkte\/chemikalien\/pigmente\/#breadcrumb"},"inLanguage":"de-DE","potentialAction":[{"@type":"ReadAction","target":["https:\/\/www.clear-edge.com\/de\/maerkte\/chemikalien\/pigmente\/"]}]},{"@type":"BreadcrumbList","@id":"https:\/\/www.clear-edge.com\/de\/maerkte\/chemikalien\/pigmente\/#breadcrumb","itemListElement":[{"@type":"ListItem","position":1,"name":"","item":"https:\/\/www.clear-edge.com\/de\/"},{"@type":"ListItem","position":2,"name":"M\u00e4rkte","item":"https:\/\/www.clear-edge.com\/de\/maerkte\/"},{"@type":"ListItem","position":3,"name":"Chemikalien","item":"https:\/\/www.clear-edge.com\/de\/maerkte\/chemikalien\/"},{"@type":"ListItem","position":4,"name":"Pigmente"}]},{"@type":"WebSite","@id":"https:\/\/www.clear-edge.com\/de\/#website","url":"https:\/\/www.clear-edge.com\/de\/","name":"Clear Edge","description":"Global manufacturer and supplier of technical filter fabrics I filter cloths I filter belts I filtration solutions","publisher":{"@id":"https:\/\/www.clear-edge.com\/de\/#organization"},"potentialAction":[{"@type":"SearchAction","target":{"@type":"EntryPoint","urlTemplate":"https:\/\/www.clear-edge.com\/de\/?s={search_term_string}"},"query-input":{"@type":"PropertyValueSpecification","valueRequired":true,"valueName":"search_term_string"}}],"inLanguage":"de-DE"},{"@type":"Organization","@id":"https:\/\/www.clear-edge.com\/de\/#organization","name":"Filtration Group","url":"https:\/\/www.clear-edge.com\/de\/","logo":{"@type":"ImageObject","inLanguage":"de-DE","@id":"https:\/\/www.clear-edge.com\/de\/#\/schema\/logo\/image\/","url":"https:\/\/www.clear-edge.com\/wp-content\/uploads\/2019\/06\/FGC-logo-1.png","contentUrl":"https:\/\/www.clear-edge.com\/wp-content\/uploads\/2019\/06\/FGC-logo-1.png","width":1104,"height":224,"caption":"Filtration Group"},"image":{"@id":"https:\/\/www.clear-edge.com\/de\/#\/schema\/logo\/image\/"}}]}},"_links":{"self":[{"href":"https:\/\/www.clear-edge.com\/de\/wp-json\/wp\/v2\/pages\/1582","targetHints":{"allow":["GET"]}}],"collection":[{"href":"https:\/\/www.clear-edge.com\/de\/wp-json\/wp\/v2\/pages"}],"about":[{"href":"https:\/\/www.clear-edge.com\/de\/wp-json\/wp\/v2\/types\/page"}],"author":[{"embeddable":true,"href":"https:\/\/www.clear-edge.com\/de\/wp-json\/wp\/v2\/users\/4"}],"replies":[{"embeddable":true,"href":"https:\/\/www.clear-edge.com\/de\/wp-json\/wp\/v2\/comments?post=1582"}],"version-history":[{"count":0,"href":"https:\/\/www.clear-edge.com\/de\/wp-json\/wp\/v2\/pages\/1582\/revisions"}],"up":[{"embeddable":true,"href":"https:\/\/www.clear-edge.com\/de\/wp-json\/wp\/v2\/pages\/1150"}],"wp:attachment":[{"href":"https:\/\/www.clear-edge.com\/de\/wp-json\/wp\/v2\/media?parent=1582"}],"curies":[{"name":"wp","href":"https:\/\/api.w.org\/{rel}","templated":true}]}}