{"id":1559,"date":"2021-12-30T06:42:56","date_gmt":"2021-12-30T06:42:56","guid":{"rendered":"https:\/\/www.clear-edge.com\/?page_id=1559"},"modified":"2021-12-30T07:24:57","modified_gmt":"2021-12-30T07:24:57","slug":"kohle","status":"publish","type":"page","link":"https:\/\/www.clear-edge.com\/de\/maerkte\/bergbau-und-mineralien\/kohle\/","title":{"rendered":"Kohle"},"content":{"rendered":"\n<p class=\"has-large-font-size\"><strong>Kohle<\/strong><\/p>\n\n\n\n<figure class=\"wp-block-image size-large\"><img loading=\"lazy\" decoding=\"async\" width=\"1024\" height=\"256\" src=\"https:\/\/www.clear-edge.com\/wp-content\/uploads\/2019\/10\/Coal_cropped-1024x256.jpg\" alt=\"Kohle und H\u00e4nde\" class=\"wp-image-682\" srcset=\"https:\/\/www.clear-edge.com\/wp-content\/uploads\/2019\/10\/Coal_cropped-1024x256.jpg 1024w, https:\/\/www.clear-edge.com\/wp-content\/uploads\/2019\/10\/Coal_cropped-300x75.jpg 300w, https:\/\/www.clear-edge.com\/wp-content\/uploads\/2019\/10\/Coal_cropped-768x192.jpg 768w, https:\/\/www.clear-edge.com\/wp-content\/uploads\/2019\/10\/Coal_cropped.jpg 1500w\" sizes=\"auto, (max-width: 1024px) 100vw, 1024px\" \/><figcaption>Kohlenkumpel mit Kohle in den H\u00e4nden vor Kohlenhintergrund Kohlebergbau oder Energiequelle, Umweltschutz. Industrielle Kohle. Vulkangestein.<\/figcaption><\/figure>\n\n\n\n<p>Kohle wird nach der F\u00f6rderung in Kohleaufbereitungsanlagen gewaschen und von Schmutz und Sedimenten befreit, um f\u00fcr den Transport vorbereitet zu sein. Frisch gef\u00f6rderte Kohle kann nicht direkt nach der F\u00f6rderung aus der Grube kommerziell verwendet werden, da nicht-brennbare Materialien wie Gestein, Ton, Pyrit und Schiefer die Qualit\u00e4t mindern. Heizkraftwerke verf\u00fcgen \u00fcber Anlagen zur Kohleaufbereitung, um die nicht-brennbaren Stoffe zu entfernen und den Brennwert der Kohle zu erh\u00f6hen.<br><br>Wir bei Clear Edge verstehen die Bedeutung einer effizienten Filtration f\u00fcr Kohleaufbereitungsanlagen. Unsere Produkte unterst\u00fctzen den Filtrationsprozess durch die Erh\u00f6hung der Trockenstoffgehalte bei der Entw\u00e4sserung und der Aufbereitung von R\u00fcckst\u00e4nden.<br><br>Unsere Filtermedien und&nbsp;<a href=\"https:\/\/www.clear-edge.com\/products\/hardware-spares\/\">ERSATZTEILE<\/a>&nbsp;sind pr\u00e4zise gefertigt und f\u00fcr den Einsatz bei sowohl Feinstoffen als auch groben Bergbauschl\u00e4mmen geeignet. Wir verwenden eine breite Auswahl an Filament- und Nadelfilz-Materialien um die gew\u00fcnschten Ergebnisse zu erzielen.<br><br>Clear Edge liefert Filtermedien f\u00fcr jede Filtrationsstufe innerhalb des Kohleaufbereitungsprozesses, einschlie\u00dflich:&nbsp;<\/p>\n\n\n\n<ul class=\"wp-block-list\"><li><a href=\"https:\/\/www.clear-edge.com\/products\/pressure-filtration\/filter-press-cloths\/\">FILTERT\u00dcCHER F\u00dcR FILTERPRESSEN<\/a><\/li><li><a href=\"https:\/\/www.clear-edge.com\/products\/vacuum-filtration\/horizontal-vacuum-belt-filter\/\">HORIZONTALE VAKUUMFILTERB\u00c4NDER<\/a><\/li><li><a href=\"https:\/\/www.clear-edge.com\/products\/vacuum-filtration\/rotary-vacuum-disc\/\">DREH-VAKUUMSCHEIBENFILTERBEZ\u00dcGE<\/a><\/li><li><a href=\"https:\/\/www.clear-edge.com\/products\/vacuum-filtration\/rotary-vacuum-drum\/\">DREH-VAKUUMTROMMELFILTERT\u00dcCHER<\/a><\/li><li><a href=\"https:\/\/www.clear-edge.com\/products\/pressure-filtration\/press-belts\/\">FILTERB\u00c4NDER F\u00dcR SIEBBANDPRESSEN<\/a><\/li><\/ul>\n\n\n\n<p>Wir haben die Eigenschaften unserer Filtermedien aufgrund unserer langj\u00e4hrigen Aktivit\u00e4t in diesen Segment kontinuierlich weiterentwickelt:<\/p>\n\n\n\n<ul class=\"wp-block-list\"><li>Ausgezeichnete Formstabilit\u00e4t, um die Verwindung von T\u00fcchern, B\u00e4ndern oder Beuteln zu verhindern<\/li><li>Flexibilit\u00e4t, um eine Fixierung in der Anlage zu erm\u00f6glichen, ohne das Gewebe zu besch\u00e4digen<\/li><li>Gute Abriebfestigkeit<\/li><li>Hohe Durchl\u00e4ssigkeit, um gute Durchflussraten zu erm\u00f6glichen<\/li><li>Hervorragende Haltbarkeit und Standzeit<\/li><li>Glatte Oberfl\u00e4che der Medien zur Unterst\u00fctzung der Filterkuchenabgabe<\/li><li>Starkes Mediendesign, um die optimale Passform zu gew\u00e4hrleisten und um potenzielle Schwachstellen zu vermeiden<\/li><\/ul>\n\n\n\n<p><\/p>\n\n\n\n<p><strong>Mehr Informationen anforden<\/strong><\/p>\n\n\n\n<div class=\"wp-block-buttons is-layout-flex wp-block-buttons-is-layout-flex\">\n<div class=\"wp-block-button\"><a class=\"wp-block-button__link has-green-background-color has-background\" href=\"https:\/\/www.clear-edge.com\/about-us\/contact-us\/\">kontaktieren sie uns<\/a><\/div>\n<\/div>\n","protected":false},"excerpt":{"rendered":"<p>Kohle Kohle wird nach der F\u00f6rderung in Kohleaufbereitungsanlagen gewaschen und von Schmutz und Sedimenten befreit, um f\u00fcr den Transport vorbereitet zu sein. Frisch gef\u00f6rderte Kohle kann nicht direkt nach der F\u00f6rderung aus der Grube kommerziell verwendet werden, da nicht-brennbare Materialien wie Gestein, Ton, Pyrit und Schiefer die Qualit\u00e4t mindern. Heizkraftwerke verf\u00fcgen \u00fcber Anlagen zur Kohleaufbereitung, [&hellip;]<\/p>\n","protected":false},"author":4,"featured_media":682,"parent":1147,"menu_order":0,"comment_status":"closed","ping_status":"closed","template":"","meta":{"_acf_changed":false,"footnotes":""},"class_list":["post-1559","page","type-page","status-publish","has-post-thumbnail","hentry"],"acf":[],"yoast_head":"<!-- This site is optimized with the Yoast SEO plugin v27.3 - https:\/\/yoast.com\/product\/yoast-seo-wordpress\/ -->\n<title>Kohle - Clear Edge<\/title>\n<meta name=\"robots\" content=\"index, follow, max-snippet:-1, max-image-preview:large, max-video-preview:-1\" \/>\n<link rel=\"canonical\" href=\"https:\/\/www.clear-edge.com\/de\/maerkte\/bergbau-und-mineralien\/kohle\/\" \/>\n<meta property=\"og:locale\" content=\"de_DE\" \/>\n<meta property=\"og:type\" content=\"article\" \/>\n<meta property=\"og:title\" content=\"Kohle - Clear Edge\" \/>\n<meta property=\"og:description\" content=\"Kohle Kohle wird nach der F\u00f6rderung in Kohleaufbereitungsanlagen gewaschen und von Schmutz und Sedimenten befreit, um f\u00fcr den Transport vorbereitet zu sein. Frisch gef\u00f6rderte Kohle kann nicht direkt nach der F\u00f6rderung aus der Grube kommerziell verwendet werden, da nicht-brennbare Materialien wie Gestein, Ton, Pyrit und Schiefer die Qualit\u00e4t mindern. Heizkraftwerke verf\u00fcgen \u00fcber Anlagen zur Kohleaufbereitung, [&hellip;]\" \/>\n<meta property=\"og:url\" content=\"https:\/\/www.clear-edge.com\/de\/maerkte\/bergbau-und-mineralien\/kohle\/\" \/>\n<meta property=\"og:site_name\" content=\"Clear Edge\" \/>\n<meta property=\"article:modified_time\" content=\"2021-12-30T07:24:57+00:00\" \/>\n<meta property=\"og:image\" content=\"https:\/\/www.clear-edge.com\/wp-content\/uploads\/2019\/10\/Coal_cropped.jpg\" \/>\n\t<meta property=\"og:image:width\" content=\"1500\" \/>\n\t<meta property=\"og:image:height\" content=\"375\" \/>\n\t<meta property=\"og:image:type\" content=\"image\/jpeg\" \/>\n<meta name=\"twitter:card\" content=\"summary_large_image\" \/>\n<meta name=\"twitter:label1\" content=\"Gesch\u00e4tzte Lesezeit\" \/>\n\t<meta name=\"twitter:data1\" content=\"2 Minuten\" \/>\n<script type=\"application\/ld+json\" class=\"yoast-schema-graph\">{\"@context\":\"https:\\\/\\\/schema.org\",\"@graph\":[{\"@type\":\"WebPage\",\"@id\":\"https:\\\/\\\/www.clear-edge.com\\\/de\\\/maerkte\\\/bergbau-und-mineralien\\\/kohle\\\/\",\"url\":\"https:\\\/\\\/www.clear-edge.com\\\/de\\\/maerkte\\\/bergbau-und-mineralien\\\/kohle\\\/\",\"name\":\"Kohle - Clear Edge\",\"isPartOf\":{\"@id\":\"https:\\\/\\\/www.clear-edge.com\\\/de\\\/#website\"},\"primaryImageOfPage\":{\"@id\":\"https:\\\/\\\/www.clear-edge.com\\\/de\\\/maerkte\\\/bergbau-und-mineralien\\\/kohle\\\/#primaryimage\"},\"image\":{\"@id\":\"https:\\\/\\\/www.clear-edge.com\\\/de\\\/maerkte\\\/bergbau-und-mineralien\\\/kohle\\\/#primaryimage\"},\"thumbnailUrl\":\"https:\\\/\\\/www.clear-edge.com\\\/wp-content\\\/uploads\\\/2019\\\/10\\\/Coal_cropped.jpg\",\"datePublished\":\"2021-12-30T06:42:56+00:00\",\"dateModified\":\"2021-12-30T07:24:57+00:00\",\"breadcrumb\":{\"@id\":\"https:\\\/\\\/www.clear-edge.com\\\/de\\\/maerkte\\\/bergbau-und-mineralien\\\/kohle\\\/#breadcrumb\"},\"inLanguage\":\"de-DE\",\"potentialAction\":[{\"@type\":\"ReadAction\",\"target\":[\"https:\\\/\\\/www.clear-edge.com\\\/de\\\/maerkte\\\/bergbau-und-mineralien\\\/kohle\\\/\"]}]},{\"@type\":\"ImageObject\",\"inLanguage\":\"de-DE\",\"@id\":\"https:\\\/\\\/www.clear-edge.com\\\/de\\\/maerkte\\\/bergbau-und-mineralien\\\/kohle\\\/#primaryimage\",\"url\":\"https:\\\/\\\/www.clear-edge.com\\\/wp-content\\\/uploads\\\/2019\\\/10\\\/Coal_cropped.jpg\",\"contentUrl\":\"https:\\\/\\\/www.clear-edge.com\\\/wp-content\\\/uploads\\\/2019\\\/10\\\/Coal_cropped.jpg\",\"width\":1500,\"height\":375,\"caption\":\"Kohlenkumpel mit Kohle in den H\u00e4nden vor Kohlenhintergrund Kohlebergbau oder Energiequelle, Umweltschutz. Industrielle Kohle. Vulkangestein.\"},{\"@type\":\"BreadcrumbList\",\"@id\":\"https:\\\/\\\/www.clear-edge.com\\\/de\\\/maerkte\\\/bergbau-und-mineralien\\\/kohle\\\/#breadcrumb\",\"itemListElement\":[{\"@type\":\"ListItem\",\"position\":1,\"name\":\"\",\"item\":\"https:\\\/\\\/www.clear-edge.com\\\/de\\\/\"},{\"@type\":\"ListItem\",\"position\":2,\"name\":\"M\u00e4rkte\",\"item\":\"https:\\\/\\\/www.clear-edge.com\\\/de\\\/maerkte\\\/\"},{\"@type\":\"ListItem\",\"position\":3,\"name\":\"Bergbau und Mineralien\",\"item\":\"https:\\\/\\\/www.clear-edge.com\\\/de\\\/maerkte\\\/bergbau-und-mineralien\\\/\"},{\"@type\":\"ListItem\",\"position\":4,\"name\":\"Kohle\"}]},{\"@type\":\"WebSite\",\"@id\":\"https:\\\/\\\/www.clear-edge.com\\\/de\\\/#website\",\"url\":\"https:\\\/\\\/www.clear-edge.com\\\/de\\\/\",\"name\":\"Clear Edge\",\"description\":\"Global manufacturer and supplier of technical filter fabrics I filter cloths I filter belts I filtration solutions\",\"publisher\":{\"@id\":\"https:\\\/\\\/www.clear-edge.com\\\/de\\\/#organization\"},\"potentialAction\":[{\"@type\":\"SearchAction\",\"target\":{\"@type\":\"EntryPoint\",\"urlTemplate\":\"https:\\\/\\\/www.clear-edge.com\\\/de\\\/?s={search_term_string}\"},\"query-input\":{\"@type\":\"PropertyValueSpecification\",\"valueRequired\":true,\"valueName\":\"search_term_string\"}}],\"inLanguage\":\"de-DE\"},{\"@type\":\"Organization\",\"@id\":\"https:\\\/\\\/www.clear-edge.com\\\/de\\\/#organization\",\"name\":\"Filtration Group\",\"url\":\"https:\\\/\\\/www.clear-edge.com\\\/de\\\/\",\"logo\":{\"@type\":\"ImageObject\",\"inLanguage\":\"de-DE\",\"@id\":\"https:\\\/\\\/www.clear-edge.com\\\/de\\\/#\\\/schema\\\/logo\\\/image\\\/\",\"url\":\"https:\\\/\\\/www.clear-edge.com\\\/wp-content\\\/uploads\\\/2019\\\/06\\\/FGC-logo-1.png\",\"contentUrl\":\"https:\\\/\\\/www.clear-edge.com\\\/wp-content\\\/uploads\\\/2019\\\/06\\\/FGC-logo-1.png\",\"width\":1104,\"height\":224,\"caption\":\"Filtration Group\"},\"image\":{\"@id\":\"https:\\\/\\\/www.clear-edge.com\\\/de\\\/#\\\/schema\\\/logo\\\/image\\\/\"}}]}<\/script>\n<!-- \/ Yoast SEO plugin. -->","yoast_head_json":{"title":"Kohle - Clear Edge","robots":{"index":"index","follow":"follow","max-snippet":"max-snippet:-1","max-image-preview":"max-image-preview:large","max-video-preview":"max-video-preview:-1"},"canonical":"https:\/\/www.clear-edge.com\/de\/maerkte\/bergbau-und-mineralien\/kohle\/","og_locale":"de_DE","og_type":"article","og_title":"Kohle - Clear Edge","og_description":"Kohle Kohle wird nach der F\u00f6rderung in Kohleaufbereitungsanlagen gewaschen und von Schmutz und Sedimenten befreit, um f\u00fcr den Transport vorbereitet zu sein. Frisch gef\u00f6rderte Kohle kann nicht direkt nach der F\u00f6rderung aus der Grube kommerziell verwendet werden, da nicht-brennbare Materialien wie Gestein, Ton, Pyrit und Schiefer die Qualit\u00e4t mindern. Heizkraftwerke verf\u00fcgen \u00fcber Anlagen zur Kohleaufbereitung, [&hellip;]","og_url":"https:\/\/www.clear-edge.com\/de\/maerkte\/bergbau-und-mineralien\/kohle\/","og_site_name":"Clear Edge","article_modified_time":"2021-12-30T07:24:57+00:00","og_image":[{"width":1500,"height":375,"url":"https:\/\/www.clear-edge.com\/wp-content\/uploads\/2019\/10\/Coal_cropped.jpg","type":"image\/jpeg"}],"twitter_card":"summary_large_image","twitter_misc":{"Gesch\u00e4tzte Lesezeit":"2 Minuten"},"schema":{"@context":"https:\/\/schema.org","@graph":[{"@type":"WebPage","@id":"https:\/\/www.clear-edge.com\/de\/maerkte\/bergbau-und-mineralien\/kohle\/","url":"https:\/\/www.clear-edge.com\/de\/maerkte\/bergbau-und-mineralien\/kohle\/","name":"Kohle - Clear Edge","isPartOf":{"@id":"https:\/\/www.clear-edge.com\/de\/#website"},"primaryImageOfPage":{"@id":"https:\/\/www.clear-edge.com\/de\/maerkte\/bergbau-und-mineralien\/kohle\/#primaryimage"},"image":{"@id":"https:\/\/www.clear-edge.com\/de\/maerkte\/bergbau-und-mineralien\/kohle\/#primaryimage"},"thumbnailUrl":"https:\/\/www.clear-edge.com\/wp-content\/uploads\/2019\/10\/Coal_cropped.jpg","datePublished":"2021-12-30T06:42:56+00:00","dateModified":"2021-12-30T07:24:57+00:00","breadcrumb":{"@id":"https:\/\/www.clear-edge.com\/de\/maerkte\/bergbau-und-mineralien\/kohle\/#breadcrumb"},"inLanguage":"de-DE","potentialAction":[{"@type":"ReadAction","target":["https:\/\/www.clear-edge.com\/de\/maerkte\/bergbau-und-mineralien\/kohle\/"]}]},{"@type":"ImageObject","inLanguage":"de-DE","@id":"https:\/\/www.clear-edge.com\/de\/maerkte\/bergbau-und-mineralien\/kohle\/#primaryimage","url":"https:\/\/www.clear-edge.com\/wp-content\/uploads\/2019\/10\/Coal_cropped.jpg","contentUrl":"https:\/\/www.clear-edge.com\/wp-content\/uploads\/2019\/10\/Coal_cropped.jpg","width":1500,"height":375,"caption":"Kohlenkumpel mit Kohle in den H\u00e4nden vor Kohlenhintergrund Kohlebergbau oder Energiequelle, Umweltschutz. Industrielle Kohle. Vulkangestein."},{"@type":"BreadcrumbList","@id":"https:\/\/www.clear-edge.com\/de\/maerkte\/bergbau-und-mineralien\/kohle\/#breadcrumb","itemListElement":[{"@type":"ListItem","position":1,"name":"","item":"https:\/\/www.clear-edge.com\/de\/"},{"@type":"ListItem","position":2,"name":"M\u00e4rkte","item":"https:\/\/www.clear-edge.com\/de\/maerkte\/"},{"@type":"ListItem","position":3,"name":"Bergbau und Mineralien","item":"https:\/\/www.clear-edge.com\/de\/maerkte\/bergbau-und-mineralien\/"},{"@type":"ListItem","position":4,"name":"Kohle"}]},{"@type":"WebSite","@id":"https:\/\/www.clear-edge.com\/de\/#website","url":"https:\/\/www.clear-edge.com\/de\/","name":"Clear Edge","description":"Global manufacturer and supplier of technical filter fabrics I filter cloths I filter belts I filtration solutions","publisher":{"@id":"https:\/\/www.clear-edge.com\/de\/#organization"},"potentialAction":[{"@type":"SearchAction","target":{"@type":"EntryPoint","urlTemplate":"https:\/\/www.clear-edge.com\/de\/?s={search_term_string}"},"query-input":{"@type":"PropertyValueSpecification","valueRequired":true,"valueName":"search_term_string"}}],"inLanguage":"de-DE"},{"@type":"Organization","@id":"https:\/\/www.clear-edge.com\/de\/#organization","name":"Filtration Group","url":"https:\/\/www.clear-edge.com\/de\/","logo":{"@type":"ImageObject","inLanguage":"de-DE","@id":"https:\/\/www.clear-edge.com\/de\/#\/schema\/logo\/image\/","url":"https:\/\/www.clear-edge.com\/wp-content\/uploads\/2019\/06\/FGC-logo-1.png","contentUrl":"https:\/\/www.clear-edge.com\/wp-content\/uploads\/2019\/06\/FGC-logo-1.png","width":1104,"height":224,"caption":"Filtration Group"},"image":{"@id":"https:\/\/www.clear-edge.com\/de\/#\/schema\/logo\/image\/"}}]}},"_links":{"self":[{"href":"https:\/\/www.clear-edge.com\/de\/wp-json\/wp\/v2\/pages\/1559","targetHints":{"allow":["GET"]}}],"collection":[{"href":"https:\/\/www.clear-edge.com\/de\/wp-json\/wp\/v2\/pages"}],"about":[{"href":"https:\/\/www.clear-edge.com\/de\/wp-json\/wp\/v2\/types\/page"}],"author":[{"embeddable":true,"href":"https:\/\/www.clear-edge.com\/de\/wp-json\/wp\/v2\/users\/4"}],"replies":[{"embeddable":true,"href":"https:\/\/www.clear-edge.com\/de\/wp-json\/wp\/v2\/comments?post=1559"}],"version-history":[{"count":0,"href":"https:\/\/www.clear-edge.com\/de\/wp-json\/wp\/v2\/pages\/1559\/revisions"}],"up":[{"embeddable":true,"href":"https:\/\/www.clear-edge.com\/de\/wp-json\/wp\/v2\/pages\/1147"}],"wp:featuredmedia":[{"embeddable":true,"href":"https:\/\/www.clear-edge.com\/de\/wp-json\/wp\/v2\/media\/682"}],"wp:attachment":[{"href":"https:\/\/www.clear-edge.com\/de\/wp-json\/wp\/v2\/media?parent=1559"}],"curies":[{"name":"wp","href":"https:\/\/api.w.org\/{rel}","templated":true}]}}