{"id":1558,"date":"2021-12-30T06:39:13","date_gmt":"2021-12-30T06:39:13","guid":{"rendered":"https:\/\/www.clear-edge.com\/?page_id=1558"},"modified":"2021-12-30T07:24:20","modified_gmt":"2021-12-30T07:24:20","slug":"basis-und-edelmetalle","status":"publish","type":"page","link":"https:\/\/www.clear-edge.com\/de\/maerkte\/bergbau-und-mineralien\/basis-und-edelmetalle\/","title":{"rendered":"Basis- und Edelmetalle"},"content":{"rendered":"\n<p class=\"has-large-font-size\"><strong>Basis- und Edelmetalle<\/strong><\/p>\n\n\n\n<figure class=\"wp-block-image size-large\"><img loading=\"lazy\" decoding=\"async\" width=\"1024\" height=\"256\" src=\"https:\/\/www.clear-edge.com\/wp-content\/uploads\/2019\/10\/Base-and-Precious-Metals_cropped-1024x256.jpg\" alt=\"Gold in Wasser\" class=\"wp-image-676\" srcset=\"https:\/\/www.clear-edge.com\/wp-content\/uploads\/2019\/10\/Base-and-Precious-Metals_cropped-1024x256.jpg 1024w, https:\/\/www.clear-edge.com\/wp-content\/uploads\/2019\/10\/Base-and-Precious-Metals_cropped-300x75.jpg 300w, https:\/\/www.clear-edge.com\/wp-content\/uploads\/2019\/10\/Base-and-Precious-Metals_cropped-768x192.jpg 768w, https:\/\/www.clear-edge.com\/wp-content\/uploads\/2019\/10\/Base-and-Precious-Metals_cropped.jpg 1500w\" sizes=\"auto, (max-width: 1024px) 100vw, 1024px\" \/><\/figure>\n\n\n\n<p>Da die Nachfrage nach allen Metallsorten kontinuierlich steigt, verlassen sich Kunden zunehmend auf unser bew\u00e4hrtes Produktangebot zur Sicherstellung ihrer Produktion von Gold, Silber, Blei, Nickel, Kupfer, Zink und Platin.<br><br>Wir wissen genau, dass eine hohe Qualit\u00e4t der Filtermedien und Ersatzteile ben\u00f6tigt wird, damit sowohl gute Ergebnisse in der Filtration als auch eine angemessene G\u00fcte des wertvollen Endprodukts gew\u00e4hrleistet werden kann.<br><br>Ganz gleich, ob Ihr Prozess die Abscheidung von Staubemissionen w\u00e4hrend des Herstellungsprozesses, die Entw\u00e4sserung von Konzentraten oder R\u00fcckst\u00e4nden, das Sieben oder Klassifizieren mit Linear-Geweben oder Filtermedien f\u00fcr diverse Aufgaben in der Elektrolyse erfordert.<br><br>Unser Sortiment an Filtergeweben f\u00fcr metallurgische Konzentrate, R\u00fcckst\u00e4nden, Veredelung und Elektrolyse wurde mit Blick auf die Anforderungen unserer Kunden im Bergbaubereich zusammengestellt. Ungeachtet der Gewebe-Einstellungen (Fl\u00e4chengewicht, (Luft-)Durchl\u00e4ssigkeit, Garntyp, Bindungsart) k\u00f6nnen sich unsere Kunden darauf verlassen, dass sich unsere Filterelemente anwenderfreundlich und einfach installieren lassen.<br><br>Zu den Filterelementen f\u00fcr den Bereich der Basis- und Edelmetalle geh\u00f6ren:&nbsp;<a href=\"https:\/\/www.clear-edge.com\/products\/pressure-filtration\/filter-press-cloths\/\">FILTERT\u00dcCHER F\u00dcR FILTERPRESSEN<\/a>,&nbsp;<a href=\"https:\/\/www.clear-edge.com\/products\/vacuum-filtration\/horizontal-vacuum-belt-filter\/\">HORIZENTALE VAKUUMFILTERB\u00c4NDER<\/a>, Filterb\u00e4nder f\u00fcr Siebbandpressen,&nbsp;<a href=\"https:\/\/www.clear-edge.com\/products\/vacuum-filtration\/rotary-vacuum-disc\/\">DREH-VAKUUMSCHEIBENFILTERBEZ\u00dcGE<\/a>&nbsp;sowie&nbsp;<a href=\"https:\/\/www.clear-edge.com\/products\/vacuum-filtration\/rotary-vacuum-drum\/\">DREH-VAKUUMTROMMELFILTERT\u00dcCHER<\/a>&nbsp;als auch&nbsp;<a href=\"https:\/\/www.clear-edge.com\/products\/gravity-filtration\/\">LINEARE SIEBE<\/a>. &nbsp;Clear Edge hat eine Reihe von Maschinen-Ersatzteile wie etwa&nbsp;<a href=\"https:\/\/www.clear-edge.com\/products\/hardware-spares\/\">FILTERPLATTEN F\u00dcR FILTERPRESSEN<\/a>,&nbsp;<a href=\"https:\/\/www.clear-edge.com\/products\/hardware-spares\/#Ultraflo\">ULTRAFLO\u2122-SCHEIBENFILTERELEMENTE<\/a>&nbsp;und&nbsp;<a href=\"https:\/\/www.clear-edge.com\/products\/pressure-filtration\/pressure-leaf-filters\/\">DRUCKFILTERBL\u00c4TTER<\/a>&nbsp;entwickelt.<br><br>Angesichts der zunehmenden Herausforderung hinsichtlich der Reduzierung von Partikelemission in die Atmosph\u00e4re sind wir stolz darauf,&nbsp;<a href=\"https:\/\/www.clear-edge.com\/products\/dry-filtration-and-processing\/\">PRODUKTE ZUR VERBESSERUNG<\/a>&nbsp;der Luftqualit\u00e4t fertigen zu d\u00fcrfen. Mit unserem vielf\u00e4ltigen Angebot an konfektionierten Filterbeuteln f\u00fcr Pulsstrahl-, Reserveluft- und R\u00fcttelstaubabscheide-Anlagen k\u00f6nnen wir sicherstellen, dass Sie die Menge der in die Umwelt freigesetzten Emissionen verringern.<\/p>\n\n\n\n<p><\/p>\n\n\n\n<p><strong>Mehr Informationen anforden<\/strong><\/p>\n\n\n\n<div class=\"wp-block-buttons is-layout-flex wp-block-buttons-is-layout-flex\">\n<div class=\"wp-block-button\"><a class=\"wp-block-button__link has-green-background-color has-background\" href=\"https:\/\/www.clear-edge.com\/about-us\/contact-us\/\">kontaktieren sie uns<\/a><\/div>\n<\/div>\n","protected":false},"excerpt":{"rendered":"<p>Basis- und Edelmetalle Da die Nachfrage nach allen Metallsorten kontinuierlich steigt, verlassen sich Kunden zunehmend auf unser bew\u00e4hrtes Produktangebot zur Sicherstellung ihrer Produktion von Gold, Silber, Blei, Nickel, Kupfer, Zink und Platin. Wir wissen genau, dass eine hohe Qualit\u00e4t der Filtermedien und Ersatzteile ben\u00f6tigt wird, damit sowohl gute Ergebnisse in der Filtration als auch eine [&hellip;]<\/p>\n","protected":false},"author":4,"featured_media":676,"parent":1147,"menu_order":0,"comment_status":"closed","ping_status":"closed","template":"","meta":{"_acf_changed":false,"footnotes":""},"class_list":["post-1558","page","type-page","status-publish","has-post-thumbnail","hentry"],"acf":[],"yoast_head":"<!-- This site is optimized with the Yoast SEO plugin v27.3 - https:\/\/yoast.com\/product\/yoast-seo-wordpress\/ -->\n<title>Basis- und Edelmetalle - Clear Edge<\/title>\n<meta name=\"robots\" content=\"index, follow, max-snippet:-1, max-image-preview:large, max-video-preview:-1\" \/>\n<link rel=\"canonical\" href=\"https:\/\/www.clear-edge.com\/de\/maerkte\/bergbau-und-mineralien\/basis-und-edelmetalle\/\" \/>\n<meta property=\"og:locale\" content=\"de_DE\" \/>\n<meta property=\"og:type\" content=\"article\" \/>\n<meta property=\"og:title\" content=\"Basis- und Edelmetalle - Clear Edge\" \/>\n<meta property=\"og:description\" content=\"Basis- und Edelmetalle Da die Nachfrage nach allen Metallsorten kontinuierlich steigt, verlassen sich Kunden zunehmend auf unser bew\u00e4hrtes Produktangebot zur Sicherstellung ihrer Produktion von Gold, Silber, Blei, Nickel, Kupfer, Zink und Platin. Wir wissen genau, dass eine hohe Qualit\u00e4t der Filtermedien und Ersatzteile ben\u00f6tigt wird, damit sowohl gute Ergebnisse in der Filtration als auch eine [&hellip;]\" \/>\n<meta property=\"og:url\" content=\"https:\/\/www.clear-edge.com\/de\/maerkte\/bergbau-und-mineralien\/basis-und-edelmetalle\/\" \/>\n<meta property=\"og:site_name\" content=\"Clear Edge\" \/>\n<meta property=\"article:modified_time\" content=\"2021-12-30T07:24:20+00:00\" \/>\n<meta property=\"og:image\" content=\"https:\/\/www.clear-edge.com\/wp-content\/uploads\/2019\/10\/Base-and-Precious-Metals_cropped.jpg\" \/>\n\t<meta property=\"og:image:width\" content=\"1500\" \/>\n\t<meta property=\"og:image:height\" content=\"375\" \/>\n\t<meta property=\"og:image:type\" content=\"image\/jpeg\" \/>\n<meta name=\"twitter:card\" content=\"summary_large_image\" \/>\n<meta name=\"twitter:label1\" content=\"Gesch\u00e4tzte Lesezeit\" \/>\n\t<meta name=\"twitter:data1\" content=\"2 Minuten\" \/>\n<script type=\"application\/ld+json\" class=\"yoast-schema-graph\">{\"@context\":\"https:\\\/\\\/schema.org\",\"@graph\":[{\"@type\":\"WebPage\",\"@id\":\"https:\\\/\\\/www.clear-edge.com\\\/de\\\/maerkte\\\/bergbau-und-mineralien\\\/basis-und-edelmetalle\\\/\",\"url\":\"https:\\\/\\\/www.clear-edge.com\\\/de\\\/maerkte\\\/bergbau-und-mineralien\\\/basis-und-edelmetalle\\\/\",\"name\":\"Basis- und Edelmetalle - Clear Edge\",\"isPartOf\":{\"@id\":\"https:\\\/\\\/www.clear-edge.com\\\/de\\\/#website\"},\"primaryImageOfPage\":{\"@id\":\"https:\\\/\\\/www.clear-edge.com\\\/de\\\/maerkte\\\/bergbau-und-mineralien\\\/basis-und-edelmetalle\\\/#primaryimage\"},\"image\":{\"@id\":\"https:\\\/\\\/www.clear-edge.com\\\/de\\\/maerkte\\\/bergbau-und-mineralien\\\/basis-und-edelmetalle\\\/#primaryimage\"},\"thumbnailUrl\":\"https:\\\/\\\/www.clear-edge.com\\\/wp-content\\\/uploads\\\/2019\\\/10\\\/Base-and-Precious-Metals_cropped.jpg\",\"datePublished\":\"2021-12-30T06:39:13+00:00\",\"dateModified\":\"2021-12-30T07:24:20+00:00\",\"breadcrumb\":{\"@id\":\"https:\\\/\\\/www.clear-edge.com\\\/de\\\/maerkte\\\/bergbau-und-mineralien\\\/basis-und-edelmetalle\\\/#breadcrumb\"},\"inLanguage\":\"de-DE\",\"potentialAction\":[{\"@type\":\"ReadAction\",\"target\":[\"https:\\\/\\\/www.clear-edge.com\\\/de\\\/maerkte\\\/bergbau-und-mineralien\\\/basis-und-edelmetalle\\\/\"]}]},{\"@type\":\"ImageObject\",\"inLanguage\":\"de-DE\",\"@id\":\"https:\\\/\\\/www.clear-edge.com\\\/de\\\/maerkte\\\/bergbau-und-mineralien\\\/basis-und-edelmetalle\\\/#primaryimage\",\"url\":\"https:\\\/\\\/www.clear-edge.com\\\/wp-content\\\/uploads\\\/2019\\\/10\\\/Base-and-Precious-Metals_cropped.jpg\",\"contentUrl\":\"https:\\\/\\\/www.clear-edge.com\\\/wp-content\\\/uploads\\\/2019\\\/10\\\/Base-and-Precious-Metals_cropped.jpg\",\"width\":1500,\"height\":375,\"caption\":\"Base and Precious Metals\"},{\"@type\":\"BreadcrumbList\",\"@id\":\"https:\\\/\\\/www.clear-edge.com\\\/de\\\/maerkte\\\/bergbau-und-mineralien\\\/basis-und-edelmetalle\\\/#breadcrumb\",\"itemListElement\":[{\"@type\":\"ListItem\",\"position\":1,\"name\":\"\",\"item\":\"https:\\\/\\\/www.clear-edge.com\\\/de\\\/\"},{\"@type\":\"ListItem\",\"position\":2,\"name\":\"M\u00e4rkte\",\"item\":\"https:\\\/\\\/www.clear-edge.com\\\/de\\\/maerkte\\\/\"},{\"@type\":\"ListItem\",\"position\":3,\"name\":\"Bergbau und Mineralien\",\"item\":\"https:\\\/\\\/www.clear-edge.com\\\/de\\\/maerkte\\\/bergbau-und-mineralien\\\/\"},{\"@type\":\"ListItem\",\"position\":4,\"name\":\"Basis- und Edelmetalle\"}]},{\"@type\":\"WebSite\",\"@id\":\"https:\\\/\\\/www.clear-edge.com\\\/de\\\/#website\",\"url\":\"https:\\\/\\\/www.clear-edge.com\\\/de\\\/\",\"name\":\"Clear Edge\",\"description\":\"Global manufacturer and supplier of technical filter fabrics I filter cloths I filter belts I filtration solutions\",\"publisher\":{\"@id\":\"https:\\\/\\\/www.clear-edge.com\\\/de\\\/#organization\"},\"potentialAction\":[{\"@type\":\"SearchAction\",\"target\":{\"@type\":\"EntryPoint\",\"urlTemplate\":\"https:\\\/\\\/www.clear-edge.com\\\/de\\\/?s={search_term_string}\"},\"query-input\":{\"@type\":\"PropertyValueSpecification\",\"valueRequired\":true,\"valueName\":\"search_term_string\"}}],\"inLanguage\":\"de-DE\"},{\"@type\":\"Organization\",\"@id\":\"https:\\\/\\\/www.clear-edge.com\\\/de\\\/#organization\",\"name\":\"Filtration Group\",\"url\":\"https:\\\/\\\/www.clear-edge.com\\\/de\\\/\",\"logo\":{\"@type\":\"ImageObject\",\"inLanguage\":\"de-DE\",\"@id\":\"https:\\\/\\\/www.clear-edge.com\\\/de\\\/#\\\/schema\\\/logo\\\/image\\\/\",\"url\":\"https:\\\/\\\/www.clear-edge.com\\\/wp-content\\\/uploads\\\/2019\\\/06\\\/FGC-logo-1.png\",\"contentUrl\":\"https:\\\/\\\/www.clear-edge.com\\\/wp-content\\\/uploads\\\/2019\\\/06\\\/FGC-logo-1.png\",\"width\":1104,\"height\":224,\"caption\":\"Filtration Group\"},\"image\":{\"@id\":\"https:\\\/\\\/www.clear-edge.com\\\/de\\\/#\\\/schema\\\/logo\\\/image\\\/\"}}]}<\/script>\n<!-- \/ Yoast SEO plugin. -->","yoast_head_json":{"title":"Basis- und Edelmetalle - Clear Edge","robots":{"index":"index","follow":"follow","max-snippet":"max-snippet:-1","max-image-preview":"max-image-preview:large","max-video-preview":"max-video-preview:-1"},"canonical":"https:\/\/www.clear-edge.com\/de\/maerkte\/bergbau-und-mineralien\/basis-und-edelmetalle\/","og_locale":"de_DE","og_type":"article","og_title":"Basis- und Edelmetalle - Clear Edge","og_description":"Basis- und Edelmetalle Da die Nachfrage nach allen Metallsorten kontinuierlich steigt, verlassen sich Kunden zunehmend auf unser bew\u00e4hrtes Produktangebot zur Sicherstellung ihrer Produktion von Gold, Silber, Blei, Nickel, Kupfer, Zink und Platin. Wir wissen genau, dass eine hohe Qualit\u00e4t der Filtermedien und Ersatzteile ben\u00f6tigt wird, damit sowohl gute Ergebnisse in der Filtration als auch eine [&hellip;]","og_url":"https:\/\/www.clear-edge.com\/de\/maerkte\/bergbau-und-mineralien\/basis-und-edelmetalle\/","og_site_name":"Clear Edge","article_modified_time":"2021-12-30T07:24:20+00:00","og_image":[{"width":1500,"height":375,"url":"https:\/\/www.clear-edge.com\/wp-content\/uploads\/2019\/10\/Base-and-Precious-Metals_cropped.jpg","type":"image\/jpeg"}],"twitter_card":"summary_large_image","twitter_misc":{"Gesch\u00e4tzte Lesezeit":"2 Minuten"},"schema":{"@context":"https:\/\/schema.org","@graph":[{"@type":"WebPage","@id":"https:\/\/www.clear-edge.com\/de\/maerkte\/bergbau-und-mineralien\/basis-und-edelmetalle\/","url":"https:\/\/www.clear-edge.com\/de\/maerkte\/bergbau-und-mineralien\/basis-und-edelmetalle\/","name":"Basis- und Edelmetalle - Clear Edge","isPartOf":{"@id":"https:\/\/www.clear-edge.com\/de\/#website"},"primaryImageOfPage":{"@id":"https:\/\/www.clear-edge.com\/de\/maerkte\/bergbau-und-mineralien\/basis-und-edelmetalle\/#primaryimage"},"image":{"@id":"https:\/\/www.clear-edge.com\/de\/maerkte\/bergbau-und-mineralien\/basis-und-edelmetalle\/#primaryimage"},"thumbnailUrl":"https:\/\/www.clear-edge.com\/wp-content\/uploads\/2019\/10\/Base-and-Precious-Metals_cropped.jpg","datePublished":"2021-12-30T06:39:13+00:00","dateModified":"2021-12-30T07:24:20+00:00","breadcrumb":{"@id":"https:\/\/www.clear-edge.com\/de\/maerkte\/bergbau-und-mineralien\/basis-und-edelmetalle\/#breadcrumb"},"inLanguage":"de-DE","potentialAction":[{"@type":"ReadAction","target":["https:\/\/www.clear-edge.com\/de\/maerkte\/bergbau-und-mineralien\/basis-und-edelmetalle\/"]}]},{"@type":"ImageObject","inLanguage":"de-DE","@id":"https:\/\/www.clear-edge.com\/de\/maerkte\/bergbau-und-mineralien\/basis-und-edelmetalle\/#primaryimage","url":"https:\/\/www.clear-edge.com\/wp-content\/uploads\/2019\/10\/Base-and-Precious-Metals_cropped.jpg","contentUrl":"https:\/\/www.clear-edge.com\/wp-content\/uploads\/2019\/10\/Base-and-Precious-Metals_cropped.jpg","width":1500,"height":375,"caption":"Base and Precious Metals"},{"@type":"BreadcrumbList","@id":"https:\/\/www.clear-edge.com\/de\/maerkte\/bergbau-und-mineralien\/basis-und-edelmetalle\/#breadcrumb","itemListElement":[{"@type":"ListItem","position":1,"name":"","item":"https:\/\/www.clear-edge.com\/de\/"},{"@type":"ListItem","position":2,"name":"M\u00e4rkte","item":"https:\/\/www.clear-edge.com\/de\/maerkte\/"},{"@type":"ListItem","position":3,"name":"Bergbau und Mineralien","item":"https:\/\/www.clear-edge.com\/de\/maerkte\/bergbau-und-mineralien\/"},{"@type":"ListItem","position":4,"name":"Basis- und Edelmetalle"}]},{"@type":"WebSite","@id":"https:\/\/www.clear-edge.com\/de\/#website","url":"https:\/\/www.clear-edge.com\/de\/","name":"Clear Edge","description":"Global manufacturer and supplier of technical filter fabrics I filter cloths I filter belts I filtration solutions","publisher":{"@id":"https:\/\/www.clear-edge.com\/de\/#organization"},"potentialAction":[{"@type":"SearchAction","target":{"@type":"EntryPoint","urlTemplate":"https:\/\/www.clear-edge.com\/de\/?s={search_term_string}"},"query-input":{"@type":"PropertyValueSpecification","valueRequired":true,"valueName":"search_term_string"}}],"inLanguage":"de-DE"},{"@type":"Organization","@id":"https:\/\/www.clear-edge.com\/de\/#organization","name":"Filtration Group","url":"https:\/\/www.clear-edge.com\/de\/","logo":{"@type":"ImageObject","inLanguage":"de-DE","@id":"https:\/\/www.clear-edge.com\/de\/#\/schema\/logo\/image\/","url":"https:\/\/www.clear-edge.com\/wp-content\/uploads\/2019\/06\/FGC-logo-1.png","contentUrl":"https:\/\/www.clear-edge.com\/wp-content\/uploads\/2019\/06\/FGC-logo-1.png","width":1104,"height":224,"caption":"Filtration Group"},"image":{"@id":"https:\/\/www.clear-edge.com\/de\/#\/schema\/logo\/image\/"}}]}},"_links":{"self":[{"href":"https:\/\/www.clear-edge.com\/de\/wp-json\/wp\/v2\/pages\/1558","targetHints":{"allow":["GET"]}}],"collection":[{"href":"https:\/\/www.clear-edge.com\/de\/wp-json\/wp\/v2\/pages"}],"about":[{"href":"https:\/\/www.clear-edge.com\/de\/wp-json\/wp\/v2\/types\/page"}],"author":[{"embeddable":true,"href":"https:\/\/www.clear-edge.com\/de\/wp-json\/wp\/v2\/users\/4"}],"replies":[{"embeddable":true,"href":"https:\/\/www.clear-edge.com\/de\/wp-json\/wp\/v2\/comments?post=1558"}],"version-history":[{"count":0,"href":"https:\/\/www.clear-edge.com\/de\/wp-json\/wp\/v2\/pages\/1558\/revisions"}],"up":[{"embeddable":true,"href":"https:\/\/www.clear-edge.com\/de\/wp-json\/wp\/v2\/pages\/1147"}],"wp:featuredmedia":[{"embeddable":true,"href":"https:\/\/www.clear-edge.com\/de\/wp-json\/wp\/v2\/media\/676"}],"wp:attachment":[{"href":"https:\/\/www.clear-edge.com\/de\/wp-json\/wp\/v2\/media?parent=1558"}],"curies":[{"name":"wp","href":"https:\/\/api.w.org\/{rel}","templated":true}]}}