{"id":1557,"date":"2021-12-30T06:34:18","date_gmt":"2021-12-30T06:34:18","guid":{"rendered":"https:\/\/www.clear-edge.com\/?page_id=1557"},"modified":"2022-02-04T11:08:29","modified_gmt":"2022-02-04T11:08:29","slug":"eisen","status":"publish","type":"page","link":"https:\/\/www.clear-edge.com\/de\/maerkte\/bergbau-und-mineralien\/eisen\/","title":{"rendered":"Eisen"},"content":{"rendered":"\n<p class=\"has-large-font-size\"><strong>Eisen<\/strong><\/p>\n\n\n\n<figure class=\"wp-block-image size-large\"><img loading=\"lazy\" decoding=\"async\" width=\"1024\" height=\"263\" src=\"https:\/\/www.clear-edge.com\/wp-content\/uploads\/2022\/02\/Iron-Ore-Source_Pixabay-Copy-1024x263.jpg\" alt=\"\" class=\"wp-image-1618\" srcset=\"https:\/\/www.clear-edge.com\/wp-content\/uploads\/2022\/02\/Iron-Ore-Source_Pixabay-Copy-1024x263.jpg 1024w, https:\/\/www.clear-edge.com\/wp-content\/uploads\/2022\/02\/Iron-Ore-Source_Pixabay-Copy-300x77.jpg 300w, https:\/\/www.clear-edge.com\/wp-content\/uploads\/2022\/02\/Iron-Ore-Source_Pixabay-Copy-768x198.jpg 768w, https:\/\/www.clear-edge.com\/wp-content\/uploads\/2022\/02\/Iron-Ore-Source_Pixabay-Copy-1536x395.jpg 1536w, https:\/\/www.clear-edge.com\/wp-content\/uploads\/2022\/02\/Iron-Ore-Source_Pixabay-Copy.jpg 1916w\" sizes=\"auto, (max-width: 1024px) 100vw, 1024px\" \/><\/figure>\n\n\n\n<p>Die Filtration spielt eine wichtige Rolle bei der Herstellung von Eisenerzkonzentrat, bei der Aufbereitung von R\u00fcckst\u00e4nden sowie in der Entstaubung. Im Zuge unserer langj\u00e4hrigen Aktivit\u00e4t in der Eisenerz-Gewinnung aus H\u00e4matit und Magnetit haben wir verschiedene Produkte f\u00fcr die Aufbereitung und Entw\u00e4sserung entwickelt, die den h\u00f6chsten Standards entsprechen.<br><br>Die Produktion von Eisenerz und Stahl ist ein komplexer Vorgang, der aus verschiedenen Prozessen besteht. Darunter Aufbereitungsverfahren fest-fl\u00fcssig, der Luftreinigung w\u00e4hrend des Transports und der Verladung, Direkt- und Schmelzreduktionsanlagen, Sauerstoffaufblaskonvertierung und Lichtbogenprozesse.<br><br>Unsere Filtermedien werden so entwickelt, dass sie jeder Anwendung gerecht werden. Dies beinhaltet Faktoren wie Trockenstoffgehalt (TS) und Abl\u00f6severhalten des Filterkuchens, Filtratklarheit sowie die Erreichung der ben\u00f6tigten Standzeiten.&nbsp;<a href=\"https:\/\/www.clear-edge.com\/products\/pressure-filtration\/filter-press-cloths\/\">FILTERPRESSEN,<\/a>&nbsp;<a href=\"https:\/\/www.clear-edge.com\/products\/vacuum-filtration\/rotary-vacuum-disc\/\">SCHEIBENFILTER<\/a>&nbsp;und&nbsp;<a href=\"https:\/\/www.clear-edge.com\/products\/vacuum-filtration\/horizontal-vacuum-belt-filter\/\">HORIZONTALE VAKUUMBANDFILTER<\/a><a href=\"https:\/\/prod.clear-edge.com\/en-US\/products\/vacuum-filtration\/horizontal-vacuum-belt-filters\">&nbsp;<\/a>&nbsp;sind die gebr\u00e4uchlichsten Filteranlagen, die bei der Eisenerzgewinnung eingesetzt werden.<br><br>Wir verstehen die Notwendigkeit von guten Ergebnissen aus den Vorstufen, die zur Herstellung von qualitativen Stahl ben\u00f6tigt werden. Clear Edge Filtermedien sind daf\u00fcr bekannt, die ben\u00f6tigte Zuverl\u00e4ssigkeit mitzubringen.<\/p>\n\n\n\n<ul class=\"wp-block-list\"><li>Ausgezeichnete Medium-Trennsch\u00e4rfe und optimierter Trockenstoffgehalt des Filterkuchens.<\/li><li>Erh\u00f6hte Standzeit der Filtermedien<\/li><li>Hohe Durchflussraten &amp; Produktausbeute<\/li><li>Reduzierte Neigung einer Verstopfung des Mediums<\/li><li>Hervorragende Filterkuchenabgabe<\/li><\/ul>\n\n\n\n<p>Clear Edge Filtration fertigt hochwertige Medien zur Staub- und Rauchgasfiltration f\u00fcr viele Industriezweige, einschlie\u00dflich der Energieerzeugung, Bergbau und Mineralverarbeitung, Raffination und Verh\u00fcttung von Aluminium, Metallen sowie f\u00fcr die Zementherstellung.<br><br>Aufgrund der hohen Gastemperaturen in den Schmelzanlagen der Stahlindustrie haben wir eine Reihe von speziellen Medien f\u00fcr die&nbsp;<a href=\"https:\/\/www.clear-edge.com\/products\/dry-filtration-and-processing\/\">ENTSTAUBUNG<\/a>&nbsp;entwickelt, die der schwierigen Umgebung standhalten und zur Verringerung der Emissionen beitragen. Wir erarbeiten mit den Kunden ein Anforderungsprofil und stellen mit unseren Produkten sicher, dass an den verschiedenen Kontrollpunkten die jeweiligen Emissionswerte eingehalten werden.<\/p>\n\n\n\n<p><\/p>\n\n\n\n<p>Mehr Informationen anfordern<\/p>\n\n\n\n<div class=\"wp-block-buttons is-layout-flex wp-block-buttons-is-layout-flex\">\n<div class=\"wp-block-button\"><a class=\"wp-block-button__link has-green-background-color has-background\" href=\"https:\/\/www.clear-edge.com\/about-us\/contact-us\/\">kontaktieren sie uns<\/a><\/div>\n<\/div>\n","protected":false},"excerpt":{"rendered":"<p>Eisen Die Filtration spielt eine wichtige Rolle bei der Herstellung von Eisenerzkonzentrat, bei der Aufbereitung von R\u00fcckst\u00e4nden sowie in der Entstaubung. Im Zuge unserer langj\u00e4hrigen Aktivit\u00e4t in der Eisenerz-Gewinnung aus H\u00e4matit und Magnetit haben wir verschiedene Produkte f\u00fcr die Aufbereitung und Entw\u00e4sserung entwickelt, die den h\u00f6chsten Standards entsprechen. Die Produktion von Eisenerz und Stahl ist [&hellip;]<\/p>\n","protected":false},"author":4,"featured_media":1618,"parent":1147,"menu_order":0,"comment_status":"closed","ping_status":"closed","template":"","meta":{"_acf_changed":false,"footnotes":""},"class_list":["post-1557","page","type-page","status-publish","has-post-thumbnail","hentry"],"acf":[],"yoast_head":"<!-- This site is optimized with the Yoast SEO plugin v27.3 - https:\/\/yoast.com\/product\/yoast-seo-wordpress\/ -->\n<title>Eisen - Clear Edge<\/title>\n<meta name=\"robots\" content=\"index, follow, max-snippet:-1, max-image-preview:large, max-video-preview:-1\" \/>\n<link rel=\"canonical\" href=\"https:\/\/www.clear-edge.com\/de\/maerkte\/bergbau-und-mineralien\/eisen\/\" \/>\n<meta property=\"og:locale\" content=\"de_DE\" \/>\n<meta property=\"og:type\" content=\"article\" \/>\n<meta property=\"og:title\" content=\"Eisen - Clear Edge\" \/>\n<meta property=\"og:description\" content=\"Eisen Die Filtration spielt eine wichtige Rolle bei der Herstellung von Eisenerzkonzentrat, bei der Aufbereitung von R\u00fcckst\u00e4nden sowie in der Entstaubung. Im Zuge unserer langj\u00e4hrigen Aktivit\u00e4t in der Eisenerz-Gewinnung aus H\u00e4matit und Magnetit haben wir verschiedene Produkte f\u00fcr die Aufbereitung und Entw\u00e4sserung entwickelt, die den h\u00f6chsten Standards entsprechen. Die Produktion von Eisenerz und Stahl ist [&hellip;]\" \/>\n<meta property=\"og:url\" content=\"https:\/\/www.clear-edge.com\/de\/maerkte\/bergbau-und-mineralien\/eisen\/\" \/>\n<meta property=\"og:site_name\" content=\"Clear Edge\" \/>\n<meta property=\"article:modified_time\" content=\"2022-02-04T11:08:29+00:00\" \/>\n<meta property=\"og:image\" content=\"https:\/\/www.clear-edge.com\/wp-content\/uploads\/2022\/02\/Iron-Ore-Source_Pixabay-Copy.jpg\" \/>\n\t<meta property=\"og:image:width\" content=\"1916\" \/>\n\t<meta property=\"og:image:height\" content=\"493\" \/>\n\t<meta property=\"og:image:type\" content=\"image\/jpeg\" \/>\n<meta name=\"twitter:card\" content=\"summary_large_image\" \/>\n<meta name=\"twitter:label1\" content=\"Gesch\u00e4tzte Lesezeit\" \/>\n\t<meta name=\"twitter:data1\" content=\"2 Minuten\" \/>\n<script type=\"application\/ld+json\" class=\"yoast-schema-graph\">{\"@context\":\"https:\\\/\\\/schema.org\",\"@graph\":[{\"@type\":\"WebPage\",\"@id\":\"https:\\\/\\\/www.clear-edge.com\\\/de\\\/maerkte\\\/bergbau-und-mineralien\\\/eisen\\\/\",\"url\":\"https:\\\/\\\/www.clear-edge.com\\\/de\\\/maerkte\\\/bergbau-und-mineralien\\\/eisen\\\/\",\"name\":\"Eisen - Clear Edge\",\"isPartOf\":{\"@id\":\"https:\\\/\\\/www.clear-edge.com\\\/de\\\/#website\"},\"primaryImageOfPage\":{\"@id\":\"https:\\\/\\\/www.clear-edge.com\\\/de\\\/maerkte\\\/bergbau-und-mineralien\\\/eisen\\\/#primaryimage\"},\"image\":{\"@id\":\"https:\\\/\\\/www.clear-edge.com\\\/de\\\/maerkte\\\/bergbau-und-mineralien\\\/eisen\\\/#primaryimage\"},\"thumbnailUrl\":\"https:\\\/\\\/www.clear-edge.com\\\/wp-content\\\/uploads\\\/2022\\\/02\\\/Iron-Ore-Source_Pixabay-Copy.jpg\",\"datePublished\":\"2021-12-30T06:34:18+00:00\",\"dateModified\":\"2022-02-04T11:08:29+00:00\",\"breadcrumb\":{\"@id\":\"https:\\\/\\\/www.clear-edge.com\\\/de\\\/maerkte\\\/bergbau-und-mineralien\\\/eisen\\\/#breadcrumb\"},\"inLanguage\":\"de-DE\",\"potentialAction\":[{\"@type\":\"ReadAction\",\"target\":[\"https:\\\/\\\/www.clear-edge.com\\\/de\\\/maerkte\\\/bergbau-und-mineralien\\\/eisen\\\/\"]}]},{\"@type\":\"ImageObject\",\"inLanguage\":\"de-DE\",\"@id\":\"https:\\\/\\\/www.clear-edge.com\\\/de\\\/maerkte\\\/bergbau-und-mineralien\\\/eisen\\\/#primaryimage\",\"url\":\"https:\\\/\\\/www.clear-edge.com\\\/wp-content\\\/uploads\\\/2022\\\/02\\\/Iron-Ore-Source_Pixabay-Copy.jpg\",\"contentUrl\":\"https:\\\/\\\/www.clear-edge.com\\\/wp-content\\\/uploads\\\/2022\\\/02\\\/Iron-Ore-Source_Pixabay-Copy.jpg\",\"width\":1916,\"height\":493,\"caption\":\"Iron Ore\"},{\"@type\":\"BreadcrumbList\",\"@id\":\"https:\\\/\\\/www.clear-edge.com\\\/de\\\/maerkte\\\/bergbau-und-mineralien\\\/eisen\\\/#breadcrumb\",\"itemListElement\":[{\"@type\":\"ListItem\",\"position\":1,\"name\":\"\",\"item\":\"https:\\\/\\\/www.clear-edge.com\\\/de\\\/\"},{\"@type\":\"ListItem\",\"position\":2,\"name\":\"M\u00e4rkte\",\"item\":\"https:\\\/\\\/www.clear-edge.com\\\/de\\\/maerkte\\\/\"},{\"@type\":\"ListItem\",\"position\":3,\"name\":\"Bergbau und Mineralien\",\"item\":\"https:\\\/\\\/www.clear-edge.com\\\/de\\\/maerkte\\\/bergbau-und-mineralien\\\/\"},{\"@type\":\"ListItem\",\"position\":4,\"name\":\"Eisen\"}]},{\"@type\":\"WebSite\",\"@id\":\"https:\\\/\\\/www.clear-edge.com\\\/de\\\/#website\",\"url\":\"https:\\\/\\\/www.clear-edge.com\\\/de\\\/\",\"name\":\"Clear Edge\",\"description\":\"Global manufacturer and supplier of technical filter fabrics I filter cloths I filter belts I filtration solutions\",\"publisher\":{\"@id\":\"https:\\\/\\\/www.clear-edge.com\\\/de\\\/#organization\"},\"potentialAction\":[{\"@type\":\"SearchAction\",\"target\":{\"@type\":\"EntryPoint\",\"urlTemplate\":\"https:\\\/\\\/www.clear-edge.com\\\/de\\\/?s={search_term_string}\"},\"query-input\":{\"@type\":\"PropertyValueSpecification\",\"valueRequired\":true,\"valueName\":\"search_term_string\"}}],\"inLanguage\":\"de-DE\"},{\"@type\":\"Organization\",\"@id\":\"https:\\\/\\\/www.clear-edge.com\\\/de\\\/#organization\",\"name\":\"Filtration Group\",\"url\":\"https:\\\/\\\/www.clear-edge.com\\\/de\\\/\",\"logo\":{\"@type\":\"ImageObject\",\"inLanguage\":\"de-DE\",\"@id\":\"https:\\\/\\\/www.clear-edge.com\\\/de\\\/#\\\/schema\\\/logo\\\/image\\\/\",\"url\":\"https:\\\/\\\/www.clear-edge.com\\\/wp-content\\\/uploads\\\/2019\\\/06\\\/FGC-logo-1.png\",\"contentUrl\":\"https:\\\/\\\/www.clear-edge.com\\\/wp-content\\\/uploads\\\/2019\\\/06\\\/FGC-logo-1.png\",\"width\":1104,\"height\":224,\"caption\":\"Filtration Group\"},\"image\":{\"@id\":\"https:\\\/\\\/www.clear-edge.com\\\/de\\\/#\\\/schema\\\/logo\\\/image\\\/\"}}]}<\/script>\n<!-- \/ Yoast SEO plugin. -->","yoast_head_json":{"title":"Eisen - Clear Edge","robots":{"index":"index","follow":"follow","max-snippet":"max-snippet:-1","max-image-preview":"max-image-preview:large","max-video-preview":"max-video-preview:-1"},"canonical":"https:\/\/www.clear-edge.com\/de\/maerkte\/bergbau-und-mineralien\/eisen\/","og_locale":"de_DE","og_type":"article","og_title":"Eisen - Clear Edge","og_description":"Eisen Die Filtration spielt eine wichtige Rolle bei der Herstellung von Eisenerzkonzentrat, bei der Aufbereitung von R\u00fcckst\u00e4nden sowie in der Entstaubung. Im Zuge unserer langj\u00e4hrigen Aktivit\u00e4t in der Eisenerz-Gewinnung aus H\u00e4matit und Magnetit haben wir verschiedene Produkte f\u00fcr die Aufbereitung und Entw\u00e4sserung entwickelt, die den h\u00f6chsten Standards entsprechen. Die Produktion von Eisenerz und Stahl ist [&hellip;]","og_url":"https:\/\/www.clear-edge.com\/de\/maerkte\/bergbau-und-mineralien\/eisen\/","og_site_name":"Clear Edge","article_modified_time":"2022-02-04T11:08:29+00:00","og_image":[{"width":1916,"height":493,"url":"https:\/\/www.clear-edge.com\/wp-content\/uploads\/2022\/02\/Iron-Ore-Source_Pixabay-Copy.jpg","type":"image\/jpeg"}],"twitter_card":"summary_large_image","twitter_misc":{"Gesch\u00e4tzte Lesezeit":"2 Minuten"},"schema":{"@context":"https:\/\/schema.org","@graph":[{"@type":"WebPage","@id":"https:\/\/www.clear-edge.com\/de\/maerkte\/bergbau-und-mineralien\/eisen\/","url":"https:\/\/www.clear-edge.com\/de\/maerkte\/bergbau-und-mineralien\/eisen\/","name":"Eisen - Clear Edge","isPartOf":{"@id":"https:\/\/www.clear-edge.com\/de\/#website"},"primaryImageOfPage":{"@id":"https:\/\/www.clear-edge.com\/de\/maerkte\/bergbau-und-mineralien\/eisen\/#primaryimage"},"image":{"@id":"https:\/\/www.clear-edge.com\/de\/maerkte\/bergbau-und-mineralien\/eisen\/#primaryimage"},"thumbnailUrl":"https:\/\/www.clear-edge.com\/wp-content\/uploads\/2022\/02\/Iron-Ore-Source_Pixabay-Copy.jpg","datePublished":"2021-12-30T06:34:18+00:00","dateModified":"2022-02-04T11:08:29+00:00","breadcrumb":{"@id":"https:\/\/www.clear-edge.com\/de\/maerkte\/bergbau-und-mineralien\/eisen\/#breadcrumb"},"inLanguage":"de-DE","potentialAction":[{"@type":"ReadAction","target":["https:\/\/www.clear-edge.com\/de\/maerkte\/bergbau-und-mineralien\/eisen\/"]}]},{"@type":"ImageObject","inLanguage":"de-DE","@id":"https:\/\/www.clear-edge.com\/de\/maerkte\/bergbau-und-mineralien\/eisen\/#primaryimage","url":"https:\/\/www.clear-edge.com\/wp-content\/uploads\/2022\/02\/Iron-Ore-Source_Pixabay-Copy.jpg","contentUrl":"https:\/\/www.clear-edge.com\/wp-content\/uploads\/2022\/02\/Iron-Ore-Source_Pixabay-Copy.jpg","width":1916,"height":493,"caption":"Iron Ore"},{"@type":"BreadcrumbList","@id":"https:\/\/www.clear-edge.com\/de\/maerkte\/bergbau-und-mineralien\/eisen\/#breadcrumb","itemListElement":[{"@type":"ListItem","position":1,"name":"","item":"https:\/\/www.clear-edge.com\/de\/"},{"@type":"ListItem","position":2,"name":"M\u00e4rkte","item":"https:\/\/www.clear-edge.com\/de\/maerkte\/"},{"@type":"ListItem","position":3,"name":"Bergbau und Mineralien","item":"https:\/\/www.clear-edge.com\/de\/maerkte\/bergbau-und-mineralien\/"},{"@type":"ListItem","position":4,"name":"Eisen"}]},{"@type":"WebSite","@id":"https:\/\/www.clear-edge.com\/de\/#website","url":"https:\/\/www.clear-edge.com\/de\/","name":"Clear Edge","description":"Global manufacturer and supplier of technical filter fabrics I filter cloths I filter belts I filtration solutions","publisher":{"@id":"https:\/\/www.clear-edge.com\/de\/#organization"},"potentialAction":[{"@type":"SearchAction","target":{"@type":"EntryPoint","urlTemplate":"https:\/\/www.clear-edge.com\/de\/?s={search_term_string}"},"query-input":{"@type":"PropertyValueSpecification","valueRequired":true,"valueName":"search_term_string"}}],"inLanguage":"de-DE"},{"@type":"Organization","@id":"https:\/\/www.clear-edge.com\/de\/#organization","name":"Filtration Group","url":"https:\/\/www.clear-edge.com\/de\/","logo":{"@type":"ImageObject","inLanguage":"de-DE","@id":"https:\/\/www.clear-edge.com\/de\/#\/schema\/logo\/image\/","url":"https:\/\/www.clear-edge.com\/wp-content\/uploads\/2019\/06\/FGC-logo-1.png","contentUrl":"https:\/\/www.clear-edge.com\/wp-content\/uploads\/2019\/06\/FGC-logo-1.png","width":1104,"height":224,"caption":"Filtration Group"},"image":{"@id":"https:\/\/www.clear-edge.com\/de\/#\/schema\/logo\/image\/"}}]}},"_links":{"self":[{"href":"https:\/\/www.clear-edge.com\/de\/wp-json\/wp\/v2\/pages\/1557","targetHints":{"allow":["GET"]}}],"collection":[{"href":"https:\/\/www.clear-edge.com\/de\/wp-json\/wp\/v2\/pages"}],"about":[{"href":"https:\/\/www.clear-edge.com\/de\/wp-json\/wp\/v2\/types\/page"}],"author":[{"embeddable":true,"href":"https:\/\/www.clear-edge.com\/de\/wp-json\/wp\/v2\/users\/4"}],"replies":[{"embeddable":true,"href":"https:\/\/www.clear-edge.com\/de\/wp-json\/wp\/v2\/comments?post=1557"}],"version-history":[{"count":0,"href":"https:\/\/www.clear-edge.com\/de\/wp-json\/wp\/v2\/pages\/1557\/revisions"}],"up":[{"embeddable":true,"href":"https:\/\/www.clear-edge.com\/de\/wp-json\/wp\/v2\/pages\/1147"}],"wp:featuredmedia":[{"embeddable":true,"href":"https:\/\/www.clear-edge.com\/de\/wp-json\/wp\/v2\/media\/1618"}],"wp:attachment":[{"href":"https:\/\/www.clear-edge.com\/de\/wp-json\/wp\/v2\/media?parent=1557"}],"curies":[{"name":"wp","href":"https:\/\/api.w.org\/{rel}","templated":true}]}}