{"id":1150,"date":"2020-09-09T14:45:44","date_gmt":"2020-09-09T14:45:44","guid":{"rendered":"https:\/\/www.clear-edge.com\/maerkte\/chemikalien\/"},"modified":"2022-01-05T12:02:01","modified_gmt":"2022-01-05T12:02:01","slug":"chemikalien","status":"publish","type":"page","link":"https:\/\/www.clear-edge.com\/de\/maerkte\/chemikalien\/","title":{"rendered":"Chemikalien"},"content":{"rendered":"\n<div class=\"wp-block-cover alignfull has-background-dim\"><img loading=\"lazy\" decoding=\"async\" width=\"2000\" height=\"1333\" class=\"wp-block-cover__image-background wp-image-688\" alt=\"\" src=\"https:\/\/www.clear-edge.com\/wp-content\/uploads\/2019\/10\/Chemicals-hero.jpg\" data-object-fit=\"cover\" srcset=\"https:\/\/www.clear-edge.com\/wp-content\/uploads\/2019\/10\/Chemicals-hero.jpg 2000w, https:\/\/www.clear-edge.com\/wp-content\/uploads\/2019\/10\/Chemicals-hero-300x200.jpg 300w, https:\/\/www.clear-edge.com\/wp-content\/uploads\/2019\/10\/Chemicals-hero-768x512.jpg 768w, https:\/\/www.clear-edge.com\/wp-content\/uploads\/2019\/10\/Chemicals-hero-1024x682.jpg 1024w, https:\/\/www.clear-edge.com\/wp-content\/uploads\/2019\/10\/Chemicals-hero-272x182.jpg 272w\" sizes=\"auto, (max-width: 2000px) 100vw, 2000px\" \/><div class=\"wp-block-cover__inner-container is-layout-flow wp-block-cover-is-layout-flow\">\n<h1 class=\"has-text-align-center wp-block-heading\">Chemikalien<\/h1>\n<\/div><\/div>\n\n\n\n<p>Die chemische Industrie hat ein breites Anwendungsspektrum und ben\u00f6tigt effiziente und wirtschaftliche L\u00f6sungen zur Trennung von Fl\u00fcssig- und Feststoffen. Der Fokus der Hersteller in der chemischen Industrie liegt auf einer hohen Produktqualit\u00e4t, niedrigen Betriebskosten sowie auf Ans\u00e4tzen zur Minimierung von Abf\u00e4llen und Senkung der Energiekosten, um Nachhaltigkeitsziele zu erreichen.<br><br>Zus\u00e4tzlich zu unseren Geweben f\u00fchren wir <a href=\"https:\/\/www.clear-edge.com\/de\/produkte\/maschinen-ersatzteile\/\">-Ersatzteile <\/a>wie <a href=\"https:\/\/www.clear-edge.com\/de\/produkte\/maschinen-ersatzteile\/\">Filterplatten f\u00fcr Filterpressen<\/a>, <a href=\"https:\/\/www.clear-edge.com\/de\/produkte\/maschinen-ersatzteile\/\">Membranen<\/a> und <a href=\"https:\/\/www.clear-edge.com\/de\/produkte\/maschinen-ersatzteile\/\">Scheibenfilterelemente<\/a>.<\/p>\n\n\n\n<div style=\"height:50px\" aria-hidden=\"true\" class=\"wp-block-spacer\"><\/div>\n\n\n\n<hr class=\"wp-block-separator is-style-wide\" \/>\n\n\n\n<h2 class=\"wp-block-heading\">Agrochemikalien<\/h2>\n\n\n\n<figure class=\"wp-block-image\"><img loading=\"lazy\" decoding=\"async\" width=\"1024\" height=\"256\" src=\"https:\/\/www.clear-edge.com\/wp-content\/uploads\/2019\/10\/Argochemicals_cropped-1024x256.jpg\" alt=\"\" class=\"wp-image-694\" srcset=\"https:\/\/www.clear-edge.com\/wp-content\/uploads\/2019\/10\/Argochemicals_cropped-1024x256.jpg 1024w, https:\/\/www.clear-edge.com\/wp-content\/uploads\/2019\/10\/Argochemicals_cropped-300x75.jpg 300w, https:\/\/www.clear-edge.com\/wp-content\/uploads\/2019\/10\/Argochemicals_cropped-768x192.jpg 768w, https:\/\/www.clear-edge.com\/wp-content\/uploads\/2019\/10\/Argochemicals_cropped.jpg 1500w\" sizes=\"auto, (max-width: 1024px) 100vw, 1024px\" \/><\/figure>\n\n\n\n<ul class=\"wp-block-list\"><li>Phosphors\u00e4ure<\/li><li>Pottasche<\/li><\/ul>\n\n\n\n<p>Die am h\u00e4ufigsten verwendeten Filter sind <a href=\"https:\/\/www.clear-edge.com\/de\/produkte\/vakuumfiltration\/filterbaender-fuer-horizontale-vakuumbandfilter\/\">horizontale Vakuum-Bandfilter<\/a> und <a href=\"https:\/\/www.clear-edge.com\/de\/produkte\/vakuumfiltration\/vakuum-tellerfilter\/\">Dreh-Tellerfilter<\/a>. Clear Edge ist mit allen Aspekte Ihrer Produktion vertraut. Unsere Angebot ist das Ergebnis einer langj\u00e4hrigen Zusammenarbeit mit den Ger\u00e4teherstellern und basiert auf der t\u00e4glichen Arbeit mit unseren Kunden.<br><br>Das Clear Edge-Sortiment an Filtergeweben f\u00fcr agrochemische Produkte wird in unseren ISO-zertifizierten Einrichtungen unter strengen Anforderungen hergestellt. Ungeachtet der Gewebe-Einstellungen (Fl\u00e4chengewicht, (Luft-)Durchl\u00e4ssigkeit, Garntyp, Bindungsart) k\u00f6nnen sich unsere Kunden darauf verlassen, dass sich unsere Filterelemente anwenderfreundlich und einfach installieren lassen..<br><br><\/p>\n\n\n\n<div style=\"height:25px\" aria-hidden=\"true\" class=\"wp-block-spacer\"><\/div>\n\n\n\n<hr class=\"wp-block-separator is-style-wide\" \/>\n\n\n\n<div class=\"wp-block-columns has-2-columns grayblock pt-5 pb-5 is-layout-flex wp-container-core-columns-is-layout-9d6595d7 wp-block-columns-is-layout-flex\">\n<div class=\"wp-block-column is-layout-flow wp-block-column-is-layout-flow\">\n<h4 class=\"wp-block-heading\">Weitere Informationen \u00fcber Filtermedien f\u00fcr Chemikalien von Clear Edge anfordern<\/h4>\n\n\n\n<div class=\"wp-block-button\"><a class=\"wp-block-button__link has-green-background-color has-background\" href=\"https:\/\/www.clear-edge.com\/about-us\/contact-us\/\">Kontaktieren Sie uns<\/a><\/div>\n<\/div>\n\n\n\n<div class=\"wp-block-column is-layout-flow wp-block-column-is-layout-flow\"><\/div>\n<\/div>\n","protected":false},"excerpt":{"rendered":"<p>Die chemische Industrie hat ein breites Anwendungsspektrum und ben\u00f6tigt effiziente und wirtschaftliche L\u00f6sungen zur Trennung von Fl\u00fcssig- und Feststoffen. Der Fokus der Hersteller in der chemischen Industrie liegt auf einer hohen Produktqualit\u00e4t, niedrigen Betriebskosten sowie auf Ans\u00e4tzen zur Minimierung von Abf\u00e4llen und Senkung der Energiekosten, um Nachhaltigkeitsziele zu erreichen. Zus\u00e4tzlich zu unseren Geweben f\u00fchren wir [&hellip;]<\/p>\n","protected":false},"author":7,"featured_media":0,"parent":1143,"menu_order":0,"comment_status":"closed","ping_status":"closed","template":"","meta":{"_acf_changed":false,"footnotes":""},"class_list":["post-1150","page","type-page","status-publish","hentry"],"acf":[],"yoast_head":"<!-- This site is optimized with the Yoast SEO plugin v27.3 - https:\/\/yoast.com\/product\/yoast-seo-wordpress\/ -->\n<title>Chemikalien - Clear Edge<\/title>\n<meta name=\"robots\" content=\"index, follow, max-snippet:-1, max-image-preview:large, max-video-preview:-1\" \/>\n<link rel=\"canonical\" href=\"https:\/\/www.clear-edge.com\/de\/maerkte\/chemikalien\/\" \/>\n<meta property=\"og:locale\" content=\"de_DE\" \/>\n<meta property=\"og:type\" content=\"article\" \/>\n<meta property=\"og:title\" content=\"Chemikalien - Clear Edge\" \/>\n<meta property=\"og:description\" content=\"Die chemische Industrie hat ein breites Anwendungsspektrum und ben\u00f6tigt effiziente und wirtschaftliche L\u00f6sungen zur Trennung von Fl\u00fcssig- und Feststoffen. Der Fokus der Hersteller in der chemischen Industrie liegt auf einer hohen Produktqualit\u00e4t, niedrigen Betriebskosten sowie auf Ans\u00e4tzen zur Minimierung von Abf\u00e4llen und Senkung der Energiekosten, um Nachhaltigkeitsziele zu erreichen. Zus\u00e4tzlich zu unseren Geweben f\u00fchren wir [&hellip;]\" \/>\n<meta property=\"og:url\" content=\"https:\/\/www.clear-edge.com\/de\/maerkte\/chemikalien\/\" \/>\n<meta property=\"og:site_name\" content=\"Clear Edge\" \/>\n<meta property=\"article:modified_time\" content=\"2022-01-05T12:02:01+00:00\" \/>\n<meta property=\"og:image\" content=\"https:\/\/www.clear-edge.com\/wp-content\/uploads\/2019\/10\/Chemicals-hero.jpg\" \/>\n<meta name=\"twitter:card\" content=\"summary_large_image\" \/>\n<meta name=\"twitter:label1\" content=\"Gesch\u00e4tzte Lesezeit\" \/>\n\t<meta name=\"twitter:data1\" content=\"2 Minuten\" \/>\n<script type=\"application\/ld+json\" class=\"yoast-schema-graph\">{\"@context\":\"https:\\\/\\\/schema.org\",\"@graph\":[{\"@type\":\"WebPage\",\"@id\":\"https:\\\/\\\/www.clear-edge.com\\\/de\\\/maerkte\\\/chemikalien\\\/\",\"url\":\"https:\\\/\\\/www.clear-edge.com\\\/de\\\/maerkte\\\/chemikalien\\\/\",\"name\":\"Chemikalien - Clear Edge\",\"isPartOf\":{\"@id\":\"https:\\\/\\\/www.clear-edge.com\\\/de\\\/#website\"},\"primaryImageOfPage\":{\"@id\":\"https:\\\/\\\/www.clear-edge.com\\\/de\\\/maerkte\\\/chemikalien\\\/#primaryimage\"},\"image\":{\"@id\":\"https:\\\/\\\/www.clear-edge.com\\\/de\\\/maerkte\\\/chemikalien\\\/#primaryimage\"},\"thumbnailUrl\":\"https:\\\/\\\/www.clear-edge.com\\\/wp-content\\\/uploads\\\/2019\\\/10\\\/Chemicals-hero.jpg\",\"datePublished\":\"2020-09-09T14:45:44+00:00\",\"dateModified\":\"2022-01-05T12:02:01+00:00\",\"breadcrumb\":{\"@id\":\"https:\\\/\\\/www.clear-edge.com\\\/de\\\/maerkte\\\/chemikalien\\\/#breadcrumb\"},\"inLanguage\":\"de-DE\",\"potentialAction\":[{\"@type\":\"ReadAction\",\"target\":[\"https:\\\/\\\/www.clear-edge.com\\\/de\\\/maerkte\\\/chemikalien\\\/\"]}]},{\"@type\":\"ImageObject\",\"inLanguage\":\"de-DE\",\"@id\":\"https:\\\/\\\/www.clear-edge.com\\\/de\\\/maerkte\\\/chemikalien\\\/#primaryimage\",\"url\":\"https:\\\/\\\/www.clear-edge.com\\\/wp-content\\\/uploads\\\/2019\\\/10\\\/Chemicals-hero.jpg\",\"contentUrl\":\"https:\\\/\\\/www.clear-edge.com\\\/wp-content\\\/uploads\\\/2019\\\/10\\\/Chemicals-hero.jpg\"},{\"@type\":\"BreadcrumbList\",\"@id\":\"https:\\\/\\\/www.clear-edge.com\\\/de\\\/maerkte\\\/chemikalien\\\/#breadcrumb\",\"itemListElement\":[{\"@type\":\"ListItem\",\"position\":1,\"name\":\"\",\"item\":\"https:\\\/\\\/www.clear-edge.com\\\/de\\\/\"},{\"@type\":\"ListItem\",\"position\":2,\"name\":\"M\u00e4rkte\",\"item\":\"https:\\\/\\\/www.clear-edge.com\\\/de\\\/maerkte\\\/\"},{\"@type\":\"ListItem\",\"position\":3,\"name\":\"Chemikalien\"}]},{\"@type\":\"WebSite\",\"@id\":\"https:\\\/\\\/www.clear-edge.com\\\/de\\\/#website\",\"url\":\"https:\\\/\\\/www.clear-edge.com\\\/de\\\/\",\"name\":\"Clear Edge\",\"description\":\"Global manufacturer and supplier of technical filter fabrics I filter cloths I filter belts I filtration solutions\",\"publisher\":{\"@id\":\"https:\\\/\\\/www.clear-edge.com\\\/de\\\/#organization\"},\"potentialAction\":[{\"@type\":\"SearchAction\",\"target\":{\"@type\":\"EntryPoint\",\"urlTemplate\":\"https:\\\/\\\/www.clear-edge.com\\\/de\\\/?s={search_term_string}\"},\"query-input\":{\"@type\":\"PropertyValueSpecification\",\"valueRequired\":true,\"valueName\":\"search_term_string\"}}],\"inLanguage\":\"de-DE\"},{\"@type\":\"Organization\",\"@id\":\"https:\\\/\\\/www.clear-edge.com\\\/de\\\/#organization\",\"name\":\"Filtration Group\",\"url\":\"https:\\\/\\\/www.clear-edge.com\\\/de\\\/\",\"logo\":{\"@type\":\"ImageObject\",\"inLanguage\":\"de-DE\",\"@id\":\"https:\\\/\\\/www.clear-edge.com\\\/de\\\/#\\\/schema\\\/logo\\\/image\\\/\",\"url\":\"https:\\\/\\\/www.clear-edge.com\\\/wp-content\\\/uploads\\\/2019\\\/06\\\/FGC-logo-1.png\",\"contentUrl\":\"https:\\\/\\\/www.clear-edge.com\\\/wp-content\\\/uploads\\\/2019\\\/06\\\/FGC-logo-1.png\",\"width\":1104,\"height\":224,\"caption\":\"Filtration Group\"},\"image\":{\"@id\":\"https:\\\/\\\/www.clear-edge.com\\\/de\\\/#\\\/schema\\\/logo\\\/image\\\/\"}}]}<\/script>\n<!-- \/ Yoast SEO plugin. -->","yoast_head_json":{"title":"Chemikalien - Clear Edge","robots":{"index":"index","follow":"follow","max-snippet":"max-snippet:-1","max-image-preview":"max-image-preview:large","max-video-preview":"max-video-preview:-1"},"canonical":"https:\/\/www.clear-edge.com\/de\/maerkte\/chemikalien\/","og_locale":"de_DE","og_type":"article","og_title":"Chemikalien - Clear Edge","og_description":"Die chemische Industrie hat ein breites Anwendungsspektrum und ben\u00f6tigt effiziente und wirtschaftliche L\u00f6sungen zur Trennung von Fl\u00fcssig- und Feststoffen. Der Fokus der Hersteller in der chemischen Industrie liegt auf einer hohen Produktqualit\u00e4t, niedrigen Betriebskosten sowie auf Ans\u00e4tzen zur Minimierung von Abf\u00e4llen und Senkung der Energiekosten, um Nachhaltigkeitsziele zu erreichen. Zus\u00e4tzlich zu unseren Geweben f\u00fchren wir [&hellip;]","og_url":"https:\/\/www.clear-edge.com\/de\/maerkte\/chemikalien\/","og_site_name":"Clear Edge","article_modified_time":"2022-01-05T12:02:01+00:00","og_image":[{"url":"https:\/\/www.clear-edge.com\/wp-content\/uploads\/2019\/10\/Chemicals-hero.jpg","type":"","width":"","height":""}],"twitter_card":"summary_large_image","twitter_misc":{"Gesch\u00e4tzte Lesezeit":"2 Minuten"},"schema":{"@context":"https:\/\/schema.org","@graph":[{"@type":"WebPage","@id":"https:\/\/www.clear-edge.com\/de\/maerkte\/chemikalien\/","url":"https:\/\/www.clear-edge.com\/de\/maerkte\/chemikalien\/","name":"Chemikalien - Clear Edge","isPartOf":{"@id":"https:\/\/www.clear-edge.com\/de\/#website"},"primaryImageOfPage":{"@id":"https:\/\/www.clear-edge.com\/de\/maerkte\/chemikalien\/#primaryimage"},"image":{"@id":"https:\/\/www.clear-edge.com\/de\/maerkte\/chemikalien\/#primaryimage"},"thumbnailUrl":"https:\/\/www.clear-edge.com\/wp-content\/uploads\/2019\/10\/Chemicals-hero.jpg","datePublished":"2020-09-09T14:45:44+00:00","dateModified":"2022-01-05T12:02:01+00:00","breadcrumb":{"@id":"https:\/\/www.clear-edge.com\/de\/maerkte\/chemikalien\/#breadcrumb"},"inLanguage":"de-DE","potentialAction":[{"@type":"ReadAction","target":["https:\/\/www.clear-edge.com\/de\/maerkte\/chemikalien\/"]}]},{"@type":"ImageObject","inLanguage":"de-DE","@id":"https:\/\/www.clear-edge.com\/de\/maerkte\/chemikalien\/#primaryimage","url":"https:\/\/www.clear-edge.com\/wp-content\/uploads\/2019\/10\/Chemicals-hero.jpg","contentUrl":"https:\/\/www.clear-edge.com\/wp-content\/uploads\/2019\/10\/Chemicals-hero.jpg"},{"@type":"BreadcrumbList","@id":"https:\/\/www.clear-edge.com\/de\/maerkte\/chemikalien\/#breadcrumb","itemListElement":[{"@type":"ListItem","position":1,"name":"","item":"https:\/\/www.clear-edge.com\/de\/"},{"@type":"ListItem","position":2,"name":"M\u00e4rkte","item":"https:\/\/www.clear-edge.com\/de\/maerkte\/"},{"@type":"ListItem","position":3,"name":"Chemikalien"}]},{"@type":"WebSite","@id":"https:\/\/www.clear-edge.com\/de\/#website","url":"https:\/\/www.clear-edge.com\/de\/","name":"Clear Edge","description":"Global manufacturer and supplier of technical filter fabrics I filter cloths I filter belts I filtration solutions","publisher":{"@id":"https:\/\/www.clear-edge.com\/de\/#organization"},"potentialAction":[{"@type":"SearchAction","target":{"@type":"EntryPoint","urlTemplate":"https:\/\/www.clear-edge.com\/de\/?s={search_term_string}"},"query-input":{"@type":"PropertyValueSpecification","valueRequired":true,"valueName":"search_term_string"}}],"inLanguage":"de-DE"},{"@type":"Organization","@id":"https:\/\/www.clear-edge.com\/de\/#organization","name":"Filtration Group","url":"https:\/\/www.clear-edge.com\/de\/","logo":{"@type":"ImageObject","inLanguage":"de-DE","@id":"https:\/\/www.clear-edge.com\/de\/#\/schema\/logo\/image\/","url":"https:\/\/www.clear-edge.com\/wp-content\/uploads\/2019\/06\/FGC-logo-1.png","contentUrl":"https:\/\/www.clear-edge.com\/wp-content\/uploads\/2019\/06\/FGC-logo-1.png","width":1104,"height":224,"caption":"Filtration Group"},"image":{"@id":"https:\/\/www.clear-edge.com\/de\/#\/schema\/logo\/image\/"}}]}},"_links":{"self":[{"href":"https:\/\/www.clear-edge.com\/de\/wp-json\/wp\/v2\/pages\/1150","targetHints":{"allow":["GET"]}}],"collection":[{"href":"https:\/\/www.clear-edge.com\/de\/wp-json\/wp\/v2\/pages"}],"about":[{"href":"https:\/\/www.clear-edge.com\/de\/wp-json\/wp\/v2\/types\/page"}],"author":[{"embeddable":true,"href":"https:\/\/www.clear-edge.com\/de\/wp-json\/wp\/v2\/users\/7"}],"replies":[{"embeddable":true,"href":"https:\/\/www.clear-edge.com\/de\/wp-json\/wp\/v2\/comments?post=1150"}],"version-history":[{"count":0,"href":"https:\/\/www.clear-edge.com\/de\/wp-json\/wp\/v2\/pages\/1150\/revisions"}],"up":[{"embeddable":true,"href":"https:\/\/www.clear-edge.com\/de\/wp-json\/wp\/v2\/pages\/1143"}],"wp:attachment":[{"href":"https:\/\/www.clear-edge.com\/de\/wp-json\/wp\/v2\/media?parent=1150"}],"curies":[{"name":"wp","href":"https:\/\/api.w.org\/{rel}","templated":true}]}}