{"id":1148,"date":"2020-09-09T14:45:42","date_gmt":"2020-09-09T14:45:42","guid":{"rendered":"https:\/\/www.clear-edge.com\/produkte\/vakuumfiltration\/dreh-vakuumtrommelfilter\/"},"modified":"2020-11-03T19:11:49","modified_gmt":"2020-11-03T19:11:49","slug":"dreh-vakuumtrommelfilter","status":"publish","type":"page","link":"https:\/\/www.clear-edge.com\/de\/produkte\/vakuumfiltration\/dreh-vakuumtrommelfilter\/","title":{"rendered":"Dreh-Vakuumtrommelfilter"},"content":{"rendered":"\n<div class=\"wp-block-cover alignfull has-background-dim\" style=\"background-image:url(https:\/\/www.clear-edge.com\/wp-content\/uploads\/2019\/10\/Rotary-Drum-Banner.jpg)\"><div class=\"wp-block-cover__inner-container is-layout-flow wp-block-cover-is-layout-flow\">\n<h1 class=\"has-text-align-center wp-block-heading\">Dreh-Vakuumtrommelfilter<\/h1>\n<\/div><\/div>\n\n\n\n<h2 class=\"wp-block-heading\">Dreh-Vakuumtrommelfilter<\/h2>\n\n\n\n<p>Die Variation an anspruchsvollen, unterschiedlichen Filtrationsprozessen in der Fest-Fl\u00fcssig-Trennung ist erheblich. Deshalb bieten wir bei Clear Edge ein umfangreiches Sortiment an Filtermedien und Zubeh\u00f6r, die eine ansprechende Prozessleistung und eine hohe Anlagenverf\u00fcgbarkeit sicherstellen.<br><br>Der Dreh-Vakuumtrommelfilter ist eine der \u00e4ltesten Methoden zur Trennung von Fest\/Fl\u00fcssig und wird immer noch h\u00e4ufig in der Prozessindustrie eingesetzt. Bei Clear Edge erneuern wir unsere Medien kontinuierlich, um mit den modernen Trennungspraktiken Schritt zu halten.<br><br>Clear Edge entwickelt kundenspezifische L\u00f6sungen auf Grundlage Ihrer Anforderungen &#8211; von der Gewebekonstruktion bis hin zur Rohstoffauswahl. Somit stellen wir sicher, dass das Filterelement Ihren individuellen Bed\u00fcrfnissen entspricht.<br><br>Wir fertigen jedes einzelne Produkt nach Ihren spezifischen Anforderungen. Unser Team stellt sicher, dass jedes Filterelement auf Ihre Trommelfilter-Anlage zugeschnitten ist, und entwirft jedes Produkt so, dass eine maximale Funktionalit\u00e4t der Anlage gesichert wird.<br><\/p>\n\n\n\n<div style=\"height:25px\" aria-hidden=\"true\" class=\"wp-block-spacer\"><\/div>\n\n\n\n<h3 class=\"wp-block-heading\"><strong>Vorteile der Filtert\u00fccher f\u00fcr Drehtrommelfilter von Clear Edge<\/strong><\/h3>\n\n\n\n<ul class=\"wp-block-list\"><li>Wir erstellen mit Ihnen ein gemeinsames Anforderungsprofil, um die beste L\u00f6sung f\u00fcr Ihre Produktion und Ihre Anlagen zu finden.<\/li><li>Wir entwickeln und produzieren unsere Gewebe nach Ihren individuellen Prozessanforderungen.<\/li><li>Unser Produktprogramm beinhaltet Gewebequalit\u00e4ten zur Bew\u00e4ltigung der anspruchsvollsten Betriebsbedingungen wie beispielsweise hohe Temperaturen und chemische Belastungen<\/li><li>Angemessene Standzeiten und hoher Durchsatz<\/li><li>Vielfach bew\u00e4hrte Materialien f\u00fcr eine hohe Maschinenverf\u00fcgbarkeit<\/li><li>Hervorragendes Kuchenabl\u00f6severhalten und eine geringe Neigung zum Verstopfen des Filtergewebes<\/li><li>Technischer CAD-Designprozess auf Grundlage Ihrer Betriebsausstattung<\/li><li>Unser qualifiziertes Personal fertigt mit modernster Ausstattung, um h\u00f6chste Produktqualit\u00e4t zu gew\u00e4hrleisten<\/li><li>Gefertigt in unseren weltweit eigens daf\u00fcr errichteten Betriebsst\u00e4tten, welche sich in der N\u00e4he unserer Kunden befinden<\/li><li>Verschiedene Optionen zur Befestigung in Ihrer Anlage, einschlie\u00dflich Klett- und Rei\u00dfverschl\u00fcsse<\/li><li>M\u00f6glichkeit, das patentierte FrameTrak\u2122-Design auszuw\u00e4hlen, um den schnellen Filtertuchwechsel zu erm\u00f6glichen und um die Anlagenverf\u00fcgbarkeit zu erh\u00f6hen<\/li><\/ul>\n\n\n\n<div style=\"height:25px\" aria-hidden=\"true\" class=\"wp-block-spacer\"><\/div>\n\n\n\n<h3 class=\"wp-block-heading\">FrameTrak\u2122-Verschlusssystem<\/h3>\n\n\n\n<p>Wir bei Clear Edge haben die Bed\u00fcrfnisse unserer Kunden analysiert und ein einzigartiges Verschlusssystem, FrameTrak\u2122, entwickelt. Dieses Design erm\u00f6glicht einen schnellen und bedienungsfreundlichen Tuchwechsel, eine verl\u00e4ngerte Standzeit der Filtert\u00fccher sowie eine verbesserte Abscheidung von Feststoffen.<br><br>Anwendungsbeispiele f\u00fcr Dreh-Vakuumtrommelfilter finden sich unter anderem in der Chemie, der Lebensmittel- &amp; Getr\u00e4nkeindustrie und in der Stromerzeugung. Clear Edge entwickelt kundenspezifische L\u00f6sungen auf Grundlage Ihrer Anforderungen &#8211; von der Gewebekonstruktion bis hin zur Rohstoffauswahl. Somit stellen wir sicher, dass das Filterelement Ihren individuellen Bed\u00fcrfnissen entspricht.<br><\/p>\n\n\n\n<div style=\"height:25px\" aria-hidden=\"true\" class=\"wp-block-spacer\"><\/div>\n\n\n\n<h3 class=\"wp-block-heading\">Filterbez\u00fcge von Clear-Edge werden sowohl von OEM\u2019s in der Erstausr\u00fcstung, als auch von Anwendern von Dreh-Vakuumtrommelfiltern folgender Hersteller zum Einsatz gebracht:<\/h3>\n\n\n\n<ul class=\"wp-block-list\"><li>Alfa Laval<\/li><li>Andritz<\/li><li>Bokela\/TSK<\/li><li>Compositech Filters<\/li><li>FLSmidth (Eimco Dorr-Oliver)<\/li><li>Komline-Sanderson<\/li><li>Peterson Filters<\/li><li>WesTech<\/li><\/ul>\n\n\n\n<div style=\"height:50px\" aria-hidden=\"true\" class=\"wp-block-spacer\"><\/div>\n\n\n\n<h4 class=\"wp-block-heading\">F\u00fcr Einzelheiten, wie wir unsere Filtert\u00fccher auf Ihre Anwendung zuschneiden k\u00f6nnen, wenden Sie sich an unser Team<\/h4>\n\n\n\n<div class=\"wp-block-button\"><a class=\"wp-block-button__link has-green-background-color has-background\" href=\"https:\/\/www.clear-edge.com\/de\/ueber-uns\/kontaktieren-sie-uns\/\">Kontaktieren Sie uns<\/a><\/div>\n\n\n\n<hr class=\"wp-block-separator is-style-wide\" \/>\n\n\n\n<div class=\"wp-block-media-text alignwide has-media-on-the-right\"><figure class=\"wp-block-media-text__media\"><img decoding=\"async\" src=\"https:\/\/www.clear-edge.com\/wp-content\/uploads\/2019\/10\/FrameTrakTM-2-1024x714.jpg\" alt=\"\" class=\"wp-image-563\" \/><\/figure><div class=\"wp-block-media-text__content\">\n<h2 class=\"wp-block-heading\">FrameTrak\u2122&nbsp;<\/h2>\n\n\n\n<p>Clear Edge treibt die Entwicklung von innovativen Produkten voran, welche Ihren Trennungsprozess optimieren und sicherstellen, dass Ihre Anlagen das maximale Potenzial aussch\u00f6pfen. Mit FrameTrak<strong>\u2122<\/strong> bieten wir Ihnen einen weiteren Entwicklungssprung an. Unser einzigartiges Produkt hilft nicht nur die Standzeit Ihrer Filtert\u00fccher nachhaltig zu verl\u00e4ngern, sondern senkt auch die Betriebskosten der Anlage, indem es die Maschinenverf\u00fcgbarkeit verbessert, die Reinigungsintervalle verringert und die Produktausbeute erh\u00f6ht.<br><br>FrameTrak\u2122 ist ein Entwicklungssprung in der Anwendung von Filtert\u00fcchern im Vergleich zu konventionell gefertigten Bespannungen. Diese Technologie eignet sich grunds\u00e4tzlich f\u00fcr Dreh-Vakuumtrommelfilter sowie Scheiben- und Tellerfilter. FrameTrak\u2122 exklusiv von Clear Edge erm\u00f6glicht eine sicherere und einfachere Methode zur Installation der Filtermedien. Wir entwerfen Filtert\u00fccher ohne die Notwendigkeit des Fixierens durch Schn\u00fcre bzw. Dr\u00e4hte, was einen erheblich reduzierten Aufwand bedeutet und Vorteile in der Arbeitssicherheit mit sich bringt.<\/p>\n\n\n\n<p><br>Herk\u00f6mmliche Methoden zur Befestigung von Filtert\u00fccher f\u00fchren zu einer Gewebe\u00fcberlappung und einer reduzierten Filterfl\u00e4che. Dies kann zu Problemen bei der Bildung eines gleichm\u00e4\u00dfigen Filterkuchens f\u00fchren und ein qualitativ schlechteres Endprodukt bedeuten. Die FrameTrak\u2122 Filtert\u00fccher werden exakt nach Ihren Anforderungen mit dem Ziel hergestellt, die Filterfl\u00e4che zu erh\u00f6hen.<br><\/p>\n<\/div><\/div>\n\n\n\n<h3 class=\"wp-block-heading\">Zus\u00e4tzliche Vorteile von FrameTrak\u2122<\/h3>\n\n\n\n<figure class=\"wp-block-image\"><img loading=\"lazy\" decoding=\"async\" width=\"1024\" height=\"256\" src=\"https:\/\/www.clear-edge.com\/wp-content\/uploads\/2019\/10\/FrameTrakTM-1_cropped-1024x256.jpg\" alt=\"FrameTrak\" class=\"wp-image-568\" srcset=\"https:\/\/www.clear-edge.com\/wp-content\/uploads\/2019\/10\/FrameTrakTM-1_cropped-1024x256.jpg 1024w, https:\/\/www.clear-edge.com\/wp-content\/uploads\/2019\/10\/FrameTrakTM-1_cropped-300x75.jpg 300w, https:\/\/www.clear-edge.com\/wp-content\/uploads\/2019\/10\/FrameTrakTM-1_cropped-768x192.jpg 768w, https:\/\/www.clear-edge.com\/wp-content\/uploads\/2019\/10\/FrameTrakTM-1_cropped.jpg 1500w\" sizes=\"auto, (max-width: 1024px) 100vw, 1024px\" \/><\/figure>\n\n\n\n<p>Wir haben das Befestigungssystem FrameTrak\u2122 so konzipiert, dass das Beschneiden des Filtertuches entf\u00e4llt, was bedeutet, dass Ihre Installationszeit erheblich reduziert wird.<br><br> Bei der konventionellen Befestigung von Filtert\u00fcchern kann die Montage mit Schn\u00fcren\/Dr\u00e4hten sowie Spezialwerkzeugen f\u00fcr das Wartungspersonal einen erheblichen Zeitaufwand bedeuten. Bei der Filtertuch-Montage auf Tellerfiltern werden regelm\u00e4\u00dfig Bedenken hinsichtlich der Gesundheit und Sicherheit der Mitarbeiter ge\u00e4u\u00dfert, so dass Clear Edge mit dieser L\u00f6sung Pionierarbeit geleistet hat.<br><br>Dank des FrameTrak\u2122-Designs ist es nicht mehr notwendig, etwaige Verunreinigungen in den Zwischenr\u00e4umen mit \u00e4tzenden Laugen reinigen zu m\u00fcssen. Die Filtert\u00fccher k\u00f6nnen einfach mit Wasser oder einer Reinigungslauge gewaschen werden, um R\u00fcckst\u00e4nde vom Tuch zu entfernen.<br><br>Im Gegensatz zu herk\u00f6mmlichen Filtert\u00fcchern reduziert FrameTrak\u2122 die Gefahr eines vorzeitigen Tuchausfalls, da es Tuchbesch\u00e4digungen bei einem Tuchwechsel vermeidet. Eine lange Standzeit der Filtert\u00fccher ist von gr\u00f6\u00dfter Bedeutung, damit ein reibungsloser und st\u00f6rungsfreier Betrieb aufrechterhalten werden kann.<\/p>\n","protected":false},"excerpt":{"rendered":"<p>Dreh-Vakuumtrommelfilter Die Variation an anspruchsvollen, unterschiedlichen Filtrationsprozessen in der Fest-Fl\u00fcssig-Trennung ist erheblich. Deshalb bieten wir bei Clear Edge ein umfangreiches Sortiment an Filtermedien und Zubeh\u00f6r, die eine ansprechende Prozessleistung und eine hohe Anlagenverf\u00fcgbarkeit sicherstellen. Der Dreh-Vakuumtrommelfilter ist eine der \u00e4ltesten Methoden zur Trennung von Fest\/Fl\u00fcssig und wird immer noch h\u00e4ufig in der Prozessindustrie eingesetzt. Bei [&hellip;]<\/p>\n","protected":false},"author":7,"featured_media":561,"parent":1071,"menu_order":0,"comment_status":"closed","ping_status":"closed","template":"","meta":{"_acf_changed":false,"footnotes":""},"class_list":["post-1148","page","type-page","status-publish","has-post-thumbnail","hentry"],"acf":[],"yoast_head":"<!-- This site is optimized with the Yoast SEO plugin v27.3 - https:\/\/yoast.com\/product\/yoast-seo-wordpress\/ -->\n<title>Dreh-Vakuumtrommelfilter - Clear Edge<\/title>\n<meta name=\"robots\" content=\"index, follow, max-snippet:-1, max-image-preview:large, max-video-preview:-1\" \/>\n<link rel=\"canonical\" href=\"https:\/\/www.clear-edge.com\/de\/produkte\/vakuumfiltration\/dreh-vakuumtrommelfilter\/\" \/>\n<meta property=\"og:locale\" content=\"de_DE\" \/>\n<meta property=\"og:type\" content=\"article\" \/>\n<meta property=\"og:title\" content=\"Dreh-Vakuumtrommelfilter - Clear Edge\" \/>\n<meta property=\"og:description\" content=\"Dreh-Vakuumtrommelfilter Die Variation an anspruchsvollen, unterschiedlichen Filtrationsprozessen in der Fest-Fl\u00fcssig-Trennung ist erheblich. Deshalb bieten wir bei Clear Edge ein umfangreiches Sortiment an Filtermedien und Zubeh\u00f6r, die eine ansprechende Prozessleistung und eine hohe Anlagenverf\u00fcgbarkeit sicherstellen. Der Dreh-Vakuumtrommelfilter ist eine der \u00e4ltesten Methoden zur Trennung von Fest\/Fl\u00fcssig und wird immer noch h\u00e4ufig in der Prozessindustrie eingesetzt. Bei [&hellip;]\" \/>\n<meta property=\"og:url\" content=\"https:\/\/www.clear-edge.com\/de\/produkte\/vakuumfiltration\/dreh-vakuumtrommelfilter\/\" \/>\n<meta property=\"og:site_name\" content=\"Clear Edge\" \/>\n<meta property=\"article:modified_time\" content=\"2020-11-03T19:11:49+00:00\" \/>\n<meta property=\"og:image\" content=\"https:\/\/www.clear-edge.com\/wp-content\/uploads\/2019\/10\/FrameTrakTM-2-1024x714.jpg\" \/>\n<meta name=\"twitter:card\" content=\"summary_large_image\" \/>\n<meta name=\"twitter:label1\" content=\"Gesch\u00e4tzte Lesezeit\" \/>\n\t<meta name=\"twitter:data1\" content=\"4 Minuten\" \/>\n<script type=\"application\/ld+json\" class=\"yoast-schema-graph\">{\"@context\":\"https:\\\/\\\/schema.org\",\"@graph\":[{\"@type\":\"WebPage\",\"@id\":\"https:\\\/\\\/www.clear-edge.com\\\/de\\\/produkte\\\/vakuumfiltration\\\/dreh-vakuumtrommelfilter\\\/\",\"url\":\"https:\\\/\\\/www.clear-edge.com\\\/de\\\/produkte\\\/vakuumfiltration\\\/dreh-vakuumtrommelfilter\\\/\",\"name\":\"Dreh-Vakuumtrommelfilter - Clear Edge\",\"isPartOf\":{\"@id\":\"https:\\\/\\\/www.clear-edge.com\\\/de\\\/#website\"},\"primaryImageOfPage\":{\"@id\":\"https:\\\/\\\/www.clear-edge.com\\\/de\\\/produkte\\\/vakuumfiltration\\\/dreh-vakuumtrommelfilter\\\/#primaryimage\"},\"image\":{\"@id\":\"https:\\\/\\\/www.clear-edge.com\\\/de\\\/produkte\\\/vakuumfiltration\\\/dreh-vakuumtrommelfilter\\\/#primaryimage\"},\"thumbnailUrl\":\"https:\\\/\\\/www.clear-edge.com\\\/wp-content\\\/uploads\\\/2019\\\/10\\\/Rotary-Drum-Banner.jpg\",\"datePublished\":\"2020-09-09T14:45:42+00:00\",\"dateModified\":\"2020-11-03T19:11:49+00:00\",\"breadcrumb\":{\"@id\":\"https:\\\/\\\/www.clear-edge.com\\\/de\\\/produkte\\\/vakuumfiltration\\\/dreh-vakuumtrommelfilter\\\/#breadcrumb\"},\"inLanguage\":\"de-DE\",\"potentialAction\":[{\"@type\":\"ReadAction\",\"target\":[\"https:\\\/\\\/www.clear-edge.com\\\/de\\\/produkte\\\/vakuumfiltration\\\/dreh-vakuumtrommelfilter\\\/\"]}]},{\"@type\":\"ImageObject\",\"inLanguage\":\"de-DE\",\"@id\":\"https:\\\/\\\/www.clear-edge.com\\\/de\\\/produkte\\\/vakuumfiltration\\\/dreh-vakuumtrommelfilter\\\/#primaryimage\",\"url\":\"https:\\\/\\\/www.clear-edge.com\\\/wp-content\\\/uploads\\\/2019\\\/10\\\/Rotary-Drum-Banner.jpg\",\"contentUrl\":\"https:\\\/\\\/www.clear-edge.com\\\/wp-content\\\/uploads\\\/2019\\\/10\\\/Rotary-Drum-Banner.jpg\",\"width\":2000,\"height\":500,\"caption\":\"Dreh-Trommel-Banner\"},{\"@type\":\"BreadcrumbList\",\"@id\":\"https:\\\/\\\/www.clear-edge.com\\\/de\\\/produkte\\\/vakuumfiltration\\\/dreh-vakuumtrommelfilter\\\/#breadcrumb\",\"itemListElement\":[{\"@type\":\"ListItem\",\"position\":1,\"name\":\"\",\"item\":\"https:\\\/\\\/www.clear-edge.com\\\/de\\\/\"},{\"@type\":\"ListItem\",\"position\":2,\"name\":\"Produkte\",\"item\":\"https:\\\/\\\/www.clear-edge.com\\\/de\\\/produkte\\\/\"},{\"@type\":\"ListItem\",\"position\":3,\"name\":\"Vakuumfiltration\",\"item\":\"https:\\\/\\\/www.clear-edge.com\\\/de\\\/produkte\\\/vakuumfiltration\\\/\"},{\"@type\":\"ListItem\",\"position\":4,\"name\":\"Dreh-Vakuumtrommelfilter\"}]},{\"@type\":\"WebSite\",\"@id\":\"https:\\\/\\\/www.clear-edge.com\\\/de\\\/#website\",\"url\":\"https:\\\/\\\/www.clear-edge.com\\\/de\\\/\",\"name\":\"Clear Edge\",\"description\":\"Global manufacturer and supplier of technical filter fabrics I filter cloths I filter belts I filtration solutions\",\"publisher\":{\"@id\":\"https:\\\/\\\/www.clear-edge.com\\\/de\\\/#organization\"},\"potentialAction\":[{\"@type\":\"SearchAction\",\"target\":{\"@type\":\"EntryPoint\",\"urlTemplate\":\"https:\\\/\\\/www.clear-edge.com\\\/de\\\/?s={search_term_string}\"},\"query-input\":{\"@type\":\"PropertyValueSpecification\",\"valueRequired\":true,\"valueName\":\"search_term_string\"}}],\"inLanguage\":\"de-DE\"},{\"@type\":\"Organization\",\"@id\":\"https:\\\/\\\/www.clear-edge.com\\\/de\\\/#organization\",\"name\":\"Filtration Group\",\"url\":\"https:\\\/\\\/www.clear-edge.com\\\/de\\\/\",\"logo\":{\"@type\":\"ImageObject\",\"inLanguage\":\"de-DE\",\"@id\":\"https:\\\/\\\/www.clear-edge.com\\\/de\\\/#\\\/schema\\\/logo\\\/image\\\/\",\"url\":\"https:\\\/\\\/www.clear-edge.com\\\/wp-content\\\/uploads\\\/2019\\\/06\\\/FGC-logo-1.png\",\"contentUrl\":\"https:\\\/\\\/www.clear-edge.com\\\/wp-content\\\/uploads\\\/2019\\\/06\\\/FGC-logo-1.png\",\"width\":1104,\"height\":224,\"caption\":\"Filtration Group\"},\"image\":{\"@id\":\"https:\\\/\\\/www.clear-edge.com\\\/de\\\/#\\\/schema\\\/logo\\\/image\\\/\"}}]}<\/script>\n<!-- \/ Yoast SEO plugin. -->","yoast_head_json":{"title":"Dreh-Vakuumtrommelfilter - Clear Edge","robots":{"index":"index","follow":"follow","max-snippet":"max-snippet:-1","max-image-preview":"max-image-preview:large","max-video-preview":"max-video-preview:-1"},"canonical":"https:\/\/www.clear-edge.com\/de\/produkte\/vakuumfiltration\/dreh-vakuumtrommelfilter\/","og_locale":"de_DE","og_type":"article","og_title":"Dreh-Vakuumtrommelfilter - Clear Edge","og_description":"Dreh-Vakuumtrommelfilter Die Variation an anspruchsvollen, unterschiedlichen Filtrationsprozessen in der Fest-Fl\u00fcssig-Trennung ist erheblich. Deshalb bieten wir bei Clear Edge ein umfangreiches Sortiment an Filtermedien und Zubeh\u00f6r, die eine ansprechende Prozessleistung und eine hohe Anlagenverf\u00fcgbarkeit sicherstellen. Der Dreh-Vakuumtrommelfilter ist eine der \u00e4ltesten Methoden zur Trennung von Fest\/Fl\u00fcssig und wird immer noch h\u00e4ufig in der Prozessindustrie eingesetzt. Bei [&hellip;]","og_url":"https:\/\/www.clear-edge.com\/de\/produkte\/vakuumfiltration\/dreh-vakuumtrommelfilter\/","og_site_name":"Clear Edge","article_modified_time":"2020-11-03T19:11:49+00:00","og_image":[{"url":"https:\/\/www.clear-edge.com\/wp-content\/uploads\/2019\/10\/FrameTrakTM-2-1024x714.jpg","type":"","width":"","height":""}],"twitter_card":"summary_large_image","twitter_misc":{"Gesch\u00e4tzte Lesezeit":"4 Minuten"},"schema":{"@context":"https:\/\/schema.org","@graph":[{"@type":"WebPage","@id":"https:\/\/www.clear-edge.com\/de\/produkte\/vakuumfiltration\/dreh-vakuumtrommelfilter\/","url":"https:\/\/www.clear-edge.com\/de\/produkte\/vakuumfiltration\/dreh-vakuumtrommelfilter\/","name":"Dreh-Vakuumtrommelfilter - Clear Edge","isPartOf":{"@id":"https:\/\/www.clear-edge.com\/de\/#website"},"primaryImageOfPage":{"@id":"https:\/\/www.clear-edge.com\/de\/produkte\/vakuumfiltration\/dreh-vakuumtrommelfilter\/#primaryimage"},"image":{"@id":"https:\/\/www.clear-edge.com\/de\/produkte\/vakuumfiltration\/dreh-vakuumtrommelfilter\/#primaryimage"},"thumbnailUrl":"https:\/\/www.clear-edge.com\/wp-content\/uploads\/2019\/10\/Rotary-Drum-Banner.jpg","datePublished":"2020-09-09T14:45:42+00:00","dateModified":"2020-11-03T19:11:49+00:00","breadcrumb":{"@id":"https:\/\/www.clear-edge.com\/de\/produkte\/vakuumfiltration\/dreh-vakuumtrommelfilter\/#breadcrumb"},"inLanguage":"de-DE","potentialAction":[{"@type":"ReadAction","target":["https:\/\/www.clear-edge.com\/de\/produkte\/vakuumfiltration\/dreh-vakuumtrommelfilter\/"]}]},{"@type":"ImageObject","inLanguage":"de-DE","@id":"https:\/\/www.clear-edge.com\/de\/produkte\/vakuumfiltration\/dreh-vakuumtrommelfilter\/#primaryimage","url":"https:\/\/www.clear-edge.com\/wp-content\/uploads\/2019\/10\/Rotary-Drum-Banner.jpg","contentUrl":"https:\/\/www.clear-edge.com\/wp-content\/uploads\/2019\/10\/Rotary-Drum-Banner.jpg","width":2000,"height":500,"caption":"Dreh-Trommel-Banner"},{"@type":"BreadcrumbList","@id":"https:\/\/www.clear-edge.com\/de\/produkte\/vakuumfiltration\/dreh-vakuumtrommelfilter\/#breadcrumb","itemListElement":[{"@type":"ListItem","position":1,"name":"","item":"https:\/\/www.clear-edge.com\/de\/"},{"@type":"ListItem","position":2,"name":"Produkte","item":"https:\/\/www.clear-edge.com\/de\/produkte\/"},{"@type":"ListItem","position":3,"name":"Vakuumfiltration","item":"https:\/\/www.clear-edge.com\/de\/produkte\/vakuumfiltration\/"},{"@type":"ListItem","position":4,"name":"Dreh-Vakuumtrommelfilter"}]},{"@type":"WebSite","@id":"https:\/\/www.clear-edge.com\/de\/#website","url":"https:\/\/www.clear-edge.com\/de\/","name":"Clear Edge","description":"Global manufacturer and supplier of technical filter fabrics I filter cloths I filter belts I filtration solutions","publisher":{"@id":"https:\/\/www.clear-edge.com\/de\/#organization"},"potentialAction":[{"@type":"SearchAction","target":{"@type":"EntryPoint","urlTemplate":"https:\/\/www.clear-edge.com\/de\/?s={search_term_string}"},"query-input":{"@type":"PropertyValueSpecification","valueRequired":true,"valueName":"search_term_string"}}],"inLanguage":"de-DE"},{"@type":"Organization","@id":"https:\/\/www.clear-edge.com\/de\/#organization","name":"Filtration Group","url":"https:\/\/www.clear-edge.com\/de\/","logo":{"@type":"ImageObject","inLanguage":"de-DE","@id":"https:\/\/www.clear-edge.com\/de\/#\/schema\/logo\/image\/","url":"https:\/\/www.clear-edge.com\/wp-content\/uploads\/2019\/06\/FGC-logo-1.png","contentUrl":"https:\/\/www.clear-edge.com\/wp-content\/uploads\/2019\/06\/FGC-logo-1.png","width":1104,"height":224,"caption":"Filtration Group"},"image":{"@id":"https:\/\/www.clear-edge.com\/de\/#\/schema\/logo\/image\/"}}]}},"_links":{"self":[{"href":"https:\/\/www.clear-edge.com\/de\/wp-json\/wp\/v2\/pages\/1148","targetHints":{"allow":["GET"]}}],"collection":[{"href":"https:\/\/www.clear-edge.com\/de\/wp-json\/wp\/v2\/pages"}],"about":[{"href":"https:\/\/www.clear-edge.com\/de\/wp-json\/wp\/v2\/types\/page"}],"author":[{"embeddable":true,"href":"https:\/\/www.clear-edge.com\/de\/wp-json\/wp\/v2\/users\/7"}],"replies":[{"embeddable":true,"href":"https:\/\/www.clear-edge.com\/de\/wp-json\/wp\/v2\/comments?post=1148"}],"version-history":[{"count":0,"href":"https:\/\/www.clear-edge.com\/de\/wp-json\/wp\/v2\/pages\/1148\/revisions"}],"up":[{"embeddable":true,"href":"https:\/\/www.clear-edge.com\/de\/wp-json\/wp\/v2\/pages\/1071"}],"wp:featuredmedia":[{"embeddable":true,"href":"https:\/\/www.clear-edge.com\/de\/wp-json\/wp\/v2\/media\/561"}],"wp:attachment":[{"href":"https:\/\/www.clear-edge.com\/de\/wp-json\/wp\/v2\/media?parent=1148"}],"curies":[{"name":"wp","href":"https:\/\/api.w.org\/{rel}","templated":true}]}}