{"id":1146,"date":"2020-09-09T14:45:42","date_gmt":"2020-09-09T14:45:42","guid":{"rendered":"https:\/\/www.clear-edge.com\/produkte\/druckfiltration\/filterbaender-fuer-vertikale-turmfilterpressen\/"},"modified":"2020-09-29T16:03:50","modified_gmt":"2020-09-29T16:03:50","slug":"filterbaender-fuer-vertikale-turmfilterpressen","status":"publish","type":"page","link":"https:\/\/www.clear-edge.com\/de\/produkte\/druckfiltration\/filterbaender-fuer-vertikale-turmfilterpressen\/","title":{"rendered":"Filterb\u00e4nder f\u00fcr vertikale Turmfilterpressen"},"content":{"rendered":"\n<div class=\"wp-block-cover alignfull has-background-dim\" style=\"background-image:url(https:\/\/www.clear-edge.com\/wp-content\/uploads\/2019\/10\/Vertical-Tower-Press-banner.jpg)\"><div class=\"wp-block-cover__inner-container is-layout-flow wp-block-cover-is-layout-flow\">\n<h1 class=\"has-text-align-center wp-block-heading\">Filterb\u00e4nder f\u00fcr vertikale Turmfilterpressen<\/h1>\n<\/div><\/div>\n\n\n\n<h2 class=\"wp-block-heading\">Filterb\u00e4nder f\u00fcr vertikale Turmfilterpressen<\/h2>\n\n\n\n<p>Unsere Filterb\u00e4nder f\u00fcr Turmfilterpressen bieten zuverl\u00e4ssige Ergebnisse f\u00fcr eine Vielzahl von Anwendungen &#8211; von der Pigment-, Farbstoff- und Chemieindustrie bis hin zu Mineral-, Pharma- und Lebensmittelanwendungen.<br><br>Diese Filterb\u00e4nder werden aus Polypropylen\/Polyester-Materialien in unterschiedlichen Gewebebindungen und Garntypen zur Optimierung des Filtrationsergebnisses, wie etwa die Maximierung des Feststoffgehalts sowie h\u00f6chste Filtratklarheit, hergestellt. Unser Standardprogramm ber\u00fccksichtigt alle Anlagen mit 1,05 und 1,7 Meter Auslegung. Unsere versiegelten bzw. verst\u00e4rkten Kanten und Steckn\u00e4hte stellen einen stabilen und dauerhaften Betrieb sicher.<br><br>Unsere Filterb\u00e4nder f\u00fcr Turmfilterpressen bieten eine Reihe von Vorteilen, darunter:<br><\/p>\n\n\n\n<ul class=\"wp-block-list\"><li>Erh\u00f6hte Produktivit\u00e4t der Anlage<\/li><li>Geringere Wartungskosten<\/li><li>Optimierter Durchsatz und Filtratklarheit<\/li><li>Ausgezeichnete Filterkuchenabgabe und geringe Neigung zur Verstopfung<\/li><li>Geringerer Anteil an Feststoffen im Filtrat<\/li><li>Formstabilit\u00e4t und hohe Abriebfestigkeit<\/li><\/ul>\n\n\n\n<div style=\"height:25px\" aria-hidden=\"true\" class=\"wp-block-spacer\"><\/div>\n\n\n\n<h3 class=\"wp-block-heading\"><strong>Vorteile der vertikalen Turmfilterpresse<\/strong><\/h3>\n\n\n\n<ul class=\"wp-block-list\"><li>Im Vergleich zu einer konventionellen Filterpresse haben Turmfilterpressen eine kleinere Stellfl\u00e4che<\/li><li>Selbst anhaftende Filterkuchen werden auf Turmfilterpressen automatisch sauber ausgetragen, was zu geringeren Wartungsintervallen und zur h\u00f6heren Verf\u00fcgbarkeit der Maschine f\u00fchrt<\/li><li>Effektive Filterkuchenw\u00e4sche bei minimalem Einsatz von Sp\u00fcllaugen und der M\u00f6glichkeit, beide Seiten des Gewebes zu waschen<\/li><li>Hat in der Regel eine k\u00fcrzere Zykluszeit als herk\u00f6mmliche Filterpressen<\/li><\/ul>\n\n\n\n<div style=\"height:45px\" aria-hidden=\"true\" class=\"wp-block-spacer\"><\/div>\n\n\n\n<h3 class=\"wp-block-heading\">Filterb\u00e4nder von Clear-Edge werden sowohl von OEM\u2019s in der Erstausr\u00fcstung, als auch von Anwendern von Turmfilterpressen folgender Hersteller zum Einsatz gebracht:<\/h3>\n\n\n\n<ul class=\"wp-block-list\"><li>FLSmidth (PnuemaPress)<\/li><li>Outotec (Larox, Hoesch)<\/li><li>Progress<\/li><\/ul>\n\n\n\n<div style=\"height:45px\" aria-hidden=\"true\" class=\"wp-block-spacer\"><\/div>\n\n\n\n<h4 class=\"wp-block-heading\">F\u00fcr Einzelheiten, wie wir vertikale Filterb\u00e4nder f\u00fcr Turmfilterpressen auf Ihre Anwendung zuschneiden k\u00f6nnen, wenden Sie sich an unser Team<\/h4>\n\n\n\n<div class=\"wp-block-button\"><a class=\"wp-block-button__link has-green-background-color has-background\" href=\"https:\/\/www.clear-edge.com\/de\/ueber-uns\/kontaktieren-sie-uns\/\">Kontaktieren Sie uns<\/a><\/div>\n","protected":false},"excerpt":{"rendered":"<p>Filterb\u00e4nder f\u00fcr vertikale Turmfilterpressen Unsere Filterb\u00e4nder f\u00fcr Turmfilterpressen bieten zuverl\u00e4ssige Ergebnisse f\u00fcr eine Vielzahl von Anwendungen &#8211; von der Pigment-, Farbstoff- und Chemieindustrie bis hin zu Mineral-, Pharma- und Lebensmittelanwendungen. Diese Filterb\u00e4nder werden aus Polypropylen\/Polyester-Materialien in unterschiedlichen Gewebebindungen und Garntypen zur Optimierung des Filtrationsergebnisses, wie etwa die Maximierung des Feststoffgehalts sowie h\u00f6chste Filtratklarheit, hergestellt. Unser [&hellip;]<\/p>\n","protected":false},"author":7,"featured_media":0,"parent":1058,"menu_order":0,"comment_status":"closed","ping_status":"closed","template":"","meta":{"_acf_changed":false,"footnotes":""},"class_list":["post-1146","page","type-page","status-publish","hentry"],"acf":[],"yoast_head":"<!-- This site is optimized with the Yoast SEO plugin v27.3 - https:\/\/yoast.com\/product\/yoast-seo-wordpress\/ -->\n<title>Filterb\u00e4nder f\u00fcr vertikale Turmfilterpressen - Clear Edge<\/title>\n<meta name=\"robots\" content=\"index, follow, max-snippet:-1, max-image-preview:large, max-video-preview:-1\" \/>\n<link rel=\"canonical\" href=\"https:\/\/www.clear-edge.com\/de\/produkte\/druckfiltration\/filterbaender-fuer-vertikale-turmfilterpressen\/\" \/>\n<meta property=\"og:locale\" content=\"de_DE\" \/>\n<meta property=\"og:type\" content=\"article\" \/>\n<meta property=\"og:title\" content=\"Filterb\u00e4nder f\u00fcr vertikale Turmfilterpressen - Clear Edge\" \/>\n<meta property=\"og:description\" content=\"Filterb\u00e4nder f\u00fcr vertikale Turmfilterpressen Unsere Filterb\u00e4nder f\u00fcr Turmfilterpressen bieten zuverl\u00e4ssige Ergebnisse f\u00fcr eine Vielzahl von Anwendungen &#8211; von der Pigment-, Farbstoff- und Chemieindustrie bis hin zu Mineral-, Pharma- und Lebensmittelanwendungen. Diese Filterb\u00e4nder werden aus Polypropylen\/Polyester-Materialien in unterschiedlichen Gewebebindungen und Garntypen zur Optimierung des Filtrationsergebnisses, wie etwa die Maximierung des Feststoffgehalts sowie h\u00f6chste Filtratklarheit, hergestellt. Unser [&hellip;]\" \/>\n<meta property=\"og:url\" content=\"https:\/\/www.clear-edge.com\/de\/produkte\/druckfiltration\/filterbaender-fuer-vertikale-turmfilterpressen\/\" \/>\n<meta property=\"og:site_name\" content=\"Clear Edge\" \/>\n<meta property=\"article:modified_time\" content=\"2020-09-29T16:03:50+00:00\" \/>\n<meta name=\"twitter:card\" content=\"summary_large_image\" \/>\n<meta name=\"twitter:label1\" content=\"Gesch\u00e4tzte Lesezeit\" \/>\n\t<meta name=\"twitter:data1\" content=\"1 Minute\" \/>\n<script type=\"application\/ld+json\" class=\"yoast-schema-graph\">{\"@context\":\"https:\\\/\\\/schema.org\",\"@graph\":[{\"@type\":\"WebPage\",\"@id\":\"https:\\\/\\\/www.clear-edge.com\\\/de\\\/produkte\\\/druckfiltration\\\/filterbaender-fuer-vertikale-turmfilterpressen\\\/\",\"url\":\"https:\\\/\\\/www.clear-edge.com\\\/de\\\/produkte\\\/druckfiltration\\\/filterbaender-fuer-vertikale-turmfilterpressen\\\/\",\"name\":\"Filterb\u00e4nder f\u00fcr vertikale Turmfilterpressen - Clear Edge\",\"isPartOf\":{\"@id\":\"https:\\\/\\\/www.clear-edge.com\\\/de\\\/#website\"},\"datePublished\":\"2020-09-09T14:45:42+00:00\",\"dateModified\":\"2020-09-29T16:03:50+00:00\",\"breadcrumb\":{\"@id\":\"https:\\\/\\\/www.clear-edge.com\\\/de\\\/produkte\\\/druckfiltration\\\/filterbaender-fuer-vertikale-turmfilterpressen\\\/#breadcrumb\"},\"inLanguage\":\"de-DE\",\"potentialAction\":[{\"@type\":\"ReadAction\",\"target\":[\"https:\\\/\\\/www.clear-edge.com\\\/de\\\/produkte\\\/druckfiltration\\\/filterbaender-fuer-vertikale-turmfilterpressen\\\/\"]}]},{\"@type\":\"BreadcrumbList\",\"@id\":\"https:\\\/\\\/www.clear-edge.com\\\/de\\\/produkte\\\/druckfiltration\\\/filterbaender-fuer-vertikale-turmfilterpressen\\\/#breadcrumb\",\"itemListElement\":[{\"@type\":\"ListItem\",\"position\":1,\"name\":\"\",\"item\":\"https:\\\/\\\/www.clear-edge.com\\\/de\\\/\"},{\"@type\":\"ListItem\",\"position\":2,\"name\":\"Produkte\",\"item\":\"https:\\\/\\\/www.clear-edge.com\\\/de\\\/produkte\\\/\"},{\"@type\":\"ListItem\",\"position\":3,\"name\":\"Druckfiltration\",\"item\":\"https:\\\/\\\/www.clear-edge.com\\\/de\\\/produkte\\\/druckfiltration\\\/\"},{\"@type\":\"ListItem\",\"position\":4,\"name\":\"Filterb\u00e4nder f\u00fcr vertikale Turmfilterpressen\"}]},{\"@type\":\"WebSite\",\"@id\":\"https:\\\/\\\/www.clear-edge.com\\\/de\\\/#website\",\"url\":\"https:\\\/\\\/www.clear-edge.com\\\/de\\\/\",\"name\":\"Clear Edge\",\"description\":\"Global manufacturer and supplier of technical filter fabrics I filter cloths I filter belts I filtration solutions\",\"publisher\":{\"@id\":\"https:\\\/\\\/www.clear-edge.com\\\/de\\\/#organization\"},\"potentialAction\":[{\"@type\":\"SearchAction\",\"target\":{\"@type\":\"EntryPoint\",\"urlTemplate\":\"https:\\\/\\\/www.clear-edge.com\\\/de\\\/?s={search_term_string}\"},\"query-input\":{\"@type\":\"PropertyValueSpecification\",\"valueRequired\":true,\"valueName\":\"search_term_string\"}}],\"inLanguage\":\"de-DE\"},{\"@type\":\"Organization\",\"@id\":\"https:\\\/\\\/www.clear-edge.com\\\/de\\\/#organization\",\"name\":\"Filtration Group\",\"url\":\"https:\\\/\\\/www.clear-edge.com\\\/de\\\/\",\"logo\":{\"@type\":\"ImageObject\",\"inLanguage\":\"de-DE\",\"@id\":\"https:\\\/\\\/www.clear-edge.com\\\/de\\\/#\\\/schema\\\/logo\\\/image\\\/\",\"url\":\"https:\\\/\\\/www.clear-edge.com\\\/wp-content\\\/uploads\\\/2019\\\/06\\\/FGC-logo-1.png\",\"contentUrl\":\"https:\\\/\\\/www.clear-edge.com\\\/wp-content\\\/uploads\\\/2019\\\/06\\\/FGC-logo-1.png\",\"width\":1104,\"height\":224,\"caption\":\"Filtration Group\"},\"image\":{\"@id\":\"https:\\\/\\\/www.clear-edge.com\\\/de\\\/#\\\/schema\\\/logo\\\/image\\\/\"}}]}<\/script>\n<!-- \/ Yoast SEO plugin. -->","yoast_head_json":{"title":"Filterb\u00e4nder f\u00fcr vertikale Turmfilterpressen - Clear Edge","robots":{"index":"index","follow":"follow","max-snippet":"max-snippet:-1","max-image-preview":"max-image-preview:large","max-video-preview":"max-video-preview:-1"},"canonical":"https:\/\/www.clear-edge.com\/de\/produkte\/druckfiltration\/filterbaender-fuer-vertikale-turmfilterpressen\/","og_locale":"de_DE","og_type":"article","og_title":"Filterb\u00e4nder f\u00fcr vertikale Turmfilterpressen - Clear Edge","og_description":"Filterb\u00e4nder f\u00fcr vertikale Turmfilterpressen Unsere Filterb\u00e4nder f\u00fcr Turmfilterpressen bieten zuverl\u00e4ssige Ergebnisse f\u00fcr eine Vielzahl von Anwendungen &#8211; von der Pigment-, Farbstoff- und Chemieindustrie bis hin zu Mineral-, Pharma- und Lebensmittelanwendungen. Diese Filterb\u00e4nder werden aus Polypropylen\/Polyester-Materialien in unterschiedlichen Gewebebindungen und Garntypen zur Optimierung des Filtrationsergebnisses, wie etwa die Maximierung des Feststoffgehalts sowie h\u00f6chste Filtratklarheit, hergestellt. Unser [&hellip;]","og_url":"https:\/\/www.clear-edge.com\/de\/produkte\/druckfiltration\/filterbaender-fuer-vertikale-turmfilterpressen\/","og_site_name":"Clear Edge","article_modified_time":"2020-09-29T16:03:50+00:00","twitter_card":"summary_large_image","twitter_misc":{"Gesch\u00e4tzte Lesezeit":"1 Minute"},"schema":{"@context":"https:\/\/schema.org","@graph":[{"@type":"WebPage","@id":"https:\/\/www.clear-edge.com\/de\/produkte\/druckfiltration\/filterbaender-fuer-vertikale-turmfilterpressen\/","url":"https:\/\/www.clear-edge.com\/de\/produkte\/druckfiltration\/filterbaender-fuer-vertikale-turmfilterpressen\/","name":"Filterb\u00e4nder f\u00fcr vertikale Turmfilterpressen - Clear Edge","isPartOf":{"@id":"https:\/\/www.clear-edge.com\/de\/#website"},"datePublished":"2020-09-09T14:45:42+00:00","dateModified":"2020-09-29T16:03:50+00:00","breadcrumb":{"@id":"https:\/\/www.clear-edge.com\/de\/produkte\/druckfiltration\/filterbaender-fuer-vertikale-turmfilterpressen\/#breadcrumb"},"inLanguage":"de-DE","potentialAction":[{"@type":"ReadAction","target":["https:\/\/www.clear-edge.com\/de\/produkte\/druckfiltration\/filterbaender-fuer-vertikale-turmfilterpressen\/"]}]},{"@type":"BreadcrumbList","@id":"https:\/\/www.clear-edge.com\/de\/produkte\/druckfiltration\/filterbaender-fuer-vertikale-turmfilterpressen\/#breadcrumb","itemListElement":[{"@type":"ListItem","position":1,"name":"","item":"https:\/\/www.clear-edge.com\/de\/"},{"@type":"ListItem","position":2,"name":"Produkte","item":"https:\/\/www.clear-edge.com\/de\/produkte\/"},{"@type":"ListItem","position":3,"name":"Druckfiltration","item":"https:\/\/www.clear-edge.com\/de\/produkte\/druckfiltration\/"},{"@type":"ListItem","position":4,"name":"Filterb\u00e4nder f\u00fcr vertikale Turmfilterpressen"}]},{"@type":"WebSite","@id":"https:\/\/www.clear-edge.com\/de\/#website","url":"https:\/\/www.clear-edge.com\/de\/","name":"Clear Edge","description":"Global manufacturer and supplier of technical filter fabrics I filter cloths I filter belts I filtration solutions","publisher":{"@id":"https:\/\/www.clear-edge.com\/de\/#organization"},"potentialAction":[{"@type":"SearchAction","target":{"@type":"EntryPoint","urlTemplate":"https:\/\/www.clear-edge.com\/de\/?s={search_term_string}"},"query-input":{"@type":"PropertyValueSpecification","valueRequired":true,"valueName":"search_term_string"}}],"inLanguage":"de-DE"},{"@type":"Organization","@id":"https:\/\/www.clear-edge.com\/de\/#organization","name":"Filtration Group","url":"https:\/\/www.clear-edge.com\/de\/","logo":{"@type":"ImageObject","inLanguage":"de-DE","@id":"https:\/\/www.clear-edge.com\/de\/#\/schema\/logo\/image\/","url":"https:\/\/www.clear-edge.com\/wp-content\/uploads\/2019\/06\/FGC-logo-1.png","contentUrl":"https:\/\/www.clear-edge.com\/wp-content\/uploads\/2019\/06\/FGC-logo-1.png","width":1104,"height":224,"caption":"Filtration Group"},"image":{"@id":"https:\/\/www.clear-edge.com\/de\/#\/schema\/logo\/image\/"}}]}},"_links":{"self":[{"href":"https:\/\/www.clear-edge.com\/de\/wp-json\/wp\/v2\/pages\/1146","targetHints":{"allow":["GET"]}}],"collection":[{"href":"https:\/\/www.clear-edge.com\/de\/wp-json\/wp\/v2\/pages"}],"about":[{"href":"https:\/\/www.clear-edge.com\/de\/wp-json\/wp\/v2\/types\/page"}],"author":[{"embeddable":true,"href":"https:\/\/www.clear-edge.com\/de\/wp-json\/wp\/v2\/users\/7"}],"replies":[{"embeddable":true,"href":"https:\/\/www.clear-edge.com\/de\/wp-json\/wp\/v2\/comments?post=1146"}],"version-history":[{"count":0,"href":"https:\/\/www.clear-edge.com\/de\/wp-json\/wp\/v2\/pages\/1146\/revisions"}],"up":[{"embeddable":true,"href":"https:\/\/www.clear-edge.com\/de\/wp-json\/wp\/v2\/pages\/1058"}],"wp:attachment":[{"href":"https:\/\/www.clear-edge.com\/de\/wp-json\/wp\/v2\/media?parent=1146"}],"curies":[{"name":"wp","href":"https:\/\/api.w.org\/{rel}","templated":true}]}}