{"id":1145,"date":"2020-09-09T14:45:41","date_gmt":"2020-09-09T14:45:41","guid":{"rendered":"https:\/\/www.clear-edge.com\/produkte\/vakuumfiltration\/dreh-vakuumscheibenfilter\/"},"modified":"2020-09-28T19:42:10","modified_gmt":"2020-09-28T19:42:10","slug":"dreh-vakuumscheibenfilter","status":"publish","type":"page","link":"https:\/\/www.clear-edge.com\/de\/produkte\/vakuumfiltration\/dreh-vakuumscheibenfilter\/","title":{"rendered":"Dreh-Vakuumscheibenfilter"},"content":{"rendered":"\n<div class=\"wp-block-cover alignfull has-background-dim\" style=\"background-image:url(https:\/\/www.clear-edge.com\/wp-content\/uploads\/2019\/10\/Rotary-Vacuum-Disc-Filter-1.jpg)\"><div class=\"wp-block-cover__inner-container is-layout-flow wp-block-cover-is-layout-flow\">\n<h1 class=\"has-text-align-center wp-block-heading\">Dreh-Vakuumscheibenfilter<\/h1>\n<\/div><\/div>\n\n\n\n<h2 class=\"wp-block-heading\">Dreh-Vakuumscheibenfilter<\/h2>\n\n\n\n<p>Die Variation an anspruchsvollen, unterschiedlichen Filtrationsprozessen in der Fest-Fl\u00fcssig-Trennung ist erheblich. Deshalb bieten wir bei Clear Edge ein umfangreiches Sortiment an Filtermedien und Zubeh\u00f6r, die eine ansprechende Prozessleistung und eine hohe Anlagenverf\u00fcgbarkeit sicherstellen.<br><br>Der Dreh-Vakuumscheibenfilter ist ein vergleichsweise kompaktes Element und zeichnet sich durch eine geringe Kohlenstoffdioxid-Emission aus. Er ist in vielen verschiedenen Anwendungen zu finden, etwa bei der Herstellung von Aluminiumhydroxid, TiO2 oder der Entw\u00e4sserung von Bergbauschl\u00e4mmen.<br><br>Clear Edge entwickelt kundenspezifische L\u00f6sungen auf Grundlage Ihrer Anforderungen &#8211; von der Gewebekonstruktion bis hin zur Rohstoffauswahl. Somit stellen wir sicher, dass das Filterelement Ihren individuellen Bed\u00fcrfnissen entspricht.<br><br>Wir fertigen jedes einzelne Produkt nach Ihren spezifischen Anforderungen. Unser Team stellt sicher, dass jedes Filterelement auf Ihre Scheibenfilter-Anlage zugeschnitten ist, und entwirft jedes Produkt so, dass eine maximale Funktionalit\u00e4t der Anlage gesichert wird.<br><\/p>\n\n\n\n<div style=\"height:25px\" aria-hidden=\"true\" class=\"wp-block-spacer\"><\/div>\n\n\n\n<h3 class=\"wp-block-heading\">Vorteile der Dreh-Vakuumscheibenfilterbez\u00fcge von Clear Edge<\/h3>\n\n\n\n<ul class=\"wp-block-list\"><li>Wir erstellen mit Ihnen ein gemeinsames Anforderungsprofil, um die beste L\u00f6sung f\u00fcr Ihre Produktion und Ihre Anlagen zu finden.<\/li><li>Wir entwickeln und produzieren unsere Gewebe nach Ihren individuellen Prozessanforderungen.<\/li><li>Unser Produktprogramm beinhaltet Gewebequalit\u00e4ten zur Bew\u00e4ltigung der anspruchsvollsten Betriebsbedingungen wie beispielsweise hohe Temperaturen und chemische Belastungen<\/li><li>Angemessene Standzeiten und hoher Durchsatz<\/li><li>Vielfach bew\u00e4hrte Materialien f\u00fcr eine hohe Maschinenverf\u00fcgbarkeit<\/li><li>Hervorragendes Kuchenabl\u00f6severhalten und eine geringe Neigung zum Verstopfen des Filtergewebes<\/li><li>Technischer CAD-Designprozess auf Grundlage Ihrer Betriebsausstattung<\/li><li>Unser qualifiziertes Personal fertigt mit modernster Ausstattung, um h\u00f6chste Produktqualit\u00e4t zu gew\u00e4hrleisten<\/li><li>Gefertigt in unseren weltweit eigens daf\u00fcr errichteten Betriebsst\u00e4tten, welche sich in der N\u00e4he unserer Kunden befinden<\/li><li>Verschiedene Optionen zur Befestigung in Ihrer Anlage, einschlie\u00dflich Klett- und Rei\u00dfverschl\u00fcssen<\/li><\/ul>\n\n\n\n<div style=\"height:25px\" aria-hidden=\"true\" class=\"wp-block-spacer\"><\/div>\n\n\n\n<h3 class=\"wp-block-heading\">Filterbez\u00fcge von Clear-Edge werden sowohl von OEM\u2019s in der Erstausr\u00fcstung, als auch von Anwendern von Dreh-Vakuumscheibenfiltern folgender Hersteller zum Einsatz gebracht:<\/h3>\n\n\n\n<ul class=\"wp-block-list\"><li>Andritz<\/li><li>Bokela\/TSK<\/li><li>Compositech Filters<\/li><li>FLSmidth (Eimco Dorr-Oliver)<\/li><li>Gaudfrin<\/li><li>Peterson Filters<\/li><li>Progress<\/li><li>WesTech<\/li><\/ul>\n\n\n\n<div style=\"height:50px\" aria-hidden=\"true\" class=\"wp-block-spacer\"><\/div>\n\n\n\n<h4 class=\"wp-block-heading\">F\u00fcr Einzelheiten, wie wir unsere Filterbez\u00fcge f\u00fcr Ihre Dreh-Vakuumscheibenfilter nach Ihren Anforderungen fertigen k\u00f6nnen, wenden Sie sich an unser Team<\/h4>\n\n\n\n<div class=\"wp-block-button\"><a class=\"wp-block-button__link has-green-background-color has-background\" href=\"https:\/\/www.clear-edge.com\/de\/ueber-uns\/kontaktieren-sie-uns\/\">Kontaktieren Sie uns<\/a><\/div>\n","protected":false},"excerpt":{"rendered":"<p>Dreh-Vakuumscheibenfilter Die Variation an anspruchsvollen, unterschiedlichen Filtrationsprozessen in der Fest-Fl\u00fcssig-Trennung ist erheblich. Deshalb bieten wir bei Clear Edge ein umfangreiches Sortiment an Filtermedien und Zubeh\u00f6r, die eine ansprechende Prozessleistung und eine hohe Anlagenverf\u00fcgbarkeit sicherstellen. Der Dreh-Vakuumscheibenfilter ist ein vergleichsweise kompaktes Element und zeichnet sich durch eine geringe Kohlenstoffdioxid-Emission aus. Er ist in vielen verschiedenen Anwendungen [&hellip;]<\/p>\n","protected":false},"author":7,"featured_media":0,"parent":1071,"menu_order":0,"comment_status":"closed","ping_status":"closed","template":"","meta":{"_acf_changed":false,"footnotes":""},"class_list":["post-1145","page","type-page","status-publish","hentry"],"acf":[],"yoast_head":"<!-- This site is optimized with the Yoast SEO plugin v27.3 - https:\/\/yoast.com\/product\/yoast-seo-wordpress\/ -->\n<title>Dreh-Vakuumscheibenfilter - Clear Edge<\/title>\n<meta name=\"robots\" content=\"index, follow, max-snippet:-1, max-image-preview:large, max-video-preview:-1\" \/>\n<link rel=\"canonical\" href=\"https:\/\/www.clear-edge.com\/de\/produkte\/vakuumfiltration\/dreh-vakuumscheibenfilter\/\" \/>\n<meta property=\"og:locale\" content=\"de_DE\" \/>\n<meta property=\"og:type\" content=\"article\" \/>\n<meta property=\"og:title\" content=\"Dreh-Vakuumscheibenfilter - Clear Edge\" \/>\n<meta property=\"og:description\" content=\"Dreh-Vakuumscheibenfilter Die Variation an anspruchsvollen, unterschiedlichen Filtrationsprozessen in der Fest-Fl\u00fcssig-Trennung ist erheblich. Deshalb bieten wir bei Clear Edge ein umfangreiches Sortiment an Filtermedien und Zubeh\u00f6r, die eine ansprechende Prozessleistung und eine hohe Anlagenverf\u00fcgbarkeit sicherstellen. Der Dreh-Vakuumscheibenfilter ist ein vergleichsweise kompaktes Element und zeichnet sich durch eine geringe Kohlenstoffdioxid-Emission aus. Er ist in vielen verschiedenen Anwendungen [&hellip;]\" \/>\n<meta property=\"og:url\" content=\"https:\/\/www.clear-edge.com\/de\/produkte\/vakuumfiltration\/dreh-vakuumscheibenfilter\/\" \/>\n<meta property=\"og:site_name\" content=\"Clear Edge\" \/>\n<meta property=\"article:modified_time\" content=\"2020-09-28T19:42:10+00:00\" \/>\n<meta name=\"twitter:card\" content=\"summary_large_image\" \/>\n<meta name=\"twitter:label1\" content=\"Gesch\u00e4tzte Lesezeit\" \/>\n\t<meta name=\"twitter:data1\" content=\"2 Minuten\" \/>\n<script type=\"application\/ld+json\" class=\"yoast-schema-graph\">{\"@context\":\"https:\\\/\\\/schema.org\",\"@graph\":[{\"@type\":\"WebPage\",\"@id\":\"https:\\\/\\\/www.clear-edge.com\\\/de\\\/produkte\\\/vakuumfiltration\\\/dreh-vakuumscheibenfilter\\\/\",\"url\":\"https:\\\/\\\/www.clear-edge.com\\\/de\\\/produkte\\\/vakuumfiltration\\\/dreh-vakuumscheibenfilter\\\/\",\"name\":\"Dreh-Vakuumscheibenfilter - Clear Edge\",\"isPartOf\":{\"@id\":\"https:\\\/\\\/www.clear-edge.com\\\/de\\\/#website\"},\"datePublished\":\"2020-09-09T14:45:41+00:00\",\"dateModified\":\"2020-09-28T19:42:10+00:00\",\"breadcrumb\":{\"@id\":\"https:\\\/\\\/www.clear-edge.com\\\/de\\\/produkte\\\/vakuumfiltration\\\/dreh-vakuumscheibenfilter\\\/#breadcrumb\"},\"inLanguage\":\"de-DE\",\"potentialAction\":[{\"@type\":\"ReadAction\",\"target\":[\"https:\\\/\\\/www.clear-edge.com\\\/de\\\/produkte\\\/vakuumfiltration\\\/dreh-vakuumscheibenfilter\\\/\"]}]},{\"@type\":\"BreadcrumbList\",\"@id\":\"https:\\\/\\\/www.clear-edge.com\\\/de\\\/produkte\\\/vakuumfiltration\\\/dreh-vakuumscheibenfilter\\\/#breadcrumb\",\"itemListElement\":[{\"@type\":\"ListItem\",\"position\":1,\"name\":\"\",\"item\":\"https:\\\/\\\/www.clear-edge.com\\\/de\\\/\"},{\"@type\":\"ListItem\",\"position\":2,\"name\":\"Produkte\",\"item\":\"https:\\\/\\\/www.clear-edge.com\\\/de\\\/produkte\\\/\"},{\"@type\":\"ListItem\",\"position\":3,\"name\":\"Vakuumfiltration\",\"item\":\"https:\\\/\\\/www.clear-edge.com\\\/de\\\/produkte\\\/vakuumfiltration\\\/\"},{\"@type\":\"ListItem\",\"position\":4,\"name\":\"Dreh-Vakuumscheibenfilter\"}]},{\"@type\":\"WebSite\",\"@id\":\"https:\\\/\\\/www.clear-edge.com\\\/de\\\/#website\",\"url\":\"https:\\\/\\\/www.clear-edge.com\\\/de\\\/\",\"name\":\"Clear Edge\",\"description\":\"Global manufacturer and supplier of technical filter fabrics I filter cloths I filter belts I filtration solutions\",\"publisher\":{\"@id\":\"https:\\\/\\\/www.clear-edge.com\\\/de\\\/#organization\"},\"potentialAction\":[{\"@type\":\"SearchAction\",\"target\":{\"@type\":\"EntryPoint\",\"urlTemplate\":\"https:\\\/\\\/www.clear-edge.com\\\/de\\\/?s={search_term_string}\"},\"query-input\":{\"@type\":\"PropertyValueSpecification\",\"valueRequired\":true,\"valueName\":\"search_term_string\"}}],\"inLanguage\":\"de-DE\"},{\"@type\":\"Organization\",\"@id\":\"https:\\\/\\\/www.clear-edge.com\\\/de\\\/#organization\",\"name\":\"Filtration Group\",\"url\":\"https:\\\/\\\/www.clear-edge.com\\\/de\\\/\",\"logo\":{\"@type\":\"ImageObject\",\"inLanguage\":\"de-DE\",\"@id\":\"https:\\\/\\\/www.clear-edge.com\\\/de\\\/#\\\/schema\\\/logo\\\/image\\\/\",\"url\":\"https:\\\/\\\/www.clear-edge.com\\\/wp-content\\\/uploads\\\/2019\\\/06\\\/FGC-logo-1.png\",\"contentUrl\":\"https:\\\/\\\/www.clear-edge.com\\\/wp-content\\\/uploads\\\/2019\\\/06\\\/FGC-logo-1.png\",\"width\":1104,\"height\":224,\"caption\":\"Filtration Group\"},\"image\":{\"@id\":\"https:\\\/\\\/www.clear-edge.com\\\/de\\\/#\\\/schema\\\/logo\\\/image\\\/\"}}]}<\/script>\n<!-- \/ Yoast SEO plugin. -->","yoast_head_json":{"title":"Dreh-Vakuumscheibenfilter - Clear Edge","robots":{"index":"index","follow":"follow","max-snippet":"max-snippet:-1","max-image-preview":"max-image-preview:large","max-video-preview":"max-video-preview:-1"},"canonical":"https:\/\/www.clear-edge.com\/de\/produkte\/vakuumfiltration\/dreh-vakuumscheibenfilter\/","og_locale":"de_DE","og_type":"article","og_title":"Dreh-Vakuumscheibenfilter - Clear Edge","og_description":"Dreh-Vakuumscheibenfilter Die Variation an anspruchsvollen, unterschiedlichen Filtrationsprozessen in der Fest-Fl\u00fcssig-Trennung ist erheblich. Deshalb bieten wir bei Clear Edge ein umfangreiches Sortiment an Filtermedien und Zubeh\u00f6r, die eine ansprechende Prozessleistung und eine hohe Anlagenverf\u00fcgbarkeit sicherstellen. Der Dreh-Vakuumscheibenfilter ist ein vergleichsweise kompaktes Element und zeichnet sich durch eine geringe Kohlenstoffdioxid-Emission aus. Er ist in vielen verschiedenen Anwendungen [&hellip;]","og_url":"https:\/\/www.clear-edge.com\/de\/produkte\/vakuumfiltration\/dreh-vakuumscheibenfilter\/","og_site_name":"Clear Edge","article_modified_time":"2020-09-28T19:42:10+00:00","twitter_card":"summary_large_image","twitter_misc":{"Gesch\u00e4tzte Lesezeit":"2 Minuten"},"schema":{"@context":"https:\/\/schema.org","@graph":[{"@type":"WebPage","@id":"https:\/\/www.clear-edge.com\/de\/produkte\/vakuumfiltration\/dreh-vakuumscheibenfilter\/","url":"https:\/\/www.clear-edge.com\/de\/produkte\/vakuumfiltration\/dreh-vakuumscheibenfilter\/","name":"Dreh-Vakuumscheibenfilter - Clear Edge","isPartOf":{"@id":"https:\/\/www.clear-edge.com\/de\/#website"},"datePublished":"2020-09-09T14:45:41+00:00","dateModified":"2020-09-28T19:42:10+00:00","breadcrumb":{"@id":"https:\/\/www.clear-edge.com\/de\/produkte\/vakuumfiltration\/dreh-vakuumscheibenfilter\/#breadcrumb"},"inLanguage":"de-DE","potentialAction":[{"@type":"ReadAction","target":["https:\/\/www.clear-edge.com\/de\/produkte\/vakuumfiltration\/dreh-vakuumscheibenfilter\/"]}]},{"@type":"BreadcrumbList","@id":"https:\/\/www.clear-edge.com\/de\/produkte\/vakuumfiltration\/dreh-vakuumscheibenfilter\/#breadcrumb","itemListElement":[{"@type":"ListItem","position":1,"name":"","item":"https:\/\/www.clear-edge.com\/de\/"},{"@type":"ListItem","position":2,"name":"Produkte","item":"https:\/\/www.clear-edge.com\/de\/produkte\/"},{"@type":"ListItem","position":3,"name":"Vakuumfiltration","item":"https:\/\/www.clear-edge.com\/de\/produkte\/vakuumfiltration\/"},{"@type":"ListItem","position":4,"name":"Dreh-Vakuumscheibenfilter"}]},{"@type":"WebSite","@id":"https:\/\/www.clear-edge.com\/de\/#website","url":"https:\/\/www.clear-edge.com\/de\/","name":"Clear Edge","description":"Global manufacturer and supplier of technical filter fabrics I filter cloths I filter belts I filtration solutions","publisher":{"@id":"https:\/\/www.clear-edge.com\/de\/#organization"},"potentialAction":[{"@type":"SearchAction","target":{"@type":"EntryPoint","urlTemplate":"https:\/\/www.clear-edge.com\/de\/?s={search_term_string}"},"query-input":{"@type":"PropertyValueSpecification","valueRequired":true,"valueName":"search_term_string"}}],"inLanguage":"de-DE"},{"@type":"Organization","@id":"https:\/\/www.clear-edge.com\/de\/#organization","name":"Filtration Group","url":"https:\/\/www.clear-edge.com\/de\/","logo":{"@type":"ImageObject","inLanguage":"de-DE","@id":"https:\/\/www.clear-edge.com\/de\/#\/schema\/logo\/image\/","url":"https:\/\/www.clear-edge.com\/wp-content\/uploads\/2019\/06\/FGC-logo-1.png","contentUrl":"https:\/\/www.clear-edge.com\/wp-content\/uploads\/2019\/06\/FGC-logo-1.png","width":1104,"height":224,"caption":"Filtration Group"},"image":{"@id":"https:\/\/www.clear-edge.com\/de\/#\/schema\/logo\/image\/"}}]}},"_links":{"self":[{"href":"https:\/\/www.clear-edge.com\/de\/wp-json\/wp\/v2\/pages\/1145","targetHints":{"allow":["GET"]}}],"collection":[{"href":"https:\/\/www.clear-edge.com\/de\/wp-json\/wp\/v2\/pages"}],"about":[{"href":"https:\/\/www.clear-edge.com\/de\/wp-json\/wp\/v2\/types\/page"}],"author":[{"embeddable":true,"href":"https:\/\/www.clear-edge.com\/de\/wp-json\/wp\/v2\/users\/7"}],"replies":[{"embeddable":true,"href":"https:\/\/www.clear-edge.com\/de\/wp-json\/wp\/v2\/comments?post=1145"}],"version-history":[{"count":0,"href":"https:\/\/www.clear-edge.com\/de\/wp-json\/wp\/v2\/pages\/1145\/revisions"}],"up":[{"embeddable":true,"href":"https:\/\/www.clear-edge.com\/de\/wp-json\/wp\/v2\/pages\/1071"}],"wp:attachment":[{"href":"https:\/\/www.clear-edge.com\/de\/wp-json\/wp\/v2\/media?parent=1145"}],"curies":[{"name":"wp","href":"https:\/\/api.w.org\/{rel}","templated":true}]}}