{"id":1144,"date":"2020-09-09T14:45:41","date_gmt":"2020-09-09T14:45:41","guid":{"rendered":"https:\/\/www.clear-edge.com\/produkte\/druckfiltration\/filtertuecher-fuer-filterpressen\/"},"modified":"2020-11-03T19:40:12","modified_gmt":"2020-11-03T19:40:12","slug":"filtertuecher-fuer-filterpressen","status":"publish","type":"page","link":"https:\/\/www.clear-edge.com\/de\/produkte\/druckfiltration\/filtertuecher-fuer-filterpressen\/","title":{"rendered":"Filtert\u00fccher f\u00fcr Filterpressen"},"content":{"rendered":"\n<div class=\"wp-block-cover alignfull has-background-dim\" style=\"background-image:url(https:\/\/www.clear-edge.com\/wp-content\/uploads\/2019\/10\/Filter-Press-Hero-banner.jpg)\"><div class=\"wp-block-cover__inner-container is-layout-flow wp-block-cover-is-layout-flow\">\n<h1 class=\"has-text-align-center wp-block-heading\">Filtert\u00fccher f\u00fcr Filterpressen<\/h1>\n<\/div><\/div>\n\n\n\n<p class=\"grayblock pt-5 pb-5\"><br><br>Clear Edge verf\u00fcgt \u00fcber jahrzehntelange Erfahrung in der Herstellung von Filtert\u00fcchern f\u00fcr horizontale Kammer- und Membran-Filterpressen. Die Entwicklung der modernen Filterpresse ging mit einem dramatischen Anstieg in der dimensionalen Auslegung der Fertigungsanlagen und dem allgemeinen Ausbau von Produktionskapazit\u00e4ten einher. Da sich der Schwerpunkt auf Umweltaspekte wie die Entw\u00e4sserung von Bergbauschl\u00e4mmen verlagert, setzt Clear Edge auf innovative und mechanisch widerstandsf\u00e4hige Gewebe mit verbesserter Dimensionsstabilit\u00e4t, hohen Durchsatzraten und l\u00e4ngeren Standzeiten.<br><br>Wir verf\u00fcgen \u00fcber ein breites Produktprogramm an Filtert\u00fcchern, welche vielfach auf Kammerfilterpressen in diversen Industrien eingesetzt werden, darunter\u00a0 <strong><a href=\"https:\/\/www.clear-edge.com\/de\/maerkte\/bergbau-und-mineralien\/\">Bergbau &amp; Mineralien<\/a><\/strong>, <strong><a href=\"https:\/\/www.clear-edge.com\/de\/maerkte\/chemikalien\/\">Chemikalien<\/a><\/strong>, <strong><a href=\"https:\/\/www.clear-edge.com\/de\/maerkte\/lebensmittel-und-getraenke\/\">Lebensmittel &amp; Getr\u00e4nke<\/a><\/strong>, <strong><a href=\"https:\/\/www.clear-edge.com\/de\/maerkte\/wasseraufbereitung\/\">Wasseraufbereitung<\/a><\/strong> und <strong><a href=\"https:\/\/www.clear-edge.com\/de\/maerkte\/baumaterialien\/\">Baumaterialien<\/a><\/strong>. Wir fertigen Filtermedien, die auf jeden Prozess zugeschnitten werden k\u00f6nnen. Zus\u00e4tzlich bieten wir mit unserer Coreflo\u2122 Tuchhalsverbindung und unseren beschichteten Medien <strong><a href=\"https:\/\/www.clear-edge.com\/de\/produkte\/medien-mit-hoher-abscheideleistung\/\">Azurtex\u2122 und Primapor\u2122 innovative L\u00f6sungen f\u00fcr den Einsatz in Prozessen an<\/a><\/strong>, wo extrem feine Produkte wie zum Beispiel Farbstoffe, Pigmente oder Kaolin, abgeschieden werden.<br><\/p>\n\n\n\n<div style=\"height:50px\" aria-hidden=\"true\" class=\"wp-block-spacer\"><\/div>\n\n\n\n<h2 class=\"wp-block-heading\">Moderne Fertigungstechniken<\/h2>\n\n\n\n<p>Wir bei Clear Edge sind stolz auf die Qualit\u00e4t unserer Filtermedien sowie s\u00e4mtlicher Zubeh\u00f6rteile aus unserem Hause. Mit Hilfe modernster Ausr\u00fcstung in der Fertigung stellen unsere geschulten Mitarbeiter sicher, dass jedes Filtertuch nach den h\u00f6chsten Standards hergestellt wird.<br><\/p>\n\n\n\n<div style=\"height:50px\" aria-hidden=\"true\" class=\"wp-block-spacer\"><\/div>\n\n\n\n<div class=\"wp-block-media-text alignwide is-stacked-on-mobile\"><figure class=\"wp-block-media-text__media\"><img loading=\"lazy\" decoding=\"async\" width=\"629\" height=\"426\" src=\"https:\/\/www.clear-edge.com\/wp-content\/uploads\/2019\/10\/automated-sewing.jpg\" alt=\"\" class=\"wp-image-484\" srcset=\"https:\/\/www.clear-edge.com\/wp-content\/uploads\/2019\/10\/automated-sewing.jpg 629w, https:\/\/www.clear-edge.com\/wp-content\/uploads\/2019\/10\/automated-sewing-300x203.jpg 300w\" sizes=\"auto, (max-width: 629px) 100vw, 629px\" \/><\/figure><div class=\"wp-block-media-text__content\">\n<h3 class=\"wp-block-heading\">Automatisiertes N\u00e4hen<\/h3>\n\n\n\n<p>Wenn eine \u00e4u\u00dferst pr\u00e4zise Nahtf\u00fchrung erforderlich ist, z.&nbsp;B. bei der Herstellung von Filterbeutel-Typ Diastar, greift Clear Edge auf automatisierte N\u00e4hmaschinen zur\u00fcck, um die strengsten Toleranzen einhalten zu k\u00f6nnen.<br><\/p>\n<\/div><\/div>\n\n\n\n<div class=\"wp-block-media-text alignwide is-stacked-on-mobile\"><figure class=\"wp-block-media-text__media\"><img loading=\"lazy\" decoding=\"async\" width=\"629\" height=\"426\" src=\"https:\/\/www.clear-edge.com\/wp-content\/uploads\/2019\/10\/Laser-Cutting.jpg\" alt=\"\" class=\"wp-image-487\" srcset=\"https:\/\/www.clear-edge.com\/wp-content\/uploads\/2019\/10\/Laser-Cutting.jpg 629w, https:\/\/www.clear-edge.com\/wp-content\/uploads\/2019\/10\/Laser-Cutting-300x203.jpg 300w\" sizes=\"auto, (max-width: 629px) 100vw, 629px\" \/><\/figure><div class=\"wp-block-media-text__content\">\n<h3 class=\"wp-block-heading\">Laserschneiden<\/h3>\n\n\n\n<p>Clear Edge verf\u00fcgt an jedem Standort \u00fcber Laserschneideanlagen. Jeder ma\u00dfgeschneiderte Artikel wird mit CAD\/CAM entworfen. Unsere Laser-Schneidanlagen sind in der Lage, alle Filtert\u00fccher-Formate zu fertigen.<br><\/p>\n<\/div><\/div>\n\n\n\n<div class=\"wp-block-media-text alignwide is-stacked-on-mobile\"><figure class=\"wp-block-media-text__media\"><img loading=\"lazy\" decoding=\"async\" width=\"624\" height=\"429\" src=\"https:\/\/www.clear-edge.com\/wp-content\/uploads\/2019\/10\/Edge-Sealing-Filter-Press-Plate.jpg\" alt=\"\" class=\"wp-image-489\" srcset=\"https:\/\/www.clear-edge.com\/wp-content\/uploads\/2019\/10\/Edge-Sealing-Filter-Press-Plate.jpg 624w, https:\/\/www.clear-edge.com\/wp-content\/uploads\/2019\/10\/Edge-Sealing-Filter-Press-Plate-300x206.jpg 300w\" sizes=\"auto, (max-width: 624px) 100vw, 624px\" \/><\/figure><div class=\"wp-block-media-text__content\">\n<h3 class=\"wp-block-heading\">Randbeschichtung<\/h3>\n\n\n\n<p>Wenn ein zus\u00e4tzlicher Schutz vor Undichtigkeit erforderlich ist, tr\u00e4gt Clear Edge leistungsstarke Beschichtungen auf, um die R\u00e4nder der T\u00fccher vollst\u00e4ndig zu versiegeln. Mit Hilfe von unserem speziellen Aufbringungsverfahren, welches in Spritzkabinen angewandt wird, gew\u00e4hrleisten wir eine homogene Dichtungsschicht auf jedem Gewebe.<br><\/p>\n<\/div><\/div>\n\n\n\n<div class=\"wp-block-media-text alignwide is-stacked-on-mobile\"><figure class=\"wp-block-media-text__media\"><img loading=\"lazy\" decoding=\"async\" width=\"624\" height=\"429\" src=\"https:\/\/www.clear-edge.com\/wp-content\/uploads\/2019\/10\/High-Grade-Ancillaries.jpg\" alt=\"\" class=\"wp-image-491\" srcset=\"https:\/\/www.clear-edge.com\/wp-content\/uploads\/2019\/10\/High-Grade-Ancillaries.jpg 624w, https:\/\/www.clear-edge.com\/wp-content\/uploads\/2019\/10\/High-Grade-Ancillaries-300x206.jpg 300w\" sizes=\"auto, (max-width: 624px) 100vw, 624px\" \/><\/figure><div class=\"wp-block-media-text__content\">\n<h3 class=\"wp-block-heading\">Hochwertiges Zubeh\u00f6r<\/h3>\n\n\n\n<p>Clear Edge verwendet ausschlie\u00dflich hochwertiges Zubeh\u00f6r bei der Herstellung von Filtert\u00fcchern. Durch die Abstimmung der Rohstoffe, die Verwendung von best\u00e4ndigen Metallen, Rei\u00df- oder Klettverschl\u00fcssen stellen wir sicher, dass die Leistung unserer Zubeh\u00f6rteile der Qualit\u00e4t unserer Medien entspricht.<\/p>\n\n\n\n<p><\/p>\n<\/div><\/div>\n\n\n\n<div class=\"wp-block-columns has-2-columns is-layout-flex wp-container-core-columns-is-layout-9d6595d7 wp-block-columns-is-layout-flex\">\n<div class=\"wp-block-column is-layout-flow wp-block-column-is-layout-flow\">\n<div class=\"wp-block-columns has-2-columns is-layout-flex wp-container-core-columns-is-layout-9d6595d7 wp-block-columns-is-layout-flex\">\n<div class=\"wp-block-column is-layout-flow wp-block-column-is-layout-flow\">\n<figure class=\"wp-block-image\"><img loading=\"lazy\" decoding=\"async\" width=\"187\" height=\"172\" src=\"https:\/\/www.clear-edge.com\/wp-content\/uploads\/2019\/10\/High-Grade-Ancillaries-eyelets_small-1.png\" alt=\"\u00d6sen\" class=\"wp-image-496\" \/><\/figure>\n<\/div>\n\n\n\n<div class=\"wp-block-column is-layout-flow wp-block-column-is-layout-flow\">\n<figure class=\"wp-block-image\"><img loading=\"lazy\" decoding=\"async\" width=\"210\" height=\"172\" src=\"https:\/\/www.clear-edge.com\/wp-content\/uploads\/2019\/10\/High-Grade-Ancillaries-Zipper_small.png\" alt=\"Hochwertiges Zubeh\u00f6r\" class=\"wp-image-500\" \/><\/figure>\n<\/div>\n<\/div>\n<\/div>\n\n\n\n<div class=\"wp-block-column is-layout-flow wp-block-column-is-layout-flow\"><\/div>\n<\/div>\n\n\n\n<h3 class=\"wp-block-heading\">Filtert\u00fccher von Clear-Edge werden sowohl von OEM\u2019s in der Erstausr\u00fcstung, als auch von Anwendern von Filterpressen folgender Hersteller zum Einsatz gebracht:<\/h3>\n\n\n\n<ul class=\"wp-block-list\"><li>Andritz<\/li><li>Choquenet<\/li><li>Diemme<\/li><li>Evoqua<\/li><li>FLSmidth<\/li><li>Jing Jin<\/li><li>McLanahan<\/li><li>Metso<\/li><li>Outotec<\/li><li>Putsch<\/li><li>Viele andere<\/li><\/ul>\n\n\n\n<div style=\"height:33px\" aria-hidden=\"true\" class=\"wp-block-spacer\"><\/div>\n\n\n\n<h4 class=\"wp-block-heading\">F\u00fcr weitere Einzelheiten zu unseren Filtert\u00fcchern oder bei Anfragen wenden Sie sich bitte an unser Team<\/h4>\n\n\n\n<div class=\"wp-block-button\"><a class=\"wp-block-button__link has-green-background-color has-background\" href=\"https:\/\/www.clear-edge.com\/de\/ueber-uns\/kontaktieren-sie-uns\/\">Kontaktieren Sie uns<\/a><\/div>\n\n\n\n<hr class=\"wp-block-separator is-style-wide\" \/>\n\n\n\n<div style=\"height:50px\" aria-hidden=\"true\" class=\"wp-block-spacer\"><\/div>\n\n\n\n<a name=\"coreflo\"><\/a><h2 style=\"text-align:left;color:#0093d0\">Coreflo\u2122 Tuchhalsverbindung<\/h2>\n\n\n\n<figure class=\"wp-block-image\"><img loading=\"lazy\" decoding=\"async\" width=\"939\" height=\"424\" src=\"https:\/\/www.clear-edge.com\/wp-content\/uploads\/2019\/10\/Coreflo-Group.png\" alt=\"\" class=\"wp-image-503\" srcset=\"https:\/\/www.clear-edge.com\/wp-content\/uploads\/2019\/10\/Coreflo-Group.png 939w, https:\/\/www.clear-edge.com\/wp-content\/uploads\/2019\/10\/Coreflo-Group-300x135.png 300w, https:\/\/www.clear-edge.com\/wp-content\/uploads\/2019\/10\/Coreflo-Group-768x347.png 768w\" sizes=\"auto, (max-width: 939px) 100vw, 939px\" \/><\/figure>\n\n\n\n<p>Die Standzeit eines Filtertuchs h\u00e4ngt von mehreren Faktoren ab, u.&nbsp;a. von der Haltbarkeit des Tuchhalses, der die beiden Tuchh\u00e4lften miteinander verbindet.<br><br>Unser Coreflo\u2122 Tuchhals wurde entwickelt, um die Leistung Ihrer Filtration zu optimieren. Wir haben modernste Technologien eingesetzt, um die einzigartige Coreflo\u2122-Konstruktion zu entwickeln. Durch den Einsatz einer patentierten Schwei\u00dftechnologie, um das Filtertuch dauerhaft mit dem Elastomer-Tuchhals zu verbinden, h\u00e4lt unser automatisiertes Schwei\u00dfverfahren das Filtertuch bei der Herstellung in Position, ohne dass es sich verdreht oder Falten wirft.<br><br>Da Coreflo\u2122 vollst\u00e4ndig verschwei\u00dft ist, entsteht selbst bei der Abscheidung von feinsten Partikeln, wie z.&nbsp;B. bei Pigmenten, F\u00fcllstoffen oder bei der Kaolinproduktion kein Produktionsverlust durch gen\u00e4hte Verbindungen. Durch die Verwendung von Coreflo\u2122 wird der Einlaufbereich der Filterplatte absolut frei von Feststoffen gehalten, und somit ein Kuchenaufbau in diesem sensiblen Teil verhindert. Eine vollautomatische Presse wird durch eine bessere Kuchenabgabe optimiert.<br><br>Coreflo\u2122 wird am h\u00e4ufigsten in Kombination mit Polypropylen-Geweben von Clear Edge verwendet. F\u00fcr spezifische Kundenanwendungen, wie z.&nbsp;B. in der Kl\u00e4rschlamm- bzw. <a href=\"https:\/\/www.clear-edge.com\/de\/maerkte\/wasseraufbereitung\/\">Erdschlammentw\u00e4sserung<\/a> (Sand&nbsp;+&nbsp;Kies), kombinieren wir Coreflo\u2122 mit ausgew\u00e4hlten Polyamid-Filtergeweben.<br><br>F\u00fcr Kunden, die ein besseres Filtrationsergebnis und h\u00f6here Standzeit bei anspruchsvollen Anwendungen ben\u00f6tigen, ist Coreflo\u2122 die richtige Wahl.<\/p>\n\n\n\n<div style=\"height:50px\" aria-hidden=\"true\" class=\"wp-block-spacer\"><\/div>\n\n\n\n<p style=\"font-size:20px\"><strong>Laden Sie die Coreflo\u2122-Brosch\u00fcre herunter<\/strong><\/p>\n\n\n\n<div class=\"wp-block-button\"><a class=\"wp-block-button__link has-green-background-color has-background\" href=\"https:\/\/www.clear-edge.com\/de\/ressourcen\/broschueren-und-fallstudien\/downloadanfrage-fuer-die-coreflo-broschuere\/\">Brosch\u00fcre herunterladen<\/a><\/div>\n","protected":false},"excerpt":{"rendered":"<p>Clear Edge verf\u00fcgt \u00fcber jahrzehntelange Erfahrung in der Herstellung von Filtert\u00fcchern f\u00fcr horizontale Kammer- und Membran-Filterpressen. Die Entwicklung der modernen Filterpresse ging mit einem dramatischen Anstieg in der dimensionalen Auslegung der Fertigungsanlagen und dem allgemeinen Ausbau von Produktionskapazit\u00e4ten einher. Da sich der Schwerpunkt auf Umweltaspekte wie die Entw\u00e4sserung von Bergbauschl\u00e4mmen verlagert, setzt Clear Edge auf [&hellip;]<\/p>\n","protected":false},"author":7,"featured_media":4966,"parent":1058,"menu_order":0,"comment_status":"closed","ping_status":"closed","template":"","meta":{"_acf_changed":false,"footnotes":""},"class_list":["post-1144","page","type-page","status-publish","has-post-thumbnail","hentry"],"acf":[],"yoast_head":"<!-- This site is optimized with the Yoast SEO plugin v27.3 - https:\/\/yoast.com\/product\/yoast-seo-wordpress\/ -->\n<title>Filtert\u00fccher f\u00fcr Filterpressen - Clear Edge<\/title>\n<meta name=\"robots\" content=\"index, follow, max-snippet:-1, max-image-preview:large, max-video-preview:-1\" \/>\n<link rel=\"canonical\" href=\"https:\/\/www.clear-edge.com\/de\/produkte\/druckfiltration\/filtertuecher-fuer-filterpressen\/\" \/>\n<meta property=\"og:locale\" content=\"de_DE\" \/>\n<meta property=\"og:type\" content=\"article\" \/>\n<meta property=\"og:title\" content=\"Filtert\u00fccher f\u00fcr Filterpressen - Clear Edge\" \/>\n<meta property=\"og:description\" content=\"Clear Edge verf\u00fcgt \u00fcber jahrzehntelange Erfahrung in der Herstellung von Filtert\u00fcchern f\u00fcr horizontale Kammer- und Membran-Filterpressen. Die Entwicklung der modernen Filterpresse ging mit einem dramatischen Anstieg in der dimensionalen Auslegung der Fertigungsanlagen und dem allgemeinen Ausbau von Produktionskapazit\u00e4ten einher. Da sich der Schwerpunkt auf Umweltaspekte wie die Entw\u00e4sserung von Bergbauschl\u00e4mmen verlagert, setzt Clear Edge auf [&hellip;]\" \/>\n<meta property=\"og:url\" content=\"https:\/\/www.clear-edge.com\/de\/produkte\/druckfiltration\/filtertuecher-fuer-filterpressen\/\" \/>\n<meta property=\"og:site_name\" content=\"Clear Edge\" \/>\n<meta property=\"article:modified_time\" content=\"2020-11-03T19:40:12+00:00\" \/>\n<meta property=\"og:image\" content=\"https:\/\/www.clear-edge.com\/wp-content\/uploads\/2019\/10\/automated-sewing.jpg\" \/>\n<meta name=\"twitter:card\" content=\"summary_large_image\" \/>\n<meta name=\"twitter:label1\" content=\"Gesch\u00e4tzte Lesezeit\" \/>\n\t<meta name=\"twitter:data1\" content=\"3 Minuten\" \/>\n<script type=\"application\/ld+json\" class=\"yoast-schema-graph\">{\"@context\":\"https:\\\/\\\/schema.org\",\"@graph\":[{\"@type\":\"WebPage\",\"@id\":\"https:\\\/\\\/www.clear-edge.com\\\/de\\\/produkte\\\/druckfiltration\\\/filtertuecher-fuer-filterpressen\\\/\",\"url\":\"https:\\\/\\\/www.clear-edge.com\\\/de\\\/produkte\\\/druckfiltration\\\/filtertuecher-fuer-filterpressen\\\/\",\"name\":\"Filtert\u00fccher f\u00fcr Filterpressen - Clear Edge\",\"isPartOf\":{\"@id\":\"https:\\\/\\\/www.clear-edge.com\\\/de\\\/#website\"},\"primaryImageOfPage\":{\"@id\":\"https:\\\/\\\/www.clear-edge.com\\\/de\\\/produkte\\\/druckfiltration\\\/filtertuecher-fuer-filterpressen\\\/#primaryimage\"},\"image\":{\"@id\":\"https:\\\/\\\/www.clear-edge.com\\\/de\\\/produkte\\\/druckfiltration\\\/filtertuecher-fuer-filterpressen\\\/#primaryimage\"},\"thumbnailUrl\":\"https:\\\/\\\/www.clear-edge.com\\\/wp-content\\\/uploads\\\/2026\\\/03\\\/big-order.png\",\"datePublished\":\"2020-09-09T14:45:41+00:00\",\"dateModified\":\"2020-11-03T19:40:12+00:00\",\"breadcrumb\":{\"@id\":\"https:\\\/\\\/www.clear-edge.com\\\/de\\\/produkte\\\/druckfiltration\\\/filtertuecher-fuer-filterpressen\\\/#breadcrumb\"},\"inLanguage\":\"de-DE\",\"potentialAction\":[{\"@type\":\"ReadAction\",\"target\":[\"https:\\\/\\\/www.clear-edge.com\\\/de\\\/produkte\\\/druckfiltration\\\/filtertuecher-fuer-filterpressen\\\/\"]}]},{\"@type\":\"ImageObject\",\"inLanguage\":\"de-DE\",\"@id\":\"https:\\\/\\\/www.clear-edge.com\\\/de\\\/produkte\\\/druckfiltration\\\/filtertuecher-fuer-filterpressen\\\/#primaryimage\",\"url\":\"https:\\\/\\\/www.clear-edge.com\\\/wp-content\\\/uploads\\\/2026\\\/03\\\/big-order.png\",\"contentUrl\":\"https:\\\/\\\/www.clear-edge.com\\\/wp-content\\\/uploads\\\/2026\\\/03\\\/big-order.png\",\"width\":800,\"height\":400,\"caption\":\"Filter Press Cloth Solutions\"},{\"@type\":\"BreadcrumbList\",\"@id\":\"https:\\\/\\\/www.clear-edge.com\\\/de\\\/produkte\\\/druckfiltration\\\/filtertuecher-fuer-filterpressen\\\/#breadcrumb\",\"itemListElement\":[{\"@type\":\"ListItem\",\"position\":1,\"name\":\"\",\"item\":\"https:\\\/\\\/www.clear-edge.com\\\/de\\\/\"},{\"@type\":\"ListItem\",\"position\":2,\"name\":\"Produkte\",\"item\":\"https:\\\/\\\/www.clear-edge.com\\\/de\\\/produkte\\\/\"},{\"@type\":\"ListItem\",\"position\":3,\"name\":\"Druckfiltration\",\"item\":\"https:\\\/\\\/www.clear-edge.com\\\/de\\\/produkte\\\/druckfiltration\\\/\"},{\"@type\":\"ListItem\",\"position\":4,\"name\":\"Filtert\u00fccher f\u00fcr Filterpressen\"}]},{\"@type\":\"WebSite\",\"@id\":\"https:\\\/\\\/www.clear-edge.com\\\/de\\\/#website\",\"url\":\"https:\\\/\\\/www.clear-edge.com\\\/de\\\/\",\"name\":\"Clear Edge\",\"description\":\"Global manufacturer and supplier of technical filter fabrics I filter cloths I filter belts I filtration solutions\",\"publisher\":{\"@id\":\"https:\\\/\\\/www.clear-edge.com\\\/de\\\/#organization\"},\"potentialAction\":[{\"@type\":\"SearchAction\",\"target\":{\"@type\":\"EntryPoint\",\"urlTemplate\":\"https:\\\/\\\/www.clear-edge.com\\\/de\\\/?s={search_term_string}\"},\"query-input\":{\"@type\":\"PropertyValueSpecification\",\"valueRequired\":true,\"valueName\":\"search_term_string\"}}],\"inLanguage\":\"de-DE\"},{\"@type\":\"Organization\",\"@id\":\"https:\\\/\\\/www.clear-edge.com\\\/de\\\/#organization\",\"name\":\"Filtration Group\",\"url\":\"https:\\\/\\\/www.clear-edge.com\\\/de\\\/\",\"logo\":{\"@type\":\"ImageObject\",\"inLanguage\":\"de-DE\",\"@id\":\"https:\\\/\\\/www.clear-edge.com\\\/de\\\/#\\\/schema\\\/logo\\\/image\\\/\",\"url\":\"https:\\\/\\\/www.clear-edge.com\\\/wp-content\\\/uploads\\\/2019\\\/06\\\/FGC-logo-1.png\",\"contentUrl\":\"https:\\\/\\\/www.clear-edge.com\\\/wp-content\\\/uploads\\\/2019\\\/06\\\/FGC-logo-1.png\",\"width\":1104,\"height\":224,\"caption\":\"Filtration Group\"},\"image\":{\"@id\":\"https:\\\/\\\/www.clear-edge.com\\\/de\\\/#\\\/schema\\\/logo\\\/image\\\/\"}}]}<\/script>\n<!-- \/ Yoast SEO plugin. -->","yoast_head_json":{"title":"Filtert\u00fccher f\u00fcr Filterpressen - Clear Edge","robots":{"index":"index","follow":"follow","max-snippet":"max-snippet:-1","max-image-preview":"max-image-preview:large","max-video-preview":"max-video-preview:-1"},"canonical":"https:\/\/www.clear-edge.com\/de\/produkte\/druckfiltration\/filtertuecher-fuer-filterpressen\/","og_locale":"de_DE","og_type":"article","og_title":"Filtert\u00fccher f\u00fcr Filterpressen - Clear Edge","og_description":"Clear Edge verf\u00fcgt \u00fcber jahrzehntelange Erfahrung in der Herstellung von Filtert\u00fcchern f\u00fcr horizontale Kammer- und Membran-Filterpressen. Die Entwicklung der modernen Filterpresse ging mit einem dramatischen Anstieg in der dimensionalen Auslegung der Fertigungsanlagen und dem allgemeinen Ausbau von Produktionskapazit\u00e4ten einher. Da sich der Schwerpunkt auf Umweltaspekte wie die Entw\u00e4sserung von Bergbauschl\u00e4mmen verlagert, setzt Clear Edge auf [&hellip;]","og_url":"https:\/\/www.clear-edge.com\/de\/produkte\/druckfiltration\/filtertuecher-fuer-filterpressen\/","og_site_name":"Clear Edge","article_modified_time":"2020-11-03T19:40:12+00:00","og_image":[{"url":"https:\/\/www.clear-edge.com\/wp-content\/uploads\/2019\/10\/automated-sewing.jpg","type":"","width":"","height":""}],"twitter_card":"summary_large_image","twitter_misc":{"Gesch\u00e4tzte Lesezeit":"3 Minuten"},"schema":{"@context":"https:\/\/schema.org","@graph":[{"@type":"WebPage","@id":"https:\/\/www.clear-edge.com\/de\/produkte\/druckfiltration\/filtertuecher-fuer-filterpressen\/","url":"https:\/\/www.clear-edge.com\/de\/produkte\/druckfiltration\/filtertuecher-fuer-filterpressen\/","name":"Filtert\u00fccher f\u00fcr Filterpressen - Clear Edge","isPartOf":{"@id":"https:\/\/www.clear-edge.com\/de\/#website"},"primaryImageOfPage":{"@id":"https:\/\/www.clear-edge.com\/de\/produkte\/druckfiltration\/filtertuecher-fuer-filterpressen\/#primaryimage"},"image":{"@id":"https:\/\/www.clear-edge.com\/de\/produkte\/druckfiltration\/filtertuecher-fuer-filterpressen\/#primaryimage"},"thumbnailUrl":"https:\/\/www.clear-edge.com\/wp-content\/uploads\/2026\/03\/big-order.png","datePublished":"2020-09-09T14:45:41+00:00","dateModified":"2020-11-03T19:40:12+00:00","breadcrumb":{"@id":"https:\/\/www.clear-edge.com\/de\/produkte\/druckfiltration\/filtertuecher-fuer-filterpressen\/#breadcrumb"},"inLanguage":"de-DE","potentialAction":[{"@type":"ReadAction","target":["https:\/\/www.clear-edge.com\/de\/produkte\/druckfiltration\/filtertuecher-fuer-filterpressen\/"]}]},{"@type":"ImageObject","inLanguage":"de-DE","@id":"https:\/\/www.clear-edge.com\/de\/produkte\/druckfiltration\/filtertuecher-fuer-filterpressen\/#primaryimage","url":"https:\/\/www.clear-edge.com\/wp-content\/uploads\/2026\/03\/big-order.png","contentUrl":"https:\/\/www.clear-edge.com\/wp-content\/uploads\/2026\/03\/big-order.png","width":800,"height":400,"caption":"Filter Press Cloth Solutions"},{"@type":"BreadcrumbList","@id":"https:\/\/www.clear-edge.com\/de\/produkte\/druckfiltration\/filtertuecher-fuer-filterpressen\/#breadcrumb","itemListElement":[{"@type":"ListItem","position":1,"name":"","item":"https:\/\/www.clear-edge.com\/de\/"},{"@type":"ListItem","position":2,"name":"Produkte","item":"https:\/\/www.clear-edge.com\/de\/produkte\/"},{"@type":"ListItem","position":3,"name":"Druckfiltration","item":"https:\/\/www.clear-edge.com\/de\/produkte\/druckfiltration\/"},{"@type":"ListItem","position":4,"name":"Filtert\u00fccher f\u00fcr Filterpressen"}]},{"@type":"WebSite","@id":"https:\/\/www.clear-edge.com\/de\/#website","url":"https:\/\/www.clear-edge.com\/de\/","name":"Clear Edge","description":"Global manufacturer and supplier of technical filter fabrics I filter cloths I filter belts I filtration solutions","publisher":{"@id":"https:\/\/www.clear-edge.com\/de\/#organization"},"potentialAction":[{"@type":"SearchAction","target":{"@type":"EntryPoint","urlTemplate":"https:\/\/www.clear-edge.com\/de\/?s={search_term_string}"},"query-input":{"@type":"PropertyValueSpecification","valueRequired":true,"valueName":"search_term_string"}}],"inLanguage":"de-DE"},{"@type":"Organization","@id":"https:\/\/www.clear-edge.com\/de\/#organization","name":"Filtration Group","url":"https:\/\/www.clear-edge.com\/de\/","logo":{"@type":"ImageObject","inLanguage":"de-DE","@id":"https:\/\/www.clear-edge.com\/de\/#\/schema\/logo\/image\/","url":"https:\/\/www.clear-edge.com\/wp-content\/uploads\/2019\/06\/FGC-logo-1.png","contentUrl":"https:\/\/www.clear-edge.com\/wp-content\/uploads\/2019\/06\/FGC-logo-1.png","width":1104,"height":224,"caption":"Filtration Group"},"image":{"@id":"https:\/\/www.clear-edge.com\/de\/#\/schema\/logo\/image\/"}}]}},"_links":{"self":[{"href":"https:\/\/www.clear-edge.com\/de\/wp-json\/wp\/v2\/pages\/1144","targetHints":{"allow":["GET"]}}],"collection":[{"href":"https:\/\/www.clear-edge.com\/de\/wp-json\/wp\/v2\/pages"}],"about":[{"href":"https:\/\/www.clear-edge.com\/de\/wp-json\/wp\/v2\/types\/page"}],"author":[{"embeddable":true,"href":"https:\/\/www.clear-edge.com\/de\/wp-json\/wp\/v2\/users\/7"}],"replies":[{"embeddable":true,"href":"https:\/\/www.clear-edge.com\/de\/wp-json\/wp\/v2\/comments?post=1144"}],"version-history":[{"count":0,"href":"https:\/\/www.clear-edge.com\/de\/wp-json\/wp\/v2\/pages\/1144\/revisions"}],"up":[{"embeddable":true,"href":"https:\/\/www.clear-edge.com\/de\/wp-json\/wp\/v2\/pages\/1058"}],"wp:featuredmedia":[{"embeddable":true,"href":"https:\/\/www.clear-edge.com\/de\/wp-json\/wp\/v2\/media\/4966"}],"wp:attachment":[{"href":"https:\/\/www.clear-edge.com\/de\/wp-json\/wp\/v2\/media?parent=1144"}],"curies":[{"name":"wp","href":"https:\/\/api.w.org\/{rel}","templated":true}]}}