{"id":1143,"date":"2020-09-09T14:45:40","date_gmt":"2020-09-09T14:45:40","guid":{"rendered":"https:\/\/www.clear-edge.com\/maerkte\/"},"modified":"2020-09-18T22:20:53","modified_gmt":"2020-09-18T22:20:53","slug":"maerkte","status":"publish","type":"page","link":"https:\/\/www.clear-edge.com\/de\/maerkte\/","title":{"rendered":"M\u00e4rkte"},"content":{"rendered":"\n<div class=\"wp-block-cover alignfull has-background-dim\" style=\"background-image:url(https:\/\/www.clear-edge.com\/wp-content\/uploads\/2019\/10\/Market-Sectors-Web-Banner.jpg)\"><div class=\"wp-block-cover__inner-container is-layout-flow wp-block-cover-is-layout-flow\">\n<h1 class=\"has-text-align-center wp-block-heading\">M\u00e4rkte<\/h1>\n<\/div><\/div>\n\n\n\n<div class=\"wp-block-media-text alignwide is-stacked-on-mobile\" style=\"grid-template-columns:45% auto\"><figure class=\"wp-block-media-text__media\"><img loading=\"lazy\" decoding=\"async\" width=\"624\" height=\"429\" src=\"https:\/\/www.clear-edge.com\/wp-content\/uploads\/2019\/10\/Mining-and-Minerals_cropped.jpg\" alt=\"\" class=\"wp-image-637\" srcset=\"https:\/\/www.clear-edge.com\/wp-content\/uploads\/2019\/10\/Mining-and-Minerals_cropped.jpg 624w, https:\/\/www.clear-edge.com\/wp-content\/uploads\/2019\/10\/Mining-and-Minerals_cropped-300x206.jpg 300w\" sizes=\"auto, (max-width: 624px) 100vw, 624px\" \/><\/figure><div class=\"wp-block-media-text__content\">\n<h3 class=\"wp-block-heading\">Bergbau und Mineralien<\/h3>\n\n\n\n<p>Ganz gleich, ob Sie sich mit der Gewinnung von Aluminium oder Stahl, Kohle, Metalle oder seltenen Erden besch\u00e4ftigen: Wir bei Clear Edge verf\u00fcgen \u00fcber die Expertise, um Ihre Filtrationsprozesse zu optimieren.<br><\/p>\n\n\n\n<div class=\"wp-block-button\"><a class=\"wp-block-button__link has-green-background-color has-background\" href=\"https:\/\/www.clear-edge.com\/de\/maerkte\/bergbau-und-mineralien\/\">Mehr erfahren<\/a><\/div>\n<\/div><\/div>\n\n\n\n<div style=\"height:25px\" aria-hidden=\"true\" class=\"wp-block-spacer\"><\/div>\n\n\n\n<div class=\"wp-block-media-text alignwide is-stacked-on-mobile\" style=\"grid-template-columns:44% auto\"><figure class=\"wp-block-media-text__media\"><img loading=\"lazy\" decoding=\"async\" width=\"624\" height=\"429\" src=\"https:\/\/www.clear-edge.com\/wp-content\/uploads\/2019\/10\/Chemicals_cropped.jpg\" alt=\"\" class=\"wp-image-639\" srcset=\"https:\/\/www.clear-edge.com\/wp-content\/uploads\/2019\/10\/Chemicals_cropped.jpg 624w, https:\/\/www.clear-edge.com\/wp-content\/uploads\/2019\/10\/Chemicals_cropped-300x206.jpg 300w\" sizes=\"auto, (max-width: 624px) 100vw, 624px\" \/><\/figure><div class=\"wp-block-media-text__content\">\n<h3 class=\"wp-block-heading\">Chemikalien<\/h3>\n\n\n\n<p>Die Filtration in der chemischen Industrie ist oft entscheidend f\u00fcr das Erreichen der ben\u00f6tigten Produktqualit\u00e4t sowie f\u00fcr den wirtschaftlichen Erfolg des gesamten Herstellungsprozesses. Egal, ob Ihr Produkt der Filterkuchen oder das Filtrat, eine Massen-, Fein- oder Spezialchemikalie ist &#8211; Clear Edge ist der richtige Partner wenn es darum geht, ein reproduzierbares und wirtschaftliches Ergebnis in der Filtration zu erzielen.<br><\/p>\n\n\n\n<div class=\"wp-block-button\"><a class=\"wp-block-button__link has-green-background-color has-background\" href=\"https:\/\/www.clear-edge.com\/de\/maerkte\/chemikalien\/\">Mehr erfahren<\/a><\/div>\n<\/div><\/div>\n\n\n\n<div style=\"height:25px\" aria-hidden=\"true\" class=\"wp-block-spacer\"><\/div>\n\n\n\n<div class=\"wp-block-media-text alignwide is-stacked-on-mobile\" style=\"grid-template-columns:45% auto\"><figure class=\"wp-block-media-text__media\"><img loading=\"lazy\" decoding=\"async\" width=\"1000\" height=\"667\" src=\"https:\/\/www.clear-edge.com\/wp-content\/uploads\/2019\/10\/Food-Beverage-hero-image.jpg\" alt=\"\" class=\"wp-image-641\" srcset=\"https:\/\/www.clear-edge.com\/wp-content\/uploads\/2019\/10\/Food-Beverage-hero-image.jpg 1000w, https:\/\/www.clear-edge.com\/wp-content\/uploads\/2019\/10\/Food-Beverage-hero-image-300x200.jpg 300w, https:\/\/www.clear-edge.com\/wp-content\/uploads\/2019\/10\/Food-Beverage-hero-image-768x512.jpg 768w, https:\/\/www.clear-edge.com\/wp-content\/uploads\/2019\/10\/Food-Beverage-hero-image-272x182.jpg 272w\" sizes=\"auto, (max-width: 1000px) 100vw, 1000px\" \/><\/figure><div class=\"wp-block-media-text__content\">\n<h3 class=\"wp-block-heading\">Lebensmittel und Getr\u00e4nke<\/h3>\n\n\n\n<p>Die Lebensmittelindustrie und die damit zusammenh\u00e4ngenden beh\u00f6rdlichen Vorschriften, verlangen, dass jedes Produkt, welches mit Lebensmitteln in Ber\u00fchrung kommt, nach hohen und oft akkreditierten Standards hergestellt wird. Die Produkte von Clear Edge werden unter hohem Qualit\u00e4tsma\u00dfst\u00e4ben hergestellt, wobei die strengsten Lebensmittelsicherheitsstandards stets im Vordergrund stehen.<br><\/p>\n\n\n\n<div class=\"wp-block-button\"><a class=\"wp-block-button__link has-green-background-color has-background\" href=\"https:\/\/www.clear-edge.com\/de\/maerkte\/lebensmittel-und-getraenke\/\">Mehr erfahren<\/a><\/div>\n<\/div><\/div>\n\n\n\n<div style=\"height:25px\" aria-hidden=\"true\" class=\"wp-block-spacer\"><\/div>\n\n\n\n<div class=\"wp-block-media-text alignwide is-stacked-on-mobile\" style=\"grid-template-columns:45% auto\"><figure class=\"wp-block-media-text__media\"><img loading=\"lazy\" decoding=\"async\" width=\"624\" height=\"429\" src=\"https:\/\/www.clear-edge.com\/wp-content\/uploads\/2019\/10\/Water-treatment_cropped.jpg\" alt=\"\" class=\"wp-image-643\" srcset=\"https:\/\/www.clear-edge.com\/wp-content\/uploads\/2019\/10\/Water-treatment_cropped.jpg 624w, https:\/\/www.clear-edge.com\/wp-content\/uploads\/2019\/10\/Water-treatment_cropped-300x206.jpg 300w\" sizes=\"auto, (max-width: 624px) 100vw, 624px\" \/><\/figure><div class=\"wp-block-media-text__content\">\n<h3 class=\"wp-block-heading\">Wasseraufbereitung<\/h3>\n\n\n\n<p>Clear Edge ist f\u00fchrend in der Herstellung von Filtermedien f\u00fcr die Abwasseraufbereitung. Wir sind uns unserer Verantwortung bewusst, einen Beitrag zur Sicherstellung einer guten Wasserqualit\u00e4t f\u00fcr unsere Gemeinden und f\u00fcr unsere Umwelt leisten zu m\u00fcssen.<br><\/p>\n\n\n\n<div class=\"wp-block-button\"><a class=\"wp-block-button__link has-green-background-color has-background\" href=\"https:\/\/www.clear-edge.com\/de\/maerkte\/wasseraufbereitung\/\">Mehr erfahren<\/a><\/div>\n<\/div><\/div>\n\n\n\n<div style=\"height:25px\" aria-hidden=\"true\" class=\"wp-block-spacer\"><\/div>\n\n\n\n<div class=\"wp-block-media-text alignwide is-stacked-on-mobile\" style=\"grid-template-columns:45% auto\"><figure class=\"wp-block-media-text__media\"><img loading=\"lazy\" decoding=\"async\" width=\"1024\" height=\"683\" src=\"https:\/\/www.clear-edge.com\/wp-content\/uploads\/2019\/10\/Hero-Banner_Building-Products_1-1024x683.jpg\" alt=\"\" class=\"wp-image-645\" srcset=\"https:\/\/www.clear-edge.com\/wp-content\/uploads\/2019\/10\/Hero-Banner_Building-Products_1-1024x683.jpg 1024w, https:\/\/www.clear-edge.com\/wp-content\/uploads\/2019\/10\/Hero-Banner_Building-Products_1-300x200.jpg 300w, https:\/\/www.clear-edge.com\/wp-content\/uploads\/2019\/10\/Hero-Banner_Building-Products_1-768x512.jpg 768w, https:\/\/www.clear-edge.com\/wp-content\/uploads\/2019\/10\/Hero-Banner_Building-Products_1-272x182.jpg 272w\" sizes=\"auto, (max-width: 1024px) 100vw, 1024px\" \/><\/figure><div class=\"wp-block-media-text__content\">\n<h3 class=\"wp-block-heading\">Baumaterialien<\/h3>\n\n\n\n<p>Clear Edge steht f\u00fcr Qualit\u00e4t und \u00e4u\u00dferst zuverl\u00e4ssige Produkte, die bei der Herstellung von wichtigen Baumaterialien ben\u00f6tigt werden. Dazu geh\u00f6ren MDF-, OSB- und Spanplatten, Zuschlagstoffe (Sand und Kies) und Zement.<br><\/p>\n\n\n\n<div class=\"wp-block-button\"><a class=\"wp-block-button__link has-green-background-color has-background\" href=\"https:\/\/www.clear-edge.com\/de\/maerkte\/baumaterialien\/\">Mehr erfahren<\/a><\/div>\n<\/div><\/div>\n\n\n\n<div style=\"height:25px\" aria-hidden=\"true\" class=\"wp-block-spacer\"><\/div>\n\n\n\n<div class=\"wp-block-media-text alignwide is-stacked-on-mobile\" style=\"grid-template-columns:45% auto\"><figure class=\"wp-block-media-text__media\"><img loading=\"lazy\" decoding=\"async\" width=\"624\" height=\"429\" src=\"https:\/\/www.clear-edge.com\/wp-content\/uploads\/2019\/10\/Pulp-and-Paper_cropped.jpg\" alt=\"\" class=\"wp-image-647\" srcset=\"https:\/\/www.clear-edge.com\/wp-content\/uploads\/2019\/10\/Pulp-and-Paper_cropped.jpg 624w, https:\/\/www.clear-edge.com\/wp-content\/uploads\/2019\/10\/Pulp-and-Paper_cropped-300x206.jpg 300w\" sizes=\"auto, (max-width: 624px) 100vw, 624px\" \/><\/figure><div class=\"wp-block-media-text__content\">\n<h3 class=\"wp-block-heading\">Zellstoff und Papier<\/h3>\n\n\n\n<p>Die Zellstoff- und Papierverarbeitungsindustrie vertraut in Ihren Herstellungsprozessen auf das diversifizierte Produktprogramm von Clear Edge. &nbsp;Wir sind auf alle Stufen der Zellstoff- und Papier-Herstellungsprozesse spezialisiert. Dazu geh\u00f6rt die W\u00e4sche von ungebleichten und gebleichtem Zellstoff, Eindickungsstufen sowie die Schlammentw\u00e4sserung.<\/p>\n\n\n\n<div class=\"wp-block-button\"><a class=\"wp-block-button__link has-green-background-color has-background\" href=\"https:\/\/www.clear-edge.com\/de\/maerkte\/zellstoff-und-papier\/\">Mehr erfahren<\/a><\/div>\n<\/div><\/div>\n\n\n\n<div style=\"height:25px\" aria-hidden=\"true\" class=\"wp-block-spacer\"><\/div>\n\n\n\n<div class=\"wp-block-media-text alignwide is-stacked-on-mobile\" style=\"grid-template-columns:45% auto\"><figure class=\"wp-block-media-text__media\"><img loading=\"lazy\" decoding=\"async\" width=\"624\" height=\"429\" src=\"https:\/\/www.clear-edge.com\/wp-content\/uploads\/2019\/10\/Power-Gen_cropped.jpg\" alt=\"\" class=\"wp-image-649\" srcset=\"https:\/\/www.clear-edge.com\/wp-content\/uploads\/2019\/10\/Power-Gen_cropped.jpg 624w, https:\/\/www.clear-edge.com\/wp-content\/uploads\/2019\/10\/Power-Gen_cropped-300x206.jpg 300w\" sizes=\"auto, (max-width: 624px) 100vw, 624px\" \/><\/figure><div class=\"wp-block-media-text__content\">\n<h3 class=\"wp-block-heading\">Stromerzeugung<\/h3>\n\n\n\n<p>Wir tragen auf verschiedene Weise dazu bei, die Auswirkungen der Stromerzeugung auf die Gesundheit der Menschen und auf die Umwelt zu minimieren.<br><\/p>\n\n\n\n<div class=\"wp-block-button\"><a class=\"wp-block-button__link has-green-background-color has-background\" href=\"https:\/\/www.clear-edge.com\/de\/maerkte\/stromerzeugung\/\">Mehr erfahren<\/a><\/div>\n<\/div><\/div>\n\n\n\n<div style=\"height:25px\" aria-hidden=\"true\" class=\"wp-block-spacer\"><\/div>\n\n\n\n<div class=\"wp-block-media-text alignwide is-stacked-on-mobile\" style=\"grid-template-columns:45% auto\"><figure class=\"wp-block-media-text__media\"><img loading=\"lazy\" decoding=\"async\" width=\"624\" height=\"429\" src=\"https:\/\/www.clear-edge.com\/wp-content\/uploads\/2019\/10\/Healthcare_cropped.jpg\" alt=\"\" class=\"wp-image-651\" srcset=\"https:\/\/www.clear-edge.com\/wp-content\/uploads\/2019\/10\/Healthcare_cropped.jpg 624w, https:\/\/www.clear-edge.com\/wp-content\/uploads\/2019\/10\/Healthcare_cropped-300x206.jpg 300w\" sizes=\"auto, (max-width: 624px) 100vw, 624px\" \/><\/figure><div class=\"wp-block-media-text__content\">\n<h3 class=\"wp-block-heading\">Gesundheitswesen<\/h3>\n\n\n\n<p>Clear Edge-Produkte werden dort eingesetzt, wo sich Unternehmen mit der Herstellung von Produkten besch\u00e4ftigen, welche sich der Gesundheit der Menschen widmen.&nbsp;<\/p>\n\n\n\n<div class=\"wp-block-button\"><a class=\"wp-block-button__link has-green-background-color has-background\" href=\"https:\/\/www.clear-edge.com\/de\/maerkte\/gesundheitswesen\/\">Mehr erfahren<\/a><\/div>\n<\/div><\/div>\n\n\n\n<div style=\"height:25px\" aria-hidden=\"true\" class=\"wp-block-spacer\"><\/div>\n\n\n\n<div class=\"wp-block-media-text alignwide is-stacked-on-mobile\" style=\"grid-template-columns:45% auto\"><figure class=\"wp-block-media-text__media\"><img loading=\"lazy\" decoding=\"async\" width=\"624\" height=\"429\" src=\"https:\/\/www.clear-edge.com\/wp-content\/uploads\/2019\/10\/Transportation_cropped.jpg\" alt=\"\" class=\"wp-image-653\" srcset=\"https:\/\/www.clear-edge.com\/wp-content\/uploads\/2019\/10\/Transportation_cropped.jpg 624w, https:\/\/www.clear-edge.com\/wp-content\/uploads\/2019\/10\/Transportation_cropped-300x206.jpg 300w\" sizes=\"auto, (max-width: 624px) 100vw, 624px\" \/><\/figure><div class=\"wp-block-media-text__content\">\n<h3 class=\"wp-block-heading\">Transport<\/h3>\n\n\n\n<p>Wir bei Clear Edge verstehen die Bedeutung von qualitativen und langlebigen Filtergeweben f\u00fcr den Fahrzeugbau. Unsere Spezialisten sind Vorreiter bei der Entwicklung von Materialien, die anspruchsvollen Umweltbedingungen standhalten und gleichzeitig maximale Leistung erzielen.<\/p>\n\n\n\n<div class=\"wp-block-button\"><a class=\"wp-block-button__link has-green-background-color has-background\" href=\"https:\/\/www.clear-edge.com\/de\/maerkte\/transport\/\">Mehr erfahren<\/a><\/div>\n<\/div><\/div>\n\n\n\n<div style=\"height:25px\" aria-hidden=\"true\" class=\"wp-block-spacer\"><\/div>\n\n\n\n<div class=\"wp-block-media-text alignwide is-stacked-on-mobile\" style=\"grid-template-columns:45% auto\"><figure class=\"wp-block-media-text__media\"><img loading=\"lazy\" decoding=\"async\" width=\"624\" height=\"429\" src=\"https:\/\/www.clear-edge.com\/wp-content\/uploads\/2019\/10\/Other-Industrials_cropped.jpg\" alt=\"\" class=\"wp-image-656\" srcset=\"https:\/\/www.clear-edge.com\/wp-content\/uploads\/2019\/10\/Other-Industrials_cropped.jpg 624w, https:\/\/www.clear-edge.com\/wp-content\/uploads\/2019\/10\/Other-Industrials_cropped-300x206.jpg 300w\" sizes=\"auto, (max-width: 624px) 100vw, 624px\" \/><\/figure><div class=\"wp-block-media-text__content\">\n<h3 class=\"wp-block-heading\">Andere Branchen<\/h3>\n\n\n\n<p>Da die Frage hinsichtlich des Umwelt- und Abfallmanagements eines Herstellungsprozesses in vielen Industriezweigen oberste Priorit\u00e4t hat, sind CoolfloTM<sup><\/sup>-K\u00fchlmittelfilterb\u00e4nder die Antwort darauf, die Welt sicherer, ges\u00fcnder und produktiver zu machen. In der Metallverarbeitung hat man erkannt, dass es entscheidend ist, eine partikelfreie K\u00fchlfl\u00fcssigkeit r\u00fcck zu gewinnen, um eine einwandfreie Weiterverwendung der gekl\u00e4rten Suspension zu gew\u00e4hrleisten.<\/p>\n\n\n\n<div class=\"wp-block-button\"><a class=\"wp-block-button__link has-green-background-color has-background\" href=\"https:\/\/www.clear-edge.com\/de\/maerkte\/andere-industrien\/\">Mehr erfahren<\/a><\/div>\n<\/div><\/div>\n","protected":false},"excerpt":{"rendered":"","protected":false},"author":7,"featured_media":0,"parent":0,"menu_order":0,"comment_status":"closed","ping_status":"closed","template":"","meta":{"_acf_changed":false,"footnotes":""},"class_list":["post-1143","page","type-page","status-publish","hentry"],"acf":[],"yoast_head":"<!-- This site is optimized with the Yoast SEO plugin v27.3 - https:\/\/yoast.com\/product\/yoast-seo-wordpress\/ -->\n<title>M\u00e4rkte - Clear Edge<\/title>\n<meta name=\"robots\" content=\"index, follow, max-snippet:-1, max-image-preview:large, max-video-preview:-1\" \/>\n<link rel=\"canonical\" href=\"https:\/\/www.clear-edge.com\/de\/maerkte\/\" \/>\n<meta property=\"og:locale\" content=\"de_DE\" \/>\n<meta property=\"og:type\" content=\"article\" \/>\n<meta property=\"og:title\" content=\"M\u00e4rkte - Clear Edge\" \/>\n<meta property=\"og:url\" content=\"https:\/\/www.clear-edge.com\/de\/maerkte\/\" \/>\n<meta property=\"og:site_name\" content=\"Clear Edge\" \/>\n<meta property=\"article:modified_time\" content=\"2020-09-18T22:20:53+00:00\" \/>\n<meta property=\"og:image\" content=\"https:\/\/www.clear-edge.com\/wp-content\/uploads\/2019\/10\/Mining-and-Minerals_cropped.jpg\" \/>\n<meta name=\"twitter:card\" content=\"summary_large_image\" \/>\n<meta name=\"twitter:label1\" content=\"Gesch\u00e4tzte Lesezeit\" \/>\n\t<meta name=\"twitter:data1\" content=\"2 Minuten\" \/>\n<script type=\"application\/ld+json\" class=\"yoast-schema-graph\">{\"@context\":\"https:\\\/\\\/schema.org\",\"@graph\":[{\"@type\":\"WebPage\",\"@id\":\"https:\\\/\\\/www.clear-edge.com\\\/de\\\/maerkte\\\/\",\"url\":\"https:\\\/\\\/www.clear-edge.com\\\/de\\\/maerkte\\\/\",\"name\":\"M\u00e4rkte - Clear Edge\",\"isPartOf\":{\"@id\":\"https:\\\/\\\/www.clear-edge.com\\\/de\\\/#website\"},\"primaryImageOfPage\":{\"@id\":\"https:\\\/\\\/www.clear-edge.com\\\/de\\\/maerkte\\\/#primaryimage\"},\"image\":{\"@id\":\"https:\\\/\\\/www.clear-edge.com\\\/de\\\/maerkte\\\/#primaryimage\"},\"thumbnailUrl\":\"https:\\\/\\\/www.clear-edge.com\\\/wp-content\\\/uploads\\\/2019\\\/10\\\/Mining-and-Minerals_cropped.jpg\",\"datePublished\":\"2020-09-09T14:45:40+00:00\",\"dateModified\":\"2020-09-18T22:20:53+00:00\",\"breadcrumb\":{\"@id\":\"https:\\\/\\\/www.clear-edge.com\\\/de\\\/maerkte\\\/#breadcrumb\"},\"inLanguage\":\"de-DE\",\"potentialAction\":[{\"@type\":\"ReadAction\",\"target\":[\"https:\\\/\\\/www.clear-edge.com\\\/de\\\/maerkte\\\/\"]}]},{\"@type\":\"ImageObject\",\"inLanguage\":\"de-DE\",\"@id\":\"https:\\\/\\\/www.clear-edge.com\\\/de\\\/maerkte\\\/#primaryimage\",\"url\":\"https:\\\/\\\/www.clear-edge.com\\\/wp-content\\\/uploads\\\/2019\\\/10\\\/Mining-and-Minerals_cropped.jpg\",\"contentUrl\":\"https:\\\/\\\/www.clear-edge.com\\\/wp-content\\\/uploads\\\/2019\\\/10\\\/Mining-and-Minerals_cropped.jpg\"},{\"@type\":\"BreadcrumbList\",\"@id\":\"https:\\\/\\\/www.clear-edge.com\\\/de\\\/maerkte\\\/#breadcrumb\",\"itemListElement\":[{\"@type\":\"ListItem\",\"position\":1,\"name\":\"\",\"item\":\"https:\\\/\\\/www.clear-edge.com\\\/de\\\/\"},{\"@type\":\"ListItem\",\"position\":2,\"name\":\"M\u00e4rkte\"}]},{\"@type\":\"WebSite\",\"@id\":\"https:\\\/\\\/www.clear-edge.com\\\/de\\\/#website\",\"url\":\"https:\\\/\\\/www.clear-edge.com\\\/de\\\/\",\"name\":\"Clear Edge\",\"description\":\"Global manufacturer and supplier of technical filter fabrics I filter cloths I filter belts I filtration solutions\",\"publisher\":{\"@id\":\"https:\\\/\\\/www.clear-edge.com\\\/de\\\/#organization\"},\"potentialAction\":[{\"@type\":\"SearchAction\",\"target\":{\"@type\":\"EntryPoint\",\"urlTemplate\":\"https:\\\/\\\/www.clear-edge.com\\\/de\\\/?s={search_term_string}\"},\"query-input\":{\"@type\":\"PropertyValueSpecification\",\"valueRequired\":true,\"valueName\":\"search_term_string\"}}],\"inLanguage\":\"de-DE\"},{\"@type\":\"Organization\",\"@id\":\"https:\\\/\\\/www.clear-edge.com\\\/de\\\/#organization\",\"name\":\"Filtration Group\",\"url\":\"https:\\\/\\\/www.clear-edge.com\\\/de\\\/\",\"logo\":{\"@type\":\"ImageObject\",\"inLanguage\":\"de-DE\",\"@id\":\"https:\\\/\\\/www.clear-edge.com\\\/de\\\/#\\\/schema\\\/logo\\\/image\\\/\",\"url\":\"https:\\\/\\\/www.clear-edge.com\\\/wp-content\\\/uploads\\\/2019\\\/06\\\/FGC-logo-1.png\",\"contentUrl\":\"https:\\\/\\\/www.clear-edge.com\\\/wp-content\\\/uploads\\\/2019\\\/06\\\/FGC-logo-1.png\",\"width\":1104,\"height\":224,\"caption\":\"Filtration Group\"},\"image\":{\"@id\":\"https:\\\/\\\/www.clear-edge.com\\\/de\\\/#\\\/schema\\\/logo\\\/image\\\/\"}}]}<\/script>\n<!-- \/ Yoast SEO plugin. -->","yoast_head_json":{"title":"M\u00e4rkte - Clear Edge","robots":{"index":"index","follow":"follow","max-snippet":"max-snippet:-1","max-image-preview":"max-image-preview:large","max-video-preview":"max-video-preview:-1"},"canonical":"https:\/\/www.clear-edge.com\/de\/maerkte\/","og_locale":"de_DE","og_type":"article","og_title":"M\u00e4rkte - Clear Edge","og_url":"https:\/\/www.clear-edge.com\/de\/maerkte\/","og_site_name":"Clear Edge","article_modified_time":"2020-09-18T22:20:53+00:00","og_image":[{"url":"https:\/\/www.clear-edge.com\/wp-content\/uploads\/2019\/10\/Mining-and-Minerals_cropped.jpg","type":"","width":"","height":""}],"twitter_card":"summary_large_image","twitter_misc":{"Gesch\u00e4tzte Lesezeit":"2 Minuten"},"schema":{"@context":"https:\/\/schema.org","@graph":[{"@type":"WebPage","@id":"https:\/\/www.clear-edge.com\/de\/maerkte\/","url":"https:\/\/www.clear-edge.com\/de\/maerkte\/","name":"M\u00e4rkte - Clear Edge","isPartOf":{"@id":"https:\/\/www.clear-edge.com\/de\/#website"},"primaryImageOfPage":{"@id":"https:\/\/www.clear-edge.com\/de\/maerkte\/#primaryimage"},"image":{"@id":"https:\/\/www.clear-edge.com\/de\/maerkte\/#primaryimage"},"thumbnailUrl":"https:\/\/www.clear-edge.com\/wp-content\/uploads\/2019\/10\/Mining-and-Minerals_cropped.jpg","datePublished":"2020-09-09T14:45:40+00:00","dateModified":"2020-09-18T22:20:53+00:00","breadcrumb":{"@id":"https:\/\/www.clear-edge.com\/de\/maerkte\/#breadcrumb"},"inLanguage":"de-DE","potentialAction":[{"@type":"ReadAction","target":["https:\/\/www.clear-edge.com\/de\/maerkte\/"]}]},{"@type":"ImageObject","inLanguage":"de-DE","@id":"https:\/\/www.clear-edge.com\/de\/maerkte\/#primaryimage","url":"https:\/\/www.clear-edge.com\/wp-content\/uploads\/2019\/10\/Mining-and-Minerals_cropped.jpg","contentUrl":"https:\/\/www.clear-edge.com\/wp-content\/uploads\/2019\/10\/Mining-and-Minerals_cropped.jpg"},{"@type":"BreadcrumbList","@id":"https:\/\/www.clear-edge.com\/de\/maerkte\/#breadcrumb","itemListElement":[{"@type":"ListItem","position":1,"name":"","item":"https:\/\/www.clear-edge.com\/de\/"},{"@type":"ListItem","position":2,"name":"M\u00e4rkte"}]},{"@type":"WebSite","@id":"https:\/\/www.clear-edge.com\/de\/#website","url":"https:\/\/www.clear-edge.com\/de\/","name":"Clear Edge","description":"Global manufacturer and supplier of technical filter fabrics I filter cloths I filter belts I filtration solutions","publisher":{"@id":"https:\/\/www.clear-edge.com\/de\/#organization"},"potentialAction":[{"@type":"SearchAction","target":{"@type":"EntryPoint","urlTemplate":"https:\/\/www.clear-edge.com\/de\/?s={search_term_string}"},"query-input":{"@type":"PropertyValueSpecification","valueRequired":true,"valueName":"search_term_string"}}],"inLanguage":"de-DE"},{"@type":"Organization","@id":"https:\/\/www.clear-edge.com\/de\/#organization","name":"Filtration Group","url":"https:\/\/www.clear-edge.com\/de\/","logo":{"@type":"ImageObject","inLanguage":"de-DE","@id":"https:\/\/www.clear-edge.com\/de\/#\/schema\/logo\/image\/","url":"https:\/\/www.clear-edge.com\/wp-content\/uploads\/2019\/06\/FGC-logo-1.png","contentUrl":"https:\/\/www.clear-edge.com\/wp-content\/uploads\/2019\/06\/FGC-logo-1.png","width":1104,"height":224,"caption":"Filtration Group"},"image":{"@id":"https:\/\/www.clear-edge.com\/de\/#\/schema\/logo\/image\/"}}]}},"_links":{"self":[{"href":"https:\/\/www.clear-edge.com\/de\/wp-json\/wp\/v2\/pages\/1143","targetHints":{"allow":["GET"]}}],"collection":[{"href":"https:\/\/www.clear-edge.com\/de\/wp-json\/wp\/v2\/pages"}],"about":[{"href":"https:\/\/www.clear-edge.com\/de\/wp-json\/wp\/v2\/types\/page"}],"author":[{"embeddable":true,"href":"https:\/\/www.clear-edge.com\/de\/wp-json\/wp\/v2\/users\/7"}],"replies":[{"embeddable":true,"href":"https:\/\/www.clear-edge.com\/de\/wp-json\/wp\/v2\/comments?post=1143"}],"version-history":[{"count":0,"href":"https:\/\/www.clear-edge.com\/de\/wp-json\/wp\/v2\/pages\/1143\/revisions"}],"wp:attachment":[{"href":"https:\/\/www.clear-edge.com\/de\/wp-json\/wp\/v2\/media?parent=1143"}],"curies":[{"name":"wp","href":"https:\/\/api.w.org\/{rel}","templated":true}]}}