{"id":1142,"date":"2020-09-09T14:45:40","date_gmt":"2020-09-09T14:45:40","guid":{"rendered":"https:\/\/www.clear-edge.com\/produkte\/vakuumfiltration\/filterbaender-fuer-horizontale-vakuumbandfilter\/"},"modified":"2020-11-03T20:02:45","modified_gmt":"2020-11-03T20:02:45","slug":"filterbaender-fuer-horizontale-vakuumbandfilter","status":"publish","type":"page","link":"https:\/\/www.clear-edge.com\/de\/produkte\/vakuumfiltration\/filterbaender-fuer-horizontale-vakuumbandfilter\/","title":{"rendered":"Filterb\u00e4nder f\u00fcr horizontale Vakuumbandfilter"},"content":{"rendered":"\n<div class=\"wp-block-cover alignfull has-background-dim\" style=\"background-image:url(https:\/\/www.clear-edge.com\/wp-content\/uploads\/2019\/10\/page-banner.jpg)\"><div class=\"wp-block-cover__inner-container is-layout-flow wp-block-cover-is-layout-flow\">\n<h1 class=\"has-text-align-center wp-block-heading\">Filterb\u00e4nder f\u00fcr horizontale Vakuumbandfilter<\/h1>\n<\/div><\/div>\n\n\n\n<p>Das pr\u00e4zise Abscheiden von Feststoffen in einem kontinuierlichen Prozess ist symptomatisch f\u00fcr horizontale Vakuumbandfilter. Der Filter ist eine relativ einfache aber hochwirksame Maschine, die in der gesamten Prozessindustrie verwendet wird. Wir k\u00f6nnen viele Jahre Erfahrung in der Entwicklung und Fertigung von Filterb\u00e4ndern nachweisen und verf\u00fcgen \u00fcber ein vielf\u00e4ltiges Produkt-Portfolio, welches in vielen Industrien wie etwa <a href=\"https:\/\/www.clear-edge.com\/de\/maerkte\/bergbau-und-mineralien\/\"> Bergbau und Mineralien,<\/a> <a href=\"https:\/\/www.clear-edge.com\/de\/maerkte\/chemikalien\/\">Chemikalien<\/a>, <a href=\"https:\/\/www.clear-edge.com\/de\/maerkte\/stromerzeugung\/\">Stromerzeugung<\/a>, <a href=\"https:\/\/www.clear-edge.com\/de\/maerkte\/lebensmittel-und-getraenke\/\">Lebensmittel und Getr\u00e4nke<\/a>, <a href=\"https:\/\/www.clear-edge.com\/de\/maerkte\/baumaterialien\/\">Baumaterialien<\/a> und <a href=\"https:\/\/www.clear-edge.com\/de\/maerkte\/zellstoff-und-papier\/\">Zellstoff und Papier<\/a> zum Einsatz kommt.<br><\/p>\n\n\n\n<figure class=\"wp-block-image\"><img loading=\"lazy\" decoding=\"async\" width=\"1024\" height=\"256\" src=\"https:\/\/www.clear-edge.com\/wp-content\/uploads\/2019\/10\/Horizontal-Vacuum-Filter-Belt_cropped-1-1024x256.jpg\" alt=\"\" class=\"wp-image-545\" srcset=\"https:\/\/www.clear-edge.com\/wp-content\/uploads\/2019\/10\/Horizontal-Vacuum-Filter-Belt_cropped-1-1024x256.jpg 1024w, https:\/\/www.clear-edge.com\/wp-content\/uploads\/2019\/10\/Horizontal-Vacuum-Filter-Belt_cropped-1-300x75.jpg 300w, https:\/\/www.clear-edge.com\/wp-content\/uploads\/2019\/10\/Horizontal-Vacuum-Filter-Belt_cropped-1-768x192.jpg 768w, https:\/\/www.clear-edge.com\/wp-content\/uploads\/2019\/10\/Horizontal-Vacuum-Filter-Belt_cropped-1.jpg 1632w\" sizes=\"auto, (max-width: 1024px) 100vw, 1024px\" \/><\/figure>\n\n\n\n<p>Wir entwickeln Filterb\u00e4nder f\u00fcr horizontale Vakuumfilter, welche die ben\u00f6tigte Stabilit\u00e4t f\u00fcr einen kontinuierlichen Betrieb mitbringen. Der Schlamm wird typischerweise auf der einen Seite aufgebracht und durch ein Vakuum \u00fcber die gesamte L\u00e4nge des Filterbandes entw\u00e4ssert, bevor der Filterkuchen auf der anderen Seite der Anlage ausgetragen wird. Zur Erzielung einer optimalen Maschinenverf\u00fcgbarkeit entwerfen wir bei Clear Edge auf einzigartige Weise Gewebe bzw. Oberfl\u00e4chen, welche sich durch eine besonders reibungslose Filterkuchenabgabe und eine hohe mechanische Best\u00e4ndigkeit auszeichnen.<br><br>Die Verwendung von Clear Edge-Filterb\u00e4ndern hat sich als wirtschaftlich erwiesen, da\u00a0sich Diese durch eine erh\u00f6hte Standzeit auszeichnen. Wir f\u00fchren sowohl einfache als auch doppellagige Filterb\u00e4nder in unserem Programm und bieten eine exzellente Querstabilit\u00e4t des Filtergewebes sowie hohe Durchflussraten zur Optimierung Ihrer Filtrationsprozesse.<\/p>\n\n\n\n<p><br><\/p>\n\n\n\n<div style=\"height:50px\" aria-hidden=\"true\" class=\"wp-block-spacer\"><\/div>\n\n\n\n<hr class=\"wp-block-separator is-style-wide\" \/>\n\n\n\n<div style=\"height:50px\" aria-hidden=\"true\" class=\"wp-block-spacer\"><\/div>\n\n\n\n<div class=\"wp-block-media-text alignwide is-stacked-on-mobile\" style=\"grid-template-columns:45% auto\"><figure class=\"wp-block-media-text__media\"><img loading=\"lazy\" decoding=\"async\" width=\"624\" height=\"407\" src=\"https:\/\/www.clear-edge.com\/wp-content\/uploads\/2019\/10\/Yarn.png\" alt=\"\" class=\"wp-image-549\" srcset=\"https:\/\/www.clear-edge.com\/wp-content\/uploads\/2019\/10\/Yarn.png 624w, https:\/\/www.clear-edge.com\/wp-content\/uploads\/2019\/10\/Yarn-300x196.png 300w\" sizes=\"auto, (max-width: 624px) 100vw, 624px\" \/><\/figure><div class=\"wp-block-media-text__content\">\n<h3 class=\"wp-block-heading\">Garntypen und -merkmale<\/h3>\n\n\n\n<p>Clear Edge bietet eine standardisierte Auswahl an Bandfiltermedien aus verschiedensten Rohstoffen, u.&nbsp;a. PP, PES, PA und Hybridmedien. Monofil-, Multifil- und Stapelfasern tragen zur Optimierung Ihres Prozesses bei. Durch Eigenschaften wie der ausgezeichneten Abscheidung von Feststoff, geringer Neigung zur Verstopfung, reibungsloser Kuchenabgabe und hoher Gewebestabilit\u00e4t k\u00f6nnen wir Ihnen helfen, Ihre Filtrationsprobleme zu l\u00f6sen.<br><\/p>\n<\/div><\/div>\n\n\n\n<div style=\"height:50px\" aria-hidden=\"true\" class=\"wp-block-spacer\"><\/div>\n\n\n\n<div class=\"wp-block-media-text alignwide is-stacked-on-mobile\" style=\"grid-template-columns:45% auto\"><figure class=\"wp-block-media-text__media\"><img loading=\"lazy\" decoding=\"async\" width=\"624\" height=\"414\" src=\"https:\/\/www.clear-edge.com\/wp-content\/uploads\/2019\/10\/Weave_small.jpg\" alt=\"\" class=\"wp-image-552\" srcset=\"https:\/\/www.clear-edge.com\/wp-content\/uploads\/2019\/10\/Weave_small.jpg 624w, https:\/\/www.clear-edge.com\/wp-content\/uploads\/2019\/10\/Weave_small-300x199.jpg 300w\" sizes=\"auto, (max-width: 624px) 100vw, 624px\" \/><\/figure><div class=\"wp-block-media-text__content\">\n<h3 class=\"wp-block-heading\">Gewebe<\/h3>\n\n\n\n<p>Das Clear Edge Produktprogramm beinhaltet eine gro\u00dfe Auswahl an Geweben zur Optimierung Ihrer Anwendung. Wir arbeiten eng mit unseren Kunden zusammen, um die richtige Gewebeauswahl auf Grundlage individueller Anforderungen treffen zu k\u00f6nnen.<\/p>\n<\/div><\/div>\n\n\n\n<div style=\"height:50px\" aria-hidden=\"true\" class=\"wp-block-spacer\"><\/div>\n\n\n\n<div class=\"wp-block-media-text alignwide is-stacked-on-mobile\" style=\"grid-template-columns:45% auto\"><figure class=\"wp-block-media-text__media\"><img loading=\"lazy\" decoding=\"async\" width=\"480\" height=\"320\" src=\"https:\/\/www.clear-edge.com\/wp-content\/uploads\/2019\/10\/Seaming-Options_landscape.jpg\" alt=\"\" class=\"wp-image-554\" srcset=\"https:\/\/www.clear-edge.com\/wp-content\/uploads\/2019\/10\/Seaming-Options_landscape.jpg 480w, https:\/\/www.clear-edge.com\/wp-content\/uploads\/2019\/10\/Seaming-Options_landscape-300x200.jpg 300w, https:\/\/www.clear-edge.com\/wp-content\/uploads\/2019\/10\/Seaming-Options_landscape-272x182.jpg 272w\" sizes=\"auto, (max-width: 480px) 100vw, 480px\" \/><\/figure><div class=\"wp-block-media-text__content\">\n<h3 class=\"wp-block-heading\">Nahtoptionen<\/h3>\n\n\n\n<p>Unsere N\u00e4hte zeichnen sich durch eine besonders hohe Stabilit\u00e4t aus und erlauben einen kontinuierlichen, reibungslosen Filtrationsprozess. Unser Naht-Angebot umfasst verschiedene Optionen. Wir analysieren Ihren Prozess und unterst\u00fctzen unsere Kunden bei der Wahl des besten Designs.<br><\/p>\n<\/div><\/div>\n\n\n\n<div style=\"height:50px\" aria-hidden=\"true\" class=\"wp-block-spacer\"><\/div>\n\n\n\n<h3 class=\"wp-block-heading\">Filterb\u00e4nder von Clear-Edge werden sowohl von OEM\u2019s in der Erstausr\u00fcstung, als auch von Anwendern von horizontalen Vakuumfilterb\u00e4ndern folgender Hersteller zum Einsatz gebracht:<\/h3>\n\n\n\n<ul class=\"wp-block-list\"><li>Andritz<\/li><li>Compositech-Filters<\/li><li>Filtres Philippe (Hasler)<\/li><li>FLSmidth<\/li><li>Gaudfrin<\/li><li>Nuclear Industry Yantai Tongxing Industrial Co., Ltd.<\/li><li>Outotec (Pannevis)<\/li><li>Tenova\/Delkor<\/li><li>ThyssenKrupp<\/li><li>WesTech<\/li><li>Viele andere<\/li><\/ul>\n\n\n\n<div style=\"height:44px\" aria-hidden=\"true\" class=\"wp-block-spacer\"><\/div>\n\n\n\n<h4 class=\"wp-block-heading\">F\u00fcr Einzelheiten, wie wir Ihren Prozess mit unseren Filterb\u00e4ndern optimieren k\u00f6nnen, wenden Sie sich an unser Team<\/h4>\n\n\n\n<div class=\"wp-block-button\"><a class=\"wp-block-button__link has-green-background-color has-background\" href=\"https:\/\/www.clear-edge.com\/de\/ueber-uns\/kontaktieren-sie-uns\/\">Kontaktieren Sie uns<\/a><\/div>\n","protected":false},"excerpt":{"rendered":"<p>Das pr\u00e4zise Abscheiden von Feststoffen in einem kontinuierlichen Prozess ist symptomatisch f\u00fcr horizontale Vakuumbandfilter. Der Filter ist eine relativ einfache aber hochwirksame Maschine, die in der gesamten Prozessindustrie verwendet wird. Wir k\u00f6nnen viele Jahre Erfahrung in der Entwicklung und Fertigung von Filterb\u00e4ndern nachweisen und verf\u00fcgen \u00fcber ein vielf\u00e4ltiges Produkt-Portfolio, welches in vielen Industrien wie etwa [&hellip;]<\/p>\n","protected":false},"author":7,"featured_media":3654,"parent":1071,"menu_order":0,"comment_status":"closed","ping_status":"closed","template":"","meta":{"_acf_changed":false,"footnotes":""},"class_list":["post-1142","page","type-page","status-publish","has-post-thumbnail","hentry"],"acf":[],"yoast_head":"<!-- This site is optimized with the Yoast SEO plugin v27.3 - https:\/\/yoast.com\/product\/yoast-seo-wordpress\/ -->\n<title>Filterb\u00e4nder f\u00fcr horizontale Vakuumbandfilter - Clear Edge<\/title>\n<meta name=\"robots\" content=\"index, follow, max-snippet:-1, max-image-preview:large, max-video-preview:-1\" \/>\n<link rel=\"canonical\" href=\"https:\/\/www.clear-edge.com\/de\/produkte\/vakuumfiltration\/filterbaender-fuer-horizontale-vakuumbandfilter\/\" \/>\n<meta property=\"og:locale\" content=\"de_DE\" \/>\n<meta property=\"og:type\" content=\"article\" \/>\n<meta property=\"og:title\" content=\"Filterb\u00e4nder f\u00fcr horizontale Vakuumbandfilter - Clear Edge\" \/>\n<meta property=\"og:description\" content=\"Das pr\u00e4zise Abscheiden von Feststoffen in einem kontinuierlichen Prozess ist symptomatisch f\u00fcr horizontale Vakuumbandfilter. Der Filter ist eine relativ einfache aber hochwirksame Maschine, die in der gesamten Prozessindustrie verwendet wird. Wir k\u00f6nnen viele Jahre Erfahrung in der Entwicklung und Fertigung von Filterb\u00e4ndern nachweisen und verf\u00fcgen \u00fcber ein vielf\u00e4ltiges Produkt-Portfolio, welches in vielen Industrien wie etwa [&hellip;]\" \/>\n<meta property=\"og:url\" content=\"https:\/\/www.clear-edge.com\/de\/produkte\/vakuumfiltration\/filterbaender-fuer-horizontale-vakuumbandfilter\/\" \/>\n<meta property=\"og:site_name\" content=\"Clear Edge\" \/>\n<meta property=\"article:modified_time\" content=\"2020-11-03T20:02:45+00:00\" \/>\n<meta property=\"og:image\" content=\"https:\/\/www.clear-edge.com\/wp-content\/uploads\/2019\/10\/Horizontal-Vacuum-Filter-Belt_cropped-1-1024x256.jpg\" \/>\n<meta name=\"twitter:card\" content=\"summary_large_image\" \/>\n<meta name=\"twitter:label1\" content=\"Gesch\u00e4tzte Lesezeit\" \/>\n\t<meta name=\"twitter:data1\" content=\"2 Minuten\" \/>\n<script type=\"application\/ld+json\" class=\"yoast-schema-graph\">{\"@context\":\"https:\\\/\\\/schema.org\",\"@graph\":[{\"@type\":\"WebPage\",\"@id\":\"https:\\\/\\\/www.clear-edge.com\\\/de\\\/produkte\\\/vakuumfiltration\\\/filterbaender-fuer-horizontale-vakuumbandfilter\\\/\",\"url\":\"https:\\\/\\\/www.clear-edge.com\\\/de\\\/produkte\\\/vakuumfiltration\\\/filterbaender-fuer-horizontale-vakuumbandfilter\\\/\",\"name\":\"Filterb\u00e4nder f\u00fcr horizontale Vakuumbandfilter - Clear Edge\",\"isPartOf\":{\"@id\":\"https:\\\/\\\/www.clear-edge.com\\\/de\\\/#website\"},\"primaryImageOfPage\":{\"@id\":\"https:\\\/\\\/www.clear-edge.com\\\/de\\\/produkte\\\/vakuumfiltration\\\/filterbaender-fuer-horizontale-vakuumbandfilter\\\/#primaryimage\"},\"image\":{\"@id\":\"https:\\\/\\\/www.clear-edge.com\\\/de\\\/produkte\\\/vakuumfiltration\\\/filterbaender-fuer-horizontale-vakuumbandfilter\\\/#primaryimage\"},\"thumbnailUrl\":\"https:\\\/\\\/www.clear-edge.com\\\/wp-content\\\/uploads\\\/2024\\\/09\\\/Filter-Belt.jpg\",\"datePublished\":\"2020-09-09T14:45:40+00:00\",\"dateModified\":\"2020-11-03T20:02:45+00:00\",\"breadcrumb\":{\"@id\":\"https:\\\/\\\/www.clear-edge.com\\\/de\\\/produkte\\\/vakuumfiltration\\\/filterbaender-fuer-horizontale-vakuumbandfilter\\\/#breadcrumb\"},\"inLanguage\":\"de-DE\",\"potentialAction\":[{\"@type\":\"ReadAction\",\"target\":[\"https:\\\/\\\/www.clear-edge.com\\\/de\\\/produkte\\\/vakuumfiltration\\\/filterbaender-fuer-horizontale-vakuumbandfilter\\\/\"]}]},{\"@type\":\"ImageObject\",\"inLanguage\":\"de-DE\",\"@id\":\"https:\\\/\\\/www.clear-edge.com\\\/de\\\/produkte\\\/vakuumfiltration\\\/filterbaender-fuer-horizontale-vakuumbandfilter\\\/#primaryimage\",\"url\":\"https:\\\/\\\/www.clear-edge.com\\\/wp-content\\\/uploads\\\/2024\\\/09\\\/Filter-Belt.jpg\",\"contentUrl\":\"https:\\\/\\\/www.clear-edge.com\\\/wp-content\\\/uploads\\\/2024\\\/09\\\/Filter-Belt.jpg\",\"width\":1632,\"height\":1224,\"caption\":\"We develop Horizontal Vacuum Filter Belts robust enough for continuous movement\"},{\"@type\":\"BreadcrumbList\",\"@id\":\"https:\\\/\\\/www.clear-edge.com\\\/de\\\/produkte\\\/vakuumfiltration\\\/filterbaender-fuer-horizontale-vakuumbandfilter\\\/#breadcrumb\",\"itemListElement\":[{\"@type\":\"ListItem\",\"position\":1,\"name\":\"\",\"item\":\"https:\\\/\\\/www.clear-edge.com\\\/de\\\/\"},{\"@type\":\"ListItem\",\"position\":2,\"name\":\"Produkte\",\"item\":\"https:\\\/\\\/www.clear-edge.com\\\/de\\\/produkte\\\/\"},{\"@type\":\"ListItem\",\"position\":3,\"name\":\"Vakuumfiltration\",\"item\":\"https:\\\/\\\/www.clear-edge.com\\\/de\\\/produkte\\\/vakuumfiltration\\\/\"},{\"@type\":\"ListItem\",\"position\":4,\"name\":\"Filterb\u00e4nder f\u00fcr horizontale Vakuumbandfilter\"}]},{\"@type\":\"WebSite\",\"@id\":\"https:\\\/\\\/www.clear-edge.com\\\/de\\\/#website\",\"url\":\"https:\\\/\\\/www.clear-edge.com\\\/de\\\/\",\"name\":\"Clear Edge\",\"description\":\"Global manufacturer and supplier of technical filter fabrics I filter cloths I filter belts I filtration solutions\",\"publisher\":{\"@id\":\"https:\\\/\\\/www.clear-edge.com\\\/de\\\/#organization\"},\"potentialAction\":[{\"@type\":\"SearchAction\",\"target\":{\"@type\":\"EntryPoint\",\"urlTemplate\":\"https:\\\/\\\/www.clear-edge.com\\\/de\\\/?s={search_term_string}\"},\"query-input\":{\"@type\":\"PropertyValueSpecification\",\"valueRequired\":true,\"valueName\":\"search_term_string\"}}],\"inLanguage\":\"de-DE\"},{\"@type\":\"Organization\",\"@id\":\"https:\\\/\\\/www.clear-edge.com\\\/de\\\/#organization\",\"name\":\"Filtration Group\",\"url\":\"https:\\\/\\\/www.clear-edge.com\\\/de\\\/\",\"logo\":{\"@type\":\"ImageObject\",\"inLanguage\":\"de-DE\",\"@id\":\"https:\\\/\\\/www.clear-edge.com\\\/de\\\/#\\\/schema\\\/logo\\\/image\\\/\",\"url\":\"https:\\\/\\\/www.clear-edge.com\\\/wp-content\\\/uploads\\\/2019\\\/06\\\/FGC-logo-1.png\",\"contentUrl\":\"https:\\\/\\\/www.clear-edge.com\\\/wp-content\\\/uploads\\\/2019\\\/06\\\/FGC-logo-1.png\",\"width\":1104,\"height\":224,\"caption\":\"Filtration Group\"},\"image\":{\"@id\":\"https:\\\/\\\/www.clear-edge.com\\\/de\\\/#\\\/schema\\\/logo\\\/image\\\/\"}}]}<\/script>\n<!-- \/ Yoast SEO plugin. -->","yoast_head_json":{"title":"Filterb\u00e4nder f\u00fcr horizontale Vakuumbandfilter - Clear Edge","robots":{"index":"index","follow":"follow","max-snippet":"max-snippet:-1","max-image-preview":"max-image-preview:large","max-video-preview":"max-video-preview:-1"},"canonical":"https:\/\/www.clear-edge.com\/de\/produkte\/vakuumfiltration\/filterbaender-fuer-horizontale-vakuumbandfilter\/","og_locale":"de_DE","og_type":"article","og_title":"Filterb\u00e4nder f\u00fcr horizontale Vakuumbandfilter - Clear Edge","og_description":"Das pr\u00e4zise Abscheiden von Feststoffen in einem kontinuierlichen Prozess ist symptomatisch f\u00fcr horizontale Vakuumbandfilter. Der Filter ist eine relativ einfache aber hochwirksame Maschine, die in der gesamten Prozessindustrie verwendet wird. Wir k\u00f6nnen viele Jahre Erfahrung in der Entwicklung und Fertigung von Filterb\u00e4ndern nachweisen und verf\u00fcgen \u00fcber ein vielf\u00e4ltiges Produkt-Portfolio, welches in vielen Industrien wie etwa [&hellip;]","og_url":"https:\/\/www.clear-edge.com\/de\/produkte\/vakuumfiltration\/filterbaender-fuer-horizontale-vakuumbandfilter\/","og_site_name":"Clear Edge","article_modified_time":"2020-11-03T20:02:45+00:00","og_image":[{"url":"https:\/\/www.clear-edge.com\/wp-content\/uploads\/2019\/10\/Horizontal-Vacuum-Filter-Belt_cropped-1-1024x256.jpg","type":"","width":"","height":""}],"twitter_card":"summary_large_image","twitter_misc":{"Gesch\u00e4tzte Lesezeit":"2 Minuten"},"schema":{"@context":"https:\/\/schema.org","@graph":[{"@type":"WebPage","@id":"https:\/\/www.clear-edge.com\/de\/produkte\/vakuumfiltration\/filterbaender-fuer-horizontale-vakuumbandfilter\/","url":"https:\/\/www.clear-edge.com\/de\/produkte\/vakuumfiltration\/filterbaender-fuer-horizontale-vakuumbandfilter\/","name":"Filterb\u00e4nder f\u00fcr horizontale Vakuumbandfilter - Clear Edge","isPartOf":{"@id":"https:\/\/www.clear-edge.com\/de\/#website"},"primaryImageOfPage":{"@id":"https:\/\/www.clear-edge.com\/de\/produkte\/vakuumfiltration\/filterbaender-fuer-horizontale-vakuumbandfilter\/#primaryimage"},"image":{"@id":"https:\/\/www.clear-edge.com\/de\/produkte\/vakuumfiltration\/filterbaender-fuer-horizontale-vakuumbandfilter\/#primaryimage"},"thumbnailUrl":"https:\/\/www.clear-edge.com\/wp-content\/uploads\/2024\/09\/Filter-Belt.jpg","datePublished":"2020-09-09T14:45:40+00:00","dateModified":"2020-11-03T20:02:45+00:00","breadcrumb":{"@id":"https:\/\/www.clear-edge.com\/de\/produkte\/vakuumfiltration\/filterbaender-fuer-horizontale-vakuumbandfilter\/#breadcrumb"},"inLanguage":"de-DE","potentialAction":[{"@type":"ReadAction","target":["https:\/\/www.clear-edge.com\/de\/produkte\/vakuumfiltration\/filterbaender-fuer-horizontale-vakuumbandfilter\/"]}]},{"@type":"ImageObject","inLanguage":"de-DE","@id":"https:\/\/www.clear-edge.com\/de\/produkte\/vakuumfiltration\/filterbaender-fuer-horizontale-vakuumbandfilter\/#primaryimage","url":"https:\/\/www.clear-edge.com\/wp-content\/uploads\/2024\/09\/Filter-Belt.jpg","contentUrl":"https:\/\/www.clear-edge.com\/wp-content\/uploads\/2024\/09\/Filter-Belt.jpg","width":1632,"height":1224,"caption":"We develop Horizontal Vacuum Filter Belts robust enough for continuous movement"},{"@type":"BreadcrumbList","@id":"https:\/\/www.clear-edge.com\/de\/produkte\/vakuumfiltration\/filterbaender-fuer-horizontale-vakuumbandfilter\/#breadcrumb","itemListElement":[{"@type":"ListItem","position":1,"name":"","item":"https:\/\/www.clear-edge.com\/de\/"},{"@type":"ListItem","position":2,"name":"Produkte","item":"https:\/\/www.clear-edge.com\/de\/produkte\/"},{"@type":"ListItem","position":3,"name":"Vakuumfiltration","item":"https:\/\/www.clear-edge.com\/de\/produkte\/vakuumfiltration\/"},{"@type":"ListItem","position":4,"name":"Filterb\u00e4nder f\u00fcr horizontale Vakuumbandfilter"}]},{"@type":"WebSite","@id":"https:\/\/www.clear-edge.com\/de\/#website","url":"https:\/\/www.clear-edge.com\/de\/","name":"Clear Edge","description":"Global manufacturer and supplier of technical filter fabrics I filter cloths I filter belts I filtration solutions","publisher":{"@id":"https:\/\/www.clear-edge.com\/de\/#organization"},"potentialAction":[{"@type":"SearchAction","target":{"@type":"EntryPoint","urlTemplate":"https:\/\/www.clear-edge.com\/de\/?s={search_term_string}"},"query-input":{"@type":"PropertyValueSpecification","valueRequired":true,"valueName":"search_term_string"}}],"inLanguage":"de-DE"},{"@type":"Organization","@id":"https:\/\/www.clear-edge.com\/de\/#organization","name":"Filtration Group","url":"https:\/\/www.clear-edge.com\/de\/","logo":{"@type":"ImageObject","inLanguage":"de-DE","@id":"https:\/\/www.clear-edge.com\/de\/#\/schema\/logo\/image\/","url":"https:\/\/www.clear-edge.com\/wp-content\/uploads\/2019\/06\/FGC-logo-1.png","contentUrl":"https:\/\/www.clear-edge.com\/wp-content\/uploads\/2019\/06\/FGC-logo-1.png","width":1104,"height":224,"caption":"Filtration Group"},"image":{"@id":"https:\/\/www.clear-edge.com\/de\/#\/schema\/logo\/image\/"}}]}},"_links":{"self":[{"href":"https:\/\/www.clear-edge.com\/de\/wp-json\/wp\/v2\/pages\/1142","targetHints":{"allow":["GET"]}}],"collection":[{"href":"https:\/\/www.clear-edge.com\/de\/wp-json\/wp\/v2\/pages"}],"about":[{"href":"https:\/\/www.clear-edge.com\/de\/wp-json\/wp\/v2\/types\/page"}],"author":[{"embeddable":true,"href":"https:\/\/www.clear-edge.com\/de\/wp-json\/wp\/v2\/users\/7"}],"replies":[{"embeddable":true,"href":"https:\/\/www.clear-edge.com\/de\/wp-json\/wp\/v2\/comments?post=1142"}],"version-history":[{"count":0,"href":"https:\/\/www.clear-edge.com\/de\/wp-json\/wp\/v2\/pages\/1142\/revisions"}],"up":[{"embeddable":true,"href":"https:\/\/www.clear-edge.com\/de\/wp-json\/wp\/v2\/pages\/1071"}],"wp:featuredmedia":[{"embeddable":true,"href":"https:\/\/www.clear-edge.com\/de\/wp-json\/wp\/v2\/media\/3654"}],"wp:attachment":[{"href":"https:\/\/www.clear-edge.com\/de\/wp-json\/wp\/v2\/media?parent=1142"}],"curies":[{"name":"wp","href":"https:\/\/api.w.org\/{rel}","templated":true}]}}