{"id":1140,"date":"2020-09-09T14:45:39","date_gmt":"2020-09-09T14:45:39","guid":{"rendered":"https:\/\/www.clear-edge.com\/produkte\/druckfiltration\/filterbaender-fuer-siebband-filterpressen\/"},"modified":"2020-11-03T19:03:44","modified_gmt":"2020-11-03T19:03:44","slug":"filterbaender-fuer-siebband-filterpressen","status":"publish","type":"page","link":"https:\/\/www.clear-edge.com\/de\/produkte\/druckfiltration\/filterbaender-fuer-siebband-filterpressen\/","title":{"rendered":"Filterb\u00e4nder f\u00fcr Siebband-Filterpressen"},"content":{"rendered":"\n<div class=\"wp-block-cover alignfull has-background-dim\" style=\"background-image:url(https:\/\/www.clear-edge.com\/wp-content\/uploads\/2019\/10\/Press-Belt_banner.jpg)\"><div class=\"wp-block-cover__inner-container is-layout-flow wp-block-cover-is-layout-flow\">\n<h1 class=\"has-text-align-center wp-block-heading\">Filterb\u00e4nder f\u00fcr Siebband-Filterpressen<\/h1>\n<\/div><\/div>\n\n\n\n<p>Clear Edge kooperiert global mit einer Vielzahl an Kunden, um optimale Filterb\u00e4nder f\u00fcr Siebband-Filterpressen zu entwickeln. Diese finden h\u00e4ufig Anwendung in <strong><a href=\"https:\/\/www.clear-edge.com\/de\/maerkte\/wasseraufbereitung\/\">kommunalen Kl\u00e4ranlagen<\/a><\/strong>, industriellen Schlamm-Aufbereitungsanlagen, der <a href=\"https:\/\/www.clear-edge.com\/de\/maerkte\/zellstoff-und-papier\/\"><strong>Zellstoff- und Papierindustrie<\/strong><\/a> sowie im <strong><a href=\"https:\/\/www.clear-edge.com\/de\/maerkte\/lebensmittel-und-getraenke\/\">Lebensmittelbereich<\/a><\/strong>. Wir fertigen unsere Filterb\u00e4nder kundenspezifisch nach individuellen Bed\u00fcrfnissen.<br><br>Unsere Filterb\u00e4nder unterscheiden sich von konventionellen Filtergeweben, da Sie f\u00fcr den Entw\u00e4sserungsprozess mehrlagig aufgebaut sind. In Kl\u00e4ranlagen ist eine qualitativ hochwertige Filtration unerl\u00e4sslich, da sicherzustellen ist, dass die Ergebnisse aus der Schlammentw\u00e4sserung allen Umweltanforderungen entsprechen. Der Schlamm wird in die Maschine bef\u00f6rdert und durch den Pressdruck von zwei Gewebe-Filterb\u00e4nder entw\u00e4ssert. Das Walzensystem in der Maschine dr\u00fcckt \u00fcbersch\u00fcssiges Wasser oder Fl\u00fcssigkeit aus dem Schlamm. Der abgepresste Filterkuchen wird anschlie\u00dfend in einem Beh\u00e4lter gesammelt.<\/p>\n\n\n\n<h3 class=\"wp-block-heading\"><strong>Hauptvorteile der Filterb\u00e4nder f\u00fcr Siebbandpressen von Clear Edge<\/strong><\/h3>\n\n\n\n<ul class=\"wp-block-list\"><li>Jahrzehntelange Erfahrung in den wichtigsten M\u00e4rkten<\/li><li>Hohe Filtrationseffizienz und hoher Durchsatz<\/li><li>Vielfach bew\u00e4hrte Materialien f\u00fcr eine hohe Standzeit und Maschinenverf\u00fcgbarkeit<\/li><li>Gro\u00dfe Auswahl an Filtergeweben und Spiralsieben, abh\u00e4ngig von Ihrem Endprodukt<\/li><li>Hervorragender Filterkuchenaustrag und einfaches Reinigen<\/li><li>Geringe Neigung zum Verstopfen<\/li><li>Individuelles Design f\u00fcr den Einsatz in anspruchsvollen Anwendungen, einschlie\u00dflich der kommunalen Schlammentw\u00e4sserung und der Lebensmittelindustrie<\/li><\/ul>\n\n\n\n<div style=\"height:50px\" aria-hidden=\"true\" class=\"wp-block-spacer\"><\/div>\n\n\n\n<h3 class=\"wp-block-heading\">Filterb\u00e4nder von Clear-Edge werden sowohl von OEM\u2019s in der Erstausr\u00fcstung, als auch von Anwendern von Siebband-Filterpressen folgender Hersteller zum Einsatz gebracht:<\/h3>\n\n\n\n<ul class=\"wp-block-list\"><li>Alfa-Laval (Ashbrook Simon-Hartley)<\/li><li>Andritz<\/li><li>BDP<\/li><li>Bellmer<\/li><li>Compositech-Filters<\/li><li>Dewaco<\/li><li>EMO<\/li><li>Evoqua (Sernagiotto)<\/li><li>Komline-Sanderson<\/li><li>Phoenix-Prozessausr\u00fcstung<\/li><li>Viele andere<\/li><\/ul>\n\n\n\n<div style=\"height:44px\" aria-hidden=\"true\" class=\"wp-block-spacer\"><\/div>\n\n\n\n<h4 class=\"wp-block-heading\">F\u00fcr Einzelheiten, wie wir Ihren Prozess mit unseren Filterb\u00e4ndern optimieren k\u00f6nnen, wenden Sie sich an unser Team<br><\/h4>\n\n\n\n<div class=\"wp-block-button\"><a class=\"wp-block-button__link has-green-background-color has-background\" href=\"https:\/\/www.clear-edge.com\/de\/ueber-uns\/kontaktieren-sie-uns\/\">Kontaktieren Sie uns<\/a><\/div>\n","protected":false},"excerpt":{"rendered":"<p>Clear Edge kooperiert global mit einer Vielzahl an Kunden, um optimale Filterb\u00e4nder f\u00fcr Siebband-Filterpressen zu entwickeln. Diese finden h\u00e4ufig Anwendung in kommunalen Kl\u00e4ranlagen, industriellen Schlamm-Aufbereitungsanlagen, der Zellstoff- und Papierindustrie sowie im Lebensmittelbereich. Wir fertigen unsere Filterb\u00e4nder kundenspezifisch nach individuellen Bed\u00fcrfnissen. Unsere Filterb\u00e4nder unterscheiden sich von konventionellen Filtergeweben, da Sie f\u00fcr den Entw\u00e4sserungsprozess mehrlagig aufgebaut sind. [&hellip;]<\/p>\n","protected":false},"author":7,"featured_media":521,"parent":1058,"menu_order":0,"comment_status":"closed","ping_status":"closed","template":"","meta":{"_acf_changed":false,"footnotes":""},"class_list":["post-1140","page","type-page","status-publish","has-post-thumbnail","hentry"],"acf":[],"yoast_head":"<!-- This site is optimized with the Yoast SEO plugin v27.3 - https:\/\/yoast.com\/product\/yoast-seo-wordpress\/ -->\n<title>Filterb\u00e4nder f\u00fcr Siebband-Filterpressen - Clear Edge<\/title>\n<meta name=\"robots\" content=\"index, follow, max-snippet:-1, max-image-preview:large, max-video-preview:-1\" \/>\n<link rel=\"canonical\" href=\"https:\/\/www.clear-edge.com\/de\/produkte\/druckfiltration\/filterbaender-fuer-siebband-filterpressen\/\" \/>\n<meta property=\"og:locale\" content=\"de_DE\" \/>\n<meta property=\"og:type\" content=\"article\" \/>\n<meta property=\"og:title\" content=\"Filterb\u00e4nder f\u00fcr Siebband-Filterpressen - Clear Edge\" \/>\n<meta property=\"og:description\" content=\"Clear Edge kooperiert global mit einer Vielzahl an Kunden, um optimale Filterb\u00e4nder f\u00fcr Siebband-Filterpressen zu entwickeln. Diese finden h\u00e4ufig Anwendung in kommunalen Kl\u00e4ranlagen, industriellen Schlamm-Aufbereitungsanlagen, der Zellstoff- und Papierindustrie sowie im Lebensmittelbereich. Wir fertigen unsere Filterb\u00e4nder kundenspezifisch nach individuellen Bed\u00fcrfnissen. Unsere Filterb\u00e4nder unterscheiden sich von konventionellen Filtergeweben, da Sie f\u00fcr den Entw\u00e4sserungsprozess mehrlagig aufgebaut sind. [&hellip;]\" \/>\n<meta property=\"og:url\" content=\"https:\/\/www.clear-edge.com\/de\/produkte\/druckfiltration\/filterbaender-fuer-siebband-filterpressen\/\" \/>\n<meta property=\"og:site_name\" content=\"Clear Edge\" \/>\n<meta property=\"article:modified_time\" content=\"2020-11-03T19:03:44+00:00\" \/>\n<meta name=\"twitter:card\" content=\"summary_large_image\" \/>\n<meta name=\"twitter:label1\" content=\"Gesch\u00e4tzte Lesezeit\" \/>\n\t<meta name=\"twitter:data1\" content=\"1 Minute\" \/>\n<script type=\"application\/ld+json\" class=\"yoast-schema-graph\">{\"@context\":\"https:\\\/\\\/schema.org\",\"@graph\":[{\"@type\":\"WebPage\",\"@id\":\"https:\\\/\\\/www.clear-edge.com\\\/de\\\/produkte\\\/druckfiltration\\\/filterbaender-fuer-siebband-filterpressen\\\/\",\"url\":\"https:\\\/\\\/www.clear-edge.com\\\/de\\\/produkte\\\/druckfiltration\\\/filterbaender-fuer-siebband-filterpressen\\\/\",\"name\":\"Filterb\u00e4nder f\u00fcr Siebband-Filterpressen - Clear Edge\",\"isPartOf\":{\"@id\":\"https:\\\/\\\/www.clear-edge.com\\\/de\\\/#website\"},\"primaryImageOfPage\":{\"@id\":\"https:\\\/\\\/www.clear-edge.com\\\/de\\\/produkte\\\/druckfiltration\\\/filterbaender-fuer-siebband-filterpressen\\\/#primaryimage\"},\"image\":{\"@id\":\"https:\\\/\\\/www.clear-edge.com\\\/de\\\/produkte\\\/druckfiltration\\\/filterbaender-fuer-siebband-filterpressen\\\/#primaryimage\"},\"thumbnailUrl\":\"https:\\\/\\\/www.clear-edge.com\\\/wp-content\\\/uploads\\\/2019\\\/10\\\/Press-Belt_banner.jpg\",\"datePublished\":\"2020-09-09T14:45:39+00:00\",\"dateModified\":\"2020-11-03T19:03:44+00:00\",\"breadcrumb\":{\"@id\":\"https:\\\/\\\/www.clear-edge.com\\\/de\\\/produkte\\\/druckfiltration\\\/filterbaender-fuer-siebband-filterpressen\\\/#breadcrumb\"},\"inLanguage\":\"de-DE\",\"potentialAction\":[{\"@type\":\"ReadAction\",\"target\":[\"https:\\\/\\\/www.clear-edge.com\\\/de\\\/produkte\\\/druckfiltration\\\/filterbaender-fuer-siebband-filterpressen\\\/\"]}]},{\"@type\":\"ImageObject\",\"inLanguage\":\"de-DE\",\"@id\":\"https:\\\/\\\/www.clear-edge.com\\\/de\\\/produkte\\\/druckfiltration\\\/filterbaender-fuer-siebband-filterpressen\\\/#primaryimage\",\"url\":\"https:\\\/\\\/www.clear-edge.com\\\/wp-content\\\/uploads\\\/2019\\\/10\\\/Press-Belt_banner.jpg\",\"contentUrl\":\"https:\\\/\\\/www.clear-edge.com\\\/wp-content\\\/uploads\\\/2019\\\/10\\\/Press-Belt_banner.jpg\",\"width\":2000,\"height\":500,\"caption\":\"Filterband f\u00fcr Siebband-Filterpressen\"},{\"@type\":\"BreadcrumbList\",\"@id\":\"https:\\\/\\\/www.clear-edge.com\\\/de\\\/produkte\\\/druckfiltration\\\/filterbaender-fuer-siebband-filterpressen\\\/#breadcrumb\",\"itemListElement\":[{\"@type\":\"ListItem\",\"position\":1,\"name\":\"\",\"item\":\"https:\\\/\\\/www.clear-edge.com\\\/de\\\/\"},{\"@type\":\"ListItem\",\"position\":2,\"name\":\"Produkte\",\"item\":\"https:\\\/\\\/www.clear-edge.com\\\/de\\\/produkte\\\/\"},{\"@type\":\"ListItem\",\"position\":3,\"name\":\"Druckfiltration\",\"item\":\"https:\\\/\\\/www.clear-edge.com\\\/de\\\/produkte\\\/druckfiltration\\\/\"},{\"@type\":\"ListItem\",\"position\":4,\"name\":\"Filterb\u00e4nder f\u00fcr Siebband-Filterpressen\"}]},{\"@type\":\"WebSite\",\"@id\":\"https:\\\/\\\/www.clear-edge.com\\\/de\\\/#website\",\"url\":\"https:\\\/\\\/www.clear-edge.com\\\/de\\\/\",\"name\":\"Clear Edge\",\"description\":\"Global manufacturer and supplier of technical filter fabrics I filter cloths I filter belts I filtration solutions\",\"publisher\":{\"@id\":\"https:\\\/\\\/www.clear-edge.com\\\/de\\\/#organization\"},\"potentialAction\":[{\"@type\":\"SearchAction\",\"target\":{\"@type\":\"EntryPoint\",\"urlTemplate\":\"https:\\\/\\\/www.clear-edge.com\\\/de\\\/?s={search_term_string}\"},\"query-input\":{\"@type\":\"PropertyValueSpecification\",\"valueRequired\":true,\"valueName\":\"search_term_string\"}}],\"inLanguage\":\"de-DE\"},{\"@type\":\"Organization\",\"@id\":\"https:\\\/\\\/www.clear-edge.com\\\/de\\\/#organization\",\"name\":\"Filtration Group\",\"url\":\"https:\\\/\\\/www.clear-edge.com\\\/de\\\/\",\"logo\":{\"@type\":\"ImageObject\",\"inLanguage\":\"de-DE\",\"@id\":\"https:\\\/\\\/www.clear-edge.com\\\/de\\\/#\\\/schema\\\/logo\\\/image\\\/\",\"url\":\"https:\\\/\\\/www.clear-edge.com\\\/wp-content\\\/uploads\\\/2019\\\/06\\\/FGC-logo-1.png\",\"contentUrl\":\"https:\\\/\\\/www.clear-edge.com\\\/wp-content\\\/uploads\\\/2019\\\/06\\\/FGC-logo-1.png\",\"width\":1104,\"height\":224,\"caption\":\"Filtration Group\"},\"image\":{\"@id\":\"https:\\\/\\\/www.clear-edge.com\\\/de\\\/#\\\/schema\\\/logo\\\/image\\\/\"}}]}<\/script>\n<!-- \/ Yoast SEO plugin. -->","yoast_head_json":{"title":"Filterb\u00e4nder f\u00fcr Siebband-Filterpressen - Clear Edge","robots":{"index":"index","follow":"follow","max-snippet":"max-snippet:-1","max-image-preview":"max-image-preview:large","max-video-preview":"max-video-preview:-1"},"canonical":"https:\/\/www.clear-edge.com\/de\/produkte\/druckfiltration\/filterbaender-fuer-siebband-filterpressen\/","og_locale":"de_DE","og_type":"article","og_title":"Filterb\u00e4nder f\u00fcr Siebband-Filterpressen - Clear Edge","og_description":"Clear Edge kooperiert global mit einer Vielzahl an Kunden, um optimale Filterb\u00e4nder f\u00fcr Siebband-Filterpressen zu entwickeln. Diese finden h\u00e4ufig Anwendung in kommunalen Kl\u00e4ranlagen, industriellen Schlamm-Aufbereitungsanlagen, der Zellstoff- und Papierindustrie sowie im Lebensmittelbereich. Wir fertigen unsere Filterb\u00e4nder kundenspezifisch nach individuellen Bed\u00fcrfnissen. Unsere Filterb\u00e4nder unterscheiden sich von konventionellen Filtergeweben, da Sie f\u00fcr den Entw\u00e4sserungsprozess mehrlagig aufgebaut sind. [&hellip;]","og_url":"https:\/\/www.clear-edge.com\/de\/produkte\/druckfiltration\/filterbaender-fuer-siebband-filterpressen\/","og_site_name":"Clear Edge","article_modified_time":"2020-11-03T19:03:44+00:00","twitter_card":"summary_large_image","twitter_misc":{"Gesch\u00e4tzte Lesezeit":"1 Minute"},"schema":{"@context":"https:\/\/schema.org","@graph":[{"@type":"WebPage","@id":"https:\/\/www.clear-edge.com\/de\/produkte\/druckfiltration\/filterbaender-fuer-siebband-filterpressen\/","url":"https:\/\/www.clear-edge.com\/de\/produkte\/druckfiltration\/filterbaender-fuer-siebband-filterpressen\/","name":"Filterb\u00e4nder f\u00fcr Siebband-Filterpressen - Clear Edge","isPartOf":{"@id":"https:\/\/www.clear-edge.com\/de\/#website"},"primaryImageOfPage":{"@id":"https:\/\/www.clear-edge.com\/de\/produkte\/druckfiltration\/filterbaender-fuer-siebband-filterpressen\/#primaryimage"},"image":{"@id":"https:\/\/www.clear-edge.com\/de\/produkte\/druckfiltration\/filterbaender-fuer-siebband-filterpressen\/#primaryimage"},"thumbnailUrl":"https:\/\/www.clear-edge.com\/wp-content\/uploads\/2019\/10\/Press-Belt_banner.jpg","datePublished":"2020-09-09T14:45:39+00:00","dateModified":"2020-11-03T19:03:44+00:00","breadcrumb":{"@id":"https:\/\/www.clear-edge.com\/de\/produkte\/druckfiltration\/filterbaender-fuer-siebband-filterpressen\/#breadcrumb"},"inLanguage":"de-DE","potentialAction":[{"@type":"ReadAction","target":["https:\/\/www.clear-edge.com\/de\/produkte\/druckfiltration\/filterbaender-fuer-siebband-filterpressen\/"]}]},{"@type":"ImageObject","inLanguage":"de-DE","@id":"https:\/\/www.clear-edge.com\/de\/produkte\/druckfiltration\/filterbaender-fuer-siebband-filterpressen\/#primaryimage","url":"https:\/\/www.clear-edge.com\/wp-content\/uploads\/2019\/10\/Press-Belt_banner.jpg","contentUrl":"https:\/\/www.clear-edge.com\/wp-content\/uploads\/2019\/10\/Press-Belt_banner.jpg","width":2000,"height":500,"caption":"Filterband f\u00fcr Siebband-Filterpressen"},{"@type":"BreadcrumbList","@id":"https:\/\/www.clear-edge.com\/de\/produkte\/druckfiltration\/filterbaender-fuer-siebband-filterpressen\/#breadcrumb","itemListElement":[{"@type":"ListItem","position":1,"name":"","item":"https:\/\/www.clear-edge.com\/de\/"},{"@type":"ListItem","position":2,"name":"Produkte","item":"https:\/\/www.clear-edge.com\/de\/produkte\/"},{"@type":"ListItem","position":3,"name":"Druckfiltration","item":"https:\/\/www.clear-edge.com\/de\/produkte\/druckfiltration\/"},{"@type":"ListItem","position":4,"name":"Filterb\u00e4nder f\u00fcr Siebband-Filterpressen"}]},{"@type":"WebSite","@id":"https:\/\/www.clear-edge.com\/de\/#website","url":"https:\/\/www.clear-edge.com\/de\/","name":"Clear Edge","description":"Global manufacturer and supplier of technical filter fabrics I filter cloths I filter belts I filtration solutions","publisher":{"@id":"https:\/\/www.clear-edge.com\/de\/#organization"},"potentialAction":[{"@type":"SearchAction","target":{"@type":"EntryPoint","urlTemplate":"https:\/\/www.clear-edge.com\/de\/?s={search_term_string}"},"query-input":{"@type":"PropertyValueSpecification","valueRequired":true,"valueName":"search_term_string"}}],"inLanguage":"de-DE"},{"@type":"Organization","@id":"https:\/\/www.clear-edge.com\/de\/#organization","name":"Filtration Group","url":"https:\/\/www.clear-edge.com\/de\/","logo":{"@type":"ImageObject","inLanguage":"de-DE","@id":"https:\/\/www.clear-edge.com\/de\/#\/schema\/logo\/image\/","url":"https:\/\/www.clear-edge.com\/wp-content\/uploads\/2019\/06\/FGC-logo-1.png","contentUrl":"https:\/\/www.clear-edge.com\/wp-content\/uploads\/2019\/06\/FGC-logo-1.png","width":1104,"height":224,"caption":"Filtration Group"},"image":{"@id":"https:\/\/www.clear-edge.com\/de\/#\/schema\/logo\/image\/"}}]}},"_links":{"self":[{"href":"https:\/\/www.clear-edge.com\/de\/wp-json\/wp\/v2\/pages\/1140","targetHints":{"allow":["GET"]}}],"collection":[{"href":"https:\/\/www.clear-edge.com\/de\/wp-json\/wp\/v2\/pages"}],"about":[{"href":"https:\/\/www.clear-edge.com\/de\/wp-json\/wp\/v2\/types\/page"}],"author":[{"embeddable":true,"href":"https:\/\/www.clear-edge.com\/de\/wp-json\/wp\/v2\/users\/7"}],"replies":[{"embeddable":true,"href":"https:\/\/www.clear-edge.com\/de\/wp-json\/wp\/v2\/comments?post=1140"}],"version-history":[{"count":0,"href":"https:\/\/www.clear-edge.com\/de\/wp-json\/wp\/v2\/pages\/1140\/revisions"}],"up":[{"embeddable":true,"href":"https:\/\/www.clear-edge.com\/de\/wp-json\/wp\/v2\/pages\/1058"}],"wp:featuredmedia":[{"embeddable":true,"href":"https:\/\/www.clear-edge.com\/de\/wp-json\/wp\/v2\/media\/521"}],"wp:attachment":[{"href":"https:\/\/www.clear-edge.com\/de\/wp-json\/wp\/v2\/media?parent=1140"}],"curies":[{"name":"wp","href":"https:\/\/api.w.org\/{rel}","templated":true}]}}