{"id":1137,"date":"2020-09-09T14:45:39","date_gmt":"2020-09-09T14:45:39","guid":{"rendered":"https:\/\/www.clear-edge.com\/produkte\/druckfiltration\/filterkerzenbezuege\/"},"modified":"2020-09-28T19:22:05","modified_gmt":"2020-09-28T19:22:05","slug":"filterkerzenbezuege","status":"publish","type":"page","link":"https:\/\/www.clear-edge.com\/de\/produkte\/druckfiltration\/filterkerzenbezuege\/","title":{"rendered":"Filterkerzenbez\u00fcge"},"content":{"rendered":"\n<div class=\"wp-block-cover alignfull has-background-dim\" style=\"background-image:url(https:\/\/www.clear-edge.com\/wp-content\/uploads\/2019\/10\/Candle-Sleeve-Filters.png)\"><div class=\"wp-block-cover__inner-container is-layout-flow wp-block-cover-is-layout-flow\">\n<h1 class=\"has-text-align-center wp-block-heading\">Filterkerzenbez\u00fcge<\/h1>\n<\/div><\/div>\n\n\n\n<h2 class=\"wp-block-heading\">Filterkerzenbez\u00fcge<\/h2>\n\n\n\n<p>Filterkerzen zeichnen sich durch ihre zylindrische Bauform aus und kommen bei der Abscheidung feinster Partikel in den Bereichen Bergbau und Mineralien, Chemie, Lebensmittel und Getr\u00e4nke, Pharmazie sowie Zellstoff und Papier zum Einsatz.<br><br>Unser Team produziert qualitativ hochwertige Filtermedien, die den Durchsatz und die Betriebsdauer f\u00fcr beste Ergebnisse gew\u00e4hrleisten. Filterkerzenbez\u00fcge von Clear Edge passen sich der Schlammbeschaffenheit an und k\u00f6nnen sowohl hohen als auch niedrigen Temperaturen w\u00e4hrend des Filtrationsprozesses standhalten.<\/p>\n\n\n\n<div style=\"height:25px\" aria-hidden=\"true\" class=\"wp-block-spacer\"><\/div>\n\n\n\n<h3 class=\"wp-block-heading\"><strong>Hauptmerkmale der Filterkerzenbez\u00fcge<\/strong><\/h3>\n\n\n\n<figure class=\"wp-block-image\"><img loading=\"lazy\" decoding=\"async\" width=\"1024\" height=\"256\" src=\"https:\/\/www.clear-edge.com\/wp-content\/uploads\/2019\/10\/Candle-Filter-external_cropped-1024x256.jpg\" alt=\"Externe Filterkerzen\" class=\"wp-image-518\" srcset=\"https:\/\/www.clear-edge.com\/wp-content\/uploads\/2019\/10\/Candle-Filter-external_cropped-1024x256.jpg 1024w, https:\/\/www.clear-edge.com\/wp-content\/uploads\/2019\/10\/Candle-Filter-external_cropped-300x75.jpg 300w, https:\/\/www.clear-edge.com\/wp-content\/uploads\/2019\/10\/Candle-Filter-external_cropped-768x192.jpg 768w, https:\/\/www.clear-edge.com\/wp-content\/uploads\/2019\/10\/Candle-Filter-external_cropped.jpg 1500w\" sizes=\"auto, (max-width: 1024px) 100vw, 1024px\" \/><\/figure>\n\n\n\n<ul class=\"wp-block-list\"><li>Zur Entwicklung der besten L\u00f6sung steht die Kooperation mit unseren Kunden stets im Vordergrund.<\/li><li>Wir entwickeln und produzieren unsere Gewebe f\u00fcr ihre individuellen Prozessanforderungen.<\/li><li>Wir bieten L\u00f6sungen zur Bew\u00e4ltigung Ihrer anspruchsvollsten Prozessbedingungen wie etwa hohe Temperaturen oder chemischer Belastung.<\/li><li>Hohes R\u00fcckhalteverm\u00f6gen und Durchsatz.<\/li><li>Widerstandsf\u00e4hige Materialien f\u00fcr eine lange Standzeit.<\/li><li>Hervorragendes Kuchenabl\u00f6severhalten und einfache Reinigung.<\/li><li>Hochentwickelte CAD-Konstruktionsprozesse auf Grundlage der Ausr\u00fcstung jedes Kunden.<\/li><li>Unser qualifiziertes Personal verwendet modernste Fertigungstechnik, um h\u00f6chste Qualit\u00e4t zu erzeugen.<\/li><li>Hergestellt in unseren eigens daf\u00fcr gebauten Betriebsst\u00e4tten, welche sich in unmittelbarer N\u00e4he zu unseren Kunden befinden.<\/li><\/ul>\n\n\n\n<div style=\"height:50px\" aria-hidden=\"true\" class=\"wp-block-spacer\"><\/div>\n\n\n\n<h3 class=\"wp-block-heading\">Filterkerzenbez\u00fcge von Clear-Edge werden sowohl von OEM\u2019s in der Erstausr\u00fcstung, als auch von Anwendern von Kerzenfilter folgender Hersteller zum Einsatz gebracht:<\/h3>\n\n\n\n<ul class=\"wp-block-list\"><li>Amafilter\/LFC Lochem<\/li><li>BHS Sonthofen<\/li><li>DrM (Dr. M\u00fcller AG)<\/li><li>Putsch<\/li><\/ul>\n\n\n\n<div style=\"height:25px\" aria-hidden=\"true\" class=\"wp-block-spacer\"><\/div>\n\n\n\n<h4 class=\"wp-block-heading\"><strong>F\u00fcr Einzelheiten, wie wir Ihnen bei der L\u00f6sung Ihrer Filtrationsprobleme helfen k\u00f6nnen, wenden Sie sich an unser Team<\/strong><\/h4>\n\n\n\n<div class=\"wp-block-button\"><a class=\"wp-block-button__link has-green-background-color has-background\" href=\"https:\/\/www.clear-edge.com\/de\/ueber-uns\/kontaktieren-sie-uns\/\">Kontaktieren Sie uns<\/a><\/div>\n","protected":false},"excerpt":{"rendered":"<p>Filterkerzenbez\u00fcge Filterkerzen zeichnen sich durch ihre zylindrische Bauform aus und kommen bei der Abscheidung feinster Partikel in den Bereichen Bergbau und Mineralien, Chemie, Lebensmittel und Getr\u00e4nke, Pharmazie sowie Zellstoff und Papier zum Einsatz. Unser Team produziert qualitativ hochwertige Filtermedien, die den Durchsatz und die Betriebsdauer f\u00fcr beste Ergebnisse gew\u00e4hrleisten. Filterkerzenbez\u00fcge von Clear Edge passen sich [&hellip;]<\/p>\n","protected":false},"author":7,"featured_media":0,"parent":1058,"menu_order":0,"comment_status":"closed","ping_status":"closed","template":"","meta":{"_acf_changed":false,"footnotes":""},"class_list":["post-1137","page","type-page","status-publish","hentry"],"acf":[],"yoast_head":"<!-- This site is optimized with the Yoast SEO plugin v27.3 - https:\/\/yoast.com\/product\/yoast-seo-wordpress\/ -->\n<title>Filterkerzenbez\u00fcge - Clear Edge<\/title>\n<meta name=\"robots\" content=\"index, follow, max-snippet:-1, max-image-preview:large, max-video-preview:-1\" \/>\n<link rel=\"canonical\" href=\"https:\/\/www.clear-edge.com\/de\/produkte\/druckfiltration\/filterkerzenbezuege\/\" \/>\n<meta property=\"og:locale\" content=\"de_DE\" \/>\n<meta property=\"og:type\" content=\"article\" \/>\n<meta property=\"og:title\" content=\"Filterkerzenbez\u00fcge - Clear Edge\" \/>\n<meta property=\"og:description\" content=\"Filterkerzenbez\u00fcge Filterkerzen zeichnen sich durch ihre zylindrische Bauform aus und kommen bei der Abscheidung feinster Partikel in den Bereichen Bergbau und Mineralien, Chemie, Lebensmittel und Getr\u00e4nke, Pharmazie sowie Zellstoff und Papier zum Einsatz. Unser Team produziert qualitativ hochwertige Filtermedien, die den Durchsatz und die Betriebsdauer f\u00fcr beste Ergebnisse gew\u00e4hrleisten. Filterkerzenbez\u00fcge von Clear Edge passen sich [&hellip;]\" \/>\n<meta property=\"og:url\" content=\"https:\/\/www.clear-edge.com\/de\/produkte\/druckfiltration\/filterkerzenbezuege\/\" \/>\n<meta property=\"og:site_name\" content=\"Clear Edge\" \/>\n<meta property=\"article:modified_time\" content=\"2020-09-28T19:22:05+00:00\" \/>\n<meta property=\"og:image\" content=\"https:\/\/www.clear-edge.com\/wp-content\/uploads\/2019\/10\/Candle-Filter-external_cropped-1024x256.jpg\" \/>\n<meta name=\"twitter:card\" content=\"summary_large_image\" \/>\n<meta name=\"twitter:label1\" content=\"Gesch\u00e4tzte Lesezeit\" \/>\n\t<meta name=\"twitter:data1\" content=\"1 Minute\" \/>\n<script type=\"application\/ld+json\" class=\"yoast-schema-graph\">{\"@context\":\"https:\\\/\\\/schema.org\",\"@graph\":[{\"@type\":\"WebPage\",\"@id\":\"https:\\\/\\\/www.clear-edge.com\\\/de\\\/produkte\\\/druckfiltration\\\/filterkerzenbezuege\\\/\",\"url\":\"https:\\\/\\\/www.clear-edge.com\\\/de\\\/produkte\\\/druckfiltration\\\/filterkerzenbezuege\\\/\",\"name\":\"Filterkerzenbez\u00fcge - Clear Edge\",\"isPartOf\":{\"@id\":\"https:\\\/\\\/www.clear-edge.com\\\/de\\\/#website\"},\"primaryImageOfPage\":{\"@id\":\"https:\\\/\\\/www.clear-edge.com\\\/de\\\/produkte\\\/druckfiltration\\\/filterkerzenbezuege\\\/#primaryimage\"},\"image\":{\"@id\":\"https:\\\/\\\/www.clear-edge.com\\\/de\\\/produkte\\\/druckfiltration\\\/filterkerzenbezuege\\\/#primaryimage\"},\"thumbnailUrl\":\"https:\\\/\\\/www.clear-edge.com\\\/wp-content\\\/uploads\\\/2019\\\/10\\\/Candle-Filter-external_cropped-1024x256.jpg\",\"datePublished\":\"2020-09-09T14:45:39+00:00\",\"dateModified\":\"2020-09-28T19:22:05+00:00\",\"breadcrumb\":{\"@id\":\"https:\\\/\\\/www.clear-edge.com\\\/de\\\/produkte\\\/druckfiltration\\\/filterkerzenbezuege\\\/#breadcrumb\"},\"inLanguage\":\"de-DE\",\"potentialAction\":[{\"@type\":\"ReadAction\",\"target\":[\"https:\\\/\\\/www.clear-edge.com\\\/de\\\/produkte\\\/druckfiltration\\\/filterkerzenbezuege\\\/\"]}]},{\"@type\":\"ImageObject\",\"inLanguage\":\"de-DE\",\"@id\":\"https:\\\/\\\/www.clear-edge.com\\\/de\\\/produkte\\\/druckfiltration\\\/filterkerzenbezuege\\\/#primaryimage\",\"url\":\"https:\\\/\\\/www.clear-edge.com\\\/wp-content\\\/uploads\\\/2019\\\/10\\\/Candle-Filter-external_cropped-1024x256.jpg\",\"contentUrl\":\"https:\\\/\\\/www.clear-edge.com\\\/wp-content\\\/uploads\\\/2019\\\/10\\\/Candle-Filter-external_cropped-1024x256.jpg\"},{\"@type\":\"BreadcrumbList\",\"@id\":\"https:\\\/\\\/www.clear-edge.com\\\/de\\\/produkte\\\/druckfiltration\\\/filterkerzenbezuege\\\/#breadcrumb\",\"itemListElement\":[{\"@type\":\"ListItem\",\"position\":1,\"name\":\"\",\"item\":\"https:\\\/\\\/www.clear-edge.com\\\/de\\\/\"},{\"@type\":\"ListItem\",\"position\":2,\"name\":\"Produkte\",\"item\":\"https:\\\/\\\/www.clear-edge.com\\\/de\\\/produkte\\\/\"},{\"@type\":\"ListItem\",\"position\":3,\"name\":\"Druckfiltration\",\"item\":\"https:\\\/\\\/www.clear-edge.com\\\/de\\\/produkte\\\/druckfiltration\\\/\"},{\"@type\":\"ListItem\",\"position\":4,\"name\":\"Filterkerzenbez\u00fcge\"}]},{\"@type\":\"WebSite\",\"@id\":\"https:\\\/\\\/www.clear-edge.com\\\/de\\\/#website\",\"url\":\"https:\\\/\\\/www.clear-edge.com\\\/de\\\/\",\"name\":\"Clear Edge\",\"description\":\"Global manufacturer and supplier of technical filter fabrics I filter cloths I filter belts I filtration solutions\",\"publisher\":{\"@id\":\"https:\\\/\\\/www.clear-edge.com\\\/de\\\/#organization\"},\"potentialAction\":[{\"@type\":\"SearchAction\",\"target\":{\"@type\":\"EntryPoint\",\"urlTemplate\":\"https:\\\/\\\/www.clear-edge.com\\\/de\\\/?s={search_term_string}\"},\"query-input\":{\"@type\":\"PropertyValueSpecification\",\"valueRequired\":true,\"valueName\":\"search_term_string\"}}],\"inLanguage\":\"de-DE\"},{\"@type\":\"Organization\",\"@id\":\"https:\\\/\\\/www.clear-edge.com\\\/de\\\/#organization\",\"name\":\"Filtration Group\",\"url\":\"https:\\\/\\\/www.clear-edge.com\\\/de\\\/\",\"logo\":{\"@type\":\"ImageObject\",\"inLanguage\":\"de-DE\",\"@id\":\"https:\\\/\\\/www.clear-edge.com\\\/de\\\/#\\\/schema\\\/logo\\\/image\\\/\",\"url\":\"https:\\\/\\\/www.clear-edge.com\\\/wp-content\\\/uploads\\\/2019\\\/06\\\/FGC-logo-1.png\",\"contentUrl\":\"https:\\\/\\\/www.clear-edge.com\\\/wp-content\\\/uploads\\\/2019\\\/06\\\/FGC-logo-1.png\",\"width\":1104,\"height\":224,\"caption\":\"Filtration Group\"},\"image\":{\"@id\":\"https:\\\/\\\/www.clear-edge.com\\\/de\\\/#\\\/schema\\\/logo\\\/image\\\/\"}}]}<\/script>\n<!-- \/ Yoast SEO plugin. -->","yoast_head_json":{"title":"Filterkerzenbez\u00fcge - Clear Edge","robots":{"index":"index","follow":"follow","max-snippet":"max-snippet:-1","max-image-preview":"max-image-preview:large","max-video-preview":"max-video-preview:-1"},"canonical":"https:\/\/www.clear-edge.com\/de\/produkte\/druckfiltration\/filterkerzenbezuege\/","og_locale":"de_DE","og_type":"article","og_title":"Filterkerzenbez\u00fcge - Clear Edge","og_description":"Filterkerzenbez\u00fcge Filterkerzen zeichnen sich durch ihre zylindrische Bauform aus und kommen bei der Abscheidung feinster Partikel in den Bereichen Bergbau und Mineralien, Chemie, Lebensmittel und Getr\u00e4nke, Pharmazie sowie Zellstoff und Papier zum Einsatz. Unser Team produziert qualitativ hochwertige Filtermedien, die den Durchsatz und die Betriebsdauer f\u00fcr beste Ergebnisse gew\u00e4hrleisten. Filterkerzenbez\u00fcge von Clear Edge passen sich [&hellip;]","og_url":"https:\/\/www.clear-edge.com\/de\/produkte\/druckfiltration\/filterkerzenbezuege\/","og_site_name":"Clear Edge","article_modified_time":"2020-09-28T19:22:05+00:00","og_image":[{"url":"https:\/\/www.clear-edge.com\/wp-content\/uploads\/2019\/10\/Candle-Filter-external_cropped-1024x256.jpg","type":"","width":"","height":""}],"twitter_card":"summary_large_image","twitter_misc":{"Gesch\u00e4tzte Lesezeit":"1 Minute"},"schema":{"@context":"https:\/\/schema.org","@graph":[{"@type":"WebPage","@id":"https:\/\/www.clear-edge.com\/de\/produkte\/druckfiltration\/filterkerzenbezuege\/","url":"https:\/\/www.clear-edge.com\/de\/produkte\/druckfiltration\/filterkerzenbezuege\/","name":"Filterkerzenbez\u00fcge - Clear Edge","isPartOf":{"@id":"https:\/\/www.clear-edge.com\/de\/#website"},"primaryImageOfPage":{"@id":"https:\/\/www.clear-edge.com\/de\/produkte\/druckfiltration\/filterkerzenbezuege\/#primaryimage"},"image":{"@id":"https:\/\/www.clear-edge.com\/de\/produkte\/druckfiltration\/filterkerzenbezuege\/#primaryimage"},"thumbnailUrl":"https:\/\/www.clear-edge.com\/wp-content\/uploads\/2019\/10\/Candle-Filter-external_cropped-1024x256.jpg","datePublished":"2020-09-09T14:45:39+00:00","dateModified":"2020-09-28T19:22:05+00:00","breadcrumb":{"@id":"https:\/\/www.clear-edge.com\/de\/produkte\/druckfiltration\/filterkerzenbezuege\/#breadcrumb"},"inLanguage":"de-DE","potentialAction":[{"@type":"ReadAction","target":["https:\/\/www.clear-edge.com\/de\/produkte\/druckfiltration\/filterkerzenbezuege\/"]}]},{"@type":"ImageObject","inLanguage":"de-DE","@id":"https:\/\/www.clear-edge.com\/de\/produkte\/druckfiltration\/filterkerzenbezuege\/#primaryimage","url":"https:\/\/www.clear-edge.com\/wp-content\/uploads\/2019\/10\/Candle-Filter-external_cropped-1024x256.jpg","contentUrl":"https:\/\/www.clear-edge.com\/wp-content\/uploads\/2019\/10\/Candle-Filter-external_cropped-1024x256.jpg"},{"@type":"BreadcrumbList","@id":"https:\/\/www.clear-edge.com\/de\/produkte\/druckfiltration\/filterkerzenbezuege\/#breadcrumb","itemListElement":[{"@type":"ListItem","position":1,"name":"","item":"https:\/\/www.clear-edge.com\/de\/"},{"@type":"ListItem","position":2,"name":"Produkte","item":"https:\/\/www.clear-edge.com\/de\/produkte\/"},{"@type":"ListItem","position":3,"name":"Druckfiltration","item":"https:\/\/www.clear-edge.com\/de\/produkte\/druckfiltration\/"},{"@type":"ListItem","position":4,"name":"Filterkerzenbez\u00fcge"}]},{"@type":"WebSite","@id":"https:\/\/www.clear-edge.com\/de\/#website","url":"https:\/\/www.clear-edge.com\/de\/","name":"Clear Edge","description":"Global manufacturer and supplier of technical filter fabrics I filter cloths I filter belts I filtration solutions","publisher":{"@id":"https:\/\/www.clear-edge.com\/de\/#organization"},"potentialAction":[{"@type":"SearchAction","target":{"@type":"EntryPoint","urlTemplate":"https:\/\/www.clear-edge.com\/de\/?s={search_term_string}"},"query-input":{"@type":"PropertyValueSpecification","valueRequired":true,"valueName":"search_term_string"}}],"inLanguage":"de-DE"},{"@type":"Organization","@id":"https:\/\/www.clear-edge.com\/de\/#organization","name":"Filtration Group","url":"https:\/\/www.clear-edge.com\/de\/","logo":{"@type":"ImageObject","inLanguage":"de-DE","@id":"https:\/\/www.clear-edge.com\/de\/#\/schema\/logo\/image\/","url":"https:\/\/www.clear-edge.com\/wp-content\/uploads\/2019\/06\/FGC-logo-1.png","contentUrl":"https:\/\/www.clear-edge.com\/wp-content\/uploads\/2019\/06\/FGC-logo-1.png","width":1104,"height":224,"caption":"Filtration Group"},"image":{"@id":"https:\/\/www.clear-edge.com\/de\/#\/schema\/logo\/image\/"}}]}},"_links":{"self":[{"href":"https:\/\/www.clear-edge.com\/de\/wp-json\/wp\/v2\/pages\/1137","targetHints":{"allow":["GET"]}}],"collection":[{"href":"https:\/\/www.clear-edge.com\/de\/wp-json\/wp\/v2\/pages"}],"about":[{"href":"https:\/\/www.clear-edge.com\/de\/wp-json\/wp\/v2\/types\/page"}],"author":[{"embeddable":true,"href":"https:\/\/www.clear-edge.com\/de\/wp-json\/wp\/v2\/users\/7"}],"replies":[{"embeddable":true,"href":"https:\/\/www.clear-edge.com\/de\/wp-json\/wp\/v2\/comments?post=1137"}],"version-history":[{"count":0,"href":"https:\/\/www.clear-edge.com\/de\/wp-json\/wp\/v2\/pages\/1137\/revisions"}],"up":[{"embeddable":true,"href":"https:\/\/www.clear-edge.com\/de\/wp-json\/wp\/v2\/pages\/1058"}],"wp:attachment":[{"href":"https:\/\/www.clear-edge.com\/de\/wp-json\/wp\/v2\/media?parent=1137"}],"curies":[{"name":"wp","href":"https:\/\/api.w.org\/{rel}","templated":true}]}}