{"id":1135,"date":"2020-09-09T14:45:38","date_gmt":"2020-09-09T14:45:38","guid":{"rendered":"https:\/\/www.clear-edge.com\/produkte\/medien-mit-hoher-abscheideleistung\/"},"modified":"2020-09-17T22:33:31","modified_gmt":"2020-09-17T22:33:31","slug":"medien-mit-hoher-abscheideleistung","status":"publish","type":"page","link":"https:\/\/www.clear-edge.com\/de\/produkte\/medien-mit-hoher-abscheideleistung\/","title":{"rendered":"Medien mit hoher Abscheideleistung"},"content":{"rendered":"\n<div class=\"wp-block-cover alignfull has-background-dim\" style=\"background-image:url(https:\/\/www.clear-edge.com\/wp-content\/uploads\/2019\/10\/high-retention-media.jpg)\"><div class=\"wp-block-cover__inner-container is-layout-flow wp-block-cover-is-layout-flow\">\n<h1 class=\"wp-block-heading\" style=\"text-align:center\">Medien mit hoher Abscheideleistung<\/h1>\n<\/div><\/div>\n\n<h2 style=\"text-align:left;color:#0093d0\">Azurtex\u2122 und Primapor\u2122 beschichtete Filtermedien<\/h2>\n\n<p>Das Abscheiden extrem feiner Partikel ist eine Herausforderung. Clear Edge ist f\u00fchrend bei der Herstellung von beschichteten Filtermedien. Sie tragen dazu bei, dass Ihre Prozesse auch in den anspruchsvollsten Umgebungen effizient ablaufen.<br\/><br\/>Unsere beschichteten Filtermedien Azurtex\u2122 und Primapor\u2122 wurden in Laboren auf der ganzen Welt getestet. Sie liefern nachweislich hohe Durchflussraten, hervorragende Feststoffabtrennung und, was am wichtigsten ist, ein erh\u00f6htes Klarfiltrat.<br\/><br\/><\/p>\n\n<div style=\"height:25px\" aria-hidden=\"true\" class=\"wp-block-spacer\"><\/div>\n\n<h3 class=\"wp-block-heading\">Warum Azurtex\u2122 und Primapor\u2122 ?<\/h3>\n\n<ul class=\"wp-block-list\"><li>Oberfl\u00e4chenfiltration<\/li><li>Hervorragende Abscheideleistung<\/li><li>Verbessertes Filterkuchenabl\u00f6severhalten<\/li><li>Reduziertes Risiko eines Verblocken des Filtergewebes<\/li><li>Hohe Durchflussraten<\/li><li>L\u00e4ngere Standzeiten<\/li><\/ul>\n<div style=\"height:25px\" aria-hidden=\"true\" class=\"wp-block-spacer\"><\/div>\n\n<h3 class=\"wp-block-heading\">Produktvorteile von Azurtex\u2122 und Primapor\u2122<\/h3>\n\n<p>Beschichtete Filtermedien von Clear Edge zeigen ein hervorragendes R\u00fcckhalteverm\u00f6gen in einem breiten Spektrum von Prozessbedingungen. Sie wurden entwickelt, um die dimensionale und mechanische Stabilit\u00e4t zu gew\u00e4hrleisten, insbesondere f\u00fcr den Einsatz in Filterpressen und Drehtrommelfiltern. Azurtex und Primapor tragen dazu bei, ein Verstopfen der T\u00fccher zu verhindern, was bei konstantem Produktfluss und Vakuumdruck zu einer verbesserten Lebensdauer der Filtert\u00fccher f\u00fchrt. Mit einer bis zu 100%igen Partikelerfassung und einer reduzierten Tendenz zur Verstopfung der Medien k\u00f6nnen die Anwender von einer erh\u00f6hten Produktleistung und verk\u00fcrzten Filterzyklen profitieren. Dies hilft, die Wartungskosten zu senken.<br\/><\/p>\n\n<div style=\"height:25px\" aria-hidden=\"true\" class=\"wp-block-spacer\"><\/div>\n\n<h3 class=\"wp-block-heading\">Azurtex\u2122<\/h3>\n\n<figure class=\"wp-block-image\"><img loading=\"lazy\" decoding=\"async\" width=\"975\" height=\"120\" src=\"https:\/\/www.clear-edge.com\/wp-content\/uploads\/2019\/10\/azurtex-material_0.jpg\" alt=\"\" class=\"wp-image-603\" srcset=\"https:\/\/www.clear-edge.com\/wp-content\/uploads\/2019\/10\/azurtex-material_0.jpg 975w, https:\/\/www.clear-edge.com\/wp-content\/uploads\/2019\/10\/azurtex-material_0-300x37.jpg 300w, https:\/\/www.clear-edge.com\/wp-content\/uploads\/2019\/10\/azurtex-material_0-768x95.jpg 768w\" sizes=\"auto, (max-width: 975px) 100vw, 975px\" \/><\/figure>\n<p>Das exklusive, beschichtete Filtermedium Azurtex\u2122 von Clear Edge wird mit einer speziell formulierten Polymerbeschichtung hergestellt, die in ein gewebtes Polypropylen- oder Polyestergewebe impr\u00e4gniert wird und eine einzigartige Filteroberfl\u00e4che anbietet.<br\/><\/p>\n\n<div style=\"height:25px\" aria-hidden=\"true\" class=\"wp-block-spacer\"><\/div>\n\n<h3 class=\"wp-block-heading\">Primapor\u2122<\/h3>\n\n<figure class=\"wp-block-image\"><img loading=\"lazy\" decoding=\"async\" width=\"975\" height=\"120\" src=\"https:\/\/www.clear-edge.com\/wp-content\/uploads\/2019\/10\/Primapor-media.jpg\" alt=\"\" class=\"wp-image-605\" srcset=\"https:\/\/www.clear-edge.com\/wp-content\/uploads\/2019\/10\/Primapor-media.jpg 975w, https:\/\/www.clear-edge.com\/wp-content\/uploads\/2019\/10\/Primapor-media-300x37.jpg 300w, https:\/\/www.clear-edge.com\/wp-content\/uploads\/2019\/10\/Primapor-media-768x95.jpg 768w\" sizes=\"auto, (max-width: 975px) 100vw, 975px\" \/><\/figure>\n<p>Diese feine mikropor\u00f6se Polymerbeschichtung mittlerer Dichte l\u00e4sst sich sicher auf einem Filtergewebe auftragen und sorgt im Prozess f\u00fcr Festigkeit und Formbest\u00e4ndigkeit.<br\/><\/p>\n\n<div style=\"height:25px\" aria-hidden=\"true\" class=\"wp-block-spacer\"><\/div>\n\n<h3 class=\"wp-block-heading\">Auswahl beschichteter Medien nach Ger\u00e4tetyp<\/h3>\n\n<table class=\"wp-block-table alignwide\"><tbody><tr><td>Maschinentyp<\/td><td><strong>Azurtex PP<\/strong><\/td><td><strong>Azurtex PET<\/strong><\/td><td><strong>Primapor<\/strong><\/td><\/tr><tr><td>Filterb\u00e4nder<\/td><td>\u2714\ufe0f<\/td><td><\/td><td><\/td><\/tr><tr><td>Filterkerzen<\/td><td>\u2714\ufe0f<\/td><td><\/td><td><\/td><\/tr><tr><td>Kammerfilterpresse<\/td><td>\u2714\ufe0f<\/td><td><\/td><td><\/td><\/tr><tr><td>Druckblattfilter<\/td><td>\u2714\ufe0f<\/td><td>\u2714\ufe0f<\/td><td><\/td><\/tr><tr><td>Dreh-Vakuumscheibenfilter<\/td><td><\/td><td>\u2714\ufe0f<\/td><td>\u2714\ufe0f<\/td><\/tr><tr><td>Dreh-Vakuumtrommelfilter<\/td><td><\/td><td>\u2714\ufe0f<\/td><td>\u2714\ufe0f<\/td><\/tr><tr><td>Vakuumblattfilter<\/td><td><\/td><td>\u2714\ufe0f<\/td><td>\u2714\ufe0f<\/td><\/tr><\/tbody><\/table>","protected":false},"excerpt":{"rendered":"<p>Azurtex\u2122 und Primapor\u2122 beschichtete Filtermedien Das Abscheiden extrem feiner Partikel ist eine Herausforderung. Clear Edge ist f\u00fchrend bei der Herstellung von beschichteten Filtermedien. Sie tragen dazu bei, dass Ihre Prozesse auch in den anspruchsvollsten Umgebungen effizient ablaufen. Unsere beschichteten Filtermedien Azurtex\u2122 und Primapor\u2122 wurden in Laboren auf der ganzen Welt getestet. Sie liefern nachweislich hohe [&hellip;]<\/p>\n","protected":false},"author":7,"featured_media":2390,"parent":1039,"menu_order":0,"comment_status":"closed","ping_status":"closed","template":"","meta":{"_acf_changed":false,"footnotes":""},"class_list":["post-1135","page","type-page","status-publish","has-post-thumbnail","hentry"],"acf":[],"yoast_head":"<!-- This site is optimized with the Yoast SEO plugin v27.3 - https:\/\/yoast.com\/product\/yoast-seo-wordpress\/ -->\n<title>Medien mit hoher Abscheideleistung - Clear Edge<\/title>\n<meta name=\"robots\" content=\"index, follow, max-snippet:-1, max-image-preview:large, max-video-preview:-1\" \/>\n<link rel=\"canonical\" href=\"https:\/\/www.clear-edge.com\/de\/produkte\/medien-mit-hoher-abscheideleistung\/\" \/>\n<meta property=\"og:locale\" content=\"de_DE\" \/>\n<meta property=\"og:type\" content=\"article\" \/>\n<meta property=\"og:title\" content=\"Medien mit hoher Abscheideleistung - Clear Edge\" \/>\n<meta property=\"og:description\" content=\"Azurtex\u2122 und Primapor\u2122 beschichtete Filtermedien Das Abscheiden extrem feiner Partikel ist eine Herausforderung. Clear Edge ist f\u00fchrend bei der Herstellung von beschichteten Filtermedien. Sie tragen dazu bei, dass Ihre Prozesse auch in den anspruchsvollsten Umgebungen effizient ablaufen. Unsere beschichteten Filtermedien Azurtex\u2122 und Primapor\u2122 wurden in Laboren auf der ganzen Welt getestet. Sie liefern nachweislich hohe [&hellip;]\" \/>\n<meta property=\"og:url\" content=\"https:\/\/www.clear-edge.com\/de\/produkte\/medien-mit-hoher-abscheideleistung\/\" \/>\n<meta property=\"og:site_name\" content=\"Clear Edge\" \/>\n<meta property=\"article:modified_time\" content=\"2020-09-17T22:33:31+00:00\" \/>\n<meta property=\"og:image\" content=\"https:\/\/www.clear-edge.com\/wp-content\/uploads\/2019\/10\/azurtex-material_0.jpg\" \/>\n<meta name=\"twitter:card\" content=\"summary_large_image\" \/>\n<meta name=\"twitter:label1\" content=\"Gesch\u00e4tzte Lesezeit\" \/>\n\t<meta name=\"twitter:data1\" content=\"1 Minute\" \/>\n<script type=\"application\/ld+json\" class=\"yoast-schema-graph\">{\"@context\":\"https:\\\/\\\/schema.org\",\"@graph\":[{\"@type\":\"WebPage\",\"@id\":\"https:\\\/\\\/www.clear-edge.com\\\/de\\\/produkte\\\/medien-mit-hoher-abscheideleistung\\\/\",\"url\":\"https:\\\/\\\/www.clear-edge.com\\\/de\\\/produkte\\\/medien-mit-hoher-abscheideleistung\\\/\",\"name\":\"Medien mit hoher Abscheideleistung - Clear Edge\",\"isPartOf\":{\"@id\":\"https:\\\/\\\/www.clear-edge.com\\\/de\\\/#website\"},\"primaryImageOfPage\":{\"@id\":\"https:\\\/\\\/www.clear-edge.com\\\/de\\\/produkte\\\/medien-mit-hoher-abscheideleistung\\\/#primaryimage\"},\"image\":{\"@id\":\"https:\\\/\\\/www.clear-edge.com\\\/de\\\/produkte\\\/medien-mit-hoher-abscheideleistung\\\/#primaryimage\"},\"thumbnailUrl\":\"https:\\\/\\\/www.clear-edge.com\\\/wp-content\\\/uploads\\\/2023\\\/05\\\/20221213_111944-scaled.jpg\",\"datePublished\":\"2020-09-09T14:45:38+00:00\",\"dateModified\":\"2020-09-17T22:33:31+00:00\",\"breadcrumb\":{\"@id\":\"https:\\\/\\\/www.clear-edge.com\\\/de\\\/produkte\\\/medien-mit-hoher-abscheideleistung\\\/#breadcrumb\"},\"inLanguage\":\"de-DE\",\"potentialAction\":[{\"@type\":\"ReadAction\",\"target\":[\"https:\\\/\\\/www.clear-edge.com\\\/de\\\/produkte\\\/medien-mit-hoher-abscheideleistung\\\/\"]}]},{\"@type\":\"ImageObject\",\"inLanguage\":\"de-DE\",\"@id\":\"https:\\\/\\\/www.clear-edge.com\\\/de\\\/produkte\\\/medien-mit-hoher-abscheideleistung\\\/#primaryimage\",\"url\":\"https:\\\/\\\/www.clear-edge.com\\\/wp-content\\\/uploads\\\/2023\\\/05\\\/20221213_111944-scaled.jpg\",\"contentUrl\":\"https:\\\/\\\/www.clear-edge.com\\\/wp-content\\\/uploads\\\/2023\\\/05\\\/20221213_111944-scaled.jpg\",\"width\":2560,\"height\":1152},{\"@type\":\"BreadcrumbList\",\"@id\":\"https:\\\/\\\/www.clear-edge.com\\\/de\\\/produkte\\\/medien-mit-hoher-abscheideleistung\\\/#breadcrumb\",\"itemListElement\":[{\"@type\":\"ListItem\",\"position\":1,\"name\":\"\",\"item\":\"https:\\\/\\\/www.clear-edge.com\\\/de\\\/\"},{\"@type\":\"ListItem\",\"position\":2,\"name\":\"Produkte\",\"item\":\"https:\\\/\\\/www.clear-edge.com\\\/de\\\/produkte\\\/\"},{\"@type\":\"ListItem\",\"position\":3,\"name\":\"Medien mit hoher Abscheideleistung\"}]},{\"@type\":\"WebSite\",\"@id\":\"https:\\\/\\\/www.clear-edge.com\\\/de\\\/#website\",\"url\":\"https:\\\/\\\/www.clear-edge.com\\\/de\\\/\",\"name\":\"Clear Edge\",\"description\":\"Global manufacturer and supplier of technical filter fabrics I filter cloths I filter belts I filtration solutions\",\"publisher\":{\"@id\":\"https:\\\/\\\/www.clear-edge.com\\\/de\\\/#organization\"},\"potentialAction\":[{\"@type\":\"SearchAction\",\"target\":{\"@type\":\"EntryPoint\",\"urlTemplate\":\"https:\\\/\\\/www.clear-edge.com\\\/de\\\/?s={search_term_string}\"},\"query-input\":{\"@type\":\"PropertyValueSpecification\",\"valueRequired\":true,\"valueName\":\"search_term_string\"}}],\"inLanguage\":\"de-DE\"},{\"@type\":\"Organization\",\"@id\":\"https:\\\/\\\/www.clear-edge.com\\\/de\\\/#organization\",\"name\":\"Filtration Group\",\"url\":\"https:\\\/\\\/www.clear-edge.com\\\/de\\\/\",\"logo\":{\"@type\":\"ImageObject\",\"inLanguage\":\"de-DE\",\"@id\":\"https:\\\/\\\/www.clear-edge.com\\\/de\\\/#\\\/schema\\\/logo\\\/image\\\/\",\"url\":\"https:\\\/\\\/www.clear-edge.com\\\/wp-content\\\/uploads\\\/2019\\\/06\\\/FGC-logo-1.png\",\"contentUrl\":\"https:\\\/\\\/www.clear-edge.com\\\/wp-content\\\/uploads\\\/2019\\\/06\\\/FGC-logo-1.png\",\"width\":1104,\"height\":224,\"caption\":\"Filtration Group\"},\"image\":{\"@id\":\"https:\\\/\\\/www.clear-edge.com\\\/de\\\/#\\\/schema\\\/logo\\\/image\\\/\"}}]}<\/script>\n<!-- \/ Yoast SEO plugin. -->","yoast_head_json":{"title":"Medien mit hoher Abscheideleistung - Clear Edge","robots":{"index":"index","follow":"follow","max-snippet":"max-snippet:-1","max-image-preview":"max-image-preview:large","max-video-preview":"max-video-preview:-1"},"canonical":"https:\/\/www.clear-edge.com\/de\/produkte\/medien-mit-hoher-abscheideleistung\/","og_locale":"de_DE","og_type":"article","og_title":"Medien mit hoher Abscheideleistung - Clear Edge","og_description":"Azurtex\u2122 und Primapor\u2122 beschichtete Filtermedien Das Abscheiden extrem feiner Partikel ist eine Herausforderung. Clear Edge ist f\u00fchrend bei der Herstellung von beschichteten Filtermedien. Sie tragen dazu bei, dass Ihre Prozesse auch in den anspruchsvollsten Umgebungen effizient ablaufen. Unsere beschichteten Filtermedien Azurtex\u2122 und Primapor\u2122 wurden in Laboren auf der ganzen Welt getestet. Sie liefern nachweislich hohe [&hellip;]","og_url":"https:\/\/www.clear-edge.com\/de\/produkte\/medien-mit-hoher-abscheideleistung\/","og_site_name":"Clear Edge","article_modified_time":"2020-09-17T22:33:31+00:00","og_image":[{"url":"https:\/\/www.clear-edge.com\/wp-content\/uploads\/2019\/10\/azurtex-material_0.jpg","type":"","width":"","height":""}],"twitter_card":"summary_large_image","twitter_misc":{"Gesch\u00e4tzte Lesezeit":"1 Minute"},"schema":{"@context":"https:\/\/schema.org","@graph":[{"@type":"WebPage","@id":"https:\/\/www.clear-edge.com\/de\/produkte\/medien-mit-hoher-abscheideleistung\/","url":"https:\/\/www.clear-edge.com\/de\/produkte\/medien-mit-hoher-abscheideleistung\/","name":"Medien mit hoher Abscheideleistung - Clear Edge","isPartOf":{"@id":"https:\/\/www.clear-edge.com\/de\/#website"},"primaryImageOfPage":{"@id":"https:\/\/www.clear-edge.com\/de\/produkte\/medien-mit-hoher-abscheideleistung\/#primaryimage"},"image":{"@id":"https:\/\/www.clear-edge.com\/de\/produkte\/medien-mit-hoher-abscheideleistung\/#primaryimage"},"thumbnailUrl":"https:\/\/www.clear-edge.com\/wp-content\/uploads\/2023\/05\/20221213_111944-scaled.jpg","datePublished":"2020-09-09T14:45:38+00:00","dateModified":"2020-09-17T22:33:31+00:00","breadcrumb":{"@id":"https:\/\/www.clear-edge.com\/de\/produkte\/medien-mit-hoher-abscheideleistung\/#breadcrumb"},"inLanguage":"de-DE","potentialAction":[{"@type":"ReadAction","target":["https:\/\/www.clear-edge.com\/de\/produkte\/medien-mit-hoher-abscheideleistung\/"]}]},{"@type":"ImageObject","inLanguage":"de-DE","@id":"https:\/\/www.clear-edge.com\/de\/produkte\/medien-mit-hoher-abscheideleistung\/#primaryimage","url":"https:\/\/www.clear-edge.com\/wp-content\/uploads\/2023\/05\/20221213_111944-scaled.jpg","contentUrl":"https:\/\/www.clear-edge.com\/wp-content\/uploads\/2023\/05\/20221213_111944-scaled.jpg","width":2560,"height":1152},{"@type":"BreadcrumbList","@id":"https:\/\/www.clear-edge.com\/de\/produkte\/medien-mit-hoher-abscheideleistung\/#breadcrumb","itemListElement":[{"@type":"ListItem","position":1,"name":"","item":"https:\/\/www.clear-edge.com\/de\/"},{"@type":"ListItem","position":2,"name":"Produkte","item":"https:\/\/www.clear-edge.com\/de\/produkte\/"},{"@type":"ListItem","position":3,"name":"Medien mit hoher Abscheideleistung"}]},{"@type":"WebSite","@id":"https:\/\/www.clear-edge.com\/de\/#website","url":"https:\/\/www.clear-edge.com\/de\/","name":"Clear Edge","description":"Global manufacturer and supplier of technical filter fabrics I filter cloths I filter belts I filtration solutions","publisher":{"@id":"https:\/\/www.clear-edge.com\/de\/#organization"},"potentialAction":[{"@type":"SearchAction","target":{"@type":"EntryPoint","urlTemplate":"https:\/\/www.clear-edge.com\/de\/?s={search_term_string}"},"query-input":{"@type":"PropertyValueSpecification","valueRequired":true,"valueName":"search_term_string"}}],"inLanguage":"de-DE"},{"@type":"Organization","@id":"https:\/\/www.clear-edge.com\/de\/#organization","name":"Filtration Group","url":"https:\/\/www.clear-edge.com\/de\/","logo":{"@type":"ImageObject","inLanguage":"de-DE","@id":"https:\/\/www.clear-edge.com\/de\/#\/schema\/logo\/image\/","url":"https:\/\/www.clear-edge.com\/wp-content\/uploads\/2019\/06\/FGC-logo-1.png","contentUrl":"https:\/\/www.clear-edge.com\/wp-content\/uploads\/2019\/06\/FGC-logo-1.png","width":1104,"height":224,"caption":"Filtration Group"},"image":{"@id":"https:\/\/www.clear-edge.com\/de\/#\/schema\/logo\/image\/"}}]}},"_links":{"self":[{"href":"https:\/\/www.clear-edge.com\/de\/wp-json\/wp\/v2\/pages\/1135","targetHints":{"allow":["GET"]}}],"collection":[{"href":"https:\/\/www.clear-edge.com\/de\/wp-json\/wp\/v2\/pages"}],"about":[{"href":"https:\/\/www.clear-edge.com\/de\/wp-json\/wp\/v2\/types\/page"}],"author":[{"embeddable":true,"href":"https:\/\/www.clear-edge.com\/de\/wp-json\/wp\/v2\/users\/7"}],"replies":[{"embeddable":true,"href":"https:\/\/www.clear-edge.com\/de\/wp-json\/wp\/v2\/comments?post=1135"}],"version-history":[{"count":0,"href":"https:\/\/www.clear-edge.com\/de\/wp-json\/wp\/v2\/pages\/1135\/revisions"}],"up":[{"embeddable":true,"href":"https:\/\/www.clear-edge.com\/de\/wp-json\/wp\/v2\/pages\/1039"}],"wp:featuredmedia":[{"embeddable":true,"href":"https:\/\/www.clear-edge.com\/de\/wp-json\/wp\/v2\/media\/2390"}],"wp:attachment":[{"href":"https:\/\/www.clear-edge.com\/de\/wp-json\/wp\/v2\/media?parent=1135"}],"curies":[{"name":"wp","href":"https:\/\/api.w.org\/{rel}","templated":true}]}}