{"id":1133,"date":"2020-09-09T14:45:37","date_gmt":"2020-09-09T14:45:37","guid":{"rendered":"https:\/\/www.clear-edge.com\/produkte\/rollenware\/"},"modified":"2020-09-17T22:33:31","modified_gmt":"2020-09-17T22:33:31","slug":"rollenware","status":"publish","type":"page","link":"https:\/\/www.clear-edge.com\/de\/produkte\/rollenware\/","title":{"rendered":"Rollenware"},"content":{"rendered":"\n<div class=\"wp-block-cover alignfull has-background-dim\" style=\"background-image:url(https:\/\/www.clear-edge.com\/wp-content\/uploads\/2019\/10\/Roll-Goods.jpg)\"><div class=\"wp-block-cover__inner-container is-layout-flow wp-block-cover-is-layout-flow\">\n<h1 class=\"wp-block-heading\" style=\"text-align:center\">Rollenware<\/h1>\n<\/div><\/div>\n\n<h2 class=\"wp-block-heading\">Filtermedien Rollenware<\/h2>\n\n<p>Wir von Clear Edge liefern pr\u00e4zisionsgewebte, qualit\u00e4tsgesicherte Filtermedien als Rollenware, die eine hohe Leistung und Effizienz f\u00fcr verschiedene Filtrationsanwendungen gew\u00e4hrleisten. Unsere Ingenieure entwickeln L\u00f6sungen mit Geweben aus Polyester (PES), Polyamid (Nylon), Polypropylen (PP), Polyethylen (PE) und anderen Chemiefasern. Durch die Verf\u00fcgbarkeit von Geweben von 85 g\/m\u00b2 bis 1.133 g\/m\u00b2 stellen unsere Spezialisten sicher, dass Sie genau das richtige Filtergewebe f\u00fcr Ihren Filtrationsprozess bekommen.<br\/><br\/>Von der Konstruktion \u00fcber die Produktion bis hin zur vollst\u00e4ndigen technischen Unterst\u00fctzung bieten wir umfassende Filtrationsl\u00f6sungen an.<br\/><br\/>Unsere Rollenware ist auf eine gro\u00dfe Vielfalt von Anlagentypen zugeschnitten.<\/p>\n\n<div style=\"height:25px\" aria-hidden=\"true\" class=\"wp-block-spacer\"><\/div>\n\n<h3 class=\"wp-block-heading\">Vakuumsysteme<\/h3>\n\n<ul class=\"wp-block-list\"><li>Filterkerzen<\/li><li>Zentrifugen<\/li><li>Scheibenfilter<\/li><li>Tellerfilter<\/li><li>Drehtrommelfilter<\/li><li>Vakuumbandfilter<\/li><\/ul>\n<div style=\"height:25px\" aria-hidden=\"true\" class=\"wp-block-spacer\"><\/div>\n\n<h3 class=\"wp-block-heading\">Drucksysteme<\/h3>\n\n<ul class=\"wp-block-list\"><li>Filterpatronen<\/li><li>Entstaubung<\/li><li>Filterbandpressen<\/li><li>Filterpressen<\/li><li>Absetz-Entw\u00e4sserung<\/li><li>Blattfilter<\/li><li>Nutsche Filter<\/li><li>Siebe<\/li><li>Geneigte Tellerfilter<\/li><\/ul>\n<div style=\"height:50px\" aria-hidden=\"true\" class=\"wp-block-spacer\"><\/div>\n\n<h4 class=\"wp-block-heading\">F\u00fcr weitere Produktspezifikationen wenden Sie sich bitte an das Team<\/h4>\n\n<div class=\"wp-block-button\"><a class=\"wp-block-button__link has-background has-green-background-color\" href=\"https:\/\/www.clear-edge.com\/de\/ueber-uns\/kontaktieren-sie-uns\/\">Kontaktieren Sie uns<\/a><\/div>\n","protected":false},"excerpt":{"rendered":"<p>Filtermedien Rollenware Wir von Clear Edge liefern pr\u00e4zisionsgewebte, qualit\u00e4tsgesicherte Filtermedien als Rollenware, die eine hohe Leistung und Effizienz f\u00fcr verschiedene Filtrationsanwendungen gew\u00e4hrleisten. Unsere Ingenieure entwickeln L\u00f6sungen mit Geweben aus Polyester (PES), Polyamid (Nylon), Polypropylen (PP), Polyethylen (PE) und anderen Chemiefasern. Durch die Verf\u00fcgbarkeit von Geweben von 85 g\/m\u00b2 bis 1.133 g\/m\u00b2 stellen unsere Spezialisten sicher, [&hellip;]<\/p>\n","protected":false},"author":7,"featured_media":0,"parent":1039,"menu_order":0,"comment_status":"closed","ping_status":"closed","template":"","meta":{"_acf_changed":false,"footnotes":""},"class_list":["post-1133","page","type-page","status-publish","hentry"],"acf":[],"yoast_head":"<!-- This site is optimized with the Yoast SEO plugin v27.3 - https:\/\/yoast.com\/product\/yoast-seo-wordpress\/ -->\n<title>Rollenware - Clear Edge<\/title>\n<meta name=\"robots\" content=\"index, follow, max-snippet:-1, max-image-preview:large, max-video-preview:-1\" \/>\n<link rel=\"canonical\" href=\"https:\/\/www.clear-edge.com\/de\/produkte\/rollenware\/\" \/>\n<meta property=\"og:locale\" content=\"de_DE\" \/>\n<meta property=\"og:type\" content=\"article\" \/>\n<meta property=\"og:title\" content=\"Rollenware - Clear Edge\" \/>\n<meta property=\"og:description\" content=\"Filtermedien Rollenware Wir von Clear Edge liefern pr\u00e4zisionsgewebte, qualit\u00e4tsgesicherte Filtermedien als Rollenware, die eine hohe Leistung und Effizienz f\u00fcr verschiedene Filtrationsanwendungen gew\u00e4hrleisten. Unsere Ingenieure entwickeln L\u00f6sungen mit Geweben aus Polyester (PES), Polyamid (Nylon), Polypropylen (PP), Polyethylen (PE) und anderen Chemiefasern. Durch die Verf\u00fcgbarkeit von Geweben von 85 g\/m\u00b2 bis 1.133 g\/m\u00b2 stellen unsere Spezialisten sicher, [&hellip;]\" \/>\n<meta property=\"og:url\" content=\"https:\/\/www.clear-edge.com\/de\/produkte\/rollenware\/\" \/>\n<meta property=\"og:site_name\" content=\"Clear Edge\" \/>\n<meta property=\"article:modified_time\" content=\"2020-09-17T22:33:31+00:00\" \/>\n<meta name=\"twitter:card\" content=\"summary_large_image\" \/>\n<meta name=\"twitter:label1\" content=\"Gesch\u00e4tzte Lesezeit\" \/>\n\t<meta name=\"twitter:data1\" content=\"1 Minute\" \/>\n<script type=\"application\/ld+json\" class=\"yoast-schema-graph\">{\"@context\":\"https:\\\/\\\/schema.org\",\"@graph\":[{\"@type\":\"WebPage\",\"@id\":\"https:\\\/\\\/www.clear-edge.com\\\/de\\\/produkte\\\/rollenware\\\/\",\"url\":\"https:\\\/\\\/www.clear-edge.com\\\/de\\\/produkte\\\/rollenware\\\/\",\"name\":\"Rollenware - Clear Edge\",\"isPartOf\":{\"@id\":\"https:\\\/\\\/www.clear-edge.com\\\/de\\\/#website\"},\"datePublished\":\"2020-09-09T14:45:37+00:00\",\"dateModified\":\"2020-09-17T22:33:31+00:00\",\"breadcrumb\":{\"@id\":\"https:\\\/\\\/www.clear-edge.com\\\/de\\\/produkte\\\/rollenware\\\/#breadcrumb\"},\"inLanguage\":\"de-DE\",\"potentialAction\":[{\"@type\":\"ReadAction\",\"target\":[\"https:\\\/\\\/www.clear-edge.com\\\/de\\\/produkte\\\/rollenware\\\/\"]}]},{\"@type\":\"BreadcrumbList\",\"@id\":\"https:\\\/\\\/www.clear-edge.com\\\/de\\\/produkte\\\/rollenware\\\/#breadcrumb\",\"itemListElement\":[{\"@type\":\"ListItem\",\"position\":1,\"name\":\"\",\"item\":\"https:\\\/\\\/www.clear-edge.com\\\/de\\\/\"},{\"@type\":\"ListItem\",\"position\":2,\"name\":\"Produkte\",\"item\":\"https:\\\/\\\/www.clear-edge.com\\\/de\\\/produkte\\\/\"},{\"@type\":\"ListItem\",\"position\":3,\"name\":\"Rollenware\"}]},{\"@type\":\"WebSite\",\"@id\":\"https:\\\/\\\/www.clear-edge.com\\\/de\\\/#website\",\"url\":\"https:\\\/\\\/www.clear-edge.com\\\/de\\\/\",\"name\":\"Clear Edge\",\"description\":\"Global manufacturer and supplier of technical filter fabrics I filter cloths I filter belts I filtration solutions\",\"publisher\":{\"@id\":\"https:\\\/\\\/www.clear-edge.com\\\/de\\\/#organization\"},\"potentialAction\":[{\"@type\":\"SearchAction\",\"target\":{\"@type\":\"EntryPoint\",\"urlTemplate\":\"https:\\\/\\\/www.clear-edge.com\\\/de\\\/?s={search_term_string}\"},\"query-input\":{\"@type\":\"PropertyValueSpecification\",\"valueRequired\":true,\"valueName\":\"search_term_string\"}}],\"inLanguage\":\"de-DE\"},{\"@type\":\"Organization\",\"@id\":\"https:\\\/\\\/www.clear-edge.com\\\/de\\\/#organization\",\"name\":\"Filtration Group\",\"url\":\"https:\\\/\\\/www.clear-edge.com\\\/de\\\/\",\"logo\":{\"@type\":\"ImageObject\",\"inLanguage\":\"de-DE\",\"@id\":\"https:\\\/\\\/www.clear-edge.com\\\/de\\\/#\\\/schema\\\/logo\\\/image\\\/\",\"url\":\"https:\\\/\\\/www.clear-edge.com\\\/wp-content\\\/uploads\\\/2019\\\/06\\\/FGC-logo-1.png\",\"contentUrl\":\"https:\\\/\\\/www.clear-edge.com\\\/wp-content\\\/uploads\\\/2019\\\/06\\\/FGC-logo-1.png\",\"width\":1104,\"height\":224,\"caption\":\"Filtration Group\"},\"image\":{\"@id\":\"https:\\\/\\\/www.clear-edge.com\\\/de\\\/#\\\/schema\\\/logo\\\/image\\\/\"}}]}<\/script>\n<!-- \/ Yoast SEO plugin. -->","yoast_head_json":{"title":"Rollenware - Clear Edge","robots":{"index":"index","follow":"follow","max-snippet":"max-snippet:-1","max-image-preview":"max-image-preview:large","max-video-preview":"max-video-preview:-1"},"canonical":"https:\/\/www.clear-edge.com\/de\/produkte\/rollenware\/","og_locale":"de_DE","og_type":"article","og_title":"Rollenware - Clear Edge","og_description":"Filtermedien Rollenware Wir von Clear Edge liefern pr\u00e4zisionsgewebte, qualit\u00e4tsgesicherte Filtermedien als Rollenware, die eine hohe Leistung und Effizienz f\u00fcr verschiedene Filtrationsanwendungen gew\u00e4hrleisten. Unsere Ingenieure entwickeln L\u00f6sungen mit Geweben aus Polyester (PES), Polyamid (Nylon), Polypropylen (PP), Polyethylen (PE) und anderen Chemiefasern. Durch die Verf\u00fcgbarkeit von Geweben von 85 g\/m\u00b2 bis 1.133 g\/m\u00b2 stellen unsere Spezialisten sicher, [&hellip;]","og_url":"https:\/\/www.clear-edge.com\/de\/produkte\/rollenware\/","og_site_name":"Clear Edge","article_modified_time":"2020-09-17T22:33:31+00:00","twitter_card":"summary_large_image","twitter_misc":{"Gesch\u00e4tzte Lesezeit":"1 Minute"},"schema":{"@context":"https:\/\/schema.org","@graph":[{"@type":"WebPage","@id":"https:\/\/www.clear-edge.com\/de\/produkte\/rollenware\/","url":"https:\/\/www.clear-edge.com\/de\/produkte\/rollenware\/","name":"Rollenware - Clear Edge","isPartOf":{"@id":"https:\/\/www.clear-edge.com\/de\/#website"},"datePublished":"2020-09-09T14:45:37+00:00","dateModified":"2020-09-17T22:33:31+00:00","breadcrumb":{"@id":"https:\/\/www.clear-edge.com\/de\/produkte\/rollenware\/#breadcrumb"},"inLanguage":"de-DE","potentialAction":[{"@type":"ReadAction","target":["https:\/\/www.clear-edge.com\/de\/produkte\/rollenware\/"]}]},{"@type":"BreadcrumbList","@id":"https:\/\/www.clear-edge.com\/de\/produkte\/rollenware\/#breadcrumb","itemListElement":[{"@type":"ListItem","position":1,"name":"","item":"https:\/\/www.clear-edge.com\/de\/"},{"@type":"ListItem","position":2,"name":"Produkte","item":"https:\/\/www.clear-edge.com\/de\/produkte\/"},{"@type":"ListItem","position":3,"name":"Rollenware"}]},{"@type":"WebSite","@id":"https:\/\/www.clear-edge.com\/de\/#website","url":"https:\/\/www.clear-edge.com\/de\/","name":"Clear Edge","description":"Global manufacturer and supplier of technical filter fabrics I filter cloths I filter belts I filtration solutions","publisher":{"@id":"https:\/\/www.clear-edge.com\/de\/#organization"},"potentialAction":[{"@type":"SearchAction","target":{"@type":"EntryPoint","urlTemplate":"https:\/\/www.clear-edge.com\/de\/?s={search_term_string}"},"query-input":{"@type":"PropertyValueSpecification","valueRequired":true,"valueName":"search_term_string"}}],"inLanguage":"de-DE"},{"@type":"Organization","@id":"https:\/\/www.clear-edge.com\/de\/#organization","name":"Filtration Group","url":"https:\/\/www.clear-edge.com\/de\/","logo":{"@type":"ImageObject","inLanguage":"de-DE","@id":"https:\/\/www.clear-edge.com\/de\/#\/schema\/logo\/image\/","url":"https:\/\/www.clear-edge.com\/wp-content\/uploads\/2019\/06\/FGC-logo-1.png","contentUrl":"https:\/\/www.clear-edge.com\/wp-content\/uploads\/2019\/06\/FGC-logo-1.png","width":1104,"height":224,"caption":"Filtration Group"},"image":{"@id":"https:\/\/www.clear-edge.com\/de\/#\/schema\/logo\/image\/"}}]}},"_links":{"self":[{"href":"https:\/\/www.clear-edge.com\/de\/wp-json\/wp\/v2\/pages\/1133","targetHints":{"allow":["GET"]}}],"collection":[{"href":"https:\/\/www.clear-edge.com\/de\/wp-json\/wp\/v2\/pages"}],"about":[{"href":"https:\/\/www.clear-edge.com\/de\/wp-json\/wp\/v2\/types\/page"}],"author":[{"embeddable":true,"href":"https:\/\/www.clear-edge.com\/de\/wp-json\/wp\/v2\/users\/7"}],"replies":[{"embeddable":true,"href":"https:\/\/www.clear-edge.com\/de\/wp-json\/wp\/v2\/comments?post=1133"}],"version-history":[{"count":0,"href":"https:\/\/www.clear-edge.com\/de\/wp-json\/wp\/v2\/pages\/1133\/revisions"}],"up":[{"embeddable":true,"href":"https:\/\/www.clear-edge.com\/de\/wp-json\/wp\/v2\/pages\/1039"}],"wp:attachment":[{"href":"https:\/\/www.clear-edge.com\/de\/wp-json\/wp\/v2\/media?parent=1133"}],"curies":[{"name":"wp","href":"https:\/\/api.w.org\/{rel}","templated":true}]}}