{"id":1132,"date":"2020-09-09T14:45:37","date_gmt":"2020-09-09T14:45:37","guid":{"rendered":"https:\/\/www.clear-edge.com\/produkte\/monodur-praezisionsgewebe\/"},"modified":"2020-11-03T19:35:44","modified_gmt":"2020-11-03T19:35:44","slug":"monodur-praezisionsgewebe","status":"publish","type":"page","link":"https:\/\/www.clear-edge.com\/de\/produkte\/monodur-praezisionsgewebe\/","title":{"rendered":"Monodur Pr\u00e4zisionsgewebe"},"content":{"rendered":"\n<div class=\"wp-block-cover alignfull has-background-dim\" style=\"background-image:url(https:\/\/www.clear-edge.com\/wp-content\/uploads\/2019\/10\/Monodur-Banner.jpg)\"><div class=\"wp-block-cover__inner-container is-layout-flow wp-block-cover-is-layout-flow\">\n<h1 class=\"has-text-align-center wp-block-heading\">Monodur\u2122 Pr\u00e4zisionsgewebe<\/h1>\n<\/div><\/div>\n\n\n\n<h2 style=\"text-align:left;color:#0093d0\">Monodur\u2122 Pr\u00e4zisionsgewebe<\/h2>\n\n\n\n<p>Monodur\u2122 Pr\u00e4zisionsgewebe von Clear Edge sind in einer umfangreichen Auswahl an Maschenweiten erh\u00e4ltlich und werden aus Polyamid (Nylon), Polyester, Polypropylen, PFA, PEEK und FEP-Monofilamentfasern hergestellt.<br><br>Unser hausinterne Herstellungsprozess bietet Optionen zur weiteren Verarbeitung wie etwa Schlitzen, Stanzen, Schwei\u00dfen, F\u00e4rben sowie das Veredeln von Produkten, die in medizinischen und hoch anspruchsvollen elektronischen Anwendungen eingesetzt werden.<br><br>Monodur\u2122 ist ein Pr\u00e4zisionsgewebe aus runden synthetischen Monofilamenten mit quadratischer Masche &#8211; gem\u00e4\u00df DIN 4197. Es hat ein progressives Verh\u00e4ltnis von 12 % oder 6 % zur relativen Maschengr\u00f6\u00dfen \u00fcber den gesamten Bereich des gewebten Materials. Der arithmetische Durchschnitt der Maschenweiten kann bis maximal 10 % vom Zielwert abweichen.<br><br>Die standardisierte Struktur des Monodur\u2122-Gewebesortiments gibt Hilfestellung bei der Auswahl des richtigen Gewebes.<br><\/p>\n\n\n\n<div style=\"height:25px\" aria-hidden=\"true\" class=\"wp-block-spacer\"><\/div>\n\n\n\n<h3 class=\"wp-block-heading\">Anwendungen f\u00fcr Monodur\u2122<\/h3>\n\n\n\n<figure class=\"wp-block-image\"><img loading=\"lazy\" decoding=\"async\" width=\"1024\" height=\"256\" src=\"https:\/\/www.clear-edge.com\/wp-content\/uploads\/2019\/10\/Monodur-TM-Mesh-slitting_cropped-1024x256.png\" alt=\"\" class=\"wp-image-597\" srcset=\"https:\/\/www.clear-edge.com\/wp-content\/uploads\/2019\/10\/Monodur-TM-Mesh-slitting_cropped-1024x256.png 1024w, https:\/\/www.clear-edge.com\/wp-content\/uploads\/2019\/10\/Monodur-TM-Mesh-slitting_cropped-300x75.png 300w, https:\/\/www.clear-edge.com\/wp-content\/uploads\/2019\/10\/Monodur-TM-Mesh-slitting_cropped-768x192.png 768w, https:\/\/www.clear-edge.com\/wp-content\/uploads\/2019\/10\/Monodur-TM-Mesh-slitting_cropped.png 1201w\" sizes=\"auto, (max-width: 1024px) 100vw, 1024px\" \/><\/figure>\n\n\n\n<ul class=\"wp-block-list\"><li>Automobil<\/li><li>Biomedizinisch \/ Pharmazeutisch<\/li><li>Chemie<\/li><li>Klassifizieren<\/li><li>Lebensmittelverarbeitung<\/li><li>Aufarbeiten<\/li><li>Trennen \/ Filtern \/ Spannen<\/li><li>Sieben<\/li><li>Wasseraufbereitung<\/li><\/ul>\n\n\n\n<div style=\"height:25px\" aria-hidden=\"true\" class=\"wp-block-spacer\"><\/div>\n\n\n\n<h3 class=\"wp-block-heading\">Auswahlkriterien f\u00fcr Monodur\u2122-Pr\u00e4zisionsgewebe<\/h3>\n\n\n\n<figure class=\"wp-block-image\"><img loading=\"lazy\" decoding=\"async\" width=\"1024\" height=\"256\" src=\"https:\/\/www.clear-edge.com\/wp-content\/uploads\/2019\/10\/Monodur-Banner-1-1024x256.jpg\" alt=\"\" class=\"wp-image-599\" srcset=\"https:\/\/www.clear-edge.com\/wp-content\/uploads\/2019\/10\/Monodur-Banner-1-1024x256.jpg 1024w, https:\/\/www.clear-edge.com\/wp-content\/uploads\/2019\/10\/Monodur-Banner-1-300x75.jpg 300w, https:\/\/www.clear-edge.com\/wp-content\/uploads\/2019\/10\/Monodur-Banner-1-768x192.jpg 768w, https:\/\/www.clear-edge.com\/wp-content\/uploads\/2019\/10\/Monodur-Banner-1.jpg 2000w\" sizes=\"auto, (max-width: 1024px) 100vw, 1024px\" \/><\/figure>\n\n\n\n<ul class=\"wp-block-list\"><li>Durchmesser des Filaments<\/li><li>Maschenweite<\/li><li>Rohstoff<\/li><li>Gewebebindung<\/li><\/ul>\n\n\n\n<div style=\"height:50px\" aria-hidden=\"true\" class=\"wp-block-spacer\"><\/div>\n\n\n\n<h4 class=\"wp-block-heading\">F\u00fcr Einzelheiten, wie wir das Monodur\u2122-Pr\u00e4zisionsgewebe auf Ihre Anwendung zuschneiden k\u00f6nnen, wenden Sie sich an unser Team<\/h4>\n\n\n\n<div class=\"wp-block-button\"><a class=\"wp-block-button__link has-green-background-color has-background\" href=\"https:\/\/www.clear-edge.com\/de\/ueber-uns\/kontaktieren-sie-uns\/\">Kontaktieren Sie uns<\/a><\/div>\n","protected":false},"excerpt":{"rendered":"<p>Monodur\u2122 Pr\u00e4zisionsgewebe Monodur\u2122 Pr\u00e4zisionsgewebe von Clear Edge sind in einer umfangreichen Auswahl an Maschenweiten erh\u00e4ltlich und werden aus Polyamid (Nylon), Polyester, Polypropylen, PFA, PEEK und FEP-Monofilamentfasern hergestellt. Unser hausinterne Herstellungsprozess bietet Optionen zur weiteren Verarbeitung wie etwa Schlitzen, Stanzen, Schwei\u00dfen, F\u00e4rben sowie das Veredeln von Produkten, die in medizinischen und hoch anspruchsvollen elektronischen Anwendungen eingesetzt [&hellip;]<\/p>\n","protected":false},"author":7,"featured_media":0,"parent":1039,"menu_order":0,"comment_status":"closed","ping_status":"closed","template":"","meta":{"_acf_changed":false,"footnotes":""},"class_list":["post-1132","page","type-page","status-publish","hentry"],"acf":[],"yoast_head":"<!-- This site is optimized with the Yoast SEO plugin v27.3 - https:\/\/yoast.com\/product\/yoast-seo-wordpress\/ -->\n<title>Monodur Pr\u00e4zisionsgewebe - Clear Edge<\/title>\n<meta name=\"robots\" content=\"index, follow, max-snippet:-1, max-image-preview:large, max-video-preview:-1\" \/>\n<link rel=\"canonical\" href=\"https:\/\/www.clear-edge.com\/de\/produkte\/monodur-praezisionsgewebe\/\" \/>\n<meta property=\"og:locale\" content=\"de_DE\" \/>\n<meta property=\"og:type\" content=\"article\" \/>\n<meta property=\"og:title\" content=\"Monodur Pr\u00e4zisionsgewebe - Clear Edge\" \/>\n<meta property=\"og:description\" content=\"Monodur\u2122 Pr\u00e4zisionsgewebe Monodur\u2122 Pr\u00e4zisionsgewebe von Clear Edge sind in einer umfangreichen Auswahl an Maschenweiten erh\u00e4ltlich und werden aus Polyamid (Nylon), Polyester, Polypropylen, PFA, PEEK und FEP-Monofilamentfasern hergestellt. Unser hausinterne Herstellungsprozess bietet Optionen zur weiteren Verarbeitung wie etwa Schlitzen, Stanzen, Schwei\u00dfen, F\u00e4rben sowie das Veredeln von Produkten, die in medizinischen und hoch anspruchsvollen elektronischen Anwendungen eingesetzt [&hellip;]\" \/>\n<meta property=\"og:url\" content=\"https:\/\/www.clear-edge.com\/de\/produkte\/monodur-praezisionsgewebe\/\" \/>\n<meta property=\"og:site_name\" content=\"Clear Edge\" \/>\n<meta property=\"article:modified_time\" content=\"2020-11-03T19:35:44+00:00\" \/>\n<meta property=\"og:image\" content=\"https:\/\/www.clear-edge.com\/wp-content\/uploads\/2019\/10\/Monodur-TM-Mesh-slitting_cropped-1024x256.png\" \/>\n<meta name=\"twitter:card\" content=\"summary_large_image\" \/>\n<meta name=\"twitter:label1\" content=\"Gesch\u00e4tzte Lesezeit\" \/>\n\t<meta name=\"twitter:data1\" content=\"1 Minute\" \/>\n<script type=\"application\/ld+json\" class=\"yoast-schema-graph\">{\"@context\":\"https:\\\/\\\/schema.org\",\"@graph\":[{\"@type\":\"WebPage\",\"@id\":\"https:\\\/\\\/www.clear-edge.com\\\/de\\\/produkte\\\/monodur-praezisionsgewebe\\\/\",\"url\":\"https:\\\/\\\/www.clear-edge.com\\\/de\\\/produkte\\\/monodur-praezisionsgewebe\\\/\",\"name\":\"Monodur Pr\u00e4zisionsgewebe - Clear Edge\",\"isPartOf\":{\"@id\":\"https:\\\/\\\/www.clear-edge.com\\\/de\\\/#website\"},\"primaryImageOfPage\":{\"@id\":\"https:\\\/\\\/www.clear-edge.com\\\/de\\\/produkte\\\/monodur-praezisionsgewebe\\\/#primaryimage\"},\"image\":{\"@id\":\"https:\\\/\\\/www.clear-edge.com\\\/de\\\/produkte\\\/monodur-praezisionsgewebe\\\/#primaryimage\"},\"thumbnailUrl\":\"https:\\\/\\\/www.clear-edge.com\\\/wp-content\\\/uploads\\\/2019\\\/10\\\/Monodur-TM-Mesh-slitting_cropped-1024x256.png\",\"datePublished\":\"2020-09-09T14:45:37+00:00\",\"dateModified\":\"2020-11-03T19:35:44+00:00\",\"breadcrumb\":{\"@id\":\"https:\\\/\\\/www.clear-edge.com\\\/de\\\/produkte\\\/monodur-praezisionsgewebe\\\/#breadcrumb\"},\"inLanguage\":\"de-DE\",\"potentialAction\":[{\"@type\":\"ReadAction\",\"target\":[\"https:\\\/\\\/www.clear-edge.com\\\/de\\\/produkte\\\/monodur-praezisionsgewebe\\\/\"]}]},{\"@type\":\"ImageObject\",\"inLanguage\":\"de-DE\",\"@id\":\"https:\\\/\\\/www.clear-edge.com\\\/de\\\/produkte\\\/monodur-praezisionsgewebe\\\/#primaryimage\",\"url\":\"https:\\\/\\\/www.clear-edge.com\\\/wp-content\\\/uploads\\\/2019\\\/10\\\/Monodur-TM-Mesh-slitting_cropped-1024x256.png\",\"contentUrl\":\"https:\\\/\\\/www.clear-edge.com\\\/wp-content\\\/uploads\\\/2019\\\/10\\\/Monodur-TM-Mesh-slitting_cropped-1024x256.png\"},{\"@type\":\"BreadcrumbList\",\"@id\":\"https:\\\/\\\/www.clear-edge.com\\\/de\\\/produkte\\\/monodur-praezisionsgewebe\\\/#breadcrumb\",\"itemListElement\":[{\"@type\":\"ListItem\",\"position\":1,\"name\":\"\",\"item\":\"https:\\\/\\\/www.clear-edge.com\\\/de\\\/\"},{\"@type\":\"ListItem\",\"position\":2,\"name\":\"Produkte\",\"item\":\"https:\\\/\\\/www.clear-edge.com\\\/de\\\/produkte\\\/\"},{\"@type\":\"ListItem\",\"position\":3,\"name\":\"Monodur Pr\u00e4zisionsgewebe\"}]},{\"@type\":\"WebSite\",\"@id\":\"https:\\\/\\\/www.clear-edge.com\\\/de\\\/#website\",\"url\":\"https:\\\/\\\/www.clear-edge.com\\\/de\\\/\",\"name\":\"Clear Edge\",\"description\":\"Global manufacturer and supplier of technical filter fabrics I filter cloths I filter belts I filtration solutions\",\"publisher\":{\"@id\":\"https:\\\/\\\/www.clear-edge.com\\\/de\\\/#organization\"},\"potentialAction\":[{\"@type\":\"SearchAction\",\"target\":{\"@type\":\"EntryPoint\",\"urlTemplate\":\"https:\\\/\\\/www.clear-edge.com\\\/de\\\/?s={search_term_string}\"},\"query-input\":{\"@type\":\"PropertyValueSpecification\",\"valueRequired\":true,\"valueName\":\"search_term_string\"}}],\"inLanguage\":\"de-DE\"},{\"@type\":\"Organization\",\"@id\":\"https:\\\/\\\/www.clear-edge.com\\\/de\\\/#organization\",\"name\":\"Filtration Group\",\"url\":\"https:\\\/\\\/www.clear-edge.com\\\/de\\\/\",\"logo\":{\"@type\":\"ImageObject\",\"inLanguage\":\"de-DE\",\"@id\":\"https:\\\/\\\/www.clear-edge.com\\\/de\\\/#\\\/schema\\\/logo\\\/image\\\/\",\"url\":\"https:\\\/\\\/www.clear-edge.com\\\/wp-content\\\/uploads\\\/2019\\\/06\\\/FGC-logo-1.png\",\"contentUrl\":\"https:\\\/\\\/www.clear-edge.com\\\/wp-content\\\/uploads\\\/2019\\\/06\\\/FGC-logo-1.png\",\"width\":1104,\"height\":224,\"caption\":\"Filtration Group\"},\"image\":{\"@id\":\"https:\\\/\\\/www.clear-edge.com\\\/de\\\/#\\\/schema\\\/logo\\\/image\\\/\"}}]}<\/script>\n<!-- \/ Yoast SEO plugin. -->","yoast_head_json":{"title":"Monodur Pr\u00e4zisionsgewebe - Clear Edge","robots":{"index":"index","follow":"follow","max-snippet":"max-snippet:-1","max-image-preview":"max-image-preview:large","max-video-preview":"max-video-preview:-1"},"canonical":"https:\/\/www.clear-edge.com\/de\/produkte\/monodur-praezisionsgewebe\/","og_locale":"de_DE","og_type":"article","og_title":"Monodur Pr\u00e4zisionsgewebe - Clear Edge","og_description":"Monodur\u2122 Pr\u00e4zisionsgewebe Monodur\u2122 Pr\u00e4zisionsgewebe von Clear Edge sind in einer umfangreichen Auswahl an Maschenweiten erh\u00e4ltlich und werden aus Polyamid (Nylon), Polyester, Polypropylen, PFA, PEEK und FEP-Monofilamentfasern hergestellt. Unser hausinterne Herstellungsprozess bietet Optionen zur weiteren Verarbeitung wie etwa Schlitzen, Stanzen, Schwei\u00dfen, F\u00e4rben sowie das Veredeln von Produkten, die in medizinischen und hoch anspruchsvollen elektronischen Anwendungen eingesetzt [&hellip;]","og_url":"https:\/\/www.clear-edge.com\/de\/produkte\/monodur-praezisionsgewebe\/","og_site_name":"Clear Edge","article_modified_time":"2020-11-03T19:35:44+00:00","og_image":[{"url":"https:\/\/www.clear-edge.com\/wp-content\/uploads\/2019\/10\/Monodur-TM-Mesh-slitting_cropped-1024x256.png","type":"","width":"","height":""}],"twitter_card":"summary_large_image","twitter_misc":{"Gesch\u00e4tzte Lesezeit":"1 Minute"},"schema":{"@context":"https:\/\/schema.org","@graph":[{"@type":"WebPage","@id":"https:\/\/www.clear-edge.com\/de\/produkte\/monodur-praezisionsgewebe\/","url":"https:\/\/www.clear-edge.com\/de\/produkte\/monodur-praezisionsgewebe\/","name":"Monodur Pr\u00e4zisionsgewebe - Clear Edge","isPartOf":{"@id":"https:\/\/www.clear-edge.com\/de\/#website"},"primaryImageOfPage":{"@id":"https:\/\/www.clear-edge.com\/de\/produkte\/monodur-praezisionsgewebe\/#primaryimage"},"image":{"@id":"https:\/\/www.clear-edge.com\/de\/produkte\/monodur-praezisionsgewebe\/#primaryimage"},"thumbnailUrl":"https:\/\/www.clear-edge.com\/wp-content\/uploads\/2019\/10\/Monodur-TM-Mesh-slitting_cropped-1024x256.png","datePublished":"2020-09-09T14:45:37+00:00","dateModified":"2020-11-03T19:35:44+00:00","breadcrumb":{"@id":"https:\/\/www.clear-edge.com\/de\/produkte\/monodur-praezisionsgewebe\/#breadcrumb"},"inLanguage":"de-DE","potentialAction":[{"@type":"ReadAction","target":["https:\/\/www.clear-edge.com\/de\/produkte\/monodur-praezisionsgewebe\/"]}]},{"@type":"ImageObject","inLanguage":"de-DE","@id":"https:\/\/www.clear-edge.com\/de\/produkte\/monodur-praezisionsgewebe\/#primaryimage","url":"https:\/\/www.clear-edge.com\/wp-content\/uploads\/2019\/10\/Monodur-TM-Mesh-slitting_cropped-1024x256.png","contentUrl":"https:\/\/www.clear-edge.com\/wp-content\/uploads\/2019\/10\/Monodur-TM-Mesh-slitting_cropped-1024x256.png"},{"@type":"BreadcrumbList","@id":"https:\/\/www.clear-edge.com\/de\/produkte\/monodur-praezisionsgewebe\/#breadcrumb","itemListElement":[{"@type":"ListItem","position":1,"name":"","item":"https:\/\/www.clear-edge.com\/de\/"},{"@type":"ListItem","position":2,"name":"Produkte","item":"https:\/\/www.clear-edge.com\/de\/produkte\/"},{"@type":"ListItem","position":3,"name":"Monodur Pr\u00e4zisionsgewebe"}]},{"@type":"WebSite","@id":"https:\/\/www.clear-edge.com\/de\/#website","url":"https:\/\/www.clear-edge.com\/de\/","name":"Clear Edge","description":"Global manufacturer and supplier of technical filter fabrics I filter cloths I filter belts I filtration solutions","publisher":{"@id":"https:\/\/www.clear-edge.com\/de\/#organization"},"potentialAction":[{"@type":"SearchAction","target":{"@type":"EntryPoint","urlTemplate":"https:\/\/www.clear-edge.com\/de\/?s={search_term_string}"},"query-input":{"@type":"PropertyValueSpecification","valueRequired":true,"valueName":"search_term_string"}}],"inLanguage":"de-DE"},{"@type":"Organization","@id":"https:\/\/www.clear-edge.com\/de\/#organization","name":"Filtration Group","url":"https:\/\/www.clear-edge.com\/de\/","logo":{"@type":"ImageObject","inLanguage":"de-DE","@id":"https:\/\/www.clear-edge.com\/de\/#\/schema\/logo\/image\/","url":"https:\/\/www.clear-edge.com\/wp-content\/uploads\/2019\/06\/FGC-logo-1.png","contentUrl":"https:\/\/www.clear-edge.com\/wp-content\/uploads\/2019\/06\/FGC-logo-1.png","width":1104,"height":224,"caption":"Filtration Group"},"image":{"@id":"https:\/\/www.clear-edge.com\/de\/#\/schema\/logo\/image\/"}}]}},"_links":{"self":[{"href":"https:\/\/www.clear-edge.com\/de\/wp-json\/wp\/v2\/pages\/1132","targetHints":{"allow":["GET"]}}],"collection":[{"href":"https:\/\/www.clear-edge.com\/de\/wp-json\/wp\/v2\/pages"}],"about":[{"href":"https:\/\/www.clear-edge.com\/de\/wp-json\/wp\/v2\/types\/page"}],"author":[{"embeddable":true,"href":"https:\/\/www.clear-edge.com\/de\/wp-json\/wp\/v2\/users\/7"}],"replies":[{"embeddable":true,"href":"https:\/\/www.clear-edge.com\/de\/wp-json\/wp\/v2\/comments?post=1132"}],"version-history":[{"count":0,"href":"https:\/\/www.clear-edge.com\/de\/wp-json\/wp\/v2\/pages\/1132\/revisions"}],"up":[{"embeddable":true,"href":"https:\/\/www.clear-edge.com\/de\/wp-json\/wp\/v2\/pages\/1039"}],"wp:attachment":[{"href":"https:\/\/www.clear-edge.com\/de\/wp-json\/wp\/v2\/media?parent=1132"}],"curies":[{"name":"wp","href":"https:\/\/api.w.org\/{rel}","templated":true}]}}