{"id":1128,"date":"2020-09-09T14:45:36","date_gmt":"2020-09-09T14:45:36","guid":{"rendered":"https:\/\/www.clear-edge.com\/produkte\/absetzfiltration\/"},"modified":"2020-09-23T16:42:37","modified_gmt":"2020-09-23T16:42:37","slug":"absetzfiltration","status":"publish","type":"page","link":"https:\/\/www.clear-edge.com\/de\/produkte\/absetzfiltration\/","title":{"rendered":"Absetzfiltration"},"content":{"rendered":"\n<div class=\"wp-block-cover alignfull has-background-dim\" style=\"background-image:url(https:\/\/www.clear-edge.com\/wp-content\/uploads\/2019\/10\/Gravity-Filtration-Banner.jpg)\"><div class=\"wp-block-cover__inner-container is-layout-flow wp-block-cover-is-layout-flow\">\n<h1 class=\"has-text-align-center wp-block-heading\">Absetzfiltration<\/h1>\n<\/div><\/div>\n\n\n\n<h2 style=\"text-align:left;color:#0093d0\">Absetzfiltration<\/h2>\n\n\n\n<p>Selbst mit dem Aufkommen der <a href=\"https:\/\/www.clear-edge.com\/de\/produkte\/druckfiltration\/\">Druckfiltration<\/a> ist die Absetzfiltration bzw. Schwerkraftfiltration immer noch in Anwendungen wie der Vorentw\u00e4sserung in <a href=\"https:\/\/www.clear-edge.com\/de\/maerkte\/wasseraufbereitung\/\">Wasseraufbereitungsanlagen<\/a> und<a href=\"https:\/\/www.clear-edge.com\/de\/maerkte\/bergbau-und-mineralien\/\"> im Bergbau zu finden<\/a>. Die Filtrations- und Trennprozesse beruhen auf der Schwerkraft, um das Wasser aus der Suspension durch das Filterbandmedium passieren zu lassen.<br><\/p>\n\n\n\n<hr class=\"wp-block-separator is-style-wide\" \/>\n\n\n\n<p><\/p>\n\n\n\n<h2 style=\"text-align:left;color:#0093d0\">Absetzfilterb\u00e4nder bzw. Vorentw\u00e4sserungsfilterb\u00e4nder<\/h2>\n\n\n\n<p>Absetzfilterb\u00e4nder werden h\u00e4ufig zur Reduzierung des Schlammvolumens vor der eigentlichen Schlammentw\u00e4sserung in der <a href=\"https:\/\/www.clear-edge.com\/de\/maerkte\/wasseraufbereitung\/\">Wasseraufbereitung<\/a> verwendet. Unser Teams aus Spezialisten haben wirtschaftliche L\u00f6sungen f\u00fcr Absetzbandeindicker mit Spiralsieben oder gewebte Filtermedien entwickelt. Clear Edge legt die Qualit\u00e4t der Absetzfilterb\u00e4nder so aus, dass sie hohen Beschickungsraten und einer hohen Belastung im Dauerbetrieb standhalten. Gleichzeitig bieten unsere B\u00e4der\/ Siebe einen angemessenen Fl\u00fcssigkeitsdurchsatz und haben einen geringen Wartungsaufwand. <br><\/p>\n\n\n\n<figure class=\"wp-block-image\"><img loading=\"lazy\" decoding=\"async\" width=\"1024\" height=\"256\" src=\"https:\/\/www.clear-edge.com\/wp-content\/uploads\/2019\/10\/Gravity-Banner-1024x256.jpg\" alt=\"\" class=\"wp-image-595\" srcset=\"https:\/\/www.clear-edge.com\/wp-content\/uploads\/2019\/10\/Gravity-Banner-1024x256.jpg 1024w, https:\/\/www.clear-edge.com\/wp-content\/uploads\/2019\/10\/Gravity-Banner-300x75.jpg 300w, https:\/\/www.clear-edge.com\/wp-content\/uploads\/2019\/10\/Gravity-Banner-768x192.jpg 768w, https:\/\/www.clear-edge.com\/wp-content\/uploads\/2019\/10\/Gravity-Banner.jpg 1500w\" sizes=\"auto, (max-width: 1024px) 100vw, 1024px\" \/><\/figure>\n\n\n\n<hr class=\"wp-block-separator is-style-wide\" \/>\n\n\n\n<h2 style=\"text-align:left;color:#0093d0\">Lineare Siebe<\/h2>\n\n\n\n<p>Lineare Siebmaschinen dienen in erster Linie der Abtrennung von gr\u00f6beren Partikeln aus Bergbauschl\u00e4mmen und garantieren einen reibungslosen und effizienten Siebprozess. Unser Team aus Spezialisten arbeitet kontinuierlich an innovativen Gewebedesigns, um sicherzustellen, dass wir die Anforderungen der anspruchsvollsten Anwendungen erf\u00fcllen. Bei Clear Edge bieten wir eine Reihe von monofilen Bandgeweben mit einer Auswahl an Maschenweiten und Porengr\u00f6\u00dfen an, um eine pr\u00e4zise Trennung f\u00fcr verschiedene Anforderungen zu gew\u00e4hrleisten.<br><\/p>\n\n\n\n<div style=\"height:50px\" aria-hidden=\"true\" class=\"wp-block-spacer\"><\/div>\n\n\n\n<div class=\"wp-block-columns has-2-columns grayblock pt-5 pb-5 is-layout-flex wp-container-core-columns-is-layout-9d6595d7 wp-block-columns-is-layout-flex\">\n<div class=\"wp-block-column is-layout-flow wp-block-column-is-layout-flow\">\n<h4 class=\"wp-block-heading\">Kontaktieren Sie uns bez\u00fcglich Absetzfiltration<\/h4>\n\n\n\n<div class=\"wp-block-button\"><a class=\"wp-block-button__link has-green-background-color has-background\" href=\"https:\/\/www.clear-edge.com\/de\/ueber-uns\/kontaktieren-sie-uns\/\">Kontaktieren Sie uns<\/a><\/div>\n<\/div>\n\n\n\n<div class=\"wp-block-column is-layout-flow wp-block-column-is-layout-flow\"><\/div>\n<\/div>\n","protected":false},"excerpt":{"rendered":"<p>Absetzfiltration Selbst mit dem Aufkommen der Druckfiltration ist die Absetzfiltration bzw. Schwerkraftfiltration immer noch in Anwendungen wie der Vorentw\u00e4sserung in Wasseraufbereitungsanlagen und im Bergbau zu finden. Die Filtrations- und Trennprozesse beruhen auf der Schwerkraft, um das Wasser aus der Suspension durch das Filterbandmedium passieren zu lassen. Absetzfilterb\u00e4nder bzw. Vorentw\u00e4sserungsfilterb\u00e4nder Absetzfilterb\u00e4nder werden h\u00e4ufig zur Reduzierung des [&hellip;]<\/p>\n","protected":false},"author":7,"featured_media":0,"parent":1039,"menu_order":0,"comment_status":"closed","ping_status":"closed","template":"","meta":{"_acf_changed":false,"footnotes":""},"class_list":["post-1128","page","type-page","status-publish","hentry"],"acf":[],"yoast_head":"<!-- This site is optimized with the Yoast SEO plugin v27.3 - https:\/\/yoast.com\/product\/yoast-seo-wordpress\/ -->\n<title>Absetzfiltration - Clear Edge<\/title>\n<meta name=\"robots\" content=\"index, follow, max-snippet:-1, max-image-preview:large, max-video-preview:-1\" \/>\n<link rel=\"canonical\" href=\"https:\/\/www.clear-edge.com\/de\/produkte\/absetzfiltration\/\" \/>\n<meta property=\"og:locale\" content=\"de_DE\" \/>\n<meta property=\"og:type\" content=\"article\" \/>\n<meta property=\"og:title\" content=\"Absetzfiltration - Clear Edge\" \/>\n<meta property=\"og:description\" content=\"Absetzfiltration Selbst mit dem Aufkommen der Druckfiltration ist die Absetzfiltration bzw. Schwerkraftfiltration immer noch in Anwendungen wie der Vorentw\u00e4sserung in Wasseraufbereitungsanlagen und im Bergbau zu finden. Die Filtrations- und Trennprozesse beruhen auf der Schwerkraft, um das Wasser aus der Suspension durch das Filterbandmedium passieren zu lassen. Absetzfilterb\u00e4nder bzw. Vorentw\u00e4sserungsfilterb\u00e4nder Absetzfilterb\u00e4nder werden h\u00e4ufig zur Reduzierung des [&hellip;]\" \/>\n<meta property=\"og:url\" content=\"https:\/\/www.clear-edge.com\/de\/produkte\/absetzfiltration\/\" \/>\n<meta property=\"og:site_name\" content=\"Clear Edge\" \/>\n<meta property=\"article:modified_time\" content=\"2020-09-23T16:42:37+00:00\" \/>\n<meta property=\"og:image\" content=\"https:\/\/www.clear-edge.com\/wp-content\/uploads\/2019\/10\/Gravity-Banner-1024x256.jpg\" \/>\n<meta name=\"twitter:card\" content=\"summary_large_image\" \/>\n<meta name=\"twitter:label1\" content=\"Gesch\u00e4tzte Lesezeit\" \/>\n\t<meta name=\"twitter:data1\" content=\"1 Minute\" \/>\n<script type=\"application\/ld+json\" class=\"yoast-schema-graph\">{\"@context\":\"https:\\\/\\\/schema.org\",\"@graph\":[{\"@type\":\"WebPage\",\"@id\":\"https:\\\/\\\/www.clear-edge.com\\\/de\\\/produkte\\\/absetzfiltration\\\/\",\"url\":\"https:\\\/\\\/www.clear-edge.com\\\/de\\\/produkte\\\/absetzfiltration\\\/\",\"name\":\"Absetzfiltration - Clear Edge\",\"isPartOf\":{\"@id\":\"https:\\\/\\\/www.clear-edge.com\\\/de\\\/#website\"},\"primaryImageOfPage\":{\"@id\":\"https:\\\/\\\/www.clear-edge.com\\\/de\\\/produkte\\\/absetzfiltration\\\/#primaryimage\"},\"image\":{\"@id\":\"https:\\\/\\\/www.clear-edge.com\\\/de\\\/produkte\\\/absetzfiltration\\\/#primaryimage\"},\"thumbnailUrl\":\"https:\\\/\\\/www.clear-edge.com\\\/wp-content\\\/uploads\\\/2019\\\/10\\\/Gravity-Banner-1024x256.jpg\",\"datePublished\":\"2020-09-09T14:45:36+00:00\",\"dateModified\":\"2020-09-23T16:42:37+00:00\",\"breadcrumb\":{\"@id\":\"https:\\\/\\\/www.clear-edge.com\\\/de\\\/produkte\\\/absetzfiltration\\\/#breadcrumb\"},\"inLanguage\":\"de-DE\",\"potentialAction\":[{\"@type\":\"ReadAction\",\"target\":[\"https:\\\/\\\/www.clear-edge.com\\\/de\\\/produkte\\\/absetzfiltration\\\/\"]}]},{\"@type\":\"ImageObject\",\"inLanguage\":\"de-DE\",\"@id\":\"https:\\\/\\\/www.clear-edge.com\\\/de\\\/produkte\\\/absetzfiltration\\\/#primaryimage\",\"url\":\"https:\\\/\\\/www.clear-edge.com\\\/wp-content\\\/uploads\\\/2019\\\/10\\\/Gravity-Banner-1024x256.jpg\",\"contentUrl\":\"https:\\\/\\\/www.clear-edge.com\\\/wp-content\\\/uploads\\\/2019\\\/10\\\/Gravity-Banner-1024x256.jpg\"},{\"@type\":\"BreadcrumbList\",\"@id\":\"https:\\\/\\\/www.clear-edge.com\\\/de\\\/produkte\\\/absetzfiltration\\\/#breadcrumb\",\"itemListElement\":[{\"@type\":\"ListItem\",\"position\":1,\"name\":\"\",\"item\":\"https:\\\/\\\/www.clear-edge.com\\\/de\\\/\"},{\"@type\":\"ListItem\",\"position\":2,\"name\":\"Produkte\",\"item\":\"https:\\\/\\\/www.clear-edge.com\\\/de\\\/produkte\\\/\"},{\"@type\":\"ListItem\",\"position\":3,\"name\":\"Absetzfiltration\"}]},{\"@type\":\"WebSite\",\"@id\":\"https:\\\/\\\/www.clear-edge.com\\\/de\\\/#website\",\"url\":\"https:\\\/\\\/www.clear-edge.com\\\/de\\\/\",\"name\":\"Clear Edge\",\"description\":\"Global manufacturer and supplier of technical filter fabrics I filter cloths I filter belts I filtration solutions\",\"publisher\":{\"@id\":\"https:\\\/\\\/www.clear-edge.com\\\/de\\\/#organization\"},\"potentialAction\":[{\"@type\":\"SearchAction\",\"target\":{\"@type\":\"EntryPoint\",\"urlTemplate\":\"https:\\\/\\\/www.clear-edge.com\\\/de\\\/?s={search_term_string}\"},\"query-input\":{\"@type\":\"PropertyValueSpecification\",\"valueRequired\":true,\"valueName\":\"search_term_string\"}}],\"inLanguage\":\"de-DE\"},{\"@type\":\"Organization\",\"@id\":\"https:\\\/\\\/www.clear-edge.com\\\/de\\\/#organization\",\"name\":\"Filtration Group\",\"url\":\"https:\\\/\\\/www.clear-edge.com\\\/de\\\/\",\"logo\":{\"@type\":\"ImageObject\",\"inLanguage\":\"de-DE\",\"@id\":\"https:\\\/\\\/www.clear-edge.com\\\/de\\\/#\\\/schema\\\/logo\\\/image\\\/\",\"url\":\"https:\\\/\\\/www.clear-edge.com\\\/wp-content\\\/uploads\\\/2019\\\/06\\\/FGC-logo-1.png\",\"contentUrl\":\"https:\\\/\\\/www.clear-edge.com\\\/wp-content\\\/uploads\\\/2019\\\/06\\\/FGC-logo-1.png\",\"width\":1104,\"height\":224,\"caption\":\"Filtration Group\"},\"image\":{\"@id\":\"https:\\\/\\\/www.clear-edge.com\\\/de\\\/#\\\/schema\\\/logo\\\/image\\\/\"}}]}<\/script>\n<!-- \/ Yoast SEO plugin. -->","yoast_head_json":{"title":"Absetzfiltration - Clear Edge","robots":{"index":"index","follow":"follow","max-snippet":"max-snippet:-1","max-image-preview":"max-image-preview:large","max-video-preview":"max-video-preview:-1"},"canonical":"https:\/\/www.clear-edge.com\/de\/produkte\/absetzfiltration\/","og_locale":"de_DE","og_type":"article","og_title":"Absetzfiltration - Clear Edge","og_description":"Absetzfiltration Selbst mit dem Aufkommen der Druckfiltration ist die Absetzfiltration bzw. Schwerkraftfiltration immer noch in Anwendungen wie der Vorentw\u00e4sserung in Wasseraufbereitungsanlagen und im Bergbau zu finden. Die Filtrations- und Trennprozesse beruhen auf der Schwerkraft, um das Wasser aus der Suspension durch das Filterbandmedium passieren zu lassen. Absetzfilterb\u00e4nder bzw. Vorentw\u00e4sserungsfilterb\u00e4nder Absetzfilterb\u00e4nder werden h\u00e4ufig zur Reduzierung des [&hellip;]","og_url":"https:\/\/www.clear-edge.com\/de\/produkte\/absetzfiltration\/","og_site_name":"Clear Edge","article_modified_time":"2020-09-23T16:42:37+00:00","og_image":[{"url":"https:\/\/www.clear-edge.com\/wp-content\/uploads\/2019\/10\/Gravity-Banner-1024x256.jpg","type":"","width":"","height":""}],"twitter_card":"summary_large_image","twitter_misc":{"Gesch\u00e4tzte Lesezeit":"1 Minute"},"schema":{"@context":"https:\/\/schema.org","@graph":[{"@type":"WebPage","@id":"https:\/\/www.clear-edge.com\/de\/produkte\/absetzfiltration\/","url":"https:\/\/www.clear-edge.com\/de\/produkte\/absetzfiltration\/","name":"Absetzfiltration - Clear Edge","isPartOf":{"@id":"https:\/\/www.clear-edge.com\/de\/#website"},"primaryImageOfPage":{"@id":"https:\/\/www.clear-edge.com\/de\/produkte\/absetzfiltration\/#primaryimage"},"image":{"@id":"https:\/\/www.clear-edge.com\/de\/produkte\/absetzfiltration\/#primaryimage"},"thumbnailUrl":"https:\/\/www.clear-edge.com\/wp-content\/uploads\/2019\/10\/Gravity-Banner-1024x256.jpg","datePublished":"2020-09-09T14:45:36+00:00","dateModified":"2020-09-23T16:42:37+00:00","breadcrumb":{"@id":"https:\/\/www.clear-edge.com\/de\/produkte\/absetzfiltration\/#breadcrumb"},"inLanguage":"de-DE","potentialAction":[{"@type":"ReadAction","target":["https:\/\/www.clear-edge.com\/de\/produkte\/absetzfiltration\/"]}]},{"@type":"ImageObject","inLanguage":"de-DE","@id":"https:\/\/www.clear-edge.com\/de\/produkte\/absetzfiltration\/#primaryimage","url":"https:\/\/www.clear-edge.com\/wp-content\/uploads\/2019\/10\/Gravity-Banner-1024x256.jpg","contentUrl":"https:\/\/www.clear-edge.com\/wp-content\/uploads\/2019\/10\/Gravity-Banner-1024x256.jpg"},{"@type":"BreadcrumbList","@id":"https:\/\/www.clear-edge.com\/de\/produkte\/absetzfiltration\/#breadcrumb","itemListElement":[{"@type":"ListItem","position":1,"name":"","item":"https:\/\/www.clear-edge.com\/de\/"},{"@type":"ListItem","position":2,"name":"Produkte","item":"https:\/\/www.clear-edge.com\/de\/produkte\/"},{"@type":"ListItem","position":3,"name":"Absetzfiltration"}]},{"@type":"WebSite","@id":"https:\/\/www.clear-edge.com\/de\/#website","url":"https:\/\/www.clear-edge.com\/de\/","name":"Clear Edge","description":"Global manufacturer and supplier of technical filter fabrics I filter cloths I filter belts I filtration solutions","publisher":{"@id":"https:\/\/www.clear-edge.com\/de\/#organization"},"potentialAction":[{"@type":"SearchAction","target":{"@type":"EntryPoint","urlTemplate":"https:\/\/www.clear-edge.com\/de\/?s={search_term_string}"},"query-input":{"@type":"PropertyValueSpecification","valueRequired":true,"valueName":"search_term_string"}}],"inLanguage":"de-DE"},{"@type":"Organization","@id":"https:\/\/www.clear-edge.com\/de\/#organization","name":"Filtration Group","url":"https:\/\/www.clear-edge.com\/de\/","logo":{"@type":"ImageObject","inLanguage":"de-DE","@id":"https:\/\/www.clear-edge.com\/de\/#\/schema\/logo\/image\/","url":"https:\/\/www.clear-edge.com\/wp-content\/uploads\/2019\/06\/FGC-logo-1.png","contentUrl":"https:\/\/www.clear-edge.com\/wp-content\/uploads\/2019\/06\/FGC-logo-1.png","width":1104,"height":224,"caption":"Filtration Group"},"image":{"@id":"https:\/\/www.clear-edge.com\/de\/#\/schema\/logo\/image\/"}}]}},"_links":{"self":[{"href":"https:\/\/www.clear-edge.com\/de\/wp-json\/wp\/v2\/pages\/1128","targetHints":{"allow":["GET"]}}],"collection":[{"href":"https:\/\/www.clear-edge.com\/de\/wp-json\/wp\/v2\/pages"}],"about":[{"href":"https:\/\/www.clear-edge.com\/de\/wp-json\/wp\/v2\/types\/page"}],"author":[{"embeddable":true,"href":"https:\/\/www.clear-edge.com\/de\/wp-json\/wp\/v2\/users\/7"}],"replies":[{"embeddable":true,"href":"https:\/\/www.clear-edge.com\/de\/wp-json\/wp\/v2\/comments?post=1128"}],"version-history":[{"count":0,"href":"https:\/\/www.clear-edge.com\/de\/wp-json\/wp\/v2\/pages\/1128\/revisions"}],"up":[{"embeddable":true,"href":"https:\/\/www.clear-edge.com\/de\/wp-json\/wp\/v2\/pages\/1039"}],"wp:attachment":[{"href":"https:\/\/www.clear-edge.com\/de\/wp-json\/wp\/v2\/media?parent=1128"}],"curies":[{"name":"wp","href":"https:\/\/api.w.org\/{rel}","templated":true}]}}