{"id":1127,"date":"2020-09-09T14:45:35","date_gmt":"2020-09-09T14:45:35","guid":{"rendered":"https:\/\/www.clear-edge.com\/ressourcen\/broschueren-und-fallstudien\/"},"modified":"2020-09-29T19:49:35","modified_gmt":"2020-09-29T19:49:35","slug":"broschueren-und-fallstudien","status":"publish","type":"page","link":"https:\/\/www.clear-edge.com\/de\/ressourcen\/broschueren-und-fallstudien\/","title":{"rendered":"Brosch\u00fcren und Fallstudien"},"content":{"rendered":"\n<div class=\"wp-block-cover alignfull has-blue-background-color has-background-dim\" style=\"background-image:url(https:\/\/www.clear-edge.com\/wp-content\/uploads\/2019\/10\/blue.jpg)\"><div class=\"wp-block-cover__inner-container is-layout-flow wp-block-cover-is-layout-flow\">\n<h1 class=\"has-text-align-center wp-block-heading\">Brosch\u00fcren und Fallstudien<\/h1>\n<\/div><\/div>\n\n\n\n\n\n<div style=\"height:50px\" aria-hidden=\"true\" class=\"wp-block-spacer\"><\/div>\n\n\n\n<hr class=\"wp-block-separator is-style-wide\" \/>\n\n\n\n<h2 class=\"wp-block-heading\">Brosch\u00fcren<\/h2>\n\n\n\n<div class=\"wp-block-columns has-3-columns is-layout-flex wp-container-core-columns-is-layout-9d6595d7 wp-block-columns-is-layout-flex\">\n<div class=\"wp-block-column is-layout-flow wp-block-column-is-layout-flow\">\n<div class=\"wp-block-media-text alignwide is-stacked-on-mobile\"><figure class=\"wp-block-media-text__media\"><img loading=\"lazy\" decoding=\"async\" width=\"724\" height=\"1024\" src=\"https:\/\/www.clear-edge.com\/wp-content\/uploads\/2019\/10\/Clear-Edge-Brochure-EN-724x1024.jpg\" alt=\"\" class=\"wp-image-783\" srcset=\"https:\/\/www.clear-edge.com\/wp-content\/uploads\/2019\/10\/Clear-Edge-Brochure-EN-724x1024.jpg 724w, https:\/\/www.clear-edge.com\/wp-content\/uploads\/2019\/10\/Clear-Edge-Brochure-EN-212x300.jpg 212w, https:\/\/www.clear-edge.com\/wp-content\/uploads\/2019\/10\/Clear-Edge-Brochure-EN-768x1086.jpg 768w\" sizes=\"auto, (max-width: 724px) 100vw, 724px\" \/><\/figure><div class=\"wp-block-media-text__content\">\n<h3 class=\"wp-block-heading\">Clear Edge allgemein<\/h3>\n\n\n\n<div class=\"wp-block-button blank\"><a class=\"wp-block-button__link has-green-background-color has-background\" href=\"https:\/\/www.clear-edge.com\/wp-content\/uploads\/2019\/10\/Clear-Edge-Brochure-EN.pdf\">Herunterladen<\/a><\/div>\n<\/div><\/div>\n<\/div>\n\n\n\n<div class=\"wp-block-column is-layout-flow wp-block-column-is-layout-flow\">\n<div class=\"wp-block-media-text alignwide is-stacked-on-mobile\"><figure class=\"wp-block-media-text__media\"><img loading=\"lazy\" decoding=\"async\" width=\"300\" height=\"212\" src=\"https:\/\/www.clear-edge.com\/wp-content\/uploads\/2019\/10\/Clear-Edge-AlutexTM-1.jpg\" alt=\"\" class=\"wp-image-789\" \/><\/figure><div class=\"wp-block-media-text__content\">\n<h3 class=\"wp-block-heading\">Alutex\u2122<\/h3>\n\n\n\n<div class=\"wp-block-button\"><a class=\"wp-block-button__link has-green-background-color has-background\" href=\"https:\/\/www.clear-edge.com\/de\/ressourcen\/broschueren-und-fallstudien\/downloadanfrage-fuer-die-alutex-broschuere\">Herunterladen<\/a><\/div>\n<\/div><\/div>\n<\/div>\n\n\n\n<div class=\"wp-block-column is-layout-flow wp-block-column-is-layout-flow\">\n<div class=\"wp-block-media-text alignwide is-stacked-on-mobile\"><figure class=\"wp-block-media-text__media\"><img loading=\"lazy\" decoding=\"async\" width=\"300\" height=\"408\" src=\"https:\/\/www.clear-edge.com\/wp-content\/uploads\/2019\/10\/Clear-Edge-Coated-Filter-Media-Flyer-1.jpg\" alt=\"\" class=\"wp-image-791\" srcset=\"https:\/\/www.clear-edge.com\/wp-content\/uploads\/2019\/10\/Clear-Edge-Coated-Filter-Media-Flyer-1.jpg 300w, https:\/\/www.clear-edge.com\/wp-content\/uploads\/2019\/10\/Clear-Edge-Coated-Filter-Media-Flyer-1-221x300.jpg 221w\" sizes=\"auto, (max-width: 300px) 100vw, 300px\" \/><\/figure><div class=\"wp-block-media-text__content\">\n<h3 class=\"wp-block-heading\">Beschichtete Filtermedien<\/h3>\n\n\n\n<div class=\"wp-block-button\"><a class=\"wp-block-button__link has-green-background-color has-background\" href=\"https:\/\/www.clear-edge.com\/de\/ressourcen\/broschueren-und-fallstudien\/downloadanfrage-fuer-die-broschuere-beschichtete-filtermedien\">Herunterladen<\/a><\/div>\n<\/div><\/div>\n<\/div>\n<\/div>\n\n\n\n<div class=\"wp-block-columns has-3-columns is-layout-flex wp-container-core-columns-is-layout-9d6595d7 wp-block-columns-is-layout-flex\">\n<div class=\"wp-block-column is-layout-flow wp-block-column-is-layout-flow\">\n<div class=\"wp-block-media-text alignwide is-stacked-on-mobile\"><figure class=\"wp-block-media-text__media\"><img loading=\"lazy\" decoding=\"async\" width=\"300\" height=\"212\" src=\"https:\/\/www.clear-edge.com\/wp-content\/uploads\/2019\/10\/Clear-Edge-CoolfloTM-1.jpg\" alt=\"\" class=\"wp-image-793\" \/><\/figure><div class=\"wp-block-media-text__content\">\n<h3 class=\"wp-block-heading\">Coolflo\u2122<\/h3>\n\n\n\n<div class=\"wp-block-button\"><a class=\"wp-block-button__link has-green-background-color has-background\" href=\"https:\/\/www.clear-edge.com\/de\/ressourcen\/broschueren-und-fallstudien\/downloadanfrage-fuer-die-broschuere-coolflo\">Herunterladen<\/a><\/div>\n<\/div><\/div>\n<\/div>\n\n\n\n<div class=\"wp-block-column is-layout-flow wp-block-column-is-layout-flow\">\n<div class=\"wp-block-media-text alignwide is-stacked-on-mobile\"><figure class=\"wp-block-media-text__media\"><img loading=\"lazy\" decoding=\"async\" width=\"755\" height=\"1024\" src=\"https:\/\/www.clear-edge.com\/wp-content\/uploads\/2019\/10\/CorefloTM-Flyer-EN-1-755x1024.jpg\" alt=\"\" class=\"wp-image-795\" srcset=\"https:\/\/www.clear-edge.com\/wp-content\/uploads\/2019\/10\/CorefloTM-Flyer-EN-1-755x1024.jpg 755w, https:\/\/www.clear-edge.com\/wp-content\/uploads\/2019\/10\/CorefloTM-Flyer-EN-1-221x300.jpg 221w, https:\/\/www.clear-edge.com\/wp-content\/uploads\/2019\/10\/CorefloTM-Flyer-EN-1-768x1041.jpg 768w\" sizes=\"auto, (max-width: 755px) 100vw, 755px\" \/><\/figure><div class=\"wp-block-media-text__content\">\n<h3 class=\"wp-block-heading\">Coreflo\u2122<\/h3>\n\n\n\n<div class=\"wp-block-button\"><a class=\"wp-block-button__link has-green-background-color has-background\" href=\"https:\/\/www.clear-edge.com\/de\/ressourcen\/broschueren-und-fallstudien\/downloadanfrage-fuer-die-coreflo-broschuere\">Herunterladen<\/a><\/div>\n<\/div><\/div>\n<\/div>\n\n\n\n<div class=\"wp-block-column is-layout-flow wp-block-column-is-layout-flow\">\n<div class=\"wp-block-media-text alignwide is-stacked-on-mobile\"><figure class=\"wp-block-media-text__media\"><img loading=\"lazy\" decoding=\"async\" width=\"300\" height=\"212\" src=\"https:\/\/www.clear-edge.com\/wp-content\/uploads\/2019\/10\/Clear-Edge-Dust-Collection-Brochure-Cover.jpg\" alt=\"\" class=\"wp-image-797\" \/><\/figure><div class=\"wp-block-media-text__content\">\n<h3 class=\"wp-block-heading\">Entstaubung<\/h3>\n\n\n\n<div class=\"wp-block-button\"><a class=\"wp-block-button__link has-green-background-color has-background\" href=\"https:\/\/www.clear-edge.com\/de\/ressourcen\/broschueren-und-fallstudien\/downloadanfrage-fuer-die-broschuere-entstaubung\">Herunterladen<\/a><\/div>\n<\/div><\/div>\n<\/div>\n<\/div>\n\n\n\n<div class=\"wp-block-columns has-3-columns is-layout-flex wp-container-core-columns-is-layout-9d6595d7 wp-block-columns-is-layout-flex\">\n<div class=\"wp-block-column is-layout-flow wp-block-column-is-layout-flow\">\n<div class=\"wp-block-media-text alignwide is-stacked-on-mobile\"><figure class=\"wp-block-media-text__media\"><img loading=\"lazy\" decoding=\"async\" width=\"1024\" height=\"724\" src=\"https:\/\/www.clear-edge.com\/wp-content\/uploads\/2019\/10\/71476-Pressure-Filter-Leaves-Brochure-final_2mb-1-1024x724.jpg\" alt=\"\" class=\"wp-image-801\" srcset=\"https:\/\/www.clear-edge.com\/wp-content\/uploads\/2019\/10\/71476-Pressure-Filter-Leaves-Brochure-final_2mb-1-1024x724.jpg 1024w, https:\/\/www.clear-edge.com\/wp-content\/uploads\/2019\/10\/71476-Pressure-Filter-Leaves-Brochure-final_2mb-1-300x212.jpg 300w, https:\/\/www.clear-edge.com\/wp-content\/uploads\/2019\/10\/71476-Pressure-Filter-Leaves-Brochure-final_2mb-1-768x543.jpg 768w\" sizes=\"auto, (max-width: 1024px) 100vw, 1024px\" \/><\/figure><div class=\"wp-block-media-text__content\">\n<h3 class=\"wp-block-heading\">Filterbl\u00e4tter<\/h3>\n\n\n\n<div class=\"wp-block-button\"><a class=\"wp-block-button__link has-green-background-color has-background\" href=\"https:\/\/www.clear-edge.com\/de\/ressourcen\/broschueren-und-fallstudien\/downloadanfrage-fuer-die-broschuere-druckfilterblaetter\">Herunterladen<\/a><\/div>\n<\/div><\/div>\n<\/div>\n\n\n\n<div class=\"wp-block-column is-layout-flow wp-block-column-is-layout-flow\">\n<div class=\"wp-block-media-text alignwide is-stacked-on-mobile\"><figure class=\"wp-block-media-text__media\"><img loading=\"lazy\" decoding=\"async\" width=\"1024\" height=\"724\" src=\"https:\/\/www.clear-edge.com\/wp-content\/uploads\/2019\/10\/71474-Filter-Press-Plates-Brochure-final-low-res-1-1024x724.jpg\" alt=\"\" class=\"wp-image-803\" srcset=\"https:\/\/www.clear-edge.com\/wp-content\/uploads\/2019\/10\/71474-Filter-Press-Plates-Brochure-final-low-res-1-1024x724.jpg 1024w, https:\/\/www.clear-edge.com\/wp-content\/uploads\/2019\/10\/71474-Filter-Press-Plates-Brochure-final-low-res-1-300x212.jpg 300w, https:\/\/www.clear-edge.com\/wp-content\/uploads\/2019\/10\/71474-Filter-Press-Plates-Brochure-final-low-res-1-768x543.jpg 768w\" sizes=\"auto, (max-width: 1024px) 100vw, 1024px\" \/><\/figure><div class=\"wp-block-media-text__content\">\n<h3 class=\"wp-block-heading\">Filterplatten f\u00fcr Filterpressen<\/h3>\n\n\n\n<div class=\"wp-block-button\"><a class=\"wp-block-button__link has-green-background-color has-background\" href=\"https:\/\/www.clear-edge.com\/de\/ressourcen\/broschueren-und-fallstudien\/downloadanfrage-fuer-die-broschuere-platten-fuer-filterpressen\">Herunterladen<\/a><\/div>\n<\/div><\/div>\n<\/div>\n\n\n\n<div class=\"wp-block-column is-layout-flow wp-block-column-is-layout-flow\">\n<div class=\"wp-block-media-text alignwide is-stacked-on-mobile\"><figure class=\"wp-block-media-text__media\"><img loading=\"lazy\" decoding=\"async\" width=\"300\" height=\"212\" src=\"https:\/\/www.clear-edge.com\/wp-content\/uploads\/2019\/10\/Clear-Edge-Phosphoric-Acid-1.jpg\" alt=\"\" class=\"wp-image-805\" \/><\/figure><div class=\"wp-block-media-text__content\">\n<h3 class=\"wp-block-heading\">Phosphors\u00e4ure<\/h3>\n\n\n\n<div class=\"wp-block-button\"><a class=\"wp-block-button__link has-green-background-color has-background\" href=\"https:\/\/www.clear-edge.com\/de\/ressourcen\/broschueren-und-fallstudien\/downloadanfrage-fuer-die-broschuere-phosphorsaeure\">Herunterladen<\/a><\/div>\n<\/div><\/div>\n<\/div>\n<\/div>\n\n\n\n<div class=\"wp-block-columns has-3-columns is-layout-flex wp-container-core-columns-is-layout-9d6595d7 wp-block-columns-is-layout-flex\">\n<div class=\"wp-block-column is-layout-flow wp-block-column-is-layout-flow\">\n<div class=\"wp-block-media-text alignwide is-stacked-on-mobile\"><figure class=\"wp-block-media-text__media\"><img loading=\"lazy\" decoding=\"async\" width=\"1024\" height=\"724\" src=\"https:\/\/www.clear-edge.com\/wp-content\/uploads\/2019\/10\/Clear-Edge-Tailings-and-Cons-EN_HighQuality-1-1024x724.jpg\" alt=\"\" class=\"wp-image-810\" srcset=\"https:\/\/www.clear-edge.com\/wp-content\/uploads\/2019\/10\/Clear-Edge-Tailings-and-Cons-EN_HighQuality-1-1024x724.jpg 1024w, https:\/\/www.clear-edge.com\/wp-content\/uploads\/2019\/10\/Clear-Edge-Tailings-and-Cons-EN_HighQuality-1-300x212.jpg 300w, https:\/\/www.clear-edge.com\/wp-content\/uploads\/2019\/10\/Clear-Edge-Tailings-and-Cons-EN_HighQuality-1-768x543.jpg 768w\" sizes=\"auto, (max-width: 1024px) 100vw, 1024px\" \/><\/figure><div class=\"wp-block-media-text__content\">\n<h3 class=\"wp-block-heading\">R\u00fcckst\u00e4nde und Konzentrate<\/h3>\n\n\n\n<div class=\"wp-block-button\"><a class=\"wp-block-button__link has-green-background-color has-background\" href=\"https:\/\/www.clear-edge.com\/de\/ressourcen\/broschueren-und-fallstudien\/downloadanfrage-fuer-die-broschuere-druckfilterblaetter\">Herunterladen<\/a><\/div>\n<\/div><\/div>\n<\/div>\n\n\n\n<div class=\"wp-block-column is-layout-flow wp-block-column-is-layout-flow\">\n<div class=\"wp-block-media-text alignwide is-stacked-on-mobile\"><figure class=\"wp-block-media-text__media\"><img loading=\"lazy\" decoding=\"async\" width=\"1024\" height=\"724\" src=\"https:\/\/www.clear-edge.com\/wp-content\/uploads\/2019\/10\/71475-Ultraflo-Brochure-final-low-res-1-1-1024x724.jpg\" alt=\"\" class=\"wp-image-812\" srcset=\"https:\/\/www.clear-edge.com\/wp-content\/uploads\/2019\/10\/71475-Ultraflo-Brochure-final-low-res-1-1-1024x724.jpg 1024w, https:\/\/www.clear-edge.com\/wp-content\/uploads\/2019\/10\/71475-Ultraflo-Brochure-final-low-res-1-1-300x212.jpg 300w, https:\/\/www.clear-edge.com\/wp-content\/uploads\/2019\/10\/71475-Ultraflo-Brochure-final-low-res-1-1-768x543.jpg 768w\" sizes=\"auto, (max-width: 1024px) 100vw, 1024px\" \/><\/figure><div class=\"wp-block-media-text__content\">\n<h3 class=\"wp-block-heading\">Ultraflo\u2122<\/h3>\n\n\n\n<div class=\"wp-block-button\"><a class=\"wp-block-button__link has-green-background-color has-background\" href=\"https:\/\/www.clear-edge.com\/de\/ressourcen\/broschueren-und-fallstudien\/downloadanfrage-fuer-die-ultraflo-broschuere\">Herunterladen<\/a><\/div>\n<\/div><\/div>\n<\/div>\n\n\n\n<div class=\"wp-block-column is-layout-flow wp-block-column-is-layout-flow\">\n<div class=\"wp-block-media-text alignwide is-stacked-on-mobile\"><figure class=\"wp-block-media-text__media\"><img loading=\"lazy\" decoding=\"async\" width=\"845\" height=\"1024\" src=\"https:\/\/www.clear-edge.com\/wp-content\/uploads\/2019\/10\/Clear-Edge-ZigZag-Seam-845x1024.jpg\" alt=\"\" class=\"wp-image-815\" srcset=\"https:\/\/www.clear-edge.com\/wp-content\/uploads\/2019\/10\/Clear-Edge-ZigZag-Seam-845x1024.jpg 845w, https:\/\/www.clear-edge.com\/wp-content\/uploads\/2019\/10\/Clear-Edge-ZigZag-Seam-247x300.jpg 247w, https:\/\/www.clear-edge.com\/wp-content\/uploads\/2019\/10\/Clear-Edge-ZigZag-Seam-768x931.jpg 768w\" sizes=\"auto, (max-width: 845px) 100vw, 845px\" \/><\/figure><div class=\"wp-block-media-text__content\">\n<h3 class=\"wp-block-heading\">Zick-Zack-Naht<\/h3>\n\n\n\n<div class=\"wp-block-button\"><a class=\"wp-block-button__link has-green-background-color has-background\" href=\"https:\/\/www.clear-edge.com\/de\/ressourcen\/broschueren-und-fallstudien\/downloadanfrage-fuer-die-broschuere-zick-zack-bandnaht\">Herunterladen<\/a><\/div>\n<\/div><\/div>\n<\/div>\n<\/div>\n","protected":false},"excerpt":{"rendered":"<p>Brosch\u00fcren Clear Edge allgemein Alutex\u2122 Beschichtete Filtermedien Coolflo\u2122 Coreflo\u2122 Entstaubung Filterbl\u00e4tter Filterplatten f\u00fcr Filterpressen Phosphors\u00e4ure R\u00fcckst\u00e4nde und Konzentrate Ultraflo\u2122 Zick-Zack-Naht<\/p>\n","protected":false},"author":7,"featured_media":2104,"parent":1121,"menu_order":0,"comment_status":"closed","ping_status":"closed","template":"","meta":{"_acf_changed":false,"footnotes":""},"class_list":["post-1127","page","type-page","status-publish","has-post-thumbnail","hentry"],"acf":[],"yoast_head":"<!-- This site is optimized with the Yoast SEO plugin v27.3 - https:\/\/yoast.com\/product\/yoast-seo-wordpress\/ -->\n<title>Brosch\u00fcren und Fallstudien - Clear Edge<\/title>\n<meta name=\"robots\" content=\"index, follow, max-snippet:-1, max-image-preview:large, max-video-preview:-1\" \/>\n<link rel=\"canonical\" href=\"https:\/\/www.clear-edge.com\/de\/ressourcen\/broschueren-und-fallstudien\/\" \/>\n<meta property=\"og:locale\" content=\"de_DE\" \/>\n<meta property=\"og:type\" content=\"article\" \/>\n<meta property=\"og:title\" content=\"Brosch\u00fcren und Fallstudien - Clear Edge\" \/>\n<meta property=\"og:description\" content=\"Brosch\u00fcren Clear Edge allgemein Alutex\u2122 Beschichtete Filtermedien Coolflo\u2122 Coreflo\u2122 Entstaubung Filterbl\u00e4tter Filterplatten f\u00fcr Filterpressen Phosphors\u00e4ure R\u00fcckst\u00e4nde und Konzentrate Ultraflo\u2122 Zick-Zack-Naht\" \/>\n<meta property=\"og:url\" content=\"https:\/\/www.clear-edge.com\/de\/ressourcen\/broschueren-und-fallstudien\/\" \/>\n<meta property=\"og:site_name\" content=\"Clear Edge\" \/>\n<meta property=\"article:modified_time\" content=\"2020-09-29T19:49:35+00:00\" \/>\n<meta property=\"og:image\" content=\"https:\/\/www.clear-edge.com\/wp-content\/uploads\/2019\/10\/Clear-Edge-Brochure-EN-724x1024.jpg\" \/>\n<meta name=\"twitter:card\" content=\"summary_large_image\" \/>\n<script type=\"application\/ld+json\" class=\"yoast-schema-graph\">{\"@context\":\"https:\\\/\\\/schema.org\",\"@graph\":[{\"@type\":\"WebPage\",\"@id\":\"https:\\\/\\\/www.clear-edge.com\\\/de\\\/ressourcen\\\/broschueren-und-fallstudien\\\/\",\"url\":\"https:\\\/\\\/www.clear-edge.com\\\/de\\\/ressourcen\\\/broschueren-und-fallstudien\\\/\",\"name\":\"Brosch\u00fcren und Fallstudien - Clear Edge\",\"isPartOf\":{\"@id\":\"https:\\\/\\\/www.clear-edge.com\\\/de\\\/#website\"},\"primaryImageOfPage\":{\"@id\":\"https:\\\/\\\/www.clear-edge.com\\\/de\\\/ressourcen\\\/broschueren-und-fallstudien\\\/#primaryimage\"},\"image\":{\"@id\":\"https:\\\/\\\/www.clear-edge.com\\\/de\\\/ressourcen\\\/broschueren-und-fallstudien\\\/#primaryimage\"},\"thumbnailUrl\":\"https:\\\/\\\/www.clear-edge.com\\\/wp-content\\\/uploads\\\/2023\\\/01\\\/Featured-image-for-brochure-page.png\",\"datePublished\":\"2020-09-09T14:45:35+00:00\",\"dateModified\":\"2020-09-29T19:49:35+00:00\",\"breadcrumb\":{\"@id\":\"https:\\\/\\\/www.clear-edge.com\\\/de\\\/ressourcen\\\/broschueren-und-fallstudien\\\/#breadcrumb\"},\"inLanguage\":\"de-DE\",\"potentialAction\":[{\"@type\":\"ReadAction\",\"target\":[\"https:\\\/\\\/www.clear-edge.com\\\/de\\\/ressourcen\\\/broschueren-und-fallstudien\\\/\"]}]},{\"@type\":\"ImageObject\",\"inLanguage\":\"de-DE\",\"@id\":\"https:\\\/\\\/www.clear-edge.com\\\/de\\\/ressourcen\\\/broschueren-und-fallstudien\\\/#primaryimage\",\"url\":\"https:\\\/\\\/www.clear-edge.com\\\/wp-content\\\/uploads\\\/2023\\\/01\\\/Featured-image-for-brochure-page.png\",\"contentUrl\":\"https:\\\/\\\/www.clear-edge.com\\\/wp-content\\\/uploads\\\/2023\\\/01\\\/Featured-image-for-brochure-page.png\",\"width\":1366,\"height\":768},{\"@type\":\"BreadcrumbList\",\"@id\":\"https:\\\/\\\/www.clear-edge.com\\\/de\\\/ressourcen\\\/broschueren-und-fallstudien\\\/#breadcrumb\",\"itemListElement\":[{\"@type\":\"ListItem\",\"position\":1,\"name\":\"\",\"item\":\"https:\\\/\\\/www.clear-edge.com\\\/de\\\/\"},{\"@type\":\"ListItem\",\"position\":2,\"name\":\"Ressourcen\",\"item\":\"https:\\\/\\\/www.clear-edge.com\\\/de\\\/ressourcen\\\/\"},{\"@type\":\"ListItem\",\"position\":3,\"name\":\"Brosch\u00fcren und Fallstudien\"}]},{\"@type\":\"WebSite\",\"@id\":\"https:\\\/\\\/www.clear-edge.com\\\/de\\\/#website\",\"url\":\"https:\\\/\\\/www.clear-edge.com\\\/de\\\/\",\"name\":\"Clear Edge\",\"description\":\"Global manufacturer and supplier of technical filter fabrics I filter cloths I filter belts I filtration solutions\",\"publisher\":{\"@id\":\"https:\\\/\\\/www.clear-edge.com\\\/de\\\/#organization\"},\"potentialAction\":[{\"@type\":\"SearchAction\",\"target\":{\"@type\":\"EntryPoint\",\"urlTemplate\":\"https:\\\/\\\/www.clear-edge.com\\\/de\\\/?s={search_term_string}\"},\"query-input\":{\"@type\":\"PropertyValueSpecification\",\"valueRequired\":true,\"valueName\":\"search_term_string\"}}],\"inLanguage\":\"de-DE\"},{\"@type\":\"Organization\",\"@id\":\"https:\\\/\\\/www.clear-edge.com\\\/de\\\/#organization\",\"name\":\"Filtration Group\",\"url\":\"https:\\\/\\\/www.clear-edge.com\\\/de\\\/\",\"logo\":{\"@type\":\"ImageObject\",\"inLanguage\":\"de-DE\",\"@id\":\"https:\\\/\\\/www.clear-edge.com\\\/de\\\/#\\\/schema\\\/logo\\\/image\\\/\",\"url\":\"https:\\\/\\\/www.clear-edge.com\\\/wp-content\\\/uploads\\\/2019\\\/06\\\/FGC-logo-1.png\",\"contentUrl\":\"https:\\\/\\\/www.clear-edge.com\\\/wp-content\\\/uploads\\\/2019\\\/06\\\/FGC-logo-1.png\",\"width\":1104,\"height\":224,\"caption\":\"Filtration Group\"},\"image\":{\"@id\":\"https:\\\/\\\/www.clear-edge.com\\\/de\\\/#\\\/schema\\\/logo\\\/image\\\/\"}}]}<\/script>\n<!-- \/ Yoast SEO plugin. -->","yoast_head_json":{"title":"Brosch\u00fcren und Fallstudien - Clear Edge","robots":{"index":"index","follow":"follow","max-snippet":"max-snippet:-1","max-image-preview":"max-image-preview:large","max-video-preview":"max-video-preview:-1"},"canonical":"https:\/\/www.clear-edge.com\/de\/ressourcen\/broschueren-und-fallstudien\/","og_locale":"de_DE","og_type":"article","og_title":"Brosch\u00fcren und Fallstudien - Clear Edge","og_description":"Brosch\u00fcren Clear Edge allgemein Alutex\u2122 Beschichtete Filtermedien Coolflo\u2122 Coreflo\u2122 Entstaubung Filterbl\u00e4tter Filterplatten f\u00fcr Filterpressen Phosphors\u00e4ure R\u00fcckst\u00e4nde und Konzentrate Ultraflo\u2122 Zick-Zack-Naht","og_url":"https:\/\/www.clear-edge.com\/de\/ressourcen\/broschueren-und-fallstudien\/","og_site_name":"Clear Edge","article_modified_time":"2020-09-29T19:49:35+00:00","og_image":[{"url":"https:\/\/www.clear-edge.com\/wp-content\/uploads\/2019\/10\/Clear-Edge-Brochure-EN-724x1024.jpg","type":"","width":"","height":""}],"twitter_card":"summary_large_image","schema":{"@context":"https:\/\/schema.org","@graph":[{"@type":"WebPage","@id":"https:\/\/www.clear-edge.com\/de\/ressourcen\/broschueren-und-fallstudien\/","url":"https:\/\/www.clear-edge.com\/de\/ressourcen\/broschueren-und-fallstudien\/","name":"Brosch\u00fcren und Fallstudien - Clear Edge","isPartOf":{"@id":"https:\/\/www.clear-edge.com\/de\/#website"},"primaryImageOfPage":{"@id":"https:\/\/www.clear-edge.com\/de\/ressourcen\/broschueren-und-fallstudien\/#primaryimage"},"image":{"@id":"https:\/\/www.clear-edge.com\/de\/ressourcen\/broschueren-und-fallstudien\/#primaryimage"},"thumbnailUrl":"https:\/\/www.clear-edge.com\/wp-content\/uploads\/2023\/01\/Featured-image-for-brochure-page.png","datePublished":"2020-09-09T14:45:35+00:00","dateModified":"2020-09-29T19:49:35+00:00","breadcrumb":{"@id":"https:\/\/www.clear-edge.com\/de\/ressourcen\/broschueren-und-fallstudien\/#breadcrumb"},"inLanguage":"de-DE","potentialAction":[{"@type":"ReadAction","target":["https:\/\/www.clear-edge.com\/de\/ressourcen\/broschueren-und-fallstudien\/"]}]},{"@type":"ImageObject","inLanguage":"de-DE","@id":"https:\/\/www.clear-edge.com\/de\/ressourcen\/broschueren-und-fallstudien\/#primaryimage","url":"https:\/\/www.clear-edge.com\/wp-content\/uploads\/2023\/01\/Featured-image-for-brochure-page.png","contentUrl":"https:\/\/www.clear-edge.com\/wp-content\/uploads\/2023\/01\/Featured-image-for-brochure-page.png","width":1366,"height":768},{"@type":"BreadcrumbList","@id":"https:\/\/www.clear-edge.com\/de\/ressourcen\/broschueren-und-fallstudien\/#breadcrumb","itemListElement":[{"@type":"ListItem","position":1,"name":"","item":"https:\/\/www.clear-edge.com\/de\/"},{"@type":"ListItem","position":2,"name":"Ressourcen","item":"https:\/\/www.clear-edge.com\/de\/ressourcen\/"},{"@type":"ListItem","position":3,"name":"Brosch\u00fcren und Fallstudien"}]},{"@type":"WebSite","@id":"https:\/\/www.clear-edge.com\/de\/#website","url":"https:\/\/www.clear-edge.com\/de\/","name":"Clear Edge","description":"Global manufacturer and supplier of technical filter fabrics I filter cloths I filter belts I filtration solutions","publisher":{"@id":"https:\/\/www.clear-edge.com\/de\/#organization"},"potentialAction":[{"@type":"SearchAction","target":{"@type":"EntryPoint","urlTemplate":"https:\/\/www.clear-edge.com\/de\/?s={search_term_string}"},"query-input":{"@type":"PropertyValueSpecification","valueRequired":true,"valueName":"search_term_string"}}],"inLanguage":"de-DE"},{"@type":"Organization","@id":"https:\/\/www.clear-edge.com\/de\/#organization","name":"Filtration Group","url":"https:\/\/www.clear-edge.com\/de\/","logo":{"@type":"ImageObject","inLanguage":"de-DE","@id":"https:\/\/www.clear-edge.com\/de\/#\/schema\/logo\/image\/","url":"https:\/\/www.clear-edge.com\/wp-content\/uploads\/2019\/06\/FGC-logo-1.png","contentUrl":"https:\/\/www.clear-edge.com\/wp-content\/uploads\/2019\/06\/FGC-logo-1.png","width":1104,"height":224,"caption":"Filtration Group"},"image":{"@id":"https:\/\/www.clear-edge.com\/de\/#\/schema\/logo\/image\/"}}]}},"_links":{"self":[{"href":"https:\/\/www.clear-edge.com\/de\/wp-json\/wp\/v2\/pages\/1127","targetHints":{"allow":["GET"]}}],"collection":[{"href":"https:\/\/www.clear-edge.com\/de\/wp-json\/wp\/v2\/pages"}],"about":[{"href":"https:\/\/www.clear-edge.com\/de\/wp-json\/wp\/v2\/types\/page"}],"author":[{"embeddable":true,"href":"https:\/\/www.clear-edge.com\/de\/wp-json\/wp\/v2\/users\/7"}],"replies":[{"embeddable":true,"href":"https:\/\/www.clear-edge.com\/de\/wp-json\/wp\/v2\/comments?post=1127"}],"version-history":[{"count":0,"href":"https:\/\/www.clear-edge.com\/de\/wp-json\/wp\/v2\/pages\/1127\/revisions"}],"up":[{"embeddable":true,"href":"https:\/\/www.clear-edge.com\/de\/wp-json\/wp\/v2\/pages\/1121"}],"wp:featuredmedia":[{"embeddable":true,"href":"https:\/\/www.clear-edge.com\/de\/wp-json\/wp\/v2\/media\/2104"}],"wp:attachment":[{"href":"https:\/\/www.clear-edge.com\/de\/wp-json\/wp\/v2\/media?parent=1127"}],"curies":[{"name":"wp","href":"https:\/\/api.w.org\/{rel}","templated":true}]}}