{"id":1123,"date":"2020-09-09T14:45:35","date_gmt":"2020-09-09T14:45:35","guid":{"rendered":"https:\/\/www.clear-edge.com\/stromerzeugung\/"},"modified":"2020-11-03T19:31:31","modified_gmt":"2020-11-03T19:31:31","slug":"stromerzeugung","status":"publish","type":"page","link":"https:\/\/www.clear-edge.com\/de\/maerkte\/stromerzeugung\/","title":{"rendered":"Stromerzeugung"},"content":{"rendered":"\n<div class=\"wp-block-cover alignfull has-background-dim\" style=\"background-image:url(https:\/\/www.clear-edge.com\/wp-content\/uploads\/2019\/10\/Hero-banner_Power-Gen.jpg)\"><div class=\"wp-block-cover__inner-container is-layout-flow wp-block-cover-is-layout-flow\">\n<h1 class=\"has-text-align-center wp-block-heading\">Stromerzeugung<\/h1>\n<\/div><\/div>\n\n\n\n<p>Die Auswirkungen der Stromerzeugung auf die Umwelt und die st\u00e4ndig steigende Energie-Nachfrage sind f\u00fcr uns bei Clear Edge ein wichtiges Anliegen. Wir tragen auf verschiedene Weise dazu bei, die Belastung der Stromerzeugung auf die Umwelt sowie auf die Gesundheit der Menschen zu reduzieren. In der traditionellen Stromerzeugung sind unsere Produkte ein integraler Bestandteil bei der Entschwefelung von Rauchgasen sowie der W\u00e4sche von Kohle. Dar\u00fcber hinaus werden unsere Produkte bei der Abscheidung von Partikeln in der Abluftfiltration eingesetzt. Unsere Produkte sind der Schl\u00fcssel bei der Erzeugung erneuerbarer Energie wie z.B. aus Biomassen.<\/p>\n\n\n\n<div style=\"height:25px\" aria-hidden=\"true\" class=\"wp-block-spacer\"><\/div>\n\n\n\n<hr class=\"wp-block-separator is-style-wide\" \/>\n\n\n\n<h2 class=\"wp-block-heading\">Rauchgasentschwefelung<\/h2>\n\n\n\n<figure class=\"wp-block-image\"><img loading=\"lazy\" decoding=\"async\" width=\"1024\" height=\"256\" src=\"https:\/\/www.clear-edge.com\/wp-content\/uploads\/2019\/10\/Flu-Gas-Desulfurization_cropped-1024x256.jpg\" alt=\"\" class=\"wp-image-748\" srcset=\"https:\/\/www.clear-edge.com\/wp-content\/uploads\/2019\/10\/Flu-Gas-Desulfurization_cropped-1024x256.jpg 1024w, https:\/\/www.clear-edge.com\/wp-content\/uploads\/2019\/10\/Flu-Gas-Desulfurization_cropped-300x75.jpg 300w, https:\/\/www.clear-edge.com\/wp-content\/uploads\/2019\/10\/Flu-Gas-Desulfurization_cropped-768x192.jpg 768w, https:\/\/www.clear-edge.com\/wp-content\/uploads\/2019\/10\/Flu-Gas-Desulfurization_cropped.jpg 2000w\" sizes=\"auto, (max-width: 1024px) 100vw, 1024px\" \/><\/figure>\n\n\n\n<p>Weltweit gibt es strenge Vorschriften hinsichtlich der Menge an Schwefeldioxid (SO<sub>2<\/sub>), die Kraftwerke in die Atmosph\u00e4re aussto\u00dfen d\u00fcrfen. Die Abgase von Kraftwerken, z. B. durch die Verbrennung von Kohle und \u00d6l, haben eine sch\u00e4dliche Wirkung auf die Umwelt und bergen ein hohes Risiko f\u00fcr sauren Regen. Die Kraftwerke sind daher bestrebt, die Umweltbelastungen kontinuierlich zu reduzieren. Um die Luft zu reinigen, werden in Kraftwerken sog. Rauchgasentschwefelungsanlagen (REA) eingesetzt.<br><br>Wir bei Clear Edge verf\u00fcgen \u00fcber jahrzehntelange Erfahrung in den verschiedenen REA-Filtrationsstufen. Unsere Filtermedien sind speziell f\u00fcr den robusten Betrieb in den REA-Anwendungen ausgelegt. Wir liefern hochleistungsf\u00e4hige Produkte f\u00fcr jede Filtrationsstufe, einschlie\u00dflich Entstaubung, Gipsfiltration und Abwasserfiltration.<br><br>F\u00fcr die erste Stufe der REA-Filtration liefern wir eine breite Palette an Entstaubungsartikeln, welche f\u00fcr die verschiedenen Reinigungsprozesse ben\u00f6tigt werden. Wir verf\u00fcgen \u00fcber mehr als hundert Jahre Erfahrung bei der L\u00f6sungen von Entstaubungsaufgaben und sind stolz darauf, einen Beitrag zur Eind\u00e4mmung von Umweltverschmutzung leisten zu d\u00fcrfen. Wir liefern hochwertigste Premium-Filterbeutel mit speziellen Behandlungen und fortschrittlichem Design f\u00fcr Spitzenleistungen.<br><br>Clear Edge ist weltweit bekannt f\u00fcr hochwertige horizontale Vakuum-Filterb\u00e4nder. Wir stellen unsere B\u00e4nder aus leistungsstarkem Polyester her, die typischerweise eine hohe Kapazit\u00e4t aufweisen, um eine gr\u00f6\u00dfere Stabilit\u00e4t bei der Filtration und der Abscheidung von Gips zu gew\u00e4hrleisten.<br><br>In der Abwasseraufbereitung spielen Filterpressen eine wichtige Rolle bei der R\u00fcckf\u00fchrung von gereinigtem Wasser in die Umwelt. Wir arbeiten mit Kunden auf der ganzen Welt zusammen, um Gewebe zu entwickeln, die sicherstellen, dass bei der R\u00fcckf\u00fchrung von gereinigtem Wasser in das \u00d6kosystem die lokalen Vorschriften eingehalten werden. In dieser Filtrationsphase wenden wir f\u00fcr die Filterpressen die gleichen Technologien an wie f\u00fcr gro\u00df angelegte Betriebe mit horizontalen Vakuumbandfiltern.<\/p>\n\n\n\n<p>Unser umfangreiches Angebot an Filtermedien f\u00fcr REA-Anlagen umfasst:<\/p>\n\n\n\n<ul class=\"wp-block-list\"><li><a href=\"https:\/\/www.clear-edge.com\/de\/produkte\/vakuumfiltration\/filterbaender-fuer-horizontale-vakuumbandfilter\/\">Horizontale Vakuumfilterb\u00e4nder<\/a><\/li><li><a href=\"https:\/\/www.clear-edge.com\/de\/produkte\/druckfiltration\/filtertuecher-fuer-filterpressen\/\">Filtert\u00fccher f\u00fcr Filterpressen<\/a><\/li><li><a href=\"https:\/\/www.clear-edge.com\/de\/produkte\/druckfiltration\/filterkerzenbezuege\/\">Filterkerzengeh\u00e4use<\/a><\/li><li><a href=\"https:\/\/www.clear-edge.com\/de\/produkte\/entstaubung-und-verarbeitung\/\">Entstaubungsartikel<\/a><\/li><\/ul>\n\n\n\n<div style=\"height:50px\" aria-hidden=\"true\" class=\"wp-block-spacer\"><\/div>\n\n\n\n<div class=\"wp-block-columns has-2-columns grayblock pt-5 pb-5 is-layout-flex wp-container-core-columns-is-layout-9d6595d7 wp-block-columns-is-layout-flex\">\n<div class=\"wp-block-column is-layout-flow wp-block-column-is-layout-flow\">\n<h4 class=\"wp-block-heading\">Weitere Informationen \u00fcber Filtermedien f\u00fcr die Stromerzeugung von Clear Edge anfordern<\/h4>\n\n\n\n<div class=\"wp-block-button\"><a class=\"wp-block-button__link has-green-background-color has-background\" href=\"https:\/\/www.clear-edge.com\/de\/ueber-uns\/kontaktieren-sie-uns\/\">Kontaktieren Sie uns<\/a><\/div>\n<\/div>\n\n\n\n<div class=\"wp-block-column is-layout-flow wp-block-column-is-layout-flow\"><\/div>\n<\/div>\n","protected":false},"excerpt":{"rendered":"<p>Die Auswirkungen der Stromerzeugung auf die Umwelt und die st\u00e4ndig steigende Energie-Nachfrage sind f\u00fcr uns bei Clear Edge ein wichtiges Anliegen. Wir tragen auf verschiedene Weise dazu bei, die Belastung der Stromerzeugung auf die Umwelt sowie auf die Gesundheit der Menschen zu reduzieren. In der traditionellen Stromerzeugung sind unsere Produkte ein integraler Bestandteil bei der [&hellip;]<\/p>\n","protected":false},"author":7,"featured_media":0,"parent":1143,"menu_order":0,"comment_status":"closed","ping_status":"closed","template":"","meta":{"_acf_changed":false,"footnotes":""},"class_list":["post-1123","page","type-page","status-publish","hentry"],"acf":[],"yoast_head":"<!-- This site is optimized with the Yoast SEO plugin v27.3 - https:\/\/yoast.com\/product\/yoast-seo-wordpress\/ -->\n<title>Stromerzeugung - Clear Edge<\/title>\n<meta name=\"robots\" content=\"index, follow, max-snippet:-1, max-image-preview:large, max-video-preview:-1\" \/>\n<link rel=\"canonical\" href=\"https:\/\/www.clear-edge.com\/de\/maerkte\/stromerzeugung\/\" \/>\n<meta property=\"og:locale\" content=\"de_DE\" \/>\n<meta property=\"og:type\" content=\"article\" \/>\n<meta property=\"og:title\" content=\"Stromerzeugung - Clear Edge\" \/>\n<meta property=\"og:description\" content=\"Die Auswirkungen der Stromerzeugung auf die Umwelt und die st\u00e4ndig steigende Energie-Nachfrage sind f\u00fcr uns bei Clear Edge ein wichtiges Anliegen. Wir tragen auf verschiedene Weise dazu bei, die Belastung der Stromerzeugung auf die Umwelt sowie auf die Gesundheit der Menschen zu reduzieren. In der traditionellen Stromerzeugung sind unsere Produkte ein integraler Bestandteil bei der [&hellip;]\" \/>\n<meta property=\"og:url\" content=\"https:\/\/www.clear-edge.com\/de\/maerkte\/stromerzeugung\/\" \/>\n<meta property=\"og:site_name\" content=\"Clear Edge\" \/>\n<meta property=\"article:modified_time\" content=\"2020-11-03T19:31:31+00:00\" \/>\n<meta property=\"og:image\" content=\"https:\/\/www.clear-edge.com\/wp-content\/uploads\/2019\/10\/Flu-Gas-Desulfurization_cropped-1024x256.jpg\" \/>\n<meta name=\"twitter:card\" content=\"summary_large_image\" \/>\n<meta name=\"twitter:label1\" content=\"Gesch\u00e4tzte Lesezeit\" \/>\n\t<meta name=\"twitter:data1\" content=\"2 Minuten\" \/>\n<script type=\"application\/ld+json\" class=\"yoast-schema-graph\">{\"@context\":\"https:\\\/\\\/schema.org\",\"@graph\":[{\"@type\":\"WebPage\",\"@id\":\"https:\\\/\\\/www.clear-edge.com\\\/de\\\/maerkte\\\/stromerzeugung\\\/\",\"url\":\"https:\\\/\\\/www.clear-edge.com\\\/de\\\/maerkte\\\/stromerzeugung\\\/\",\"name\":\"Stromerzeugung - Clear Edge\",\"isPartOf\":{\"@id\":\"https:\\\/\\\/www.clear-edge.com\\\/de\\\/#website\"},\"primaryImageOfPage\":{\"@id\":\"https:\\\/\\\/www.clear-edge.com\\\/de\\\/maerkte\\\/stromerzeugung\\\/#primaryimage\"},\"image\":{\"@id\":\"https:\\\/\\\/www.clear-edge.com\\\/de\\\/maerkte\\\/stromerzeugung\\\/#primaryimage\"},\"thumbnailUrl\":\"https:\\\/\\\/www.clear-edge.com\\\/wp-content\\\/uploads\\\/2019\\\/10\\\/Flu-Gas-Desulfurization_cropped-1024x256.jpg\",\"datePublished\":\"2020-09-09T14:45:35+00:00\",\"dateModified\":\"2020-11-03T19:31:31+00:00\",\"breadcrumb\":{\"@id\":\"https:\\\/\\\/www.clear-edge.com\\\/de\\\/maerkte\\\/stromerzeugung\\\/#breadcrumb\"},\"inLanguage\":\"de-DE\",\"potentialAction\":[{\"@type\":\"ReadAction\",\"target\":[\"https:\\\/\\\/www.clear-edge.com\\\/de\\\/maerkte\\\/stromerzeugung\\\/\"]}]},{\"@type\":\"ImageObject\",\"inLanguage\":\"de-DE\",\"@id\":\"https:\\\/\\\/www.clear-edge.com\\\/de\\\/maerkte\\\/stromerzeugung\\\/#primaryimage\",\"url\":\"https:\\\/\\\/www.clear-edge.com\\\/wp-content\\\/uploads\\\/2019\\\/10\\\/Flu-Gas-Desulfurization_cropped-1024x256.jpg\",\"contentUrl\":\"https:\\\/\\\/www.clear-edge.com\\\/wp-content\\\/uploads\\\/2019\\\/10\\\/Flu-Gas-Desulfurization_cropped-1024x256.jpg\"},{\"@type\":\"BreadcrumbList\",\"@id\":\"https:\\\/\\\/www.clear-edge.com\\\/de\\\/maerkte\\\/stromerzeugung\\\/#breadcrumb\",\"itemListElement\":[{\"@type\":\"ListItem\",\"position\":1,\"name\":\"\",\"item\":\"https:\\\/\\\/www.clear-edge.com\\\/de\\\/\"},{\"@type\":\"ListItem\",\"position\":2,\"name\":\"M\u00e4rkte\",\"item\":\"https:\\\/\\\/www.clear-edge.com\\\/de\\\/maerkte\\\/\"},{\"@type\":\"ListItem\",\"position\":3,\"name\":\"Stromerzeugung\"}]},{\"@type\":\"WebSite\",\"@id\":\"https:\\\/\\\/www.clear-edge.com\\\/de\\\/#website\",\"url\":\"https:\\\/\\\/www.clear-edge.com\\\/de\\\/\",\"name\":\"Clear Edge\",\"description\":\"Global manufacturer and supplier of technical filter fabrics I filter cloths I filter belts I filtration solutions\",\"publisher\":{\"@id\":\"https:\\\/\\\/www.clear-edge.com\\\/de\\\/#organization\"},\"potentialAction\":[{\"@type\":\"SearchAction\",\"target\":{\"@type\":\"EntryPoint\",\"urlTemplate\":\"https:\\\/\\\/www.clear-edge.com\\\/de\\\/?s={search_term_string}\"},\"query-input\":{\"@type\":\"PropertyValueSpecification\",\"valueRequired\":true,\"valueName\":\"search_term_string\"}}],\"inLanguage\":\"de-DE\"},{\"@type\":\"Organization\",\"@id\":\"https:\\\/\\\/www.clear-edge.com\\\/de\\\/#organization\",\"name\":\"Filtration Group\",\"url\":\"https:\\\/\\\/www.clear-edge.com\\\/de\\\/\",\"logo\":{\"@type\":\"ImageObject\",\"inLanguage\":\"de-DE\",\"@id\":\"https:\\\/\\\/www.clear-edge.com\\\/de\\\/#\\\/schema\\\/logo\\\/image\\\/\",\"url\":\"https:\\\/\\\/www.clear-edge.com\\\/wp-content\\\/uploads\\\/2019\\\/06\\\/FGC-logo-1.png\",\"contentUrl\":\"https:\\\/\\\/www.clear-edge.com\\\/wp-content\\\/uploads\\\/2019\\\/06\\\/FGC-logo-1.png\",\"width\":1104,\"height\":224,\"caption\":\"Filtration Group\"},\"image\":{\"@id\":\"https:\\\/\\\/www.clear-edge.com\\\/de\\\/#\\\/schema\\\/logo\\\/image\\\/\"}}]}<\/script>\n<!-- \/ Yoast SEO plugin. -->","yoast_head_json":{"title":"Stromerzeugung - Clear Edge","robots":{"index":"index","follow":"follow","max-snippet":"max-snippet:-1","max-image-preview":"max-image-preview:large","max-video-preview":"max-video-preview:-1"},"canonical":"https:\/\/www.clear-edge.com\/de\/maerkte\/stromerzeugung\/","og_locale":"de_DE","og_type":"article","og_title":"Stromerzeugung - Clear Edge","og_description":"Die Auswirkungen der Stromerzeugung auf die Umwelt und die st\u00e4ndig steigende Energie-Nachfrage sind f\u00fcr uns bei Clear Edge ein wichtiges Anliegen. Wir tragen auf verschiedene Weise dazu bei, die Belastung der Stromerzeugung auf die Umwelt sowie auf die Gesundheit der Menschen zu reduzieren. In der traditionellen Stromerzeugung sind unsere Produkte ein integraler Bestandteil bei der [&hellip;]","og_url":"https:\/\/www.clear-edge.com\/de\/maerkte\/stromerzeugung\/","og_site_name":"Clear Edge","article_modified_time":"2020-11-03T19:31:31+00:00","og_image":[{"url":"https:\/\/www.clear-edge.com\/wp-content\/uploads\/2019\/10\/Flu-Gas-Desulfurization_cropped-1024x256.jpg","type":"","width":"","height":""}],"twitter_card":"summary_large_image","twitter_misc":{"Gesch\u00e4tzte Lesezeit":"2 Minuten"},"schema":{"@context":"https:\/\/schema.org","@graph":[{"@type":"WebPage","@id":"https:\/\/www.clear-edge.com\/de\/maerkte\/stromerzeugung\/","url":"https:\/\/www.clear-edge.com\/de\/maerkte\/stromerzeugung\/","name":"Stromerzeugung - Clear Edge","isPartOf":{"@id":"https:\/\/www.clear-edge.com\/de\/#website"},"primaryImageOfPage":{"@id":"https:\/\/www.clear-edge.com\/de\/maerkte\/stromerzeugung\/#primaryimage"},"image":{"@id":"https:\/\/www.clear-edge.com\/de\/maerkte\/stromerzeugung\/#primaryimage"},"thumbnailUrl":"https:\/\/www.clear-edge.com\/wp-content\/uploads\/2019\/10\/Flu-Gas-Desulfurization_cropped-1024x256.jpg","datePublished":"2020-09-09T14:45:35+00:00","dateModified":"2020-11-03T19:31:31+00:00","breadcrumb":{"@id":"https:\/\/www.clear-edge.com\/de\/maerkte\/stromerzeugung\/#breadcrumb"},"inLanguage":"de-DE","potentialAction":[{"@type":"ReadAction","target":["https:\/\/www.clear-edge.com\/de\/maerkte\/stromerzeugung\/"]}]},{"@type":"ImageObject","inLanguage":"de-DE","@id":"https:\/\/www.clear-edge.com\/de\/maerkte\/stromerzeugung\/#primaryimage","url":"https:\/\/www.clear-edge.com\/wp-content\/uploads\/2019\/10\/Flu-Gas-Desulfurization_cropped-1024x256.jpg","contentUrl":"https:\/\/www.clear-edge.com\/wp-content\/uploads\/2019\/10\/Flu-Gas-Desulfurization_cropped-1024x256.jpg"},{"@type":"BreadcrumbList","@id":"https:\/\/www.clear-edge.com\/de\/maerkte\/stromerzeugung\/#breadcrumb","itemListElement":[{"@type":"ListItem","position":1,"name":"","item":"https:\/\/www.clear-edge.com\/de\/"},{"@type":"ListItem","position":2,"name":"M\u00e4rkte","item":"https:\/\/www.clear-edge.com\/de\/maerkte\/"},{"@type":"ListItem","position":3,"name":"Stromerzeugung"}]},{"@type":"WebSite","@id":"https:\/\/www.clear-edge.com\/de\/#website","url":"https:\/\/www.clear-edge.com\/de\/","name":"Clear Edge","description":"Global manufacturer and supplier of technical filter fabrics I filter cloths I filter belts I filtration solutions","publisher":{"@id":"https:\/\/www.clear-edge.com\/de\/#organization"},"potentialAction":[{"@type":"SearchAction","target":{"@type":"EntryPoint","urlTemplate":"https:\/\/www.clear-edge.com\/de\/?s={search_term_string}"},"query-input":{"@type":"PropertyValueSpecification","valueRequired":true,"valueName":"search_term_string"}}],"inLanguage":"de-DE"},{"@type":"Organization","@id":"https:\/\/www.clear-edge.com\/de\/#organization","name":"Filtration Group","url":"https:\/\/www.clear-edge.com\/de\/","logo":{"@type":"ImageObject","inLanguage":"de-DE","@id":"https:\/\/www.clear-edge.com\/de\/#\/schema\/logo\/image\/","url":"https:\/\/www.clear-edge.com\/wp-content\/uploads\/2019\/06\/FGC-logo-1.png","contentUrl":"https:\/\/www.clear-edge.com\/wp-content\/uploads\/2019\/06\/FGC-logo-1.png","width":1104,"height":224,"caption":"Filtration Group"},"image":{"@id":"https:\/\/www.clear-edge.com\/de\/#\/schema\/logo\/image\/"}}]}},"_links":{"self":[{"href":"https:\/\/www.clear-edge.com\/de\/wp-json\/wp\/v2\/pages\/1123","targetHints":{"allow":["GET"]}}],"collection":[{"href":"https:\/\/www.clear-edge.com\/de\/wp-json\/wp\/v2\/pages"}],"about":[{"href":"https:\/\/www.clear-edge.com\/de\/wp-json\/wp\/v2\/types\/page"}],"author":[{"embeddable":true,"href":"https:\/\/www.clear-edge.com\/de\/wp-json\/wp\/v2\/users\/7"}],"replies":[{"embeddable":true,"href":"https:\/\/www.clear-edge.com\/de\/wp-json\/wp\/v2\/comments?post=1123"}],"version-history":[{"count":0,"href":"https:\/\/www.clear-edge.com\/de\/wp-json\/wp\/v2\/pages\/1123\/revisions"}],"up":[{"embeddable":true,"href":"https:\/\/www.clear-edge.com\/de\/wp-json\/wp\/v2\/pages\/1143"}],"wp:attachment":[{"href":"https:\/\/www.clear-edge.com\/de\/wp-json\/wp\/v2\/media?parent=1123"}],"curies":[{"name":"wp","href":"https:\/\/api.w.org\/{rel}","templated":true}]}}