{"id":1122,"date":"2020-09-09T14:45:34","date_gmt":"2020-09-09T14:45:34","guid":{"rendered":"https:\/\/www.clear-edge.com\/ueber-uns\/stellenangebote\/"},"modified":"2020-09-17T22:48:13","modified_gmt":"2020-09-17T22:48:13","slug":"stellenangebote","status":"publish","type":"page","link":"https:\/\/www.clear-edge.com\/de\/ueber-uns\/stellenangebote\/","title":{"rendered":"Stellenangebote"},"content":{"rendered":"\n<div class=\"wp-block-cover has-background-dim alignfull\" style=\"background-image:url(https:\/\/www.clear-edge.com\/wp-content\/uploads\/2019\/10\/Woman-on-sewing-machine-smiling_cropped.jpg);background-position:45% 27%\"><div class=\"wp-block-cover__inner-container is-layout-flow wp-block-cover-is-layout-flow\">\n<h1 class=\"has-text-align-center wp-block-heading\">Stellenangebote<\/h1>\n<\/div><\/div>\n\n\n\n<p>Clear Edge Filtration ist stolz darauf, als weltweiter Marktf\u00fchrer in der industriellen Prozessfiltration anerkannt zu sein.&nbsp; Clear Edge Filtration ist weltweit pr\u00e4sent und besch\u00e4ftigt eine Vielzahl von talentierten Mitarbeitern.<\/p>\n\n\n\n<p>Die Mission von Clear Edge Filtration ist es, ein weltweit f\u00fchrendes Unternehmen zu sein, das die industrielle Filtration optimiert und Filtermedien anbietet, die in der Separation von Fl\u00fcssig-und Feststoffen, der Entw\u00e4sserung, dem Abscheiden und Filtern von Staub, der Luftfiltration und dem Filtern und Reinigen von hei\u00dfen Gasen und anderen industriellen Nischenanwendungen Anwendung finden. Als f\u00fchrendes Unternehmen bietet es seinen Kunden Produkte von h\u00f6chster Qualit\u00e4t, exzellenten Kundenservice und technischen Support der Spitzenklasse.&nbsp; Es bietet seinen Aktion\u00e4ren best\u00e4ndiges Wachstum und \u00fcberdurchschnittliche Rentabilit\u00e4t.&nbsp; F\u00fchrende Unternehmen bieten ihren Mitarbeitern au\u00dferdem ein sicheres und herausforderndes Arbeitsumfeld, in dem alle Beziehungen von gegenseitigem Respekt gepr\u00e4gt sind.<\/p>\n\n\n\n<p>Clear Edge ist ein Arbeitgeber, der Chancengleichheit bei der Besch\u00e4ftigung und positive Ma\u00dfnahmen f\u00f6rdert.&nbsp; Es ist die Politik von Clear Edge Filtration, allen qualifizierten Personen, ohne R\u00fccksicht auf Rasse, Hautfarbe, Religion, nationale Herkunft, Geschlecht, Alter, Behinderung oder andere gesetzlich gesch\u00fctzte Merkmale bei allen Personalma\u00dfnahmen gleiche Besch\u00e4ftigungschancen zu bieten.<br><\/p>\n\n\n\n<div style=\"height:50px\" aria-hidden=\"true\" class=\"wp-block-spacer\"><\/div>\n\n\n\n<div class=\"wp-block-button blank float-left\"><a class=\"wp-block-button__link has-green-background-color has-background\" href=\"https:\/\/careers-filtrationgroupcorp.icims.com\/jobs\/search?ss=1&amp;searchRelation=keyword_all&amp;searchCategory=25337\">Stellenangebote in den USA<\/a><\/div>\n\n\n\n<div class=\"wp-block-button blank float-left\"><a class=\"wp-block-button__link has-blue-background-color has-background\" href=\"https:\/\/www.linkedin.com\/jobs\/search\/?locationId=OTHERS%2Eworldwide&amp;f_C=691913%2C943538%2C434777%2C1113726%2C576810%2C1008282%2C2039640%2C2061571%2C3048315%2C126524%2C1105210%2C73974&amp;trk=companyTopCard_top-card-button\">Internationale Stellenangebote<\/a><\/div>\n","protected":false},"excerpt":{"rendered":"<p>Clear Edge Filtration ist stolz darauf, als weltweiter Marktf\u00fchrer in der industriellen Prozessfiltration anerkannt zu sein.&nbsp; Clear Edge Filtration ist weltweit pr\u00e4sent und besch\u00e4ftigt eine Vielzahl von talentierten Mitarbeitern. Die Mission von Clear Edge Filtration ist es, ein weltweit f\u00fchrendes Unternehmen zu sein, das die industrielle Filtration optimiert und Filtermedien anbietet, die in der Separation [&hellip;]<\/p>\n","protected":false},"author":7,"featured_media":0,"parent":1064,"menu_order":0,"comment_status":"closed","ping_status":"closed","template":"","meta":{"_acf_changed":false,"footnotes":""},"class_list":["post-1122","page","type-page","status-publish","hentry"],"acf":[],"yoast_head":"<!-- This site is optimized with the Yoast SEO plugin v27.3 - https:\/\/yoast.com\/product\/yoast-seo-wordpress\/ -->\n<title>Stellenangebote - Clear Edge<\/title>\n<meta name=\"robots\" content=\"index, follow, max-snippet:-1, max-image-preview:large, max-video-preview:-1\" \/>\n<link rel=\"canonical\" href=\"https:\/\/www.clear-edge.com\/de\/ueber-uns\/stellenangebote\/\" \/>\n<meta property=\"og:locale\" content=\"de_DE\" \/>\n<meta property=\"og:type\" content=\"article\" \/>\n<meta property=\"og:title\" content=\"Stellenangebote - Clear Edge\" \/>\n<meta property=\"og:description\" content=\"Clear Edge Filtration ist stolz darauf, als weltweiter Marktf\u00fchrer in der industriellen Prozessfiltration anerkannt zu sein.&nbsp; Clear Edge Filtration ist weltweit pr\u00e4sent und besch\u00e4ftigt eine Vielzahl von talentierten Mitarbeitern. Die Mission von Clear Edge Filtration ist es, ein weltweit f\u00fchrendes Unternehmen zu sein, das die industrielle Filtration optimiert und Filtermedien anbietet, die in der Separation [&hellip;]\" \/>\n<meta property=\"og:url\" content=\"https:\/\/www.clear-edge.com\/de\/ueber-uns\/stellenangebote\/\" \/>\n<meta property=\"og:site_name\" content=\"Clear Edge\" \/>\n<meta property=\"article:modified_time\" content=\"2020-09-17T22:48:13+00:00\" \/>\n<meta name=\"twitter:card\" content=\"summary_large_image\" \/>\n<meta name=\"twitter:label1\" content=\"Gesch\u00e4tzte Lesezeit\" \/>\n\t<meta name=\"twitter:data1\" content=\"1 Minute\" \/>\n<script type=\"application\/ld+json\" class=\"yoast-schema-graph\">{\"@context\":\"https:\\\/\\\/schema.org\",\"@graph\":[{\"@type\":\"WebPage\",\"@id\":\"https:\\\/\\\/www.clear-edge.com\\\/de\\\/ueber-uns\\\/stellenangebote\\\/\",\"url\":\"https:\\\/\\\/www.clear-edge.com\\\/de\\\/ueber-uns\\\/stellenangebote\\\/\",\"name\":\"Stellenangebote - Clear Edge\",\"isPartOf\":{\"@id\":\"https:\\\/\\\/www.clear-edge.com\\\/de\\\/#website\"},\"datePublished\":\"2020-09-09T14:45:34+00:00\",\"dateModified\":\"2020-09-17T22:48:13+00:00\",\"breadcrumb\":{\"@id\":\"https:\\\/\\\/www.clear-edge.com\\\/de\\\/ueber-uns\\\/stellenangebote\\\/#breadcrumb\"},\"inLanguage\":\"de-DE\",\"potentialAction\":[{\"@type\":\"ReadAction\",\"target\":[\"https:\\\/\\\/www.clear-edge.com\\\/de\\\/ueber-uns\\\/stellenangebote\\\/\"]}]},{\"@type\":\"BreadcrumbList\",\"@id\":\"https:\\\/\\\/www.clear-edge.com\\\/de\\\/ueber-uns\\\/stellenangebote\\\/#breadcrumb\",\"itemListElement\":[{\"@type\":\"ListItem\",\"position\":1,\"name\":\"\",\"item\":\"https:\\\/\\\/www.clear-edge.com\\\/de\\\/\"},{\"@type\":\"ListItem\",\"position\":2,\"name\":\"\u00dcber uns\",\"item\":\"https:\\\/\\\/www.clear-edge.com\\\/de\\\/ueber-uns\\\/\"},{\"@type\":\"ListItem\",\"position\":3,\"name\":\"Stellenangebote\"}]},{\"@type\":\"WebSite\",\"@id\":\"https:\\\/\\\/www.clear-edge.com\\\/de\\\/#website\",\"url\":\"https:\\\/\\\/www.clear-edge.com\\\/de\\\/\",\"name\":\"Clear Edge\",\"description\":\"Global manufacturer and supplier of technical filter fabrics I filter cloths I filter belts I filtration solutions\",\"publisher\":{\"@id\":\"https:\\\/\\\/www.clear-edge.com\\\/de\\\/#organization\"},\"potentialAction\":[{\"@type\":\"SearchAction\",\"target\":{\"@type\":\"EntryPoint\",\"urlTemplate\":\"https:\\\/\\\/www.clear-edge.com\\\/de\\\/?s={search_term_string}\"},\"query-input\":{\"@type\":\"PropertyValueSpecification\",\"valueRequired\":true,\"valueName\":\"search_term_string\"}}],\"inLanguage\":\"de-DE\"},{\"@type\":\"Organization\",\"@id\":\"https:\\\/\\\/www.clear-edge.com\\\/de\\\/#organization\",\"name\":\"Filtration Group\",\"url\":\"https:\\\/\\\/www.clear-edge.com\\\/de\\\/\",\"logo\":{\"@type\":\"ImageObject\",\"inLanguage\":\"de-DE\",\"@id\":\"https:\\\/\\\/www.clear-edge.com\\\/de\\\/#\\\/schema\\\/logo\\\/image\\\/\",\"url\":\"https:\\\/\\\/www.clear-edge.com\\\/wp-content\\\/uploads\\\/2019\\\/06\\\/FGC-logo-1.png\",\"contentUrl\":\"https:\\\/\\\/www.clear-edge.com\\\/wp-content\\\/uploads\\\/2019\\\/06\\\/FGC-logo-1.png\",\"width\":1104,\"height\":224,\"caption\":\"Filtration Group\"},\"image\":{\"@id\":\"https:\\\/\\\/www.clear-edge.com\\\/de\\\/#\\\/schema\\\/logo\\\/image\\\/\"}}]}<\/script>\n<!-- \/ Yoast SEO plugin. -->","yoast_head_json":{"title":"Stellenangebote - Clear Edge","robots":{"index":"index","follow":"follow","max-snippet":"max-snippet:-1","max-image-preview":"max-image-preview:large","max-video-preview":"max-video-preview:-1"},"canonical":"https:\/\/www.clear-edge.com\/de\/ueber-uns\/stellenangebote\/","og_locale":"de_DE","og_type":"article","og_title":"Stellenangebote - Clear Edge","og_description":"Clear Edge Filtration ist stolz darauf, als weltweiter Marktf\u00fchrer in der industriellen Prozessfiltration anerkannt zu sein.&nbsp; Clear Edge Filtration ist weltweit pr\u00e4sent und besch\u00e4ftigt eine Vielzahl von talentierten Mitarbeitern. Die Mission von Clear Edge Filtration ist es, ein weltweit f\u00fchrendes Unternehmen zu sein, das die industrielle Filtration optimiert und Filtermedien anbietet, die in der Separation [&hellip;]","og_url":"https:\/\/www.clear-edge.com\/de\/ueber-uns\/stellenangebote\/","og_site_name":"Clear Edge","article_modified_time":"2020-09-17T22:48:13+00:00","twitter_card":"summary_large_image","twitter_misc":{"Gesch\u00e4tzte Lesezeit":"1 Minute"},"schema":{"@context":"https:\/\/schema.org","@graph":[{"@type":"WebPage","@id":"https:\/\/www.clear-edge.com\/de\/ueber-uns\/stellenangebote\/","url":"https:\/\/www.clear-edge.com\/de\/ueber-uns\/stellenangebote\/","name":"Stellenangebote - Clear Edge","isPartOf":{"@id":"https:\/\/www.clear-edge.com\/de\/#website"},"datePublished":"2020-09-09T14:45:34+00:00","dateModified":"2020-09-17T22:48:13+00:00","breadcrumb":{"@id":"https:\/\/www.clear-edge.com\/de\/ueber-uns\/stellenangebote\/#breadcrumb"},"inLanguage":"de-DE","potentialAction":[{"@type":"ReadAction","target":["https:\/\/www.clear-edge.com\/de\/ueber-uns\/stellenangebote\/"]}]},{"@type":"BreadcrumbList","@id":"https:\/\/www.clear-edge.com\/de\/ueber-uns\/stellenangebote\/#breadcrumb","itemListElement":[{"@type":"ListItem","position":1,"name":"","item":"https:\/\/www.clear-edge.com\/de\/"},{"@type":"ListItem","position":2,"name":"\u00dcber uns","item":"https:\/\/www.clear-edge.com\/de\/ueber-uns\/"},{"@type":"ListItem","position":3,"name":"Stellenangebote"}]},{"@type":"WebSite","@id":"https:\/\/www.clear-edge.com\/de\/#website","url":"https:\/\/www.clear-edge.com\/de\/","name":"Clear Edge","description":"Global manufacturer and supplier of technical filter fabrics I filter cloths I filter belts I filtration solutions","publisher":{"@id":"https:\/\/www.clear-edge.com\/de\/#organization"},"potentialAction":[{"@type":"SearchAction","target":{"@type":"EntryPoint","urlTemplate":"https:\/\/www.clear-edge.com\/de\/?s={search_term_string}"},"query-input":{"@type":"PropertyValueSpecification","valueRequired":true,"valueName":"search_term_string"}}],"inLanguage":"de-DE"},{"@type":"Organization","@id":"https:\/\/www.clear-edge.com\/de\/#organization","name":"Filtration Group","url":"https:\/\/www.clear-edge.com\/de\/","logo":{"@type":"ImageObject","inLanguage":"de-DE","@id":"https:\/\/www.clear-edge.com\/de\/#\/schema\/logo\/image\/","url":"https:\/\/www.clear-edge.com\/wp-content\/uploads\/2019\/06\/FGC-logo-1.png","contentUrl":"https:\/\/www.clear-edge.com\/wp-content\/uploads\/2019\/06\/FGC-logo-1.png","width":1104,"height":224,"caption":"Filtration Group"},"image":{"@id":"https:\/\/www.clear-edge.com\/de\/#\/schema\/logo\/image\/"}}]}},"_links":{"self":[{"href":"https:\/\/www.clear-edge.com\/de\/wp-json\/wp\/v2\/pages\/1122","targetHints":{"allow":["GET"]}}],"collection":[{"href":"https:\/\/www.clear-edge.com\/de\/wp-json\/wp\/v2\/pages"}],"about":[{"href":"https:\/\/www.clear-edge.com\/de\/wp-json\/wp\/v2\/types\/page"}],"author":[{"embeddable":true,"href":"https:\/\/www.clear-edge.com\/de\/wp-json\/wp\/v2\/users\/7"}],"replies":[{"embeddable":true,"href":"https:\/\/www.clear-edge.com\/de\/wp-json\/wp\/v2\/comments?post=1122"}],"version-history":[{"count":0,"href":"https:\/\/www.clear-edge.com\/de\/wp-json\/wp\/v2\/pages\/1122\/revisions"}],"up":[{"embeddable":true,"href":"https:\/\/www.clear-edge.com\/de\/wp-json\/wp\/v2\/pages\/1064"}],"wp:attachment":[{"href":"https:\/\/www.clear-edge.com\/de\/wp-json\/wp\/v2\/media?parent=1122"}],"curies":[{"name":"wp","href":"https:\/\/api.w.org\/{rel}","templated":true}]}}