{"id":1117,"date":"2020-09-09T14:45:33","date_gmt":"2020-09-09T14:45:33","guid":{"rendered":"https:\/\/www.clear-edge.com\/zellstoff-und-papier\/"},"modified":"2020-09-23T20:33:23","modified_gmt":"2020-09-23T20:33:23","slug":"zellstoff-und-papier","status":"publish","type":"page","link":"https:\/\/www.clear-edge.com\/de\/maerkte\/zellstoff-und-papier\/","title":{"rendered":"Zellstoff und Papier"},"content":{"rendered":"\n<div class=\"wp-block-cover alignfull has-background-dim\" style=\"background-image:url(https:\/\/www.clear-edge.com\/wp-content\/uploads\/2019\/10\/Pulp-and-Paper.jpg)\"><div class=\"wp-block-cover__inner-container is-layout-flow wp-block-cover-is-layout-flow\">\n<h1 class=\"has-text-align-center wp-block-heading\">Zellstoff und Papier<\/h1>\n<\/div><\/div>\n\n\n\n<p>Wir bei Clear Edge haben uns auf alle Fertigungsstufen bei der Zellstoff- und Papierherstellung spezialisiert. Dazu geh\u00f6rt die Entw\u00e4sserung\/ Bleichung von Papierrohstoffen, Eindickungsprozesse und die Schlammentw\u00e4sserung. Die Zellstoff- und Papier-verarbeitende Industrie zeigt in den verschiedenen Fertigungsstufen komplexe Filtrationsaufgaben und verl\u00e4sst sich dabei auf das vielseitige Angebot der Clear Edge Produktpalette. <br><br>Unsere Qualit\u00e4tsprodukte zeichnen sich durch Langlebigkeit und ein hervorragendes Kosten-Leistungsverh\u00e4ltnis aus. Mit unseren modernen Laboratorien entwickeln wir ma\u00dfgeschneiderte Technologien und Produkte, die sich durch eine hohe Effizienz sowie durch lange Standzeiten auszeichnen, was zur Senkung der Betriebskosten beitr\u00e4gt.<br><br>Ein Ziel der Branche ist die Bew\u00e4ltigung wirtschaftlicher und \u00f6kologischer Herausforderungen. Bei Clear Edge optimieren wir die Filterleistung, um den hohen Energieverbrauch zu reduzieren und die CO2-Bilanz zu verbessern.<br><br>Wir bieten komplette Filtrationsl\u00f6sungen, die mit dem Verst\u00e4ndnis der in der Produktion anfallenden Kosten beginnt und auf die Verbesserung des Abscheide- oder Wirkungsgrad der Anlagen zielt.<\/p>\n\n\n\n<div style=\"height:25px\" aria-hidden=\"true\" class=\"wp-block-spacer\"><\/div>\n\n\n\n<hr class=\"wp-block-separator is-style-wide\" \/>\n\n\n\n<h2 class=\"wp-block-heading\">Zellstoff<\/h2>\n\n\n\n<figure class=\"wp-block-image\"><img loading=\"lazy\" decoding=\"async\" width=\"1024\" height=\"256\" src=\"https:\/\/www.clear-edge.com\/wp-content\/uploads\/2019\/10\/Pulp_Cropped-1024x256.jpg\" alt=\"\" class=\"wp-image-740\" srcset=\"https:\/\/www.clear-edge.com\/wp-content\/uploads\/2019\/10\/Pulp_Cropped-1024x256.jpg 1024w, https:\/\/www.clear-edge.com\/wp-content\/uploads\/2019\/10\/Pulp_Cropped-300x75.jpg 300w, https:\/\/www.clear-edge.com\/wp-content\/uploads\/2019\/10\/Pulp_Cropped-768x192.jpg 768w, https:\/\/www.clear-edge.com\/wp-content\/uploads\/2019\/10\/Pulp_Cropped.jpg 2000w\" sizes=\"auto, (max-width: 1024px) 100vw, 1024px\" \/><\/figure>\n\n\n\n<p>Zellstoff ist der Hauptrohstoff bei der Papierherstellung und wird haupts\u00e4chlich aus Zellulosefasern aus der Forstwirtschaft gewonnen. Es gibt mehrere Methoden zur Extraktion von Zellstoff &#8211; thermo-mechanisch, chemisch sowie die Separation von Zellstoff aus Recyclingpapier.<br><br>Die Zellstoffextraktionsprozesse sind komplex. Wir von Clear Edge k\u00f6nnen bei der Auswahl des richtigen Filtermediums auf eine lange Erfahrung zur\u00fcckgreifen. Jedes Filtermedium wird bei Clear Edge kundenspezifisch hergestellt. Die Hauptrozesse, in denen die Trennung von Fest- und Fl\u00fcssigstoffen stattfindet, sind die Wasch-, Verdickungs- und Entw\u00e4sserungsstufen. Auf Grundlage jahrzehntelanger Produktentwicklung  haben wir f\u00fcr jede Stufe spezifische Filtermedien entwickelt, darunter Dreh-Vakuumtrommelbez\u00fcge f\u00fcr die W\u00e4sche von Braunstoffen und gebleichtem Zellstoff sowie Siebbandfilterb\u00e4nder zur Schlammentw\u00e4sserung. F\u00fcr Eindickungsstufen liefern wir <a href=\"https:\/\/www.clear-edge.com\/de\/produkte\/vakuumfiltration\/dreh-vakuumscheibenfilter\/\">Scheibenfilterbez\u00fcge,<\/a>, Siebb\u00e4nder f\u00fcr Doppelsieb-Pressfilter und Vorentw\u00e4sserungsb\u00e4nder f\u00fcr<a href=\"https:\/\/www.clear-edge.com\/de\/produkte\/absetzfiltration\/\">Absetz-Eindicker.<\/a><br><br>Unser exklusives Angebot an Filtermedien f\u00fcr Zellstoffprozesse umfasst:<br><\/p>\n\n\n\n<ul class=\"wp-block-list\"><li><a href=\"https:\/\/www.clear-edge.com\/de\/produkte\/druckfiltration\/filtertuecher-fuer-filterpressen\/\">Filtert\u00fccher f\u00fcr Filterpressen<\/a><\/li><li><a href=\"https:\/\/www.clear-edge.com\/de\/produkte\/absetzfiltration\/\">Vorentw\u00e4sserungsb\u00e4nder f\u00fcr die Absetz-Eindickung<\/a><\/li><li><a href=\"https:\/\/www.clear-edge.com\/de\/produkte\/vakuumfiltration\/filterbaender-fuer-horizontale-vakuumbandfilter\/\">Horizontale Vakuumfilterb\u00e4nder<\/a><\/li><li><a href=\"https:\/\/www.clear-edge.com\/de\/produkte\/druckfiltration\/filterbaender-fuer-siebband-filterpressen\/\">Gewebeb\u00e4nder f\u00fcr Siebbandpressen<\/a><\/li><li><a href=\"https:\/\/www.clear-edge.com\/de\/produkte\/vakuumfiltration\/dreh-vakuumscheibenfilter\/\">Dreh-Vakuumscheibenfilterbez\u00fcge<\/a><\/li><li><a href=\"https:\/\/www.clear-edge.com\/de\/produkte\/vakuumfiltration\/dreh-vakuumtrommelfilter\/\">Dreh-Vakuumtrommelfilterbez\u00fcge<\/a><\/li><li><a href=\"https:\/\/www.clear-edge.com\/de\/produkte\/druckfiltration\/filterbaender-fuer-vertikale-turmfilterpressen\/\">Turmfilterpressenb\u00e4nder<\/a><\/li><li>Siebb\u00e4nder f\u00fcr Siebbandfilterpressen<\/li><\/ul>\n\n\n\n<div style=\"height:25px\" aria-hidden=\"true\" class=\"wp-block-spacer\"><\/div>\n\n\n\n<hr class=\"wp-block-separator is-style-wide\" \/>\n\n\n\n<h2 class=\"wp-block-heading\">Papier<\/h2>\n\n\n\n<figure class=\"wp-block-image\"><img loading=\"lazy\" decoding=\"async\" width=\"1024\" height=\"256\" src=\"https:\/\/www.clear-edge.com\/wp-content\/uploads\/2019\/10\/Child-with-paper-plane_cropped-1024x256.jpg\" alt=\"\" class=\"wp-image-742\" srcset=\"https:\/\/www.clear-edge.com\/wp-content\/uploads\/2019\/10\/Child-with-paper-plane_cropped-1024x256.jpg 1024w, https:\/\/www.clear-edge.com\/wp-content\/uploads\/2019\/10\/Child-with-paper-plane_cropped-300x75.jpg 300w, https:\/\/www.clear-edge.com\/wp-content\/uploads\/2019\/10\/Child-with-paper-plane_cropped-768x192.jpg 768w, https:\/\/www.clear-edge.com\/wp-content\/uploads\/2019\/10\/Child-with-paper-plane_cropped.jpg 1500w\" sizes=\"auto, (max-width: 1024px) 100vw, 1024px\" \/><\/figure>\n\n\n\n<p>Clear Edge bietet eine breite Palette an Filtermedien f\u00fcr die verschiedenen Anwendungen innerhalb des Papierherstellungsprozesses. Durch wachsende Anforderungen im Umweltschutz \u00fcbernehmen wir eine wesentliche Rolle bei der Sicherstellung, dass die Filtration von Altpapier und Wasser den \u00f6rtlichen Vorschriften zur Herstellung von Recyclingpapier entspricht. Wir entwickeln Filtermedien f\u00fcr jede Stufe Ihres Papierherstellungsprozesses &#8211; von der W\u00e4sche und Eindickung bis zur Entw\u00e4sserung. Wir liefern qualitativ hochwertige Medien, um sicherzustellen, dass Sie die besten Ergebnisse erzielen.<\/p>\n\n\n\n<p>Das exklusive Angebot an Filtermedien f\u00fcr Papierprozesse von Clear Edge umfasst:<\/p>\n\n\n\n<ul class=\"wp-block-list\"><li><a href=\"https:\/\/www.clear-edge.com\/de\/produkte\/druckfiltration\/filtertuecher-fuer-filterpressen\/\">Filtert\u00fccher f\u00fcr Filterpressen<\/a><\/li><li><a href=\"https:\/\/www.clear-edge.com\/de\/produkte\/absetzfiltration\/\">Vorentw\u00e4sserungsb\u00e4nder f\u00fcr die Absetz-Eindickung<\/a><\/li><li><a href=\"https:\/\/www.clear-edge.com\/de\/produkte\/vakuumfiltration\/filterbaender-fuer-horizontale-vakuumbandfilter\/\">Horizontale Vakuumfilterb\u00e4nder<\/a><\/li><li><a href=\"https:\/\/www.clear-edge.com\/de\/produkte\/druckfiltration\/filterbaender-fuer-siebband-filterpressen\/\">Gewebeb\u00e4nder f\u00fcr Siebbandpressen<\/a><\/li><li><a href=\"https:\/\/www.clear-edge.com\/de\/produkte\/vakuumfiltration\/dreh-vakuumscheibenfilter\/\">Dreh-Vakuumscheibenfilterbez\u00fcge<\/a><\/li><li><a href=\"https:\/\/www.clear-edge.com\/de\/produkte\/vakuumfiltration\/dreh-vakuumtrommelfilter\/\">Dreh-Vakuumtrommelfilterbez\u00fcge<\/a><\/li><li><a href=\"https:\/\/www.clear-edge.com\/de\/produkte\/druckfiltration\/filterbaender-fuer-vertikale-turmfilterpressen\/\">Turmfilterpressenb\u00e4nder<\/a><\/li><\/ul>\n\n\n\n<div style=\"height:50px\" aria-hidden=\"true\" class=\"wp-block-spacer\"><\/div>\n\n\n\n<div class=\"wp-block-columns has-2-columns grayblock pt-5 pb-5 is-layout-flex wp-container-core-columns-is-layout-9d6595d7 wp-block-columns-is-layout-flex\">\n<div class=\"wp-block-column is-layout-flow wp-block-column-is-layout-flow\">\n<h4 class=\"wp-block-heading\">Weitere Informationen \u00fcber Filtermedien f\u00fcr Zellstoff- und Papier von Clear Edge anfordern<\/h4>\n\n\n\n<div class=\"wp-block-button\"><a class=\"wp-block-button__link has-green-background-color has-background\" href=\"https:\/\/www.clear-edge.com\/de\/ueber-uns\/kontaktieren-sie-uns\/\">Kontaktieren Sie uns<\/a><\/div>\n<\/div>\n\n\n\n<div class=\"wp-block-column is-layout-flow wp-block-column-is-layout-flow\"><\/div>\n<\/div>\n","protected":false},"excerpt":{"rendered":"<p>Wir bei Clear Edge haben uns auf alle Fertigungsstufen bei der Zellstoff- und Papierherstellung spezialisiert. Dazu geh\u00f6rt die Entw\u00e4sserung\/ Bleichung von Papierrohstoffen, Eindickungsprozesse und die Schlammentw\u00e4sserung. Die Zellstoff- und Papier-verarbeitende Industrie zeigt in den verschiedenen Fertigungsstufen komplexe Filtrationsaufgaben und verl\u00e4sst sich dabei auf das vielseitige Angebot der Clear Edge Produktpalette. Unsere Qualit\u00e4tsprodukte zeichnen sich durch [&hellip;]<\/p>\n","protected":false},"author":7,"featured_media":0,"parent":1143,"menu_order":0,"comment_status":"closed","ping_status":"closed","template":"","meta":{"_acf_changed":false,"footnotes":""},"class_list":["post-1117","page","type-page","status-publish","hentry"],"acf":[],"yoast_head":"<!-- This site is optimized with the Yoast SEO plugin v27.3 - https:\/\/yoast.com\/product\/yoast-seo-wordpress\/ -->\n<title>Zellstoff und Papier - Clear Edge<\/title>\n<meta name=\"robots\" content=\"index, follow, max-snippet:-1, max-image-preview:large, max-video-preview:-1\" \/>\n<link rel=\"canonical\" href=\"https:\/\/www.clear-edge.com\/de\/maerkte\/zellstoff-und-papier\/\" \/>\n<meta property=\"og:locale\" content=\"de_DE\" \/>\n<meta property=\"og:type\" content=\"article\" \/>\n<meta property=\"og:title\" content=\"Zellstoff und Papier - Clear Edge\" \/>\n<meta property=\"og:description\" content=\"Wir bei Clear Edge haben uns auf alle Fertigungsstufen bei der Zellstoff- und Papierherstellung spezialisiert. Dazu geh\u00f6rt die Entw\u00e4sserung\/ Bleichung von Papierrohstoffen, Eindickungsprozesse und die Schlammentw\u00e4sserung. Die Zellstoff- und Papier-verarbeitende Industrie zeigt in den verschiedenen Fertigungsstufen komplexe Filtrationsaufgaben und verl\u00e4sst sich dabei auf das vielseitige Angebot der Clear Edge Produktpalette. Unsere Qualit\u00e4tsprodukte zeichnen sich durch [&hellip;]\" \/>\n<meta property=\"og:url\" content=\"https:\/\/www.clear-edge.com\/de\/maerkte\/zellstoff-und-papier\/\" \/>\n<meta property=\"og:site_name\" content=\"Clear Edge\" \/>\n<meta property=\"article:modified_time\" content=\"2020-09-23T20:33:23+00:00\" \/>\n<meta property=\"og:image\" content=\"https:\/\/www.clear-edge.com\/wp-content\/uploads\/2019\/10\/Pulp_Cropped-1024x256.jpg\" \/>\n<meta name=\"twitter:card\" content=\"summary_large_image\" \/>\n<meta name=\"twitter:label1\" content=\"Gesch\u00e4tzte Lesezeit\" \/>\n\t<meta name=\"twitter:data1\" content=\"2 Minuten\" \/>\n<script type=\"application\/ld+json\" class=\"yoast-schema-graph\">{\"@context\":\"https:\\\/\\\/schema.org\",\"@graph\":[{\"@type\":\"WebPage\",\"@id\":\"https:\\\/\\\/www.clear-edge.com\\\/de\\\/maerkte\\\/zellstoff-und-papier\\\/\",\"url\":\"https:\\\/\\\/www.clear-edge.com\\\/de\\\/maerkte\\\/zellstoff-und-papier\\\/\",\"name\":\"Zellstoff und Papier - Clear Edge\",\"isPartOf\":{\"@id\":\"https:\\\/\\\/www.clear-edge.com\\\/de\\\/#website\"},\"primaryImageOfPage\":{\"@id\":\"https:\\\/\\\/www.clear-edge.com\\\/de\\\/maerkte\\\/zellstoff-und-papier\\\/#primaryimage\"},\"image\":{\"@id\":\"https:\\\/\\\/www.clear-edge.com\\\/de\\\/maerkte\\\/zellstoff-und-papier\\\/#primaryimage\"},\"thumbnailUrl\":\"https:\\\/\\\/www.clear-edge.com\\\/wp-content\\\/uploads\\\/2019\\\/10\\\/Pulp_Cropped-1024x256.jpg\",\"datePublished\":\"2020-09-09T14:45:33+00:00\",\"dateModified\":\"2020-09-23T20:33:23+00:00\",\"breadcrumb\":{\"@id\":\"https:\\\/\\\/www.clear-edge.com\\\/de\\\/maerkte\\\/zellstoff-und-papier\\\/#breadcrumb\"},\"inLanguage\":\"de-DE\",\"potentialAction\":[{\"@type\":\"ReadAction\",\"target\":[\"https:\\\/\\\/www.clear-edge.com\\\/de\\\/maerkte\\\/zellstoff-und-papier\\\/\"]}]},{\"@type\":\"ImageObject\",\"inLanguage\":\"de-DE\",\"@id\":\"https:\\\/\\\/www.clear-edge.com\\\/de\\\/maerkte\\\/zellstoff-und-papier\\\/#primaryimage\",\"url\":\"https:\\\/\\\/www.clear-edge.com\\\/wp-content\\\/uploads\\\/2019\\\/10\\\/Pulp_Cropped-1024x256.jpg\",\"contentUrl\":\"https:\\\/\\\/www.clear-edge.com\\\/wp-content\\\/uploads\\\/2019\\\/10\\\/Pulp_Cropped-1024x256.jpg\"},{\"@type\":\"BreadcrumbList\",\"@id\":\"https:\\\/\\\/www.clear-edge.com\\\/de\\\/maerkte\\\/zellstoff-und-papier\\\/#breadcrumb\",\"itemListElement\":[{\"@type\":\"ListItem\",\"position\":1,\"name\":\"\",\"item\":\"https:\\\/\\\/www.clear-edge.com\\\/de\\\/\"},{\"@type\":\"ListItem\",\"position\":2,\"name\":\"M\u00e4rkte\",\"item\":\"https:\\\/\\\/www.clear-edge.com\\\/de\\\/maerkte\\\/\"},{\"@type\":\"ListItem\",\"position\":3,\"name\":\"Zellstoff und Papier\"}]},{\"@type\":\"WebSite\",\"@id\":\"https:\\\/\\\/www.clear-edge.com\\\/de\\\/#website\",\"url\":\"https:\\\/\\\/www.clear-edge.com\\\/de\\\/\",\"name\":\"Clear Edge\",\"description\":\"Global manufacturer and supplier of technical filter fabrics I filter cloths I filter belts I filtration solutions\",\"publisher\":{\"@id\":\"https:\\\/\\\/www.clear-edge.com\\\/de\\\/#organization\"},\"potentialAction\":[{\"@type\":\"SearchAction\",\"target\":{\"@type\":\"EntryPoint\",\"urlTemplate\":\"https:\\\/\\\/www.clear-edge.com\\\/de\\\/?s={search_term_string}\"},\"query-input\":{\"@type\":\"PropertyValueSpecification\",\"valueRequired\":true,\"valueName\":\"search_term_string\"}}],\"inLanguage\":\"de-DE\"},{\"@type\":\"Organization\",\"@id\":\"https:\\\/\\\/www.clear-edge.com\\\/de\\\/#organization\",\"name\":\"Filtration Group\",\"url\":\"https:\\\/\\\/www.clear-edge.com\\\/de\\\/\",\"logo\":{\"@type\":\"ImageObject\",\"inLanguage\":\"de-DE\",\"@id\":\"https:\\\/\\\/www.clear-edge.com\\\/de\\\/#\\\/schema\\\/logo\\\/image\\\/\",\"url\":\"https:\\\/\\\/www.clear-edge.com\\\/wp-content\\\/uploads\\\/2019\\\/06\\\/FGC-logo-1.png\",\"contentUrl\":\"https:\\\/\\\/www.clear-edge.com\\\/wp-content\\\/uploads\\\/2019\\\/06\\\/FGC-logo-1.png\",\"width\":1104,\"height\":224,\"caption\":\"Filtration Group\"},\"image\":{\"@id\":\"https:\\\/\\\/www.clear-edge.com\\\/de\\\/#\\\/schema\\\/logo\\\/image\\\/\"}}]}<\/script>\n<!-- \/ Yoast SEO plugin. -->","yoast_head_json":{"title":"Zellstoff und Papier - Clear Edge","robots":{"index":"index","follow":"follow","max-snippet":"max-snippet:-1","max-image-preview":"max-image-preview:large","max-video-preview":"max-video-preview:-1"},"canonical":"https:\/\/www.clear-edge.com\/de\/maerkte\/zellstoff-und-papier\/","og_locale":"de_DE","og_type":"article","og_title":"Zellstoff und Papier - Clear Edge","og_description":"Wir bei Clear Edge haben uns auf alle Fertigungsstufen bei der Zellstoff- und Papierherstellung spezialisiert. Dazu geh\u00f6rt die Entw\u00e4sserung\/ Bleichung von Papierrohstoffen, Eindickungsprozesse und die Schlammentw\u00e4sserung. Die Zellstoff- und Papier-verarbeitende Industrie zeigt in den verschiedenen Fertigungsstufen komplexe Filtrationsaufgaben und verl\u00e4sst sich dabei auf das vielseitige Angebot der Clear Edge Produktpalette. Unsere Qualit\u00e4tsprodukte zeichnen sich durch [&hellip;]","og_url":"https:\/\/www.clear-edge.com\/de\/maerkte\/zellstoff-und-papier\/","og_site_name":"Clear Edge","article_modified_time":"2020-09-23T20:33:23+00:00","og_image":[{"url":"https:\/\/www.clear-edge.com\/wp-content\/uploads\/2019\/10\/Pulp_Cropped-1024x256.jpg","type":"","width":"","height":""}],"twitter_card":"summary_large_image","twitter_misc":{"Gesch\u00e4tzte Lesezeit":"2 Minuten"},"schema":{"@context":"https:\/\/schema.org","@graph":[{"@type":"WebPage","@id":"https:\/\/www.clear-edge.com\/de\/maerkte\/zellstoff-und-papier\/","url":"https:\/\/www.clear-edge.com\/de\/maerkte\/zellstoff-und-papier\/","name":"Zellstoff und Papier - Clear Edge","isPartOf":{"@id":"https:\/\/www.clear-edge.com\/de\/#website"},"primaryImageOfPage":{"@id":"https:\/\/www.clear-edge.com\/de\/maerkte\/zellstoff-und-papier\/#primaryimage"},"image":{"@id":"https:\/\/www.clear-edge.com\/de\/maerkte\/zellstoff-und-papier\/#primaryimage"},"thumbnailUrl":"https:\/\/www.clear-edge.com\/wp-content\/uploads\/2019\/10\/Pulp_Cropped-1024x256.jpg","datePublished":"2020-09-09T14:45:33+00:00","dateModified":"2020-09-23T20:33:23+00:00","breadcrumb":{"@id":"https:\/\/www.clear-edge.com\/de\/maerkte\/zellstoff-und-papier\/#breadcrumb"},"inLanguage":"de-DE","potentialAction":[{"@type":"ReadAction","target":["https:\/\/www.clear-edge.com\/de\/maerkte\/zellstoff-und-papier\/"]}]},{"@type":"ImageObject","inLanguage":"de-DE","@id":"https:\/\/www.clear-edge.com\/de\/maerkte\/zellstoff-und-papier\/#primaryimage","url":"https:\/\/www.clear-edge.com\/wp-content\/uploads\/2019\/10\/Pulp_Cropped-1024x256.jpg","contentUrl":"https:\/\/www.clear-edge.com\/wp-content\/uploads\/2019\/10\/Pulp_Cropped-1024x256.jpg"},{"@type":"BreadcrumbList","@id":"https:\/\/www.clear-edge.com\/de\/maerkte\/zellstoff-und-papier\/#breadcrumb","itemListElement":[{"@type":"ListItem","position":1,"name":"","item":"https:\/\/www.clear-edge.com\/de\/"},{"@type":"ListItem","position":2,"name":"M\u00e4rkte","item":"https:\/\/www.clear-edge.com\/de\/maerkte\/"},{"@type":"ListItem","position":3,"name":"Zellstoff und Papier"}]},{"@type":"WebSite","@id":"https:\/\/www.clear-edge.com\/de\/#website","url":"https:\/\/www.clear-edge.com\/de\/","name":"Clear Edge","description":"Global manufacturer and supplier of technical filter fabrics I filter cloths I filter belts I filtration solutions","publisher":{"@id":"https:\/\/www.clear-edge.com\/de\/#organization"},"potentialAction":[{"@type":"SearchAction","target":{"@type":"EntryPoint","urlTemplate":"https:\/\/www.clear-edge.com\/de\/?s={search_term_string}"},"query-input":{"@type":"PropertyValueSpecification","valueRequired":true,"valueName":"search_term_string"}}],"inLanguage":"de-DE"},{"@type":"Organization","@id":"https:\/\/www.clear-edge.com\/de\/#organization","name":"Filtration Group","url":"https:\/\/www.clear-edge.com\/de\/","logo":{"@type":"ImageObject","inLanguage":"de-DE","@id":"https:\/\/www.clear-edge.com\/de\/#\/schema\/logo\/image\/","url":"https:\/\/www.clear-edge.com\/wp-content\/uploads\/2019\/06\/FGC-logo-1.png","contentUrl":"https:\/\/www.clear-edge.com\/wp-content\/uploads\/2019\/06\/FGC-logo-1.png","width":1104,"height":224,"caption":"Filtration Group"},"image":{"@id":"https:\/\/www.clear-edge.com\/de\/#\/schema\/logo\/image\/"}}]}},"_links":{"self":[{"href":"https:\/\/www.clear-edge.com\/de\/wp-json\/wp\/v2\/pages\/1117","targetHints":{"allow":["GET"]}}],"collection":[{"href":"https:\/\/www.clear-edge.com\/de\/wp-json\/wp\/v2\/pages"}],"about":[{"href":"https:\/\/www.clear-edge.com\/de\/wp-json\/wp\/v2\/types\/page"}],"author":[{"embeddable":true,"href":"https:\/\/www.clear-edge.com\/de\/wp-json\/wp\/v2\/users\/7"}],"replies":[{"embeddable":true,"href":"https:\/\/www.clear-edge.com\/de\/wp-json\/wp\/v2\/comments?post=1117"}],"version-history":[{"count":0,"href":"https:\/\/www.clear-edge.com\/de\/wp-json\/wp\/v2\/pages\/1117\/revisions"}],"up":[{"embeddable":true,"href":"https:\/\/www.clear-edge.com\/de\/wp-json\/wp\/v2\/pages\/1143"}],"wp:attachment":[{"href":"https:\/\/www.clear-edge.com\/de\/wp-json\/wp\/v2\/media?parent=1117"}],"curies":[{"name":"wp","href":"https:\/\/api.w.org\/{rel}","templated":true}]}}