{"id":1101,"date":"2020-09-09T14:45:31","date_gmt":"2020-09-09T14:45:31","guid":{"rendered":"https:\/\/www.clear-edge.com\/wasseraufbereitung\/"},"modified":"2020-09-23T20:11:33","modified_gmt":"2020-09-23T20:11:33","slug":"wasseraufbereitung","status":"publish","type":"page","link":"https:\/\/www.clear-edge.com\/de\/maerkte\/wasseraufbereitung\/","title":{"rendered":"Wasseraufbereitung"},"content":{"rendered":"\n<div class=\"wp-block-cover alignfull has-background-dim\" style=\"background-image:url(https:\/\/www.clear-edge.com\/wp-content\/uploads\/2019\/10\/Municipal-potable-water.jpg)\"><div class=\"wp-block-cover__inner-container is-layout-flow wp-block-cover-is-layout-flow\">\n<h1 class=\"has-text-align-center wp-block-heading\">Wasseraufbereitung<\/h1>\n<\/div><\/div>\n\n\n\n<p>Die Filtration spielt eine wichtige Rolle bei der Aufbereitung von sauberem Wasser f\u00fcr Mensch und Industrie. Angesichts wachsender Herausforderungen bei der Bereitstellung von sauberem Wasser f\u00fcr Millionen Haushalte, verstehen wir bei Clear Edge die Notwendigkeit von qualitativ hochwertigen Filtermedien.<br><br>Mit unseren Laboren setzten wir auf Innovationen, um den wachsenden Anforderungen und Vorschriften f\u00fcr sauberes Wasser zu entsprechen. Die Wasserfiltration ist eine wichtige Stufe innerhalb des Abwasseraufbereitungsprozesses und umfasst mehrere Zyklen, einschlie\u00dflich der Flockung, Koagulation und Sedimentation. Das Clear Edge-Laborteam stellt sicher, dass unsere Produkte die maximale Leistung erbringen und qualitativ hochwertige Ergebnisse liefern. Dies steht im Einklang mit unserer Mission, die Welt sicherer, ges\u00fcnder und produktiver zu machen.<br><br>Die Filtration in der Wasseraufbereitung ist in vielen Industrien dem eigentlichen Produktionsprozess vorgeschaltet, einschlie\u00dflich der <strong><a href=\"https:\/\/www.clear-edge.com\/de\/maerkte\/lebensmittel-und-getraenke\/\">Lebensmittel und Getr\u00e4nkeindustrie<\/a><\/strong>, <strong><a href=\"https:\/\/www.clear-edge.com\/de\/maerkte\/bergbau-und-mineralien\/\">Bergbau und Mineralien<\/a><\/strong>, <strong><a href=\"https:\/\/www.clear-edge.com\/de\/maerkte\/stromerzeugung\/\">Stromerzeugung<\/a><\/strong>, <strong><a href=\"https:\/\/www.clear-edge.com\/de\/maerkte\/baumaterialien\/\">Bauprodukte<\/a><\/strong> (Sand, Kies und Zement), <strong><a href=\"https:\/\/www.clear-edge.com\/de\/maerkte\/transport\/\">Transport<\/a><\/strong> und <strong><a href=\"https:\/\/www.clear-edge.com\/de\/maerkte\/zellstoff-und-papier\/\">Zellstoff und Papier<\/a><\/strong>.<\/p>\n\n\n\n<div style=\"height:25px\" aria-hidden=\"true\" class=\"wp-block-spacer\"><\/div>\n\n\n\n<hr class=\"wp-block-separator is-style-wide\" \/>\n\n\n\n<h2 class=\"wp-block-heading\">Industrieabwasser<\/h2>\n\n\n\n<figure class=\"wp-block-image\"><img loading=\"lazy\" decoding=\"async\" width=\"1024\" height=\"341\" src=\"https:\/\/www.clear-edge.com\/wp-content\/uploads\/2019\/10\/water-treatment_cropped-1024x341.jpg\" alt=\"\" class=\"wp-image-727\" srcset=\"https:\/\/www.clear-edge.com\/wp-content\/uploads\/2019\/10\/water-treatment_cropped-1024x341.jpg 1024w, https:\/\/www.clear-edge.com\/wp-content\/uploads\/2019\/10\/water-treatment_cropped-300x100.jpg 300w, https:\/\/www.clear-edge.com\/wp-content\/uploads\/2019\/10\/water-treatment_cropped-768x256.jpg 768w, https:\/\/www.clear-edge.com\/wp-content\/uploads\/2019\/10\/water-treatment_cropped.jpg 1500w\" sizes=\"auto, (max-width: 1024px) 100vw, 1024px\" \/><\/figure>\n\n\n\n<p>Abwasser ist ein wichtiger Aspekt in der Abfallwirtschaft und kann giftige Anteile, Feststoffe, Ablagerungen und Chemikalien aus privaten bzw. gewerblichen und industriellen Quellen enthalten. Abw\u00e4sser m\u00fcssen vor der Einleitung in die Umwelt gr\u00fcndlich aufbereitet werden. Clear Edge kooperiert mit lokalen Beh\u00f6rden und Industrien, um Filtermedien und andere Produkte zu entwickeln, die den h\u00f6chsten Vorschriften f\u00fcr die ordnungsgem\u00e4\u00dfe Aufbereitung des Wassers entsprechen.<br><br>Unsere weltweiten Laboratorien erm\u00f6glichen es uns, Schl\u00e4mme zu analysieren und spezielle Filtermedien zu entwickeln, die Ihren Anforderungen entsprechen.<br><br>Wir verf\u00fcgen \u00fcber ein umfangreiches Sortiment an Filtermedien, die unter anderem f\u00fcr Industrieabw\u00e4sser entwickelt wurden:<\/p>\n\n\n\n<ul class=\"wp-block-list\"><li><a href=\"https:\/\/www.clear-edge.com\/de\/produkte\/druckfiltration\/filtertuecher-fuer-filterpressen\/\">Filtert\u00fccher f\u00fcr Filterpressen<\/a><\/li><li><a href=\"https:\/\/www.clear-edge.com\/de\/produkte\/absetzfiltration\/\">Vorentw\u00e4sserungsb\u00e4nder<\/a><\/li><li><a href=\"https:\/\/www.clear-edge.com\/de\/produkte\/monodur-praezisionsgewebe\/\">Monodur\u2122 Pr\u00e4zisionsfilterbeutel und -schl\u00e4uche<\/a><\/li><li><a href=\"https:\/\/www.clear-edge.com\/de\/produkte\/druckfiltration\/filterbaender-fuer-siebband-filterpressen\/\">Filterb\u00e4nder f\u00fcr Siebbandpressen<\/a><\/li><li><a href=\"https:\/\/www.clear-edge.com\/de\/produkte\/vakuumfiltration\/dreh-vakuumtrommelfilter\/\">Dreh-Vakuumtrommelfilterbez\u00fcge<\/a><\/li><\/ul>\n\n\n\n<div style=\"height:25px\" aria-hidden=\"true\" class=\"wp-block-spacer\"><\/div>\n\n\n\n<hr class=\"wp-block-separator is-style-wide\" \/>\n\n\n\n<h2 class=\"wp-block-heading\">St\u00e4dtisches Trinkwasser<\/h2>\n\n\n\n<figure class=\"wp-block-image\"><img loading=\"lazy\" decoding=\"async\" width=\"1024\" height=\"256\" src=\"https:\/\/www.clear-edge.com\/wp-content\/uploads\/2019\/10\/Municipal-potable-water_cropped-1-1024x256.jpg\" alt=\"\" class=\"wp-image-729\" srcset=\"https:\/\/www.clear-edge.com\/wp-content\/uploads\/2019\/10\/Municipal-potable-water_cropped-1-1024x256.jpg 1024w, https:\/\/www.clear-edge.com\/wp-content\/uploads\/2019\/10\/Municipal-potable-water_cropped-1-300x75.jpg 300w, https:\/\/www.clear-edge.com\/wp-content\/uploads\/2019\/10\/Municipal-potable-water_cropped-1-768x192.jpg 768w, https:\/\/www.clear-edge.com\/wp-content\/uploads\/2019\/10\/Municipal-potable-water_cropped-1.jpg 1500w\" sizes=\"auto, (max-width: 1024px) 100vw, 1024px\" \/><\/figure>\n\n\n\n<p>\u00d6kologische Herausforderungen stehen bei vielen Wasserwerken, die die Bev\u00f6lkerung mit sauberen Trinkwasser versorgen, an vorderster Stelle. Wir bei Clear Edge sind Vorreiter in der Entwicklung von Filtermedien f\u00fcr die Abwasseraufbereitung und stellen sicher, dass unsere Produkte bei der Reduzierung von Bakterien und Mikroorganismen sowie bei der Entfernung von gef\u00e4hrlichen Substanzen und Partikeln unterst\u00fctzen.<br><br>Wir sind stolz darauf, hochleistungsf\u00e4hige Filtrationsprodukte zu liefern, die den Giftstoffgehalt im Abwasser reduzieren und sauberes Trinkwasser zur Verf\u00fcgung stellen.<br><br>Unsere Filtermedien sind auf die Filtration von hochwertigem, sauberem Wasser ausgelegt:<br><\/p>\n\n\n\n<ul class=\"wp-block-list\"><li><a href=\"https:\/\/clear-edge.com\/en-US\/products\/pressure-filtration\/filter-press-cloths\">T\u00fccher<\/a><a href=\"https:\/\/www.clear-edge.com\/products\/pressure-filtration\/filter-press-cloths\/\">f\u00fcr<\/a><a href=\"https:\/\/www.clear-edge.com\/de\/produkte\/druckfiltration\/filtertuecher-fuer-filterpressen\/\">Filterpressen<\/a><\/li><li><a href=\"https:\/\/www.clear-edge.com\/de\/produkte\/absetzfiltration\/\">Vorentw\u00e4sserungsb\u00e4nder<\/a><\/li><li><a href=\"https:\/\/www.clear-edge.com\/de\/produkte\/monodur-praezisionsgewebe\/\">Monodur\u2122 Pr\u00e4zisionsfilterbeutel und -schl\u00e4uche<\/a><\/li><li><a href=\"https:\/\/www.clear-edge.com\/de\/produkte\/druckfiltration\/filterbaender-fuer-siebband-filterpressen\/\">Filterb\u00e4nder f\u00fcr Siebbandpressen<\/a><\/li><li><a href=\"https:\/\/www.clear-edge.com\/de\/produkte\/vakuumfiltration\/dreh-vakuumscheibenfilter\/\">Dreh-Vakuumscheibenfilterbez\u00fcge<\/a><\/li><li><a href=\"https:\/\/www.clear-edge.com\/de\/produkte\/vakuumfiltration\/dreh-vakuumtrommelfilter\/\">Dreh-Vakuumtrommelfilterbez\u00fcge<\/a><\/li><\/ul>\n\n\n\n<div style=\"height:50px\" aria-hidden=\"true\" class=\"wp-block-spacer\"><\/div>\n\n\n\n<div class=\"wp-block-columns has-2-columns grayblock pt-5 pb-5 is-layout-flex wp-container-core-columns-is-layout-9d6595d7 wp-block-columns-is-layout-flex\">\n<div class=\"wp-block-column is-layout-flow wp-block-column-is-layout-flow\">\n<h4 class=\"wp-block-heading\">Weitere Informationen \u00fcber Filtermedien f\u00fcr die Wasseraufbereitung von Clear Edge anfordern<\/h4>\n\n\n\n<div class=\"wp-block-button\"><a class=\"wp-block-button__link has-green-background-color has-background\" href=\"https:\/\/www.clear-edge.com\/de\/ueber-uns\/kontaktieren-sie-uns\/\">Kontaktieren Sie uns<\/a><\/div>\n<\/div>\n\n\n\n<div class=\"wp-block-column is-layout-flow wp-block-column-is-layout-flow\"><\/div>\n<\/div>\n","protected":false},"excerpt":{"rendered":"<p>Die Filtration spielt eine wichtige Rolle bei der Aufbereitung von sauberem Wasser f\u00fcr Mensch und Industrie. Angesichts wachsender Herausforderungen bei der Bereitstellung von sauberem Wasser f\u00fcr Millionen Haushalte, verstehen wir bei Clear Edge die Notwendigkeit von qualitativ hochwertigen Filtermedien. Mit unseren Laboren setzten wir auf Innovationen, um den wachsenden Anforderungen und Vorschriften f\u00fcr sauberes Wasser [&hellip;]<\/p>\n","protected":false},"author":7,"featured_media":0,"parent":1143,"menu_order":0,"comment_status":"closed","ping_status":"closed","template":"","meta":{"_acf_changed":false,"footnotes":""},"class_list":["post-1101","page","type-page","status-publish","hentry"],"acf":[],"yoast_head":"<!-- This site is optimized with the Yoast SEO plugin v27.3 - https:\/\/yoast.com\/product\/yoast-seo-wordpress\/ -->\n<title>Wasseraufbereitung - Clear Edge<\/title>\n<meta name=\"robots\" content=\"index, follow, max-snippet:-1, max-image-preview:large, max-video-preview:-1\" \/>\n<link rel=\"canonical\" href=\"https:\/\/www.clear-edge.com\/de\/maerkte\/wasseraufbereitung\/\" \/>\n<meta property=\"og:locale\" content=\"de_DE\" \/>\n<meta property=\"og:type\" content=\"article\" \/>\n<meta property=\"og:title\" content=\"Wasseraufbereitung - Clear Edge\" \/>\n<meta property=\"og:description\" content=\"Die Filtration spielt eine wichtige Rolle bei der Aufbereitung von sauberem Wasser f\u00fcr Mensch und Industrie. Angesichts wachsender Herausforderungen bei der Bereitstellung von sauberem Wasser f\u00fcr Millionen Haushalte, verstehen wir bei Clear Edge die Notwendigkeit von qualitativ hochwertigen Filtermedien. Mit unseren Laboren setzten wir auf Innovationen, um den wachsenden Anforderungen und Vorschriften f\u00fcr sauberes Wasser [&hellip;]\" \/>\n<meta property=\"og:url\" content=\"https:\/\/www.clear-edge.com\/de\/maerkte\/wasseraufbereitung\/\" \/>\n<meta property=\"og:site_name\" content=\"Clear Edge\" \/>\n<meta property=\"article:modified_time\" content=\"2020-09-23T20:11:33+00:00\" \/>\n<meta property=\"og:image\" content=\"https:\/\/www.clear-edge.com\/wp-content\/uploads\/2019\/10\/water-treatment_cropped-1024x341.jpg\" \/>\n<meta name=\"twitter:card\" content=\"summary_large_image\" \/>\n<meta name=\"twitter:label1\" content=\"Gesch\u00e4tzte Lesezeit\" \/>\n\t<meta name=\"twitter:data1\" content=\"2 Minuten\" \/>\n<script type=\"application\/ld+json\" class=\"yoast-schema-graph\">{\"@context\":\"https:\\\/\\\/schema.org\",\"@graph\":[{\"@type\":\"WebPage\",\"@id\":\"https:\\\/\\\/www.clear-edge.com\\\/de\\\/maerkte\\\/wasseraufbereitung\\\/\",\"url\":\"https:\\\/\\\/www.clear-edge.com\\\/de\\\/maerkte\\\/wasseraufbereitung\\\/\",\"name\":\"Wasseraufbereitung - Clear Edge\",\"isPartOf\":{\"@id\":\"https:\\\/\\\/www.clear-edge.com\\\/de\\\/#website\"},\"primaryImageOfPage\":{\"@id\":\"https:\\\/\\\/www.clear-edge.com\\\/de\\\/maerkte\\\/wasseraufbereitung\\\/#primaryimage\"},\"image\":{\"@id\":\"https:\\\/\\\/www.clear-edge.com\\\/de\\\/maerkte\\\/wasseraufbereitung\\\/#primaryimage\"},\"thumbnailUrl\":\"https:\\\/\\\/www.clear-edge.com\\\/wp-content\\\/uploads\\\/2019\\\/10\\\/water-treatment_cropped-1024x341.jpg\",\"datePublished\":\"2020-09-09T14:45:31+00:00\",\"dateModified\":\"2020-09-23T20:11:33+00:00\",\"breadcrumb\":{\"@id\":\"https:\\\/\\\/www.clear-edge.com\\\/de\\\/maerkte\\\/wasseraufbereitung\\\/#breadcrumb\"},\"inLanguage\":\"de-DE\",\"potentialAction\":[{\"@type\":\"ReadAction\",\"target\":[\"https:\\\/\\\/www.clear-edge.com\\\/de\\\/maerkte\\\/wasseraufbereitung\\\/\"]}]},{\"@type\":\"ImageObject\",\"inLanguage\":\"de-DE\",\"@id\":\"https:\\\/\\\/www.clear-edge.com\\\/de\\\/maerkte\\\/wasseraufbereitung\\\/#primaryimage\",\"url\":\"https:\\\/\\\/www.clear-edge.com\\\/wp-content\\\/uploads\\\/2019\\\/10\\\/water-treatment_cropped-1024x341.jpg\",\"contentUrl\":\"https:\\\/\\\/www.clear-edge.com\\\/wp-content\\\/uploads\\\/2019\\\/10\\\/water-treatment_cropped-1024x341.jpg\"},{\"@type\":\"BreadcrumbList\",\"@id\":\"https:\\\/\\\/www.clear-edge.com\\\/de\\\/maerkte\\\/wasseraufbereitung\\\/#breadcrumb\",\"itemListElement\":[{\"@type\":\"ListItem\",\"position\":1,\"name\":\"\",\"item\":\"https:\\\/\\\/www.clear-edge.com\\\/de\\\/\"},{\"@type\":\"ListItem\",\"position\":2,\"name\":\"M\u00e4rkte\",\"item\":\"https:\\\/\\\/www.clear-edge.com\\\/de\\\/maerkte\\\/\"},{\"@type\":\"ListItem\",\"position\":3,\"name\":\"Wasseraufbereitung\"}]},{\"@type\":\"WebSite\",\"@id\":\"https:\\\/\\\/www.clear-edge.com\\\/de\\\/#website\",\"url\":\"https:\\\/\\\/www.clear-edge.com\\\/de\\\/\",\"name\":\"Clear Edge\",\"description\":\"Global manufacturer and supplier of technical filter fabrics I filter cloths I filter belts I filtration solutions\",\"publisher\":{\"@id\":\"https:\\\/\\\/www.clear-edge.com\\\/de\\\/#organization\"},\"potentialAction\":[{\"@type\":\"SearchAction\",\"target\":{\"@type\":\"EntryPoint\",\"urlTemplate\":\"https:\\\/\\\/www.clear-edge.com\\\/de\\\/?s={search_term_string}\"},\"query-input\":{\"@type\":\"PropertyValueSpecification\",\"valueRequired\":true,\"valueName\":\"search_term_string\"}}],\"inLanguage\":\"de-DE\"},{\"@type\":\"Organization\",\"@id\":\"https:\\\/\\\/www.clear-edge.com\\\/de\\\/#organization\",\"name\":\"Filtration Group\",\"url\":\"https:\\\/\\\/www.clear-edge.com\\\/de\\\/\",\"logo\":{\"@type\":\"ImageObject\",\"inLanguage\":\"de-DE\",\"@id\":\"https:\\\/\\\/www.clear-edge.com\\\/de\\\/#\\\/schema\\\/logo\\\/image\\\/\",\"url\":\"https:\\\/\\\/www.clear-edge.com\\\/wp-content\\\/uploads\\\/2019\\\/06\\\/FGC-logo-1.png\",\"contentUrl\":\"https:\\\/\\\/www.clear-edge.com\\\/wp-content\\\/uploads\\\/2019\\\/06\\\/FGC-logo-1.png\",\"width\":1104,\"height\":224,\"caption\":\"Filtration Group\"},\"image\":{\"@id\":\"https:\\\/\\\/www.clear-edge.com\\\/de\\\/#\\\/schema\\\/logo\\\/image\\\/\"}}]}<\/script>\n<!-- \/ Yoast SEO plugin. -->","yoast_head_json":{"title":"Wasseraufbereitung - Clear Edge","robots":{"index":"index","follow":"follow","max-snippet":"max-snippet:-1","max-image-preview":"max-image-preview:large","max-video-preview":"max-video-preview:-1"},"canonical":"https:\/\/www.clear-edge.com\/de\/maerkte\/wasseraufbereitung\/","og_locale":"de_DE","og_type":"article","og_title":"Wasseraufbereitung - Clear Edge","og_description":"Die Filtration spielt eine wichtige Rolle bei der Aufbereitung von sauberem Wasser f\u00fcr Mensch und Industrie. Angesichts wachsender Herausforderungen bei der Bereitstellung von sauberem Wasser f\u00fcr Millionen Haushalte, verstehen wir bei Clear Edge die Notwendigkeit von qualitativ hochwertigen Filtermedien. Mit unseren Laboren setzten wir auf Innovationen, um den wachsenden Anforderungen und Vorschriften f\u00fcr sauberes Wasser [&hellip;]","og_url":"https:\/\/www.clear-edge.com\/de\/maerkte\/wasseraufbereitung\/","og_site_name":"Clear Edge","article_modified_time":"2020-09-23T20:11:33+00:00","og_image":[{"url":"https:\/\/www.clear-edge.com\/wp-content\/uploads\/2019\/10\/water-treatment_cropped-1024x341.jpg","type":"","width":"","height":""}],"twitter_card":"summary_large_image","twitter_misc":{"Gesch\u00e4tzte Lesezeit":"2 Minuten"},"schema":{"@context":"https:\/\/schema.org","@graph":[{"@type":"WebPage","@id":"https:\/\/www.clear-edge.com\/de\/maerkte\/wasseraufbereitung\/","url":"https:\/\/www.clear-edge.com\/de\/maerkte\/wasseraufbereitung\/","name":"Wasseraufbereitung - Clear Edge","isPartOf":{"@id":"https:\/\/www.clear-edge.com\/de\/#website"},"primaryImageOfPage":{"@id":"https:\/\/www.clear-edge.com\/de\/maerkte\/wasseraufbereitung\/#primaryimage"},"image":{"@id":"https:\/\/www.clear-edge.com\/de\/maerkte\/wasseraufbereitung\/#primaryimage"},"thumbnailUrl":"https:\/\/www.clear-edge.com\/wp-content\/uploads\/2019\/10\/water-treatment_cropped-1024x341.jpg","datePublished":"2020-09-09T14:45:31+00:00","dateModified":"2020-09-23T20:11:33+00:00","breadcrumb":{"@id":"https:\/\/www.clear-edge.com\/de\/maerkte\/wasseraufbereitung\/#breadcrumb"},"inLanguage":"de-DE","potentialAction":[{"@type":"ReadAction","target":["https:\/\/www.clear-edge.com\/de\/maerkte\/wasseraufbereitung\/"]}]},{"@type":"ImageObject","inLanguage":"de-DE","@id":"https:\/\/www.clear-edge.com\/de\/maerkte\/wasseraufbereitung\/#primaryimage","url":"https:\/\/www.clear-edge.com\/wp-content\/uploads\/2019\/10\/water-treatment_cropped-1024x341.jpg","contentUrl":"https:\/\/www.clear-edge.com\/wp-content\/uploads\/2019\/10\/water-treatment_cropped-1024x341.jpg"},{"@type":"BreadcrumbList","@id":"https:\/\/www.clear-edge.com\/de\/maerkte\/wasseraufbereitung\/#breadcrumb","itemListElement":[{"@type":"ListItem","position":1,"name":"","item":"https:\/\/www.clear-edge.com\/de\/"},{"@type":"ListItem","position":2,"name":"M\u00e4rkte","item":"https:\/\/www.clear-edge.com\/de\/maerkte\/"},{"@type":"ListItem","position":3,"name":"Wasseraufbereitung"}]},{"@type":"WebSite","@id":"https:\/\/www.clear-edge.com\/de\/#website","url":"https:\/\/www.clear-edge.com\/de\/","name":"Clear Edge","description":"Global manufacturer and supplier of technical filter fabrics I filter cloths I filter belts I filtration solutions","publisher":{"@id":"https:\/\/www.clear-edge.com\/de\/#organization"},"potentialAction":[{"@type":"SearchAction","target":{"@type":"EntryPoint","urlTemplate":"https:\/\/www.clear-edge.com\/de\/?s={search_term_string}"},"query-input":{"@type":"PropertyValueSpecification","valueRequired":true,"valueName":"search_term_string"}}],"inLanguage":"de-DE"},{"@type":"Organization","@id":"https:\/\/www.clear-edge.com\/de\/#organization","name":"Filtration Group","url":"https:\/\/www.clear-edge.com\/de\/","logo":{"@type":"ImageObject","inLanguage":"de-DE","@id":"https:\/\/www.clear-edge.com\/de\/#\/schema\/logo\/image\/","url":"https:\/\/www.clear-edge.com\/wp-content\/uploads\/2019\/06\/FGC-logo-1.png","contentUrl":"https:\/\/www.clear-edge.com\/wp-content\/uploads\/2019\/06\/FGC-logo-1.png","width":1104,"height":224,"caption":"Filtration Group"},"image":{"@id":"https:\/\/www.clear-edge.com\/de\/#\/schema\/logo\/image\/"}}]}},"_links":{"self":[{"href":"https:\/\/www.clear-edge.com\/de\/wp-json\/wp\/v2\/pages\/1101","targetHints":{"allow":["GET"]}}],"collection":[{"href":"https:\/\/www.clear-edge.com\/de\/wp-json\/wp\/v2\/pages"}],"about":[{"href":"https:\/\/www.clear-edge.com\/de\/wp-json\/wp\/v2\/types\/page"}],"author":[{"embeddable":true,"href":"https:\/\/www.clear-edge.com\/de\/wp-json\/wp\/v2\/users\/7"}],"replies":[{"embeddable":true,"href":"https:\/\/www.clear-edge.com\/de\/wp-json\/wp\/v2\/comments?post=1101"}],"version-history":[{"count":0,"href":"https:\/\/www.clear-edge.com\/de\/wp-json\/wp\/v2\/pages\/1101\/revisions"}],"up":[{"embeddable":true,"href":"https:\/\/www.clear-edge.com\/de\/wp-json\/wp\/v2\/pages\/1143"}],"wp:attachment":[{"href":"https:\/\/www.clear-edge.com\/de\/wp-json\/wp\/v2\/media?parent=1101"}],"curies":[{"name":"wp","href":"https:\/\/api.w.org\/{rel}","templated":true}]}}