{"id":1080,"date":"2020-09-03T14:12:54","date_gmt":"2020-09-03T14:12:54","guid":{"rendered":"https:\/\/www.clear-edge.com\/spezielle-beispiele\/"},"modified":"2020-09-17T22:33:30","modified_gmt":"2020-09-17T22:33:30","slug":"spezielle-beispiele","status":"publish","type":"page","link":"https:\/\/www.clear-edge.com\/de\/spezielle-beispiele\/","title":{"rendered":"Spezielle Beispiele"},"content":{"rendered":"\n<h3 class=\"wp-block-heading\">Stil zum Nachbilden des alten Advanced Navigation Module<\/h3>\n\n<div class=\"wp-block-columns has-4-columns anm-columns is-layout-flex wp-container-core-columns-is-layout-9d6595d7 wp-block-columns-is-layout-flex\">\n<div class=\"wp-block-column is-layout-flow wp-block-column-is-layout-flow\">\n<figure class=\"wp-block-image\"><img loading=\"lazy\" decoding=\"async\" width=\"468\" height=\"468\" src=\"https:\/\/www.clear-edge.com\/wp-content\/uploads\/2019\/06\/bigstock-4309502.jpg\" alt=\"Testbild\" class=\"wp-image-278\" srcset=\"https:\/\/www.clear-edge.com\/wp-content\/uploads\/2019\/06\/bigstock-4309502.jpg 468w, https:\/\/www.clear-edge.com\/wp-content\/uploads\/2019\/06\/bigstock-4309502-150x150.jpg 150w, https:\/\/www.clear-edge.com\/wp-content\/uploads\/2019\/06\/bigstock-4309502-300x300.jpg 300w\" sizes=\"auto, (max-width: 468px) 100vw, 468px\" \/><\/figure>\n\n\n<h4 class=\"wp-block-heading\">\u00dcberschrift<\/h4>\n\n\n\n<p>ein paar Zeilen <\/p>\n\n\n\n<div class=\"wp-block-button aligncenter\"><a class=\"wp-block-button__link has-text-color has-white-color has-background has-green-background-color\" href=\"#\">Klicken Sie hier<\/a><\/div>\n<\/div>\n\n\n\n<div class=\"wp-block-column is-layout-flow wp-block-column-is-layout-flow\">\n<figure class=\"wp-block-image\"><img loading=\"lazy\" decoding=\"async\" width=\"468\" height=\"468\" src=\"https:\/\/www.clear-edge.com\/wp-content\/uploads\/2019\/06\/bigstock-4309502.jpg\" alt=\"Testbild\" class=\"wp-image-278\" srcset=\"https:\/\/www.clear-edge.com\/wp-content\/uploads\/2019\/06\/bigstock-4309502.jpg 468w, https:\/\/www.clear-edge.com\/wp-content\/uploads\/2019\/06\/bigstock-4309502-150x150.jpg 150w, https:\/\/www.clear-edge.com\/wp-content\/uploads\/2019\/06\/bigstock-4309502-300x300.jpg 300w\" sizes=\"auto, (max-width: 468px) 100vw, 468px\" \/><\/figure>\n\n\n<h4 class=\"wp-block-heading\">\u00dcberschrift \u00dcberschrift<\/h4>\n\n\n\n<p>ein paar kopierte t-Zeilen hier einf\u00fcgen, damit ich die H\u00f6he f\u00fcr die Schaltfl\u00e4che anpassen kann<\/p>\n\n\n\n<div class=\"wp-block-button aligncenter\"><a class=\"wp-block-button__link has-text-color has-white-color has-background has-green-background-color\" href=\"#\">Klicken Sie hier<\/a><\/div>\n<\/div>\n\n\n\n<div class=\"wp-block-column is-layout-flow wp-block-column-is-layout-flow\">\n<figure class=\"wp-block-image\"><img loading=\"lazy\" decoding=\"async\" width=\"468\" height=\"468\" src=\"https:\/\/www.clear-edge.com\/wp-content\/uploads\/2019\/06\/bigstock-4309502.jpg\" alt=\"Testbild\" class=\"wp-image-278\" srcset=\"https:\/\/www.clear-edge.com\/wp-content\/uploads\/2019\/06\/bigstock-4309502.jpg 468w, https:\/\/www.clear-edge.com\/wp-content\/uploads\/2019\/06\/bigstock-4309502-150x150.jpg 150w, https:\/\/www.clear-edge.com\/wp-content\/uploads\/2019\/06\/bigstock-4309502-300x300.jpg 300w\" sizes=\"auto, (max-width: 468px) 100vw, 468px\" \/><\/figure>\n\n\n<h4 class=\"wp-block-heading\">\u00dcberschrift<\/h4>\n\n\n\n<p>ein paar kopierte t-Zeilen hier einf\u00fcgen, damit ich anpassen kann<\/p>\n\n\n\n<div class=\"wp-block-button aligncenter\"><a class=\"wp-block-button__link has-text-color has-white-color has-background has-green-background-color\" href=\"#\">Klicken Sie hier<\/a><\/div>\n<\/div>\n\n\n\n<div class=\"wp-block-column is-layout-flow wp-block-column-is-layout-flow\">\n<figure class=\"wp-block-image\"><img loading=\"lazy\" decoding=\"async\" width=\"468\" height=\"468\" src=\"https:\/\/www.clear-edge.com\/wp-content\/uploads\/2019\/06\/bigstock-4309502.jpg\" alt=\"Testbild\" class=\"wp-image-278\" srcset=\"https:\/\/www.clear-edge.com\/wp-content\/uploads\/2019\/06\/bigstock-4309502.jpg 468w, https:\/\/www.clear-edge.com\/wp-content\/uploads\/2019\/06\/bigstock-4309502-150x150.jpg 150w, https:\/\/www.clear-edge.com\/wp-content\/uploads\/2019\/06\/bigstock-4309502-300x300.jpg 300w\" sizes=\"auto, (max-width: 468px) 100vw, 468px\" \/><\/figure>\n\n\n<h5 class=\"wp-block-heading\">\u00dcberschrift<\/h5>\n\n\n\n<p>ein paar kopierte t-Zeilen <\/p>\n\n\n\n<div class=\"wp-block-button aligncenter\"><a class=\"wp-block-button__link has-text-color has-white-color has-background has-green-background-color\" href=\"#\">Klicken Sie hier<\/a><\/div>\n<\/div>\n<\/div>\n\n<h3 class=\"wp-block-heading\">Graues Feld hinter Inhalt<\/h3>\n\n<p><em>W\u00e4hlen Sie den Block aus und f\u00fcgen Sie auf der Registerkarte \u201eErweitert\u201c die Klasse \u201e<\/em>grayblock<em>\u201c<\/em> hinzu<\/p>\n\n<p><em>wenn Sie innerhalb des grauen Blocks eine F\u00fcllung hinzuf\u00fcgen m\u00f6chten, f\u00fcgen Sie die Klasse \u201e<\/em>pb-5<em>\u201c f\u00fcr F\u00fcllung oben hinzu<\/em>, f\u00fcgen Sie die Klasse \u201epb-5\u201c f\u00fcr F\u00fcllung unten hinzu<\/p>\n\n<div class=\"wp-block-media-text alignwide grayblock pt-5 pb-5\"><figure class=\"wp-block-media-text__media\"><img loading=\"lazy\" decoding=\"async\" width=\"468\" height=\"468\" src=\"https:\/\/www.clear-edge.com\/wp-content\/uploads\/2019\/06\/bigstock-4309502.jpg\" alt=\"Testbild\" class=\"wp-image-278\" srcset=\"https:\/\/www.clear-edge.com\/wp-content\/uploads\/2019\/06\/bigstock-4309502.jpg 468w, https:\/\/www.clear-edge.com\/wp-content\/uploads\/2019\/06\/bigstock-4309502-150x150.jpg 150w, https:\/\/www.clear-edge.com\/wp-content\/uploads\/2019\/06\/bigstock-4309502-300x300.jpg 300w\" sizes=\"auto, (max-width: 468px) 100vw, 468px\" \/><\/figure><div class=\"wp-block-media-text__content\">\n<h2 class=\"wp-block-heading\">Kopie der \u00dcberschrift<\/h2>\n\n\n\n<p>Lorem ipsum dolor sit amet, consectetuer adipiscing elit. Nunc fringilla nisl sit amet mi. In id dolor. Suspendisse potenti. Cras tortor. Vestibulum suscipit tellus vel libero. Integer quis eros. Sed velit. Phasellus mollis pulvinar dolor. Mauris lobortis elit non tellus. Phasellus vitae eros eu eros interdum auctor. <\/p>\n\n\n\n<div class=\"wp-block-button\"><a class=\"wp-block-button__link has-text-color has-white-color has-background has-green-background-color\" href=\"#\">Klicken Sie hier<\/a><\/div>\n<\/div><\/div>\n\n<h2 class=\"wp-block-heading\">Breite der Schaltfl\u00e4che<\/h2>\n\n<p><em>um 2 Schaltfl\u00e4chen nebeneinander zu haben, wenden Sie die Klasse \u201e<\/em>btn-half-width<em>\u201c in der Registerkarte \u201eErweitert\u201c an.<\/em><\/p>\n\n<p><em>damit die Schaltfl\u00e4che die volle Breite jedes Containers, in dem er sich befindet, ausf\u00fcllt, f\u00fcgen Sie die Klasse \u201e<\/em>btn-full-width<em>\u201c in der Registerkarte \u201eErweitert\u201c hinzu<\/em><\/p>\n\n<div class=\"wp-block-columns has-2-columns is-layout-flex wp-container-core-columns-is-layout-9d6595d7 wp-block-columns-is-layout-flex\">\n<div class=\"wp-block-column is-layout-flow wp-block-column-is-layout-flow\">\n<div class=\"wp-block-button btn-half-width\"><a class=\"wp-block-button__link has-text-color has-white-color has-background has-blue-background-color\">Schaltfl\u00e4che 1<\/a><\/div>\n\n\n\n<div class=\"wp-block-button btn-half-width\"><a class=\"wp-block-button__link has-text-color has-white-color has-background has-green-background-color\">Schaltfl\u00e4che 2<\/a><\/div>\n<\/div>\n\n\n\n<div class=\"wp-block-column is-layout-flow wp-block-column-is-layout-flow\">\n<div class=\"wp-block-button btn-full-width is-style-outline is-style-outline--1\"><a class=\"wp-block-button__link has-text-color has-white-color has-background has-medium-gray-background-color\">Volle Breite der Schaltfl\u00e4che<\/a><\/div>\n<\/div>\n<\/div>\n","protected":false},"excerpt":{"rendered":"<p>Stil zum Nachbilden des alten Advanced Navigation Module \u00dcberschrift ein paar Zeilen \u00dcberschrift \u00dcberschrift ein paar kopierte t-Zeilen hier einf\u00fcgen, damit ich die H\u00f6he f\u00fcr die Schaltfl\u00e4che anpassen kann \u00dcberschrift ein paar kopierte t-Zeilen hier einf\u00fcgen, damit ich anpassen kann \u00dcberschrift ein paar kopierte t-Zeilen Graues Feld hinter Inhalt W\u00e4hlen Sie den Block aus und [&hellip;]<\/p>\n","protected":false},"author":3,"featured_media":0,"parent":0,"menu_order":0,"comment_status":"closed","ping_status":"closed","template":"","meta":{"_acf_changed":false,"footnotes":""},"class_list":["post-1080","page","type-page","status-publish","hentry"],"acf":[],"yoast_head":"<!-- This site is optimized with the Yoast SEO plugin v27.3 - https:\/\/yoast.com\/product\/yoast-seo-wordpress\/ -->\n<title>Spezielle Beispiele - Clear Edge<\/title>\n<meta name=\"robots\" content=\"index, follow, max-snippet:-1, max-image-preview:large, max-video-preview:-1\" \/>\n<link rel=\"canonical\" href=\"https:\/\/www.clear-edge.com\/de\/spezielle-beispiele\/\" \/>\n<meta property=\"og:locale\" content=\"de_DE\" \/>\n<meta property=\"og:type\" content=\"article\" \/>\n<meta property=\"og:title\" content=\"Spezielle Beispiele - Clear Edge\" \/>\n<meta property=\"og:description\" content=\"Stil zum Nachbilden des alten Advanced Navigation Module \u00dcberschrift ein paar Zeilen \u00dcberschrift \u00dcberschrift ein paar kopierte t-Zeilen hier einf\u00fcgen, damit ich die H\u00f6he f\u00fcr die Schaltfl\u00e4che anpassen kann \u00dcberschrift ein paar kopierte t-Zeilen hier einf\u00fcgen, damit ich anpassen kann \u00dcberschrift ein paar kopierte t-Zeilen Graues Feld hinter Inhalt W\u00e4hlen Sie den Block aus und [&hellip;]\" \/>\n<meta property=\"og:url\" content=\"https:\/\/www.clear-edge.com\/de\/spezielle-beispiele\/\" \/>\n<meta property=\"og:site_name\" content=\"Clear Edge\" \/>\n<meta property=\"article:modified_time\" content=\"2020-09-17T22:33:30+00:00\" \/>\n<meta property=\"og:image\" content=\"https:\/\/www.clear-edge.com\/wp-content\/uploads\/2019\/06\/bigstock-4309502.jpg\" \/>\n<meta name=\"twitter:card\" content=\"summary_large_image\" \/>\n<meta name=\"twitter:label1\" content=\"Gesch\u00e4tzte Lesezeit\" \/>\n\t<meta name=\"twitter:data1\" content=\"1 Minute\" \/>\n<script type=\"application\/ld+json\" class=\"yoast-schema-graph\">{\"@context\":\"https:\\\/\\\/schema.org\",\"@graph\":[{\"@type\":\"WebPage\",\"@id\":\"https:\\\/\\\/www.clear-edge.com\\\/de\\\/spezielle-beispiele\\\/\",\"url\":\"https:\\\/\\\/www.clear-edge.com\\\/de\\\/spezielle-beispiele\\\/\",\"name\":\"Spezielle Beispiele - Clear Edge\",\"isPartOf\":{\"@id\":\"https:\\\/\\\/www.clear-edge.com\\\/de\\\/#website\"},\"primaryImageOfPage\":{\"@id\":\"https:\\\/\\\/www.clear-edge.com\\\/de\\\/spezielle-beispiele\\\/#primaryimage\"},\"image\":{\"@id\":\"https:\\\/\\\/www.clear-edge.com\\\/de\\\/spezielle-beispiele\\\/#primaryimage\"},\"thumbnailUrl\":\"https:\\\/\\\/www.clear-edge.com\\\/wp-content\\\/uploads\\\/2019\\\/06\\\/bigstock-4309502.jpg\",\"datePublished\":\"2020-09-03T14:12:54+00:00\",\"dateModified\":\"2020-09-17T22:33:30+00:00\",\"breadcrumb\":{\"@id\":\"https:\\\/\\\/www.clear-edge.com\\\/de\\\/spezielle-beispiele\\\/#breadcrumb\"},\"inLanguage\":\"de-DE\",\"potentialAction\":[{\"@type\":\"ReadAction\",\"target\":[\"https:\\\/\\\/www.clear-edge.com\\\/de\\\/spezielle-beispiele\\\/\"]}]},{\"@type\":\"ImageObject\",\"inLanguage\":\"de-DE\",\"@id\":\"https:\\\/\\\/www.clear-edge.com\\\/de\\\/spezielle-beispiele\\\/#primaryimage\",\"url\":\"https:\\\/\\\/www.clear-edge.com\\\/wp-content\\\/uploads\\\/2019\\\/06\\\/bigstock-4309502.jpg\",\"contentUrl\":\"https:\\\/\\\/www.clear-edge.com\\\/wp-content\\\/uploads\\\/2019\\\/06\\\/bigstock-4309502.jpg\"},{\"@type\":\"BreadcrumbList\",\"@id\":\"https:\\\/\\\/www.clear-edge.com\\\/de\\\/spezielle-beispiele\\\/#breadcrumb\",\"itemListElement\":[{\"@type\":\"ListItem\",\"position\":1,\"name\":\"\",\"item\":\"https:\\\/\\\/www.clear-edge.com\\\/de\\\/\"},{\"@type\":\"ListItem\",\"position\":2,\"name\":\"Spezielle Beispiele\"}]},{\"@type\":\"WebSite\",\"@id\":\"https:\\\/\\\/www.clear-edge.com\\\/de\\\/#website\",\"url\":\"https:\\\/\\\/www.clear-edge.com\\\/de\\\/\",\"name\":\"Clear Edge\",\"description\":\"Global manufacturer and supplier of technical filter fabrics I filter cloths I filter belts I filtration solutions\",\"publisher\":{\"@id\":\"https:\\\/\\\/www.clear-edge.com\\\/de\\\/#organization\"},\"potentialAction\":[{\"@type\":\"SearchAction\",\"target\":{\"@type\":\"EntryPoint\",\"urlTemplate\":\"https:\\\/\\\/www.clear-edge.com\\\/de\\\/?s={search_term_string}\"},\"query-input\":{\"@type\":\"PropertyValueSpecification\",\"valueRequired\":true,\"valueName\":\"search_term_string\"}}],\"inLanguage\":\"de-DE\"},{\"@type\":\"Organization\",\"@id\":\"https:\\\/\\\/www.clear-edge.com\\\/de\\\/#organization\",\"name\":\"Filtration Group\",\"url\":\"https:\\\/\\\/www.clear-edge.com\\\/de\\\/\",\"logo\":{\"@type\":\"ImageObject\",\"inLanguage\":\"de-DE\",\"@id\":\"https:\\\/\\\/www.clear-edge.com\\\/de\\\/#\\\/schema\\\/logo\\\/image\\\/\",\"url\":\"https:\\\/\\\/www.clear-edge.com\\\/wp-content\\\/uploads\\\/2019\\\/06\\\/FGC-logo-1.png\",\"contentUrl\":\"https:\\\/\\\/www.clear-edge.com\\\/wp-content\\\/uploads\\\/2019\\\/06\\\/FGC-logo-1.png\",\"width\":1104,\"height\":224,\"caption\":\"Filtration Group\"},\"image\":{\"@id\":\"https:\\\/\\\/www.clear-edge.com\\\/de\\\/#\\\/schema\\\/logo\\\/image\\\/\"}}]}<\/script>\n<!-- \/ Yoast SEO plugin. -->","yoast_head_json":{"title":"Spezielle Beispiele - Clear Edge","robots":{"index":"index","follow":"follow","max-snippet":"max-snippet:-1","max-image-preview":"max-image-preview:large","max-video-preview":"max-video-preview:-1"},"canonical":"https:\/\/www.clear-edge.com\/de\/spezielle-beispiele\/","og_locale":"de_DE","og_type":"article","og_title":"Spezielle Beispiele - Clear Edge","og_description":"Stil zum Nachbilden des alten Advanced Navigation Module \u00dcberschrift ein paar Zeilen \u00dcberschrift \u00dcberschrift ein paar kopierte t-Zeilen hier einf\u00fcgen, damit ich die H\u00f6he f\u00fcr die Schaltfl\u00e4che anpassen kann \u00dcberschrift ein paar kopierte t-Zeilen hier einf\u00fcgen, damit ich anpassen kann \u00dcberschrift ein paar kopierte t-Zeilen Graues Feld hinter Inhalt W\u00e4hlen Sie den Block aus und [&hellip;]","og_url":"https:\/\/www.clear-edge.com\/de\/spezielle-beispiele\/","og_site_name":"Clear Edge","article_modified_time":"2020-09-17T22:33:30+00:00","og_image":[{"url":"https:\/\/www.clear-edge.com\/wp-content\/uploads\/2019\/06\/bigstock-4309502.jpg","type":"","width":"","height":""}],"twitter_card":"summary_large_image","twitter_misc":{"Gesch\u00e4tzte Lesezeit":"1 Minute"},"schema":{"@context":"https:\/\/schema.org","@graph":[{"@type":"WebPage","@id":"https:\/\/www.clear-edge.com\/de\/spezielle-beispiele\/","url":"https:\/\/www.clear-edge.com\/de\/spezielle-beispiele\/","name":"Spezielle Beispiele - Clear Edge","isPartOf":{"@id":"https:\/\/www.clear-edge.com\/de\/#website"},"primaryImageOfPage":{"@id":"https:\/\/www.clear-edge.com\/de\/spezielle-beispiele\/#primaryimage"},"image":{"@id":"https:\/\/www.clear-edge.com\/de\/spezielle-beispiele\/#primaryimage"},"thumbnailUrl":"https:\/\/www.clear-edge.com\/wp-content\/uploads\/2019\/06\/bigstock-4309502.jpg","datePublished":"2020-09-03T14:12:54+00:00","dateModified":"2020-09-17T22:33:30+00:00","breadcrumb":{"@id":"https:\/\/www.clear-edge.com\/de\/spezielle-beispiele\/#breadcrumb"},"inLanguage":"de-DE","potentialAction":[{"@type":"ReadAction","target":["https:\/\/www.clear-edge.com\/de\/spezielle-beispiele\/"]}]},{"@type":"ImageObject","inLanguage":"de-DE","@id":"https:\/\/www.clear-edge.com\/de\/spezielle-beispiele\/#primaryimage","url":"https:\/\/www.clear-edge.com\/wp-content\/uploads\/2019\/06\/bigstock-4309502.jpg","contentUrl":"https:\/\/www.clear-edge.com\/wp-content\/uploads\/2019\/06\/bigstock-4309502.jpg"},{"@type":"BreadcrumbList","@id":"https:\/\/www.clear-edge.com\/de\/spezielle-beispiele\/#breadcrumb","itemListElement":[{"@type":"ListItem","position":1,"name":"","item":"https:\/\/www.clear-edge.com\/de\/"},{"@type":"ListItem","position":2,"name":"Spezielle Beispiele"}]},{"@type":"WebSite","@id":"https:\/\/www.clear-edge.com\/de\/#website","url":"https:\/\/www.clear-edge.com\/de\/","name":"Clear Edge","description":"Global manufacturer and supplier of technical filter fabrics I filter cloths I filter belts I filtration solutions","publisher":{"@id":"https:\/\/www.clear-edge.com\/de\/#organization"},"potentialAction":[{"@type":"SearchAction","target":{"@type":"EntryPoint","urlTemplate":"https:\/\/www.clear-edge.com\/de\/?s={search_term_string}"},"query-input":{"@type":"PropertyValueSpecification","valueRequired":true,"valueName":"search_term_string"}}],"inLanguage":"de-DE"},{"@type":"Organization","@id":"https:\/\/www.clear-edge.com\/de\/#organization","name":"Filtration Group","url":"https:\/\/www.clear-edge.com\/de\/","logo":{"@type":"ImageObject","inLanguage":"de-DE","@id":"https:\/\/www.clear-edge.com\/de\/#\/schema\/logo\/image\/","url":"https:\/\/www.clear-edge.com\/wp-content\/uploads\/2019\/06\/FGC-logo-1.png","contentUrl":"https:\/\/www.clear-edge.com\/wp-content\/uploads\/2019\/06\/FGC-logo-1.png","width":1104,"height":224,"caption":"Filtration Group"},"image":{"@id":"https:\/\/www.clear-edge.com\/de\/#\/schema\/logo\/image\/"}}]}},"_links":{"self":[{"href":"https:\/\/www.clear-edge.com\/de\/wp-json\/wp\/v2\/pages\/1080","targetHints":{"allow":["GET"]}}],"collection":[{"href":"https:\/\/www.clear-edge.com\/de\/wp-json\/wp\/v2\/pages"}],"about":[{"href":"https:\/\/www.clear-edge.com\/de\/wp-json\/wp\/v2\/types\/page"}],"author":[{"embeddable":true,"href":"https:\/\/www.clear-edge.com\/de\/wp-json\/wp\/v2\/users\/3"}],"replies":[{"embeddable":true,"href":"https:\/\/www.clear-edge.com\/de\/wp-json\/wp\/v2\/comments?post=1080"}],"version-history":[{"count":0,"href":"https:\/\/www.clear-edge.com\/de\/wp-json\/wp\/v2\/pages\/1080\/revisions"}],"wp:attachment":[{"href":"https:\/\/www.clear-edge.com\/de\/wp-json\/wp\/v2\/media?parent=1080"}],"curies":[{"name":"wp","href":"https:\/\/api.w.org\/{rel}","templated":true}]}}