{"id":1072,"date":"2020-09-03T14:12:54","date_gmt":"2020-09-03T14:12:54","guid":{"rendered":"https:\/\/www.clear-edge.com\/ueber-uns\/fuehrung\/"},"modified":"2020-09-17T22:33:30","modified_gmt":"2020-09-17T22:33:30","slug":"fuehrung","status":"publish","type":"page","link":"https:\/\/www.clear-edge.com\/de\/ueber-uns\/fuehrung\/","title":{"rendered":"F\u00fchrung"},"content":{"rendered":"\n<div class=\"wp-block-cover alignfull has-background-dim full-width\" style=\"background-image:url(https:\/\/www.clear-edge.com\/wp-content\/uploads\/2019\/10\/Leadership-Banner.jpg);background-position:50.588235294117645% 57.23529591279871%\"><div class=\"wp-block-cover__inner-container is-layout-flow wp-block-cover-is-layout-flow\">\n<h1 class=\"headline headline-rule wp-block-heading\"> F\u00fchrung <\/h1>\n<\/div><\/div>\n\n<h2 class=\"wp-block-heading\">Vorausschauend. Kundenorientiert.<\/h2>\n\n<p>Wir  sind Ingenieure, Wissenschaftler, Designer, Erfinder und Probleml\u00f6ser. Wir  sind Gemeindevorsteher, M\u00fctter und V\u00e4ter, Sportler, K\u00fcnstler, T\u00e4nzer,  Musiker und so viel mehr.<\/p>\n\n<p>Aber vor allem sind wir unserer Mission verpflichtet. Wir k\u00fcmmern uns um unsere  Umwelt und umeinander. Wir sind motiviert, unsere Welt sicherer,  ges\u00fcnder und produktiver zu machen.\u00a0<\/p>\n","protected":false},"excerpt":{"rendered":"<p>Vorausschauend. Kundenorientiert. Wir sind Ingenieure, Wissenschaftler, Designer, Erfinder und Probleml\u00f6ser. Wir sind Gemeindevorsteher, M\u00fctter und V\u00e4ter, Sportler, K\u00fcnstler, T\u00e4nzer, Musiker und so viel mehr. Aber vor allem sind wir unserer Mission verpflichtet. Wir k\u00fcmmern uns um unsere Umwelt und umeinander. Wir sind motiviert, unsere Welt sicherer, ges\u00fcnder und produktiver zu machen.\u00a0<\/p>\n","protected":false},"author":3,"featured_media":0,"parent":1064,"menu_order":0,"comment_status":"closed","ping_status":"closed","template":"","meta":{"_acf_changed":false,"footnotes":""},"class_list":["post-1072","page","type-page","status-publish","hentry"],"acf":[],"yoast_head":"<!-- This site is optimized with the Yoast SEO plugin v27.3 - https:\/\/yoast.com\/product\/yoast-seo-wordpress\/ -->\n<title>F\u00fchrung - Clear Edge<\/title>\n<meta name=\"robots\" content=\"index, follow, max-snippet:-1, max-image-preview:large, max-video-preview:-1\" \/>\n<link rel=\"canonical\" href=\"https:\/\/www.clear-edge.com\/de\/ueber-uns\/fuehrung\/\" \/>\n<meta property=\"og:locale\" content=\"de_DE\" \/>\n<meta property=\"og:type\" content=\"article\" \/>\n<meta property=\"og:title\" content=\"F\u00fchrung - Clear Edge\" \/>\n<meta property=\"og:description\" content=\"Vorausschauend. Kundenorientiert. Wir sind Ingenieure, Wissenschaftler, Designer, Erfinder und Probleml\u00f6ser. Wir sind Gemeindevorsteher, M\u00fctter und V\u00e4ter, Sportler, K\u00fcnstler, T\u00e4nzer, Musiker und so viel mehr. Aber vor allem sind wir unserer Mission verpflichtet. Wir k\u00fcmmern uns um unsere Umwelt und umeinander. Wir sind motiviert, unsere Welt sicherer, ges\u00fcnder und produktiver zu machen.\u00a0\" \/>\n<meta property=\"og:url\" content=\"https:\/\/www.clear-edge.com\/de\/ueber-uns\/fuehrung\/\" \/>\n<meta property=\"og:site_name\" content=\"Clear Edge\" \/>\n<meta property=\"article:modified_time\" content=\"2020-09-17T22:33:30+00:00\" \/>\n<meta name=\"twitter:card\" content=\"summary_large_image\" \/>\n<script type=\"application\/ld+json\" class=\"yoast-schema-graph\">{\"@context\":\"https:\\\/\\\/schema.org\",\"@graph\":[{\"@type\":\"WebPage\",\"@id\":\"https:\\\/\\\/www.clear-edge.com\\\/de\\\/ueber-uns\\\/fuehrung\\\/\",\"url\":\"https:\\\/\\\/www.clear-edge.com\\\/de\\\/ueber-uns\\\/fuehrung\\\/\",\"name\":\"F\u00fchrung - Clear Edge\",\"isPartOf\":{\"@id\":\"https:\\\/\\\/www.clear-edge.com\\\/de\\\/#website\"},\"datePublished\":\"2020-09-03T14:12:54+00:00\",\"dateModified\":\"2020-09-17T22:33:30+00:00\",\"breadcrumb\":{\"@id\":\"https:\\\/\\\/www.clear-edge.com\\\/de\\\/ueber-uns\\\/fuehrung\\\/#breadcrumb\"},\"inLanguage\":\"de-DE\",\"potentialAction\":[{\"@type\":\"ReadAction\",\"target\":[\"https:\\\/\\\/www.clear-edge.com\\\/de\\\/ueber-uns\\\/fuehrung\\\/\"]}]},{\"@type\":\"BreadcrumbList\",\"@id\":\"https:\\\/\\\/www.clear-edge.com\\\/de\\\/ueber-uns\\\/fuehrung\\\/#breadcrumb\",\"itemListElement\":[{\"@type\":\"ListItem\",\"position\":1,\"name\":\"\",\"item\":\"https:\\\/\\\/www.clear-edge.com\\\/de\\\/\"},{\"@type\":\"ListItem\",\"position\":2,\"name\":\"\u00dcber uns\",\"item\":\"https:\\\/\\\/www.clear-edge.com\\\/de\\\/ueber-uns\\\/\"},{\"@type\":\"ListItem\",\"position\":3,\"name\":\"F\u00fchrung\"}]},{\"@type\":\"WebSite\",\"@id\":\"https:\\\/\\\/www.clear-edge.com\\\/de\\\/#website\",\"url\":\"https:\\\/\\\/www.clear-edge.com\\\/de\\\/\",\"name\":\"Clear Edge\",\"description\":\"Global manufacturer and supplier of technical filter fabrics I filter cloths I filter belts I filtration solutions\",\"publisher\":{\"@id\":\"https:\\\/\\\/www.clear-edge.com\\\/de\\\/#organization\"},\"potentialAction\":[{\"@type\":\"SearchAction\",\"target\":{\"@type\":\"EntryPoint\",\"urlTemplate\":\"https:\\\/\\\/www.clear-edge.com\\\/de\\\/?s={search_term_string}\"},\"query-input\":{\"@type\":\"PropertyValueSpecification\",\"valueRequired\":true,\"valueName\":\"search_term_string\"}}],\"inLanguage\":\"de-DE\"},{\"@type\":\"Organization\",\"@id\":\"https:\\\/\\\/www.clear-edge.com\\\/de\\\/#organization\",\"name\":\"Filtration Group\",\"url\":\"https:\\\/\\\/www.clear-edge.com\\\/de\\\/\",\"logo\":{\"@type\":\"ImageObject\",\"inLanguage\":\"de-DE\",\"@id\":\"https:\\\/\\\/www.clear-edge.com\\\/de\\\/#\\\/schema\\\/logo\\\/image\\\/\",\"url\":\"https:\\\/\\\/www.clear-edge.com\\\/wp-content\\\/uploads\\\/2019\\\/06\\\/FGC-logo-1.png\",\"contentUrl\":\"https:\\\/\\\/www.clear-edge.com\\\/wp-content\\\/uploads\\\/2019\\\/06\\\/FGC-logo-1.png\",\"width\":1104,\"height\":224,\"caption\":\"Filtration Group\"},\"image\":{\"@id\":\"https:\\\/\\\/www.clear-edge.com\\\/de\\\/#\\\/schema\\\/logo\\\/image\\\/\"}}]}<\/script>\n<!-- \/ Yoast SEO plugin. -->","yoast_head_json":{"title":"F\u00fchrung - Clear Edge","robots":{"index":"index","follow":"follow","max-snippet":"max-snippet:-1","max-image-preview":"max-image-preview:large","max-video-preview":"max-video-preview:-1"},"canonical":"https:\/\/www.clear-edge.com\/de\/ueber-uns\/fuehrung\/","og_locale":"de_DE","og_type":"article","og_title":"F\u00fchrung - Clear Edge","og_description":"Vorausschauend. Kundenorientiert. Wir sind Ingenieure, Wissenschaftler, Designer, Erfinder und Probleml\u00f6ser. Wir sind Gemeindevorsteher, M\u00fctter und V\u00e4ter, Sportler, K\u00fcnstler, T\u00e4nzer, Musiker und so viel mehr. Aber vor allem sind wir unserer Mission verpflichtet. Wir k\u00fcmmern uns um unsere Umwelt und umeinander. Wir sind motiviert, unsere Welt sicherer, ges\u00fcnder und produktiver zu machen.\u00a0","og_url":"https:\/\/www.clear-edge.com\/de\/ueber-uns\/fuehrung\/","og_site_name":"Clear Edge","article_modified_time":"2020-09-17T22:33:30+00:00","twitter_card":"summary_large_image","schema":{"@context":"https:\/\/schema.org","@graph":[{"@type":"WebPage","@id":"https:\/\/www.clear-edge.com\/de\/ueber-uns\/fuehrung\/","url":"https:\/\/www.clear-edge.com\/de\/ueber-uns\/fuehrung\/","name":"F\u00fchrung - Clear Edge","isPartOf":{"@id":"https:\/\/www.clear-edge.com\/de\/#website"},"datePublished":"2020-09-03T14:12:54+00:00","dateModified":"2020-09-17T22:33:30+00:00","breadcrumb":{"@id":"https:\/\/www.clear-edge.com\/de\/ueber-uns\/fuehrung\/#breadcrumb"},"inLanguage":"de-DE","potentialAction":[{"@type":"ReadAction","target":["https:\/\/www.clear-edge.com\/de\/ueber-uns\/fuehrung\/"]}]},{"@type":"BreadcrumbList","@id":"https:\/\/www.clear-edge.com\/de\/ueber-uns\/fuehrung\/#breadcrumb","itemListElement":[{"@type":"ListItem","position":1,"name":"","item":"https:\/\/www.clear-edge.com\/de\/"},{"@type":"ListItem","position":2,"name":"\u00dcber uns","item":"https:\/\/www.clear-edge.com\/de\/ueber-uns\/"},{"@type":"ListItem","position":3,"name":"F\u00fchrung"}]},{"@type":"WebSite","@id":"https:\/\/www.clear-edge.com\/de\/#website","url":"https:\/\/www.clear-edge.com\/de\/","name":"Clear Edge","description":"Global manufacturer and supplier of technical filter fabrics I filter cloths I filter belts I filtration solutions","publisher":{"@id":"https:\/\/www.clear-edge.com\/de\/#organization"},"potentialAction":[{"@type":"SearchAction","target":{"@type":"EntryPoint","urlTemplate":"https:\/\/www.clear-edge.com\/de\/?s={search_term_string}"},"query-input":{"@type":"PropertyValueSpecification","valueRequired":true,"valueName":"search_term_string"}}],"inLanguage":"de-DE"},{"@type":"Organization","@id":"https:\/\/www.clear-edge.com\/de\/#organization","name":"Filtration Group","url":"https:\/\/www.clear-edge.com\/de\/","logo":{"@type":"ImageObject","inLanguage":"de-DE","@id":"https:\/\/www.clear-edge.com\/de\/#\/schema\/logo\/image\/","url":"https:\/\/www.clear-edge.com\/wp-content\/uploads\/2019\/06\/FGC-logo-1.png","contentUrl":"https:\/\/www.clear-edge.com\/wp-content\/uploads\/2019\/06\/FGC-logo-1.png","width":1104,"height":224,"caption":"Filtration Group"},"image":{"@id":"https:\/\/www.clear-edge.com\/de\/#\/schema\/logo\/image\/"}}]}},"_links":{"self":[{"href":"https:\/\/www.clear-edge.com\/de\/wp-json\/wp\/v2\/pages\/1072","targetHints":{"allow":["GET"]}}],"collection":[{"href":"https:\/\/www.clear-edge.com\/de\/wp-json\/wp\/v2\/pages"}],"about":[{"href":"https:\/\/www.clear-edge.com\/de\/wp-json\/wp\/v2\/types\/page"}],"author":[{"embeddable":true,"href":"https:\/\/www.clear-edge.com\/de\/wp-json\/wp\/v2\/users\/3"}],"replies":[{"embeddable":true,"href":"https:\/\/www.clear-edge.com\/de\/wp-json\/wp\/v2\/comments?post=1072"}],"version-history":[{"count":0,"href":"https:\/\/www.clear-edge.com\/de\/wp-json\/wp\/v2\/pages\/1072\/revisions"}],"up":[{"embeddable":true,"href":"https:\/\/www.clear-edge.com\/de\/wp-json\/wp\/v2\/pages\/1064"}],"wp:attachment":[{"href":"https:\/\/www.clear-edge.com\/de\/wp-json\/wp\/v2\/media?parent=1072"}],"curies":[{"name":"wp","href":"https:\/\/api.w.org\/{rel}","templated":true}]}}