{"id":1071,"date":"2020-09-03T14:12:53","date_gmt":"2020-09-03T14:12:53","guid":{"rendered":"https:\/\/www.clear-edge.com\/produkte\/vakuumfiltration\/"},"modified":"2020-09-29T18:51:54","modified_gmt":"2020-09-29T18:51:54","slug":"vakuumfiltration","status":"publish","type":"page","link":"https:\/\/www.clear-edge.com\/de\/produkte\/vakuumfiltration\/","title":{"rendered":"Vakuumfiltration"},"content":{"rendered":"\n<div class=\"wp-block-cover alignfull has-background-dim\" style=\"background-image:url(https:\/\/www.clear-edge.com\/wp-content\/uploads\/2019\/10\/Vacuum-Filtration-More-Leaf_2000x500.jpg)\"><div class=\"wp-block-cover__inner-container is-layout-flow wp-block-cover-is-layout-flow\">\n<h1 class=\"has-text-align-center wp-block-heading\">Vakuumfiltration<\/h1>\n<\/div><\/div>\n\n\n\n<p>Wir bei Clear Edge wissen um die Bed\u00fcrfnisse unserer Kunden rund um den Betrieb von Filtrationsanlagen. Unser einzigartiges Herstellungsverfahren vereint moderne Fertigungstechniken mit firmeneigenem Know-How zur Herstellung ma\u00df geschnittener T\u00fccher, Beutel und B\u00e4nder f\u00fcr eine Vielzahl von Anwendungen in der Vakuumfiltration. Dazu z\u00e4hlen Anlagen wie horizontale Vakuumbandfilter, Dreh-Vakuumscheibenfilter, Tellerfilter und Moore-Blattfilter.<br><\/p>\n\n\n\n<div style=\"height:50px\" aria-hidden=\"true\" class=\"wp-block-spacer\"><\/div>\n\n\n\n<div class=\"wp-block-media-text alignwide is-stacked-on-mobile\" style=\"grid-template-columns:45% auto\"><figure class=\"wp-block-media-text__media\"><img loading=\"lazy\" decoding=\"async\" width=\"624\" height=\"429\" src=\"https:\/\/www.clear-edge.com\/wp-content\/uploads\/2019\/10\/Horizontal-Vacuum-Filter-Belt.jpg\" alt=\"\" class=\"wp-image-529\" srcset=\"https:\/\/www.clear-edge.com\/wp-content\/uploads\/2019\/10\/Horizontal-Vacuum-Filter-Belt.jpg 624w, https:\/\/www.clear-edge.com\/wp-content\/uploads\/2019\/10\/Horizontal-Vacuum-Filter-Belt-300x206.jpg 300w\" sizes=\"auto, (max-width: 624px) 100vw, 624px\" \/><\/figure><div class=\"wp-block-media-text__content\">\n<h3 class=\"wp-block-heading\">Filterb\u00e4nder f\u00fcr horizontale Vakuum-Bandfilter<\/h3>\n\n\n\n<p>Gewebestabilit\u00e4t sowie Pr\u00e4zision bei der Abscheidung von Feststoffen sind der Schl\u00fcssel f\u00fcr den erfolgreichen Einsatz von horizontalen Filterb\u00e4ndern.<br><\/p>\n\n\n\n<div class=\"wp-block-button\"><a class=\"wp-block-button__link has-green-background-color has-background\" href=\"https:\/\/www.clear-edge.com\/de\/produkte\/vakuumfiltration\/filterbaender-fuer-horizontale-vakuumbandfilter\/\">Mehr erfahren<\/a><\/div>\n<\/div><\/div>\n\n\n\n<div class=\"wp-block-media-text alignwide is-stacked-on-mobile\" style=\"grid-template-columns:45% auto\"><figure class=\"wp-block-media-text__media\"><img loading=\"lazy\" decoding=\"async\" width=\"624\" height=\"429\" src=\"https:\/\/www.clear-edge.com\/wp-content\/uploads\/2019\/10\/Rotary-Vacuum-Disc-Filter.jpg\" alt=\"\" class=\"wp-image-533\" srcset=\"https:\/\/www.clear-edge.com\/wp-content\/uploads\/2019\/10\/Rotary-Vacuum-Disc-Filter.jpg 624w, https:\/\/www.clear-edge.com\/wp-content\/uploads\/2019\/10\/Rotary-Vacuum-Disc-Filter-300x206.jpg 300w\" sizes=\"auto, (max-width: 624px) 100vw, 624px\" \/><\/figure><div class=\"wp-block-media-text__content\">\n<h3 class=\"wp-block-heading\">Filtert\u00fccher f\u00fcr Dreh-Vakuumscheibenfilter<\/h3>\n\n\n\n<p>Die Anspr\u00fcche in den unterschiedlichen Filtrationsprozessen k\u00f6nnen erheblich variieren. Deshalb verf\u00fcgen wir bei Clear Edge \u00fcber ein umfangreiches Sortiment an hochwertigen Medien und anderen Produkten, welche ein exzellentes Filtrationsergebnisses sicherstellen.<\/p>\n\n\n\n<div class=\"wp-block-button\"><a class=\"wp-block-button__link has-green-background-color has-background\" href=\"https:\/\/www.clear-edge.com\/de\/produkte\/vakuumfiltration\/dreh-vakuumscheibenfilter\/\">Mehr erfahren<\/a><\/div>\n<\/div><\/div>\n\n\n\n<div class=\"wp-block-media-text alignwide is-stacked-on-mobile\" style=\"grid-template-columns:45% auto\"><figure class=\"wp-block-media-text__media\"><img loading=\"lazy\" decoding=\"async\" width=\"624\" height=\"429\" src=\"https:\/\/www.clear-edge.com\/wp-content\/uploads\/2019\/10\/Rotary-Vacuum-Drum-2.jpg\" alt=\"\" class=\"wp-image-535\" srcset=\"https:\/\/www.clear-edge.com\/wp-content\/uploads\/2019\/10\/Rotary-Vacuum-Drum-2.jpg 624w, https:\/\/www.clear-edge.com\/wp-content\/uploads\/2019\/10\/Rotary-Vacuum-Drum-2-300x206.jpg 300w\" sizes=\"auto, (max-width: 624px) 100vw, 624px\" \/><\/figure><div class=\"wp-block-media-text__content\">\n<h3 class=\"wp-block-heading\">Filtert\u00fccher f\u00fcr Dreh-Vakuumtrommelfilter<\/h3>\n\n\n\n<p>Der Dreh-Vakuumtrommelfilter ist eine der \u00e4ltesten Filtrationsmethoden und wird immer noch h\u00e4ufig in der Prozessindustrie eingesetzt. Bei Clear Edge entwickeln wir unsere Medien kontinuierlich weiter, um mit den modernen Trennungspraktiken Schritt zu halten.<br><\/p>\n\n\n\n<div class=\"wp-block-button\"><a class=\"wp-block-button__link has-green-background-color has-background\" href=\"https:\/\/www.clear-edge.com\/de\/produkte\/vakuumfiltration\/dreh-vakuumtrommelfilter\/\">Mehr erfahren<\/a><\/div>\n<\/div><\/div>\n\n\n\n<div class=\"wp-block-media-text alignwide is-stacked-on-mobile\" style=\"grid-template-columns:45% auto\"><figure class=\"wp-block-media-text__media\"><img loading=\"lazy\" decoding=\"async\" width=\"624\" height=\"429\" src=\"https:\/\/www.clear-edge.com\/wp-content\/uploads\/2019\/10\/Vacuum-Pan-Table.jpg\" alt=\"\" class=\"wp-image-537\" srcset=\"https:\/\/www.clear-edge.com\/wp-content\/uploads\/2019\/10\/Vacuum-Pan-Table.jpg 624w, https:\/\/www.clear-edge.com\/wp-content\/uploads\/2019\/10\/Vacuum-Pan-Table-300x206.jpg 300w\" sizes=\"auto, (max-width: 624px) 100vw, 624px\" \/><\/figure><div class=\"wp-block-media-text__content\">\n<h3 class=\"wp-block-heading\">Filtert\u00fccher f\u00fcr Vakuum-Tellerfilter<\/h3>\n\n\n\n<p>Clear Edge besch\u00e4ftigt sich mit der Herstellung von Filtermedien, welche speziell f\u00fcr den Einsatz auf Tellerfiltern in den Bereichen Chemie, Agrochemie und Lebensmittel entwickelt wurden.<br><\/p>\n\n\n\n<div class=\"wp-block-button\"><a class=\"wp-block-button__link has-green-background-color has-background\" href=\"https:\/\/www.clear-edge.com\/de\/produkte\/vakuumfiltration\/vakuum-tellerfilter\/\">Mehr erfahren<\/a><\/div>\n<\/div><\/div>\n\n\n\n<div class=\"wp-block-media-text alignwide is-stacked-on-mobile\" style=\"grid-template-columns:45% auto\"><figure class=\"wp-block-media-text__media\"><img loading=\"lazy\" decoding=\"async\" width=\"624\" height=\"429\" src=\"https:\/\/www.clear-edge.com\/wp-content\/uploads\/2019\/10\/Moore-leaf-1.jpg\" alt=\"\" class=\"wp-image-539\" srcset=\"https:\/\/www.clear-edge.com\/wp-content\/uploads\/2019\/10\/Moore-leaf-1.jpg 624w, https:\/\/www.clear-edge.com\/wp-content\/uploads\/2019\/10\/Moore-leaf-1-300x206.jpg 300w\" sizes=\"auto, (max-width: 624px) 100vw, 624px\" \/><\/figure><div class=\"wp-block-media-text__content\">\n<h3 class=\"wp-block-heading\">Filterbeutel f\u00fcr Vakuum-Blattfilter (Moore-Filter)<\/h3>\n\n\n\n<p>Clear Edge kombiniert modernste Technologien in der Herstellung spezieller Filtermedien f\u00fcr Vakuum-Blattfilter. Unsere Filterbeutel vereinen die Produktvorteile unserer beschichteten Gewebe mit dem eines einzigartigen Design f\u00fcr den Einsatz im Bereich Titandioxid.<br><\/p>\n\n\n\n<div class=\"wp-block-button\"><a class=\"wp-block-button__link has-green-background-color has-background\" href=\"https:\/\/www.clear-edge.com\/de\/produkte\/vakuumfiltration\/vakuum-blattfilter-moore\/\">Mehr erfahren<\/a><\/div>\n<\/div><\/div>\n","protected":false},"excerpt":{"rendered":"<p>Wir bei Clear Edge wissen um die Bed\u00fcrfnisse unserer Kunden rund um den Betrieb von Filtrationsanlagen. Unser einzigartiges Herstellungsverfahren vereint moderne Fertigungstechniken mit firmeneigenem Know-How zur Herstellung ma\u00df geschnittener T\u00fccher, Beutel und B\u00e4nder f\u00fcr eine Vielzahl von Anwendungen in der Vakuumfiltration. Dazu z\u00e4hlen Anlagen wie horizontale Vakuumbandfilter, Dreh-Vakuumscheibenfilter, Tellerfilter und Moore-Blattfilter.<\/p>\n","protected":false},"author":7,"featured_media":0,"parent":1039,"menu_order":0,"comment_status":"closed","ping_status":"closed","template":"","meta":{"_acf_changed":false,"footnotes":""},"class_list":["post-1071","page","type-page","status-publish","hentry"],"acf":[],"yoast_head":"<!-- This site is optimized with the Yoast SEO plugin v27.3 - https:\/\/yoast.com\/product\/yoast-seo-wordpress\/ -->\n<title>Vakuumfiltration - Clear Edge<\/title>\n<meta name=\"robots\" content=\"index, follow, max-snippet:-1, max-image-preview:large, max-video-preview:-1\" \/>\n<link rel=\"canonical\" href=\"https:\/\/www.clear-edge.com\/de\/produkte\/vakuumfiltration\/\" \/>\n<meta property=\"og:locale\" content=\"de_DE\" \/>\n<meta property=\"og:type\" content=\"article\" \/>\n<meta property=\"og:title\" content=\"Vakuumfiltration - Clear Edge\" \/>\n<meta property=\"og:description\" content=\"Wir bei Clear Edge wissen um die Bed\u00fcrfnisse unserer Kunden rund um den Betrieb von Filtrationsanlagen. Unser einzigartiges Herstellungsverfahren vereint moderne Fertigungstechniken mit firmeneigenem Know-How zur Herstellung ma\u00df geschnittener T\u00fccher, Beutel und B\u00e4nder f\u00fcr eine Vielzahl von Anwendungen in der Vakuumfiltration. Dazu z\u00e4hlen Anlagen wie horizontale Vakuumbandfilter, Dreh-Vakuumscheibenfilter, Tellerfilter und Moore-Blattfilter.\" \/>\n<meta property=\"og:url\" content=\"https:\/\/www.clear-edge.com\/de\/produkte\/vakuumfiltration\/\" \/>\n<meta property=\"og:site_name\" content=\"Clear Edge\" \/>\n<meta property=\"article:modified_time\" content=\"2020-09-29T18:51:54+00:00\" \/>\n<meta property=\"og:image\" content=\"https:\/\/www.clear-edge.com\/wp-content\/uploads\/2019\/10\/Horizontal-Vacuum-Filter-Belt.jpg\" \/>\n<meta name=\"twitter:card\" content=\"summary_large_image\" \/>\n<meta name=\"twitter:label1\" content=\"Gesch\u00e4tzte Lesezeit\" \/>\n\t<meta name=\"twitter:data1\" content=\"1 Minute\" \/>\n<script type=\"application\/ld+json\" class=\"yoast-schema-graph\">{\"@context\":\"https:\\\/\\\/schema.org\",\"@graph\":[{\"@type\":\"WebPage\",\"@id\":\"https:\\\/\\\/www.clear-edge.com\\\/de\\\/produkte\\\/vakuumfiltration\\\/\",\"url\":\"https:\\\/\\\/www.clear-edge.com\\\/de\\\/produkte\\\/vakuumfiltration\\\/\",\"name\":\"Vakuumfiltration - Clear Edge\",\"isPartOf\":{\"@id\":\"https:\\\/\\\/www.clear-edge.com\\\/de\\\/#website\"},\"primaryImageOfPage\":{\"@id\":\"https:\\\/\\\/www.clear-edge.com\\\/de\\\/produkte\\\/vakuumfiltration\\\/#primaryimage\"},\"image\":{\"@id\":\"https:\\\/\\\/www.clear-edge.com\\\/de\\\/produkte\\\/vakuumfiltration\\\/#primaryimage\"},\"thumbnailUrl\":\"https:\\\/\\\/www.clear-edge.com\\\/wp-content\\\/uploads\\\/2019\\\/10\\\/Horizontal-Vacuum-Filter-Belt.jpg\",\"datePublished\":\"2020-09-03T14:12:53+00:00\",\"dateModified\":\"2020-09-29T18:51:54+00:00\",\"breadcrumb\":{\"@id\":\"https:\\\/\\\/www.clear-edge.com\\\/de\\\/produkte\\\/vakuumfiltration\\\/#breadcrumb\"},\"inLanguage\":\"de-DE\",\"potentialAction\":[{\"@type\":\"ReadAction\",\"target\":[\"https:\\\/\\\/www.clear-edge.com\\\/de\\\/produkte\\\/vakuumfiltration\\\/\"]}]},{\"@type\":\"ImageObject\",\"inLanguage\":\"de-DE\",\"@id\":\"https:\\\/\\\/www.clear-edge.com\\\/de\\\/produkte\\\/vakuumfiltration\\\/#primaryimage\",\"url\":\"https:\\\/\\\/www.clear-edge.com\\\/wp-content\\\/uploads\\\/2019\\\/10\\\/Horizontal-Vacuum-Filter-Belt.jpg\",\"contentUrl\":\"https:\\\/\\\/www.clear-edge.com\\\/wp-content\\\/uploads\\\/2019\\\/10\\\/Horizontal-Vacuum-Filter-Belt.jpg\"},{\"@type\":\"BreadcrumbList\",\"@id\":\"https:\\\/\\\/www.clear-edge.com\\\/de\\\/produkte\\\/vakuumfiltration\\\/#breadcrumb\",\"itemListElement\":[{\"@type\":\"ListItem\",\"position\":1,\"name\":\"\",\"item\":\"https:\\\/\\\/www.clear-edge.com\\\/de\\\/\"},{\"@type\":\"ListItem\",\"position\":2,\"name\":\"Produkte\",\"item\":\"https:\\\/\\\/www.clear-edge.com\\\/de\\\/produkte\\\/\"},{\"@type\":\"ListItem\",\"position\":3,\"name\":\"Vakuumfiltration\"}]},{\"@type\":\"WebSite\",\"@id\":\"https:\\\/\\\/www.clear-edge.com\\\/de\\\/#website\",\"url\":\"https:\\\/\\\/www.clear-edge.com\\\/de\\\/\",\"name\":\"Clear Edge\",\"description\":\"Global manufacturer and supplier of technical filter fabrics I filter cloths I filter belts I filtration solutions\",\"publisher\":{\"@id\":\"https:\\\/\\\/www.clear-edge.com\\\/de\\\/#organization\"},\"potentialAction\":[{\"@type\":\"SearchAction\",\"target\":{\"@type\":\"EntryPoint\",\"urlTemplate\":\"https:\\\/\\\/www.clear-edge.com\\\/de\\\/?s={search_term_string}\"},\"query-input\":{\"@type\":\"PropertyValueSpecification\",\"valueRequired\":true,\"valueName\":\"search_term_string\"}}],\"inLanguage\":\"de-DE\"},{\"@type\":\"Organization\",\"@id\":\"https:\\\/\\\/www.clear-edge.com\\\/de\\\/#organization\",\"name\":\"Filtration Group\",\"url\":\"https:\\\/\\\/www.clear-edge.com\\\/de\\\/\",\"logo\":{\"@type\":\"ImageObject\",\"inLanguage\":\"de-DE\",\"@id\":\"https:\\\/\\\/www.clear-edge.com\\\/de\\\/#\\\/schema\\\/logo\\\/image\\\/\",\"url\":\"https:\\\/\\\/www.clear-edge.com\\\/wp-content\\\/uploads\\\/2019\\\/06\\\/FGC-logo-1.png\",\"contentUrl\":\"https:\\\/\\\/www.clear-edge.com\\\/wp-content\\\/uploads\\\/2019\\\/06\\\/FGC-logo-1.png\",\"width\":1104,\"height\":224,\"caption\":\"Filtration Group\"},\"image\":{\"@id\":\"https:\\\/\\\/www.clear-edge.com\\\/de\\\/#\\\/schema\\\/logo\\\/image\\\/\"}}]}<\/script>\n<!-- \/ Yoast SEO plugin. -->","yoast_head_json":{"title":"Vakuumfiltration - Clear Edge","robots":{"index":"index","follow":"follow","max-snippet":"max-snippet:-1","max-image-preview":"max-image-preview:large","max-video-preview":"max-video-preview:-1"},"canonical":"https:\/\/www.clear-edge.com\/de\/produkte\/vakuumfiltration\/","og_locale":"de_DE","og_type":"article","og_title":"Vakuumfiltration - Clear Edge","og_description":"Wir bei Clear Edge wissen um die Bed\u00fcrfnisse unserer Kunden rund um den Betrieb von Filtrationsanlagen. Unser einzigartiges Herstellungsverfahren vereint moderne Fertigungstechniken mit firmeneigenem Know-How zur Herstellung ma\u00df geschnittener T\u00fccher, Beutel und B\u00e4nder f\u00fcr eine Vielzahl von Anwendungen in der Vakuumfiltration. Dazu z\u00e4hlen Anlagen wie horizontale Vakuumbandfilter, Dreh-Vakuumscheibenfilter, Tellerfilter und Moore-Blattfilter.","og_url":"https:\/\/www.clear-edge.com\/de\/produkte\/vakuumfiltration\/","og_site_name":"Clear Edge","article_modified_time":"2020-09-29T18:51:54+00:00","og_image":[{"url":"https:\/\/www.clear-edge.com\/wp-content\/uploads\/2019\/10\/Horizontal-Vacuum-Filter-Belt.jpg","type":"","width":"","height":""}],"twitter_card":"summary_large_image","twitter_misc":{"Gesch\u00e4tzte Lesezeit":"1 Minute"},"schema":{"@context":"https:\/\/schema.org","@graph":[{"@type":"WebPage","@id":"https:\/\/www.clear-edge.com\/de\/produkte\/vakuumfiltration\/","url":"https:\/\/www.clear-edge.com\/de\/produkte\/vakuumfiltration\/","name":"Vakuumfiltration - Clear Edge","isPartOf":{"@id":"https:\/\/www.clear-edge.com\/de\/#website"},"primaryImageOfPage":{"@id":"https:\/\/www.clear-edge.com\/de\/produkte\/vakuumfiltration\/#primaryimage"},"image":{"@id":"https:\/\/www.clear-edge.com\/de\/produkte\/vakuumfiltration\/#primaryimage"},"thumbnailUrl":"https:\/\/www.clear-edge.com\/wp-content\/uploads\/2019\/10\/Horizontal-Vacuum-Filter-Belt.jpg","datePublished":"2020-09-03T14:12:53+00:00","dateModified":"2020-09-29T18:51:54+00:00","breadcrumb":{"@id":"https:\/\/www.clear-edge.com\/de\/produkte\/vakuumfiltration\/#breadcrumb"},"inLanguage":"de-DE","potentialAction":[{"@type":"ReadAction","target":["https:\/\/www.clear-edge.com\/de\/produkte\/vakuumfiltration\/"]}]},{"@type":"ImageObject","inLanguage":"de-DE","@id":"https:\/\/www.clear-edge.com\/de\/produkte\/vakuumfiltration\/#primaryimage","url":"https:\/\/www.clear-edge.com\/wp-content\/uploads\/2019\/10\/Horizontal-Vacuum-Filter-Belt.jpg","contentUrl":"https:\/\/www.clear-edge.com\/wp-content\/uploads\/2019\/10\/Horizontal-Vacuum-Filter-Belt.jpg"},{"@type":"BreadcrumbList","@id":"https:\/\/www.clear-edge.com\/de\/produkte\/vakuumfiltration\/#breadcrumb","itemListElement":[{"@type":"ListItem","position":1,"name":"","item":"https:\/\/www.clear-edge.com\/de\/"},{"@type":"ListItem","position":2,"name":"Produkte","item":"https:\/\/www.clear-edge.com\/de\/produkte\/"},{"@type":"ListItem","position":3,"name":"Vakuumfiltration"}]},{"@type":"WebSite","@id":"https:\/\/www.clear-edge.com\/de\/#website","url":"https:\/\/www.clear-edge.com\/de\/","name":"Clear Edge","description":"Global manufacturer and supplier of technical filter fabrics I filter cloths I filter belts I filtration solutions","publisher":{"@id":"https:\/\/www.clear-edge.com\/de\/#organization"},"potentialAction":[{"@type":"SearchAction","target":{"@type":"EntryPoint","urlTemplate":"https:\/\/www.clear-edge.com\/de\/?s={search_term_string}"},"query-input":{"@type":"PropertyValueSpecification","valueRequired":true,"valueName":"search_term_string"}}],"inLanguage":"de-DE"},{"@type":"Organization","@id":"https:\/\/www.clear-edge.com\/de\/#organization","name":"Filtration Group","url":"https:\/\/www.clear-edge.com\/de\/","logo":{"@type":"ImageObject","inLanguage":"de-DE","@id":"https:\/\/www.clear-edge.com\/de\/#\/schema\/logo\/image\/","url":"https:\/\/www.clear-edge.com\/wp-content\/uploads\/2019\/06\/FGC-logo-1.png","contentUrl":"https:\/\/www.clear-edge.com\/wp-content\/uploads\/2019\/06\/FGC-logo-1.png","width":1104,"height":224,"caption":"Filtration Group"},"image":{"@id":"https:\/\/www.clear-edge.com\/de\/#\/schema\/logo\/image\/"}}]}},"_links":{"self":[{"href":"https:\/\/www.clear-edge.com\/de\/wp-json\/wp\/v2\/pages\/1071","targetHints":{"allow":["GET"]}}],"collection":[{"href":"https:\/\/www.clear-edge.com\/de\/wp-json\/wp\/v2\/pages"}],"about":[{"href":"https:\/\/www.clear-edge.com\/de\/wp-json\/wp\/v2\/types\/page"}],"author":[{"embeddable":true,"href":"https:\/\/www.clear-edge.com\/de\/wp-json\/wp\/v2\/users\/7"}],"replies":[{"embeddable":true,"href":"https:\/\/www.clear-edge.com\/de\/wp-json\/wp\/v2\/comments?post=1071"}],"version-history":[{"count":0,"href":"https:\/\/www.clear-edge.com\/de\/wp-json\/wp\/v2\/pages\/1071\/revisions"}],"up":[{"embeddable":true,"href":"https:\/\/www.clear-edge.com\/de\/wp-json\/wp\/v2\/pages\/1039"}],"wp:attachment":[{"href":"https:\/\/www.clear-edge.com\/de\/wp-json\/wp\/v2\/media?parent=1071"}],"curies":[{"name":"wp","href":"https:\/\/api.w.org\/{rel}","templated":true}]}}