{"id":1064,"date":"2020-09-03T14:12:52","date_gmt":"2020-09-03T14:12:52","guid":{"rendered":"https:\/\/www.clear-edge.com\/ueber-uns\/"},"modified":"2020-09-17T22:47:18","modified_gmt":"2020-09-17T22:47:18","slug":"ueber-uns","status":"publish","type":"page","link":"https:\/\/www.clear-edge.com\/de\/ueber-uns\/","title":{"rendered":"\u00dcber uns"},"content":{"rendered":"\n<div class=\"wp-block-cover alignfull has-background-dim full-width\" style=\"background-image:url(https:\/\/www.clear-edge.com\/wp-content\/uploads\/2019\/10\/Market-Sectors-Web-Banner.jpg)\"><div class=\"wp-block-cover__inner-container is-layout-flow wp-block-cover-is-layout-flow\">\n<h1 class=\"has-text-align-center wp-block-heading\">\u00dcber uns<\/h1>\n<\/div><\/div>\n\n\n\n<div class=\"wp-block-media-text alignwide has-media-on-the-right is-stacked-on-mobile\"><figure class=\"wp-block-media-text__media\"><img loading=\"lazy\" decoding=\"async\" width=\"624\" height=\"429\" src=\"https:\/\/www.clear-edge.com\/wp-content\/uploads\/2019\/10\/Germany-HQ.jpg\" alt=\"\" class=\"wp-image-827\" srcset=\"https:\/\/www.clear-edge.com\/wp-content\/uploads\/2019\/10\/Germany-HQ.jpg 624w, https:\/\/www.clear-edge.com\/wp-content\/uploads\/2019\/10\/Germany-HQ-300x206.jpg 300w\" sizes=\"auto, (max-width: 624px) 100vw, 624px\" \/><\/figure><div class=\"wp-block-media-text__content\">\n<h2 class=\"wp-block-heading\">Clear Edge<\/h2>\n\n\n\n<p>In den vergangenen 200 Jahren haben wir ein Verm\u00e4chtnis geschaffen, um Prozesse sicherer, ges\u00fcnder und produktiver zu machen.<\/p>\n\n\n\n<p>Die Tradition von Clear Edge l\u00e4sst sich bis in die erste H\u00e4lfte des 18. Jahrhunderts im Vereinigten K\u00f6nigreich zur\u00fcckverfolgen. Seitdem haben wir uns zu einem globalen Produktions- und Kundensupportnetzwerk mit einem hohen Verst\u00e4ndnis der Prozessfiltration und des Umweltschutzes entwickelt.<\/p>\n\n\n\n<p>Clear Edge, ein Teil der Filtration Group, ist durch die globale Pr\u00e4senz weltweit in der Filtration aktiv. Von gro\u00dfen multinationalen Unternehmen bis hin zu kleinen bzw. mittelst\u00e4ndischen-Betrieben &#8211; unsere Kunden verlassen sich auf Clear Edge, wenn es um branchenf\u00fchrende L\u00f6sungen f\u00fcr prozesskritische Filtration, L\u00f6sungen zum Trocknen von Produkten und die Eind\u00e4mmung von industrieller Umweltverschmutzung geht. Die Produkte von Clear Edge bedienen eine ganze Reihe von Industriesektoren, darunter Bergbau und Mineralien, Chemikalien, Lebensmittel und Getr\u00e4nke, Wasseraufbereitung, Baumaterialien, Zellstoff und Papier, Stromerzeugung, Gesundheitswesen, Transport und andere industrielle Anwendungen.<\/p>\n\n\n\n<p>Wir sind stolz darauf, dass sich viele namhafte Unternehmen auf Clear Edge und die Filtration Group verlassen, um ihre Prozesse sicherer, ges\u00fcnder und produktiver zu gestalten.<br><\/p>\n<\/div><\/div>\n\n\n\n<h2 class=\"wp-block-heading\">Filtration Group<\/h2>\n\n\n\n<p>Wir sorgen in der Welt f\u00fcr mehr Sicherheit, Gesundheit und Produktivit\u00e4t.<\/p>\n\n\n\n<p>Als weltweit am schnellsten wachsendes Filtrationsunternehmen entwickelt, produziert und vermarktet die Filtration Group Corporation, eine Tochtergesellschaft von Madison Industries, innovative Filtrationsl\u00f6sungen, die t\u00e4glich einen Gro\u00dfteil der Weltbev\u00f6lkerung betreffen.<\/p>\n\n\n\n<p>Unsere vier auf den Markt ausgerichteten Gesch\u00e4ftsbereiche &#8211; Process Technolgies Life Sciences, Fluid und Indoor Air quality &#8211; bieten ein umfassendes Angebot an Filtrationsprodukten, Dienstleistungen und fortschrittlichen L\u00f6sungen f\u00fcr jede Anwendung. Durch die Kooperation der Unternehmen in der Filtration Group k\u00f6nnen sich die Kunden auf einen au\u00dfergew\u00f6hnlichen Wert und die Vorteile eines echten Zugang aus einer Hand verlassen, um alle ihre Filtrationsbed\u00fcrfnisse zu bedienen.<\/p>\n\n\n\n<p>Erfahren Sie mehr unter:<br><\/p>\n\n\n\n<div class=\"wp-block-button blank\"><a class=\"wp-block-button__link has-green-background-color has-background\" href=\"https:\/\/www.filtrationgroup.com\/en-US\">Filtration Group Corporation<\/a><\/div>\n","protected":false},"excerpt":{"rendered":"<p>Clear Edge In den vergangenen 200 Jahren haben wir ein Verm\u00e4chtnis geschaffen, um Prozesse sicherer, ges\u00fcnder und produktiver zu machen. Die Tradition von Clear Edge l\u00e4sst sich bis in die erste H\u00e4lfte des 18. Jahrhunderts im Vereinigten K\u00f6nigreich zur\u00fcckverfolgen. Seitdem haben wir uns zu einem globalen Produktions- und Kundensupportnetzwerk mit einem hohen Verst\u00e4ndnis der Prozessfiltration [&hellip;]<\/p>\n","protected":false},"author":3,"featured_media":0,"parent":0,"menu_order":0,"comment_status":"closed","ping_status":"closed","template":"","meta":{"_acf_changed":false,"footnotes":""},"class_list":["post-1064","page","type-page","status-publish","hentry"],"acf":[],"yoast_head":"<!-- This site is optimized with the Yoast SEO plugin v27.3 - https:\/\/yoast.com\/product\/yoast-seo-wordpress\/ -->\n<title>\u00dcber uns - Clear Edge<\/title>\n<meta name=\"robots\" content=\"index, follow, max-snippet:-1, max-image-preview:large, max-video-preview:-1\" \/>\n<link rel=\"canonical\" href=\"https:\/\/www.clear-edge.com\/de\/ueber-uns\/\" \/>\n<meta property=\"og:locale\" content=\"de_DE\" \/>\n<meta property=\"og:type\" content=\"article\" \/>\n<meta property=\"og:title\" content=\"\u00dcber uns - Clear Edge\" \/>\n<meta property=\"og:description\" content=\"Clear Edge In den vergangenen 200 Jahren haben wir ein Verm\u00e4chtnis geschaffen, um Prozesse sicherer, ges\u00fcnder und produktiver zu machen. Die Tradition von Clear Edge l\u00e4sst sich bis in die erste H\u00e4lfte des 18. Jahrhunderts im Vereinigten K\u00f6nigreich zur\u00fcckverfolgen. Seitdem haben wir uns zu einem globalen Produktions- und Kundensupportnetzwerk mit einem hohen Verst\u00e4ndnis der Prozessfiltration [&hellip;]\" \/>\n<meta property=\"og:url\" content=\"https:\/\/www.clear-edge.com\/de\/ueber-uns\/\" \/>\n<meta property=\"og:site_name\" content=\"Clear Edge\" \/>\n<meta property=\"article:modified_time\" content=\"2020-09-17T22:47:18+00:00\" \/>\n<meta property=\"og:image\" content=\"https:\/\/www.clear-edge.com\/wp-content\/uploads\/2019\/10\/Germany-HQ.jpg\" \/>\n<meta name=\"twitter:card\" content=\"summary_large_image\" \/>\n<meta name=\"twitter:label1\" content=\"Gesch\u00e4tzte Lesezeit\" \/>\n\t<meta name=\"twitter:data1\" content=\"2 Minuten\" \/>\n<script type=\"application\/ld+json\" class=\"yoast-schema-graph\">{\"@context\":\"https:\\\/\\\/schema.org\",\"@graph\":[{\"@type\":\"WebPage\",\"@id\":\"https:\\\/\\\/www.clear-edge.com\\\/de\\\/ueber-uns\\\/\",\"url\":\"https:\\\/\\\/www.clear-edge.com\\\/de\\\/ueber-uns\\\/\",\"name\":\"\u00dcber uns - Clear Edge\",\"isPartOf\":{\"@id\":\"https:\\\/\\\/www.clear-edge.com\\\/de\\\/#website\"},\"primaryImageOfPage\":{\"@id\":\"https:\\\/\\\/www.clear-edge.com\\\/de\\\/ueber-uns\\\/#primaryimage\"},\"image\":{\"@id\":\"https:\\\/\\\/www.clear-edge.com\\\/de\\\/ueber-uns\\\/#primaryimage\"},\"thumbnailUrl\":\"https:\\\/\\\/www.clear-edge.com\\\/wp-content\\\/uploads\\\/2019\\\/10\\\/Germany-HQ.jpg\",\"datePublished\":\"2020-09-03T14:12:52+00:00\",\"dateModified\":\"2020-09-17T22:47:18+00:00\",\"breadcrumb\":{\"@id\":\"https:\\\/\\\/www.clear-edge.com\\\/de\\\/ueber-uns\\\/#breadcrumb\"},\"inLanguage\":\"de-DE\",\"potentialAction\":[{\"@type\":\"ReadAction\",\"target\":[\"https:\\\/\\\/www.clear-edge.com\\\/de\\\/ueber-uns\\\/\"]}]},{\"@type\":\"ImageObject\",\"inLanguage\":\"de-DE\",\"@id\":\"https:\\\/\\\/www.clear-edge.com\\\/de\\\/ueber-uns\\\/#primaryimage\",\"url\":\"https:\\\/\\\/www.clear-edge.com\\\/wp-content\\\/uploads\\\/2019\\\/10\\\/Germany-HQ.jpg\",\"contentUrl\":\"https:\\\/\\\/www.clear-edge.com\\\/wp-content\\\/uploads\\\/2019\\\/10\\\/Germany-HQ.jpg\"},{\"@type\":\"BreadcrumbList\",\"@id\":\"https:\\\/\\\/www.clear-edge.com\\\/de\\\/ueber-uns\\\/#breadcrumb\",\"itemListElement\":[{\"@type\":\"ListItem\",\"position\":1,\"name\":\"\",\"item\":\"https:\\\/\\\/www.clear-edge.com\\\/de\\\/\"},{\"@type\":\"ListItem\",\"position\":2,\"name\":\"\u00dcber uns\"}]},{\"@type\":\"WebSite\",\"@id\":\"https:\\\/\\\/www.clear-edge.com\\\/de\\\/#website\",\"url\":\"https:\\\/\\\/www.clear-edge.com\\\/de\\\/\",\"name\":\"Clear Edge\",\"description\":\"Global manufacturer and supplier of technical filter fabrics I filter cloths I filter belts I filtration solutions\",\"publisher\":{\"@id\":\"https:\\\/\\\/www.clear-edge.com\\\/de\\\/#organization\"},\"potentialAction\":[{\"@type\":\"SearchAction\",\"target\":{\"@type\":\"EntryPoint\",\"urlTemplate\":\"https:\\\/\\\/www.clear-edge.com\\\/de\\\/?s={search_term_string}\"},\"query-input\":{\"@type\":\"PropertyValueSpecification\",\"valueRequired\":true,\"valueName\":\"search_term_string\"}}],\"inLanguage\":\"de-DE\"},{\"@type\":\"Organization\",\"@id\":\"https:\\\/\\\/www.clear-edge.com\\\/de\\\/#organization\",\"name\":\"Filtration Group\",\"url\":\"https:\\\/\\\/www.clear-edge.com\\\/de\\\/\",\"logo\":{\"@type\":\"ImageObject\",\"inLanguage\":\"de-DE\",\"@id\":\"https:\\\/\\\/www.clear-edge.com\\\/de\\\/#\\\/schema\\\/logo\\\/image\\\/\",\"url\":\"https:\\\/\\\/www.clear-edge.com\\\/wp-content\\\/uploads\\\/2019\\\/06\\\/FGC-logo-1.png\",\"contentUrl\":\"https:\\\/\\\/www.clear-edge.com\\\/wp-content\\\/uploads\\\/2019\\\/06\\\/FGC-logo-1.png\",\"width\":1104,\"height\":224,\"caption\":\"Filtration Group\"},\"image\":{\"@id\":\"https:\\\/\\\/www.clear-edge.com\\\/de\\\/#\\\/schema\\\/logo\\\/image\\\/\"}}]}<\/script>\n<!-- \/ Yoast SEO plugin. -->","yoast_head_json":{"title":"\u00dcber uns - Clear Edge","robots":{"index":"index","follow":"follow","max-snippet":"max-snippet:-1","max-image-preview":"max-image-preview:large","max-video-preview":"max-video-preview:-1"},"canonical":"https:\/\/www.clear-edge.com\/de\/ueber-uns\/","og_locale":"de_DE","og_type":"article","og_title":"\u00dcber uns - Clear Edge","og_description":"Clear Edge In den vergangenen 200 Jahren haben wir ein Verm\u00e4chtnis geschaffen, um Prozesse sicherer, ges\u00fcnder und produktiver zu machen. Die Tradition von Clear Edge l\u00e4sst sich bis in die erste H\u00e4lfte des 18. Jahrhunderts im Vereinigten K\u00f6nigreich zur\u00fcckverfolgen. Seitdem haben wir uns zu einem globalen Produktions- und Kundensupportnetzwerk mit einem hohen Verst\u00e4ndnis der Prozessfiltration [&hellip;]","og_url":"https:\/\/www.clear-edge.com\/de\/ueber-uns\/","og_site_name":"Clear Edge","article_modified_time":"2020-09-17T22:47:18+00:00","og_image":[{"url":"https:\/\/www.clear-edge.com\/wp-content\/uploads\/2019\/10\/Germany-HQ.jpg","type":"","width":"","height":""}],"twitter_card":"summary_large_image","twitter_misc":{"Gesch\u00e4tzte Lesezeit":"2 Minuten"},"schema":{"@context":"https:\/\/schema.org","@graph":[{"@type":"WebPage","@id":"https:\/\/www.clear-edge.com\/de\/ueber-uns\/","url":"https:\/\/www.clear-edge.com\/de\/ueber-uns\/","name":"\u00dcber uns - Clear Edge","isPartOf":{"@id":"https:\/\/www.clear-edge.com\/de\/#website"},"primaryImageOfPage":{"@id":"https:\/\/www.clear-edge.com\/de\/ueber-uns\/#primaryimage"},"image":{"@id":"https:\/\/www.clear-edge.com\/de\/ueber-uns\/#primaryimage"},"thumbnailUrl":"https:\/\/www.clear-edge.com\/wp-content\/uploads\/2019\/10\/Germany-HQ.jpg","datePublished":"2020-09-03T14:12:52+00:00","dateModified":"2020-09-17T22:47:18+00:00","breadcrumb":{"@id":"https:\/\/www.clear-edge.com\/de\/ueber-uns\/#breadcrumb"},"inLanguage":"de-DE","potentialAction":[{"@type":"ReadAction","target":["https:\/\/www.clear-edge.com\/de\/ueber-uns\/"]}]},{"@type":"ImageObject","inLanguage":"de-DE","@id":"https:\/\/www.clear-edge.com\/de\/ueber-uns\/#primaryimage","url":"https:\/\/www.clear-edge.com\/wp-content\/uploads\/2019\/10\/Germany-HQ.jpg","contentUrl":"https:\/\/www.clear-edge.com\/wp-content\/uploads\/2019\/10\/Germany-HQ.jpg"},{"@type":"BreadcrumbList","@id":"https:\/\/www.clear-edge.com\/de\/ueber-uns\/#breadcrumb","itemListElement":[{"@type":"ListItem","position":1,"name":"","item":"https:\/\/www.clear-edge.com\/de\/"},{"@type":"ListItem","position":2,"name":"\u00dcber uns"}]},{"@type":"WebSite","@id":"https:\/\/www.clear-edge.com\/de\/#website","url":"https:\/\/www.clear-edge.com\/de\/","name":"Clear Edge","description":"Global manufacturer and supplier of technical filter fabrics I filter cloths I filter belts I filtration solutions","publisher":{"@id":"https:\/\/www.clear-edge.com\/de\/#organization"},"potentialAction":[{"@type":"SearchAction","target":{"@type":"EntryPoint","urlTemplate":"https:\/\/www.clear-edge.com\/de\/?s={search_term_string}"},"query-input":{"@type":"PropertyValueSpecification","valueRequired":true,"valueName":"search_term_string"}}],"inLanguage":"de-DE"},{"@type":"Organization","@id":"https:\/\/www.clear-edge.com\/de\/#organization","name":"Filtration Group","url":"https:\/\/www.clear-edge.com\/de\/","logo":{"@type":"ImageObject","inLanguage":"de-DE","@id":"https:\/\/www.clear-edge.com\/de\/#\/schema\/logo\/image\/","url":"https:\/\/www.clear-edge.com\/wp-content\/uploads\/2019\/06\/FGC-logo-1.png","contentUrl":"https:\/\/www.clear-edge.com\/wp-content\/uploads\/2019\/06\/FGC-logo-1.png","width":1104,"height":224,"caption":"Filtration Group"},"image":{"@id":"https:\/\/www.clear-edge.com\/de\/#\/schema\/logo\/image\/"}}]}},"_links":{"self":[{"href":"https:\/\/www.clear-edge.com\/de\/wp-json\/wp\/v2\/pages\/1064","targetHints":{"allow":["GET"]}}],"collection":[{"href":"https:\/\/www.clear-edge.com\/de\/wp-json\/wp\/v2\/pages"}],"about":[{"href":"https:\/\/www.clear-edge.com\/de\/wp-json\/wp\/v2\/types\/page"}],"author":[{"embeddable":true,"href":"https:\/\/www.clear-edge.com\/de\/wp-json\/wp\/v2\/users\/3"}],"replies":[{"embeddable":true,"href":"https:\/\/www.clear-edge.com\/de\/wp-json\/wp\/v2\/comments?post=1064"}],"version-history":[{"count":0,"href":"https:\/\/www.clear-edge.com\/de\/wp-json\/wp\/v2\/pages\/1064\/revisions"}],"wp:attachment":[{"href":"https:\/\/www.clear-edge.com\/de\/wp-json\/wp\/v2\/media?parent=1064"}],"curies":[{"name":"wp","href":"https:\/\/api.w.org\/{rel}","templated":true}]}}