{"id":1058,"date":"2020-09-03T14:12:52","date_gmt":"2020-09-03T14:12:52","guid":{"rendered":"https:\/\/www.clear-edge.com\/produkte\/druckfiltration\/"},"modified":"2020-09-28T18:56:46","modified_gmt":"2020-09-28T18:56:46","slug":"druckfiltration","status":"publish","type":"page","link":"https:\/\/www.clear-edge.com\/de\/produkte\/druckfiltration\/","title":{"rendered":"Druckfiltration"},"content":{"rendered":"\n<div class=\"wp-block-cover alignfull has-background-dim\" style=\"background-image:url(https:\/\/www.clear-edge.com\/wp-content\/uploads\/2019\/10\/Pressure-Filtration-1.jpg)\"><div class=\"wp-block-cover__inner-container is-layout-flow wp-block-cover-is-layout-flow\">\n<h1 class=\"has-text-align-center wp-block-heading\">Druckfiltration<\/h1>\n<\/div><\/div>\n\n\n\n<p>Clear Edge bietet marktf\u00fchrende Filtermedien f\u00fcr viele Druckfiltertypen an, darunter<strong><a href=\"https:\/\/www.clear-edge.com\/de\/produkte\/druckfiltration\/filtertuecher-fuer-filterpressen\/\"> Filterpressen<\/a><\/strong>, <a href=\"https:\/\/www.clear-edge.com\/de\/produkte\/druckfiltration\/filterbaender-fuer-vertikale-turmfilterpressen\/\"><strong>Turmpressen<\/strong><\/a>,&nbsp;<br><strong><a href=\"https:\/\/www.clear-edge.com\/de\/produkte\/druckfiltration\/druckblattfilter\/\">Druckblattfilterpressen<\/a><\/strong> und <strong><a href=\"https:\/\/www.clear-edge.com\/de\/produkte\/druckfiltration\/filterbaender-fuer-siebband-filterpressen\/\">Bandfilterpressen<\/a><\/strong>.<br><br>Wir haben herausragende Produktmerkmale entwickelt, wie z. B. unseren <strong><a href=\"https:\/\/www.clear-edge.com\/de\/produkte\/druckfiltration\/filtertuecher-fuer-filterpressen\/\">Coreflo\u2122-<\/a><\/strong> Filtertuchhals, der der Prozessfiltration unserer Kunden durch geschwei\u00dfte N\u00e4hte einen Mehrwert hinzuf\u00fcgt.<\/p>\n\n\n\n<div style=\"height:50px\" aria-hidden=\"true\" class=\"wp-block-spacer\"><\/div>\n\n\n\n<div class=\"wp-block-media-text alignwide is-stacked-on-mobile\" style=\"grid-template-columns:43% auto\"><figure class=\"wp-block-media-text__media\"><img loading=\"lazy\" decoding=\"async\" width=\"624\" height=\"429\" src=\"https:\/\/www.clear-edge.com\/wp-content\/uploads\/2019\/10\/Filter-Press-Cloths.jpg\" alt=\"\" class=\"wp-image-469\" srcset=\"https:\/\/www.clear-edge.com\/wp-content\/uploads\/2019\/10\/Filter-Press-Cloths.jpg 624w, https:\/\/www.clear-edge.com\/wp-content\/uploads\/2019\/10\/Filter-Press-Cloths-300x206.jpg 300w\" sizes=\"auto, (max-width: 624px) 100vw, 624px\" \/><\/figure><div class=\"wp-block-media-text__content\">\n<h3 class=\"wp-block-heading\">Filtert\u00fccher f\u00fcr Filterpressen<\/h3>\n\n\n\n<p>Clear Edge verf\u00fcgt \u00fcber jahrelange Erfahrung in der Herstellung von Filtert\u00fcchern f\u00fcr horizontale Kammer- und Membranfilterpressen.\u00a0<\/p>\n\n\n\n<div class=\"wp-block-button\"><a class=\"wp-block-button__link has-green-background-color has-background\" href=\"https:\/\/www.clear-edge.com\/de\/produkte\/druckfiltration\/filtertuecher-fuer-filterpressen\/\">Mehr erfahren<\/a><\/div>\n<\/div><\/div>\n\n\n\n<div class=\"wp-block-media-text alignwide is-stacked-on-mobile\" style=\"grid-template-columns:43% auto\"><figure class=\"wp-block-media-text__media\"><img loading=\"lazy\" decoding=\"async\" width=\"624\" height=\"429\" src=\"https:\/\/www.clear-edge.com\/wp-content\/uploads\/2019\/10\/Vertical-tower-press-belts.jpg\" alt=\"\" class=\"wp-image-472\" srcset=\"https:\/\/www.clear-edge.com\/wp-content\/uploads\/2019\/10\/Vertical-tower-press-belts.jpg 624w, https:\/\/www.clear-edge.com\/wp-content\/uploads\/2019\/10\/Vertical-tower-press-belts-300x206.jpg 300w\" sizes=\"auto, (max-width: 624px) 100vw, 624px\" \/><\/figure><div class=\"wp-block-media-text__content\">\n<h3 class=\"wp-block-heading\">Filterb\u00e4nder f\u00fcr vertikale Turmfilterpressen<\/h3>\n\n\n\n<p>Unsere Filterb\u00e4nder f\u00fcr Turmfilterpressen bieten zuverl\u00e4ssige Ergebnisse f\u00fcr eine Vielzahl von Branchen &#8211; von der Pigment-, Farbstoff- und Chemieindustrie bis hin zu Mineral-, Pharma- und Lebensmittelanwendungen.<\/p>\n\n\n\n<div class=\"wp-block-button\"><a class=\"wp-block-button__link has-green-background-color has-background\" href=\"https:\/\/www.clear-edge.com\/de\/produkte\/druckfiltration\/filterbaender-fuer-vertikale-turmfilterpressen\/\">Mehr erfahren<\/a><\/div>\n<\/div><\/div>\n\n\n\n<div class=\"wp-block-media-text alignwide is-stacked-on-mobile\" style=\"grid-template-columns:43% auto\"><figure class=\"wp-block-media-text__media\"><img loading=\"lazy\" decoding=\"async\" width=\"624\" height=\"429\" src=\"https:\/\/www.clear-edge.com\/wp-content\/uploads\/2019\/10\/Pressure-Leaf-Fiter.jpg\" alt=\"\" class=\"wp-image-475\" srcset=\"https:\/\/www.clear-edge.com\/wp-content\/uploads\/2019\/10\/Pressure-Leaf-Fiter.jpg 624w, https:\/\/www.clear-edge.com\/wp-content\/uploads\/2019\/10\/Pressure-Leaf-Fiter-300x206.jpg 300w\" sizes=\"auto, (max-width: 624px) 100vw, 624px\" \/><\/figure><div class=\"wp-block-media-text__content\">\n<h3 class=\"wp-block-heading\">Filterbez\u00fcge f\u00fcr Druckblattfilter<\/h3>\n\n\n\n<p>Wie der Name schon sagt, sieht der Druckblattfilter einzelne Metallfilterrahmen oder \u201eBl\u00e4tter\u201c vor, welche mit Beuteln aus Filtergewebe best\u00fcckt werden.<\/p>\n\n\n\n<div class=\"wp-block-button\"><a class=\"wp-block-button__link has-green-background-color has-background\" href=\"https:\/\/www.clear-edge.com\/de\/produkte\/druckfiltration\/druckblattfilter\/\">Mehr erfahren<\/a><\/div>\n<\/div><\/div>\n\n\n\n<div class=\"wp-block-media-text alignwide is-stacked-on-mobile\" style=\"grid-template-columns:43% auto\"><figure class=\"wp-block-media-text__media\"><img loading=\"lazy\" decoding=\"async\" width=\"624\" height=\"429\" src=\"https:\/\/www.clear-edge.com\/wp-content\/uploads\/2019\/10\/Candle-Sleeve-Filter-cropped.jpg\" alt=\"\" class=\"wp-image-477\" srcset=\"https:\/\/www.clear-edge.com\/wp-content\/uploads\/2019\/10\/Candle-Sleeve-Filter-cropped.jpg 624w, https:\/\/www.clear-edge.com\/wp-content\/uploads\/2019\/10\/Candle-Sleeve-Filter-cropped-300x206.jpg 300w\" sizes=\"auto, (max-width: 624px) 100vw, 624px\" \/><\/figure><div class=\"wp-block-media-text__content\">\n<h3 class=\"wp-block-heading\">Filterkerzenbez\u00fcge<\/h3>\n\n\n\n<p>Filterkerzen zeichnen sich durch Ihr zylindrisches Aussehen aus und finden Anwendung bei der Abscheidung von feinsten Partikeln in der Fest-Fl\u00fcssig-Trennung.<br><\/p>\n\n\n\n<div class=\"wp-block-button\"><a class=\"wp-block-button__link has-green-background-color has-background\" href=\"https:\/\/www.clear-edge.com\/de\/produkte\/druckfiltration\/filterkerzenbezuege\/\">Mehr erfahren<\/a><\/div>\n<\/div><\/div>\n\n\n\n<div class=\"wp-block-media-text alignwide is-stacked-on-mobile\" style=\"grid-template-columns:43% auto\"><figure class=\"wp-block-media-text__media\"><img loading=\"lazy\" decoding=\"async\" width=\"624\" height=\"429\" src=\"https:\/\/www.clear-edge.com\/wp-content\/uploads\/2019\/10\/Press-Belt_Cropped.jpg\" alt=\"\" class=\"wp-image-479\" srcset=\"https:\/\/www.clear-edge.com\/wp-content\/uploads\/2019\/10\/Press-Belt_Cropped.jpg 624w, https:\/\/www.clear-edge.com\/wp-content\/uploads\/2019\/10\/Press-Belt_Cropped-300x206.jpg 300w\" sizes=\"auto, (max-width: 624px) 100vw, 624px\" \/><\/figure><div class=\"wp-block-media-text__content\">\n<h3 class=\"wp-block-heading\">Filterb\u00e4nder f\u00fcr Siebband-Filterpressen<\/h3>\n\n\n\n<p>Clear Edge kooperiert mit Kunden auf der ganzen Welt bei der Entwicklung von Geweben f\u00fcr Siebbandpressen, die in kommunalen und industriellen Kl\u00e4ranlagen, in der Zellstoff- und Papierindustrie sowie in der Getr\u00e4nkeherstellung zum Einsatz kommen.<\/p>\n\n\n\n<div class=\"wp-block-button\"><a class=\"wp-block-button__link has-green-background-color has-background\" href=\"https:\/\/www.clear-edge.com\/de\/produkte\/druckfiltration\/filterbaender-fuer-siebband-filterpressen\/\">Mehr erfahren<\/a><\/div>\n<\/div><\/div>\n","protected":false},"excerpt":{"rendered":"<p>Clear Edge bietet marktf\u00fchrende Filtermedien f\u00fcr viele Druckfiltertypen an, darunter Filterpressen, Turmpressen,&nbsp;Druckblattfilterpressen und Bandfilterpressen. Wir haben herausragende Produktmerkmale entwickelt, wie z. B. unseren Coreflo\u2122- Filtertuchhals, der der Prozessfiltration unserer Kunden durch geschwei\u00dfte N\u00e4hte einen Mehrwert hinzuf\u00fcgt.<\/p>\n","protected":false},"author":7,"featured_media":0,"parent":1039,"menu_order":0,"comment_status":"closed","ping_status":"closed","template":"","meta":{"_acf_changed":false,"footnotes":""},"class_list":["post-1058","page","type-page","status-publish","hentry"],"acf":[],"yoast_head":"<!-- This site is optimized with the Yoast SEO plugin v27.3 - https:\/\/yoast.com\/product\/yoast-seo-wordpress\/ -->\n<title>Druckfiltration - Clear Edge<\/title>\n<meta name=\"robots\" content=\"index, follow, max-snippet:-1, max-image-preview:large, max-video-preview:-1\" \/>\n<link rel=\"canonical\" href=\"https:\/\/www.clear-edge.com\/de\/produkte\/druckfiltration\/\" \/>\n<meta property=\"og:locale\" content=\"de_DE\" \/>\n<meta property=\"og:type\" content=\"article\" \/>\n<meta property=\"og:title\" content=\"Druckfiltration - Clear Edge\" \/>\n<meta property=\"og:description\" content=\"Clear Edge bietet marktf\u00fchrende Filtermedien f\u00fcr viele Druckfiltertypen an, darunter Filterpressen, Turmpressen,&nbsp;Druckblattfilterpressen und Bandfilterpressen. Wir haben herausragende Produktmerkmale entwickelt, wie z. B. unseren Coreflo\u2122- Filtertuchhals, der der Prozessfiltration unserer Kunden durch geschwei\u00dfte N\u00e4hte einen Mehrwert hinzuf\u00fcgt.\" \/>\n<meta property=\"og:url\" content=\"https:\/\/www.clear-edge.com\/de\/produkte\/druckfiltration\/\" \/>\n<meta property=\"og:site_name\" content=\"Clear Edge\" \/>\n<meta property=\"article:modified_time\" content=\"2020-09-28T18:56:46+00:00\" \/>\n<meta property=\"og:image\" content=\"https:\/\/www.clear-edge.com\/wp-content\/uploads\/2019\/10\/Filter-Press-Cloths.jpg\" \/>\n<meta name=\"twitter:card\" content=\"summary_large_image\" \/>\n<meta name=\"twitter:label1\" content=\"Gesch\u00e4tzte Lesezeit\" \/>\n\t<meta name=\"twitter:data1\" content=\"1 Minute\" \/>\n<script type=\"application\/ld+json\" class=\"yoast-schema-graph\">{\"@context\":\"https:\\\/\\\/schema.org\",\"@graph\":[{\"@type\":\"WebPage\",\"@id\":\"https:\\\/\\\/www.clear-edge.com\\\/de\\\/produkte\\\/druckfiltration\\\/\",\"url\":\"https:\\\/\\\/www.clear-edge.com\\\/de\\\/produkte\\\/druckfiltration\\\/\",\"name\":\"Druckfiltration - Clear Edge\",\"isPartOf\":{\"@id\":\"https:\\\/\\\/www.clear-edge.com\\\/de\\\/#website\"},\"primaryImageOfPage\":{\"@id\":\"https:\\\/\\\/www.clear-edge.com\\\/de\\\/produkte\\\/druckfiltration\\\/#primaryimage\"},\"image\":{\"@id\":\"https:\\\/\\\/www.clear-edge.com\\\/de\\\/produkte\\\/druckfiltration\\\/#primaryimage\"},\"thumbnailUrl\":\"https:\\\/\\\/www.clear-edge.com\\\/wp-content\\\/uploads\\\/2019\\\/10\\\/Filter-Press-Cloths.jpg\",\"datePublished\":\"2020-09-03T14:12:52+00:00\",\"dateModified\":\"2020-09-28T18:56:46+00:00\",\"breadcrumb\":{\"@id\":\"https:\\\/\\\/www.clear-edge.com\\\/de\\\/produkte\\\/druckfiltration\\\/#breadcrumb\"},\"inLanguage\":\"de-DE\",\"potentialAction\":[{\"@type\":\"ReadAction\",\"target\":[\"https:\\\/\\\/www.clear-edge.com\\\/de\\\/produkte\\\/druckfiltration\\\/\"]}]},{\"@type\":\"ImageObject\",\"inLanguage\":\"de-DE\",\"@id\":\"https:\\\/\\\/www.clear-edge.com\\\/de\\\/produkte\\\/druckfiltration\\\/#primaryimage\",\"url\":\"https:\\\/\\\/www.clear-edge.com\\\/wp-content\\\/uploads\\\/2019\\\/10\\\/Filter-Press-Cloths.jpg\",\"contentUrl\":\"https:\\\/\\\/www.clear-edge.com\\\/wp-content\\\/uploads\\\/2019\\\/10\\\/Filter-Press-Cloths.jpg\"},{\"@type\":\"BreadcrumbList\",\"@id\":\"https:\\\/\\\/www.clear-edge.com\\\/de\\\/produkte\\\/druckfiltration\\\/#breadcrumb\",\"itemListElement\":[{\"@type\":\"ListItem\",\"position\":1,\"name\":\"\",\"item\":\"https:\\\/\\\/www.clear-edge.com\\\/de\\\/\"},{\"@type\":\"ListItem\",\"position\":2,\"name\":\"Produkte\",\"item\":\"https:\\\/\\\/www.clear-edge.com\\\/de\\\/produkte\\\/\"},{\"@type\":\"ListItem\",\"position\":3,\"name\":\"Druckfiltration\"}]},{\"@type\":\"WebSite\",\"@id\":\"https:\\\/\\\/www.clear-edge.com\\\/de\\\/#website\",\"url\":\"https:\\\/\\\/www.clear-edge.com\\\/de\\\/\",\"name\":\"Clear Edge\",\"description\":\"Global manufacturer and supplier of technical filter fabrics I filter cloths I filter belts I filtration solutions\",\"publisher\":{\"@id\":\"https:\\\/\\\/www.clear-edge.com\\\/de\\\/#organization\"},\"potentialAction\":[{\"@type\":\"SearchAction\",\"target\":{\"@type\":\"EntryPoint\",\"urlTemplate\":\"https:\\\/\\\/www.clear-edge.com\\\/de\\\/?s={search_term_string}\"},\"query-input\":{\"@type\":\"PropertyValueSpecification\",\"valueRequired\":true,\"valueName\":\"search_term_string\"}}],\"inLanguage\":\"de-DE\"},{\"@type\":\"Organization\",\"@id\":\"https:\\\/\\\/www.clear-edge.com\\\/de\\\/#organization\",\"name\":\"Filtration Group\",\"url\":\"https:\\\/\\\/www.clear-edge.com\\\/de\\\/\",\"logo\":{\"@type\":\"ImageObject\",\"inLanguage\":\"de-DE\",\"@id\":\"https:\\\/\\\/www.clear-edge.com\\\/de\\\/#\\\/schema\\\/logo\\\/image\\\/\",\"url\":\"https:\\\/\\\/www.clear-edge.com\\\/wp-content\\\/uploads\\\/2019\\\/06\\\/FGC-logo-1.png\",\"contentUrl\":\"https:\\\/\\\/www.clear-edge.com\\\/wp-content\\\/uploads\\\/2019\\\/06\\\/FGC-logo-1.png\",\"width\":1104,\"height\":224,\"caption\":\"Filtration Group\"},\"image\":{\"@id\":\"https:\\\/\\\/www.clear-edge.com\\\/de\\\/#\\\/schema\\\/logo\\\/image\\\/\"}}]}<\/script>\n<!-- \/ Yoast SEO plugin. -->","yoast_head_json":{"title":"Druckfiltration - Clear Edge","robots":{"index":"index","follow":"follow","max-snippet":"max-snippet:-1","max-image-preview":"max-image-preview:large","max-video-preview":"max-video-preview:-1"},"canonical":"https:\/\/www.clear-edge.com\/de\/produkte\/druckfiltration\/","og_locale":"de_DE","og_type":"article","og_title":"Druckfiltration - Clear Edge","og_description":"Clear Edge bietet marktf\u00fchrende Filtermedien f\u00fcr viele Druckfiltertypen an, darunter Filterpressen, Turmpressen,&nbsp;Druckblattfilterpressen und Bandfilterpressen. Wir haben herausragende Produktmerkmale entwickelt, wie z. B. unseren Coreflo\u2122- Filtertuchhals, der der Prozessfiltration unserer Kunden durch geschwei\u00dfte N\u00e4hte einen Mehrwert hinzuf\u00fcgt.","og_url":"https:\/\/www.clear-edge.com\/de\/produkte\/druckfiltration\/","og_site_name":"Clear Edge","article_modified_time":"2020-09-28T18:56:46+00:00","og_image":[{"url":"https:\/\/www.clear-edge.com\/wp-content\/uploads\/2019\/10\/Filter-Press-Cloths.jpg","type":"","width":"","height":""}],"twitter_card":"summary_large_image","twitter_misc":{"Gesch\u00e4tzte Lesezeit":"1 Minute"},"schema":{"@context":"https:\/\/schema.org","@graph":[{"@type":"WebPage","@id":"https:\/\/www.clear-edge.com\/de\/produkte\/druckfiltration\/","url":"https:\/\/www.clear-edge.com\/de\/produkte\/druckfiltration\/","name":"Druckfiltration - Clear Edge","isPartOf":{"@id":"https:\/\/www.clear-edge.com\/de\/#website"},"primaryImageOfPage":{"@id":"https:\/\/www.clear-edge.com\/de\/produkte\/druckfiltration\/#primaryimage"},"image":{"@id":"https:\/\/www.clear-edge.com\/de\/produkte\/druckfiltration\/#primaryimage"},"thumbnailUrl":"https:\/\/www.clear-edge.com\/wp-content\/uploads\/2019\/10\/Filter-Press-Cloths.jpg","datePublished":"2020-09-03T14:12:52+00:00","dateModified":"2020-09-28T18:56:46+00:00","breadcrumb":{"@id":"https:\/\/www.clear-edge.com\/de\/produkte\/druckfiltration\/#breadcrumb"},"inLanguage":"de-DE","potentialAction":[{"@type":"ReadAction","target":["https:\/\/www.clear-edge.com\/de\/produkte\/druckfiltration\/"]}]},{"@type":"ImageObject","inLanguage":"de-DE","@id":"https:\/\/www.clear-edge.com\/de\/produkte\/druckfiltration\/#primaryimage","url":"https:\/\/www.clear-edge.com\/wp-content\/uploads\/2019\/10\/Filter-Press-Cloths.jpg","contentUrl":"https:\/\/www.clear-edge.com\/wp-content\/uploads\/2019\/10\/Filter-Press-Cloths.jpg"},{"@type":"BreadcrumbList","@id":"https:\/\/www.clear-edge.com\/de\/produkte\/druckfiltration\/#breadcrumb","itemListElement":[{"@type":"ListItem","position":1,"name":"","item":"https:\/\/www.clear-edge.com\/de\/"},{"@type":"ListItem","position":2,"name":"Produkte","item":"https:\/\/www.clear-edge.com\/de\/produkte\/"},{"@type":"ListItem","position":3,"name":"Druckfiltration"}]},{"@type":"WebSite","@id":"https:\/\/www.clear-edge.com\/de\/#website","url":"https:\/\/www.clear-edge.com\/de\/","name":"Clear Edge","description":"Global manufacturer and supplier of technical filter fabrics I filter cloths I filter belts I filtration solutions","publisher":{"@id":"https:\/\/www.clear-edge.com\/de\/#organization"},"potentialAction":[{"@type":"SearchAction","target":{"@type":"EntryPoint","urlTemplate":"https:\/\/www.clear-edge.com\/de\/?s={search_term_string}"},"query-input":{"@type":"PropertyValueSpecification","valueRequired":true,"valueName":"search_term_string"}}],"inLanguage":"de-DE"},{"@type":"Organization","@id":"https:\/\/www.clear-edge.com\/de\/#organization","name":"Filtration Group","url":"https:\/\/www.clear-edge.com\/de\/","logo":{"@type":"ImageObject","inLanguage":"de-DE","@id":"https:\/\/www.clear-edge.com\/de\/#\/schema\/logo\/image\/","url":"https:\/\/www.clear-edge.com\/wp-content\/uploads\/2019\/06\/FGC-logo-1.png","contentUrl":"https:\/\/www.clear-edge.com\/wp-content\/uploads\/2019\/06\/FGC-logo-1.png","width":1104,"height":224,"caption":"Filtration Group"},"image":{"@id":"https:\/\/www.clear-edge.com\/de\/#\/schema\/logo\/image\/"}}]}},"_links":{"self":[{"href":"https:\/\/www.clear-edge.com\/de\/wp-json\/wp\/v2\/pages\/1058","targetHints":{"allow":["GET"]}}],"collection":[{"href":"https:\/\/www.clear-edge.com\/de\/wp-json\/wp\/v2\/pages"}],"about":[{"href":"https:\/\/www.clear-edge.com\/de\/wp-json\/wp\/v2\/types\/page"}],"author":[{"embeddable":true,"href":"https:\/\/www.clear-edge.com\/de\/wp-json\/wp\/v2\/users\/7"}],"replies":[{"embeddable":true,"href":"https:\/\/www.clear-edge.com\/de\/wp-json\/wp\/v2\/comments?post=1058"}],"version-history":[{"count":0,"href":"https:\/\/www.clear-edge.com\/de\/wp-json\/wp\/v2\/pages\/1058\/revisions"}],"up":[{"embeddable":true,"href":"https:\/\/www.clear-edge.com\/de\/wp-json\/wp\/v2\/pages\/1039"}],"wp:attachment":[{"href":"https:\/\/www.clear-edge.com\/de\/wp-json\/wp\/v2\/media?parent=1058"}],"curies":[{"name":"wp","href":"https:\/\/api.w.org\/{rel}","templated":true}]}}