{"id":1044,"date":"2020-09-03T14:12:51","date_gmt":"2020-09-03T14:12:51","guid":{"rendered":"https:\/\/www.clear-edge.com\/startseite\/"},"modified":"2020-09-28T21:30:42","modified_gmt":"2020-09-28T21:30:42","slug":"startseite","status":"publish","type":"page","link":"https:\/\/www.clear-edge.com\/de\/","title":{"rendered":"Startseite"},"content":{"rendered":"<div><ss3-force-full-width data-overflow-x=\"body\" data-horizontal-selector=\"body\"><div class=\"n2-section-smartslider fitvidsignore \" data-ssid=\"5\" tabindex=\"0\" role=\"region\" aria-label=\"Slider\"><div id=\"n2-ss-5-align\" class=\"n2-ss-align\"><div class=\"n2-padding\"><div id=\"n2-ss-5\" data-creator=\"Smart Slider 3\" data-responsive=\"fullwidth\" class=\"n2-ss-slider n2-ow n2-has-hover n2notransition  \"><div class=\"n2-ss-slider-wrapper-inside\">\n        <div class=\"n2-ss-slider-1 n2_ss__touch_element n2-ow\">\n            <div class=\"n2-ss-slider-2 n2-ow\">\n                                                <div class=\"n2-ss-slider-3 n2-ow\">\n\n                    <div class=\"n2-ss-slide-backgrounds n2-ow-all\"><div class=\"n2-ss-slide-background\" data-public-id=\"1\" data-mode=\"fill\"><div class=\"n2-ss-slide-background-image\" data-blur=\"0\" data-opacity=\"100\" data-x=\"50\" data-y=\"50\" data-alt=\"clear edge banner 1\" data-title=\"\"><picture class=\"skip-lazy\" data-skip-lazy=\"1\"><img decoding=\"async\" src=\"\/\/www.clear-edge.com\/wp-content\/uploads\/2019\/10\/1134-CORP-Clear-Edge-Banners_product_light-grey.jpg\" alt=\"clear edge banner 1\" title=\"\" loading=\"lazy\" class=\"skip-lazy\" data-skip-lazy=\"1\"><\/picture><\/div><div data-color=\"RGBA(255,255,255,0)\" style=\"background-color: RGBA(255,255,255,0);\" class=\"n2-ss-slide-background-color\"><\/div><\/div><div class=\"n2-ss-slide-background\" data-public-id=\"2\" data-mode=\"fill\" aria-hidden=\"true\"><div class=\"n2-ss-slide-background-image\" data-blur=\"0\" data-opacity=\"100\" data-x=\"50\" data-y=\"50\" data-alt=\"clear edge banner 2\" data-title=\"\"><picture class=\"skip-lazy\" data-skip-lazy=\"1\"><img decoding=\"async\" src=\"\/\/www.clear-edge.com\/wp-content\/uploads\/2019\/10\/1134-CORP-Clear-Edge-Banners_media_light-grey.jpg\" alt=\"clear edge banner 2\" title=\"\" loading=\"lazy\" class=\"skip-lazy\" data-skip-lazy=\"1\"><\/picture><\/div><div data-color=\"RGBA(255,255,255,0)\" style=\"background-color: RGBA(255,255,255,0);\" class=\"n2-ss-slide-background-color\"><\/div><\/div><div class=\"n2-ss-slide-background\" data-public-id=\"3\" data-mode=\"fill\" aria-hidden=\"true\"><div class=\"n2-ss-slide-background-image\" data-blur=\"0\" data-opacity=\"100\" data-x=\"50\" data-y=\"50\" data-alt=\"clear edge banner 3\" data-title=\"\"><picture class=\"skip-lazy\" data-skip-lazy=\"1\"><img decoding=\"async\" src=\"\/\/www.clear-edge.com\/wp-content\/uploads\/2019\/10\/1134-CORP-Clear-Edge-Banners_filter_light-grey.jpg\" alt=\"clear edge banner 3\" title=\"\" loading=\"lazy\" class=\"skip-lazy\" data-skip-lazy=\"1\"><\/picture><\/div><div data-color=\"RGBA(255,255,255,0)\" style=\"background-color: RGBA(255,255,255,0);\" class=\"n2-ss-slide-background-color\"><\/div><\/div><\/div>                    <div class=\"n2-ss-slider-4 n2-ow\">\n                        <svg xmlns=\"http:\/\/www.w3.org\/2000\/svg\" viewBox=\"0 0 1200 300\" data-related-device=\"desktopPortrait\" class=\"n2-ow n2-ss-preserve-size n2-ss-preserve-size--slider n2-ss-slide-limiter\"><\/svg><div data-first=\"1\" data-slide-duration=\"0\" data-id=\"13\" data-slide-public-id=\"1\" data-title=\"1134-CORP - Clear Edge Banners_product_light grey\" class=\"n2-ss-slide n2-ow  n2-ss-slide-13\"><div role=\"note\" class=\"n2-ss-slide--focus\" tabindex=\"-1\">1134-CORP &#8211; Clear Edge Banners_product_light grey<\/div><div class=\"n2-ss-layers-container n2-ss-slide-limiter n2-ow\"><div class=\"n2-ss-layer n2-ow n-uc-wki1UwPxFF0g\" data-sstype=\"slide\" data-pm=\"default\"><div class=\"n2-ss-layer n2-ow n-uc-BDLK7IObtZgf\" data-pm=\"default\" data-sstype=\"content\" data-hasbackground=\"0\"><div class=\"n2-ss-section-main-content n2-ss-layer-with-background n2-ss-layer-content n2-ow n-uc-BDLK7IObtZgf-inner\"><div class=\"n2-ss-layer n2-ow n-uc-IdLkbz7zFXDn\" data-pm=\"normal\" data-sstype=\"layer\"><div id=\"n2-ss-5item1\" class=\"n2-font-edfee1c02e6cf0e6cd6a0f632526c1b7-hover   n2-ss-item-content n2-ss-text n2-ow\" style=\"display:block;\">Wir sind Experten f\u00fcr Produktionstechnik<\/div><\/div><div class=\"n2-ss-layer n2-ow n-uc-PpvGz8sE3Vb8\" data-pm=\"normal\" data-sstype=\"layer\"><h1 id=\"n2-ss-5item2\" class=\"n2-font-d4f75fd100539ca3f14f97cb52f0d6c4-hover   n2-ss-item-content n2-ss-text n2-ow\" style=\"display:block;\">_______<br>Delivering Process Excellence<\/h1><\/div><\/div><\/div><\/div><\/div><\/div><div data-slide-duration=\"0\" data-id=\"14\" data-slide-public-id=\"2\" aria-hidden=\"true\" data-title=\"1134-CORP - Clear Edge Banners_media_light grey\" class=\"n2-ss-slide n2-ow  n2-ss-slide-14\"><div role=\"note\" class=\"n2-ss-slide--focus\" tabindex=\"-1\">1134-CORP &#8211; Clear Edge Banners_media_light grey<\/div><div class=\"n2-ss-layers-container n2-ss-slide-limiter n2-ow\"><div class=\"n2-ss-layer n2-ow n-uc-18Kshzuyp5TA\" data-sstype=\"slide\" data-pm=\"default\"><div class=\"n2-ss-layer n2-ow n-uc-VkqMJb4pcE8s\" data-pm=\"default\" data-sstype=\"content\" data-hasbackground=\"0\"><div class=\"n2-ss-section-main-content n2-ss-layer-with-background n2-ss-layer-content n2-ow n-uc-VkqMJb4pcE8s-inner\"><div class=\"n2-ss-layer n2-ow n-uc-WyCcVJwVKSle\" data-pm=\"normal\" data-sstype=\"layer\"><h1 id=\"n2-ss-5item3\" class=\"n2-font-edfee1c02e6cf0e6cd6a0f632526c1b7-hover   n2-ss-item-content n2-ss-text n2-ow\" style=\"display:block;\">Wir sind Experten f\u00fcr Filtermedien<\/h1><\/div><div class=\"n2-ss-layer n2-ow n-uc-VOhMnrR6oSSI\" data-pm=\"normal\" data-sstype=\"layer\"><h1 id=\"n2-ss-5item4\" class=\"n2-font-d4f75fd100539ca3f14f97cb52f0d6c4-hover   n2-ss-item-content n2-ss-text n2-ow\" style=\"display:block;\">_______<br>Delivering Process Excellence<\/h1><\/div><\/div><\/div><\/div><\/div><\/div><div data-slide-duration=\"0\" data-id=\"15\" data-slide-public-id=\"3\" aria-hidden=\"true\" data-title=\"1134-CORP - Clear Edge Banners_filter_light grey\" class=\"n2-ss-slide n2-ow  n2-ss-slide-15\"><div role=\"note\" class=\"n2-ss-slide--focus\" tabindex=\"-1\">1134-CORP &#8211; Clear Edge Banners_filter_light grey<\/div><div class=\"n2-ss-layers-container n2-ss-slide-limiter n2-ow\"><div class=\"n2-ss-layer n2-ow n-uc-6I5X0SR1eVyO\" data-sstype=\"slide\" data-pm=\"default\"><div class=\"n2-ss-layer n2-ow n-uc-bjbmEB0t7a6Y\" data-pm=\"default\" data-sstype=\"content\" data-hasbackground=\"0\"><div class=\"n2-ss-section-main-content n2-ss-layer-with-background n2-ss-layer-content n2-ow n-uc-bjbmEB0t7a6Y-inner\"><div class=\"n2-ss-layer n2-ow n-uc-obra3cilTJQD\" data-pm=\"normal\" data-sstype=\"layer\"><h1 id=\"n2-ss-5item5\" class=\"n2-font-edfee1c02e6cf0e6cd6a0f632526c1b7-hover   n2-ss-item-content n2-ss-text n2-ow\" style=\"display:block;\">Wir sind Experten f\u00fcr Filtertechnik<\/h1><\/div><div class=\"n2-ss-layer n2-ow n-uc-bazJCsJx8KqA\" data-pm=\"normal\" data-sstype=\"layer\"><h1 id=\"n2-ss-5item6\" class=\"n2-font-d4f75fd100539ca3f14f97cb52f0d6c4-hover   n2-ss-item-content n2-ss-text n2-ow\" style=\"display:block;\">_______<br>Delivering Process Excellence<\/h1><\/div><\/div><\/div><\/div><\/div><\/div>                    <\/div>\n\n                                    <\/div>\n            <\/div>\n        <\/div>\n        <div class=\"n2-ss-slider-controls n2-ss-slider-controls-absolute-left-center\"><div style=\"--widget-offset:15px;\" class=\"n2-ss-widget nextend-arrow n2-ow-all nextend-arrow-previous  nextend-arrow-animated-fade\" data-hide-mobileportrait=\"1\" id=\"n2-ss-5-arrow-previous\" role=\"button\" aria-label=\"previous arrow\" tabindex=\"0\"><img loading=\"lazy\" decoding=\"async\" width=\"32\" height=\"32\" class=\"skip-lazy\" data-skip-lazy=\"1\" src=\"data:image\/svg+xml;base64,PHN2ZyB3aWR0aD0iMzIiIGhlaWdodD0iMzIiIHZpZXdCb3g9IjAgMCAzMiAzMiIgeG1sbnM9Imh0dHA6Ly93d3cudzMub3JnLzIwMDAvc3ZnIj4KICAgIDxwYXRoIGQ9Ik0xMS40MzMgMTUuOTkyTDIyLjY5IDUuNzEyYy4zOTMtLjM5LjM5My0xLjAzIDAtMS40Mi0uMzkzLS4zOS0xLjAzLS4zOS0xLjQyMyAwbC0xMS45OCAxMC45NGMtLjIxLjIxLS4zLjQ5LS4yODUuNzYtLjAxNS4yOC4wNzUuNTYuMjg0Ljc3bDExLjk4IDEwLjk0Yy4zOTMuMzkgMS4wMy4zOSAxLjQyNCAwIC4zOTMtLjQuMzkzLTEuMDMgMC0xLjQybC0xMS4yNTctMTAuMjkiCiAgICAgICAgICBmaWxsPSIjZmZmZmZmIiBvcGFjaXR5PSIwLjgiIGZpbGwtcnVsZT0iZXZlbm9kZCIvPgo8L3N2Zz4=\" alt=\"previous arrow\"><\/div><\/div><div class=\"n2-ss-slider-controls n2-ss-slider-controls-absolute-right-center\"><div style=\"--widget-offset:15px;\" class=\"n2-ss-widget nextend-arrow n2-ow-all nextend-arrow-next  nextend-arrow-animated-fade\" data-hide-mobileportrait=\"1\" id=\"n2-ss-5-arrow-next\" role=\"button\" aria-label=\"next arrow\" tabindex=\"0\"><img loading=\"lazy\" decoding=\"async\" width=\"32\" height=\"32\" class=\"skip-lazy\" data-skip-lazy=\"1\" src=\"data:image\/svg+xml;base64,PHN2ZyB3aWR0aD0iMzIiIGhlaWdodD0iMzIiIHZpZXdCb3g9IjAgMCAzMiAzMiIgeG1sbnM9Imh0dHA6Ly93d3cudzMub3JnLzIwMDAvc3ZnIj4KICAgIDxwYXRoIGQ9Ik0xMC43MjIgNC4yOTNjLS4zOTQtLjM5LTEuMDMyLS4zOS0xLjQyNyAwLS4zOTMuMzktLjM5MyAxLjAzIDAgMS40MmwxMS4yODMgMTAuMjgtMTEuMjgzIDEwLjI5Yy0uMzkzLjM5LS4zOTMgMS4wMiAwIDEuNDIuMzk1LjM5IDEuMDMzLjM5IDEuNDI3IDBsMTIuMDA3LTEwLjk0Yy4yMS0uMjEuMy0uNDkuMjg0LS43Ny4wMTQtLjI3LS4wNzYtLjU1LS4yODYtLjc2TDEwLjcyIDQuMjkzeiIKICAgICAgICAgIGZpbGw9IiNmZmZmZmYiIG9wYWNpdHk9IjAuOCIgZmlsbC1ydWxlPSJldmVub2RkIi8+Cjwvc3ZnPg==\" alt=\"next arrow\"><\/div><\/div><\/div><\/div><ss3-loader><\/ss3-loader><\/div><\/div><div class=\"n2_clear\"><\/div><\/div><\/ss3-force-full-width><\/div>\n\n\n<div class=\"wp-block-columns has-2-columns grayblock is-layout-flex wp-container-core-columns-is-layout-9d6595d7 wp-block-columns-is-layout-flex\">\n<div class=\"wp-block-column is-layout-flow wp-block-column-is-layout-flow\">\n<figure class=\"wp-block-embed-youtube aligncenter wp-block-embed is-type-video is-provider-youtube wp-embed-aspect-16-9 wp-has-aspect-ratio\"><div class=\"wp-block-embed__wrapper\">\n<iframe loading=\"lazy\" title=\"Clear Edge Filtration - Products\" width=\"500\" height=\"281\" src=\"https:\/\/www.youtube.com\/embed\/rgiub4tjPRU?feature=oembed\" frameborder=\"0\" allow=\"accelerometer; autoplay; clipboard-write; encrypted-media; gyroscope; picture-in-picture; web-share\" referrerpolicy=\"strict-origin-when-cross-origin\" allowfullscreen><\/iframe>\n<\/div><\/figure>\n\n\n\n<h2 class=\"wp-block-heading\">Produkte, die auf anspruchsvolle Prozesse ausgelegt sind<\/h2>\n\n\n\n<p>Clear Edge ist ein Hersteller von qualitativen Filtermedien und hat langj\u00e4hrige Erfahrungen in der Herstellung von Filtert\u00fcchern f\u00fcr Filterpressen und Gewebeb\u00e4nder f\u00fcr horizontale Vakuum-Bandfilteranlagen. Wir fertigen Produkte mit dem Anspruch, die besten Ergebnisse und die h\u00f6chsten Standzeiten zu erzielen.<\/p>\n\n\n\n<ul class=\"droplist wp-block-list\"><li>Produkt w\u00e4hlen<ul><li><a href=\"https:\/\/www.clear-edge.com\/de\/produkte\/druckfiltration\/\">Druckfiltration<\/a><\/li><li><a href=\"https:\/\/www.clear-edge.com\/de\/produkte\/vakuumfiltration\/\">Vakuumfiltration<\/a><\/li><li><a href=\"https:\/\/www.clear-edge.com\/de\/produkte\/entstaubung-und-verarbeitung\/\">Entstaubung und Verarbeitung<\/a><\/li><li><a href=\"https:\/\/www.clear-edge.com\/de\/produkte\/absetzfiltration\/\">Absetzfiltration<\/a><\/li><li><a href=\"https:\/\/www.clear-edge.com\/de\/produkte\/monodur-praezisionsgewebe\/\">Monodur\u2122 Pr\u00e4zisionsgewebe<\/a><\/li><li><a href=\"https:\/\/www.clear-edge.com\/de\/produkte\/medien-mit-hoher-abscheideleistung\/\/\">Medien mit hoher Abscheideleistung<\/a><\/li><li><a href=\"https:\/\/www.clear-edge.com\/de\/produkte\/antistatische-filtermedien\/\">Antistatische Filtermedien<\/a><\/li><li><a href=\"https:\/\/www.clear-edge.com\/de\/produkte\/rollenware\/\">Rollenware<\/a><\/li><li><a href=\"https:\/\/www.clear-edge.com\/de\/produkte\/maschinen-ersatzteile\/\">Maschinen-Ersatzteile<\/a><\/li><\/ul><\/li><\/ul>\n<\/div>\n\n\n\n<div class=\"wp-block-column is-layout-flow wp-block-column-is-layout-flow\">\n<figure class=\"wp-block-embed-youtube aligncenter wp-block-embed is-type-video is-provider-youtube wp-embed-aspect-16-9 wp-has-aspect-ratio\"><div class=\"wp-block-embed__wrapper\">\n<iframe loading=\"lazy\" title=\"Clear Edge - Market Sectors\" width=\"500\" height=\"281\" src=\"https:\/\/www.youtube.com\/embed\/Rgt7GnN295M?feature=oembed\" frameborder=\"0\" allow=\"accelerometer; autoplay; clipboard-write; encrypted-media; gyroscope; picture-in-picture; web-share\" referrerpolicy=\"strict-origin-when-cross-origin\" allowfullscreen><\/iframe>\n<\/div><\/figure>\n\n\n\n<h2 class=\"wp-block-heading\">M\u00e4rkte, die f\u00fcr unseren Alltag entscheidend sind        <\/h2>\n\n\n\n<p>Clear Edge bietet Filtrationsl\u00f6sungen f\u00fcr eine Vielzahl globaler Industrien an, darunter Bergbau und Mineralien, Chemikalien, Lebensmittel, Energieerzeugung, Gesundheitswesen, Zellstoff und Papier, Getr\u00e4nke und Wasseraufbereitung.<\/p>\n\n\n\n<div style=\"height:20px\" aria-hidden=\"true\" class=\"wp-block-spacer\"><\/div>\n\n\n\n<ul class=\"droplist wp-block-list\"><li>Markt w\u00e4hlen<ul><li><a href=\"https:\/\/www.clear-edge.com\/de\/maerkte\/bergbau-und-mineralien\/\">Bergbau und Mineralien<\/a><\/li><li><a href=\"https:\/\/www.clear-edge.com\/de\/maerkte\/chemikalien\/\">Chemikalien<\/a><\/li><li><a href=\"https:\/\/www.clear-edge.com\/de\/maerkte\/lebensmittel-und-getraenke\/\">Lebensmittel und Getr\u00e4nke<\/a><\/li><li><a href=\"https:\/\/www.clear-edge.com\/de\/maerkte\/wasseraufbereitung\/\">Wasseraufbereitung<\/a><\/li><li><a href=\"https:\/\/www.clear-edge.com\/de\/maerkte\/baumaterialien\/\">Baumaterialien<\/a><\/li><li><a href=\"https:\/\/www.clear-edge.com\/de\/maerkte\/zellstoff-und-papier\/\">Zellstoff und Papier<\/a><\/li><li><a href=\"https:\/\/www.clear-edge.com\/de\/maerkte\/stromerzeugung\/\">Stromerzeugung<\/a><\/li><li><a href=\"https:\/\/www.clear-edge.com\/de\/maerkte\/gesundheitswesen\/\">Gesundheitswesen<\/a><\/li><li><a href=\"https:\/\/www.clear-edge.com\/de\/maerkte\/transport\/\">Transport<\/a><\/li><li><a href=\"https:\/\/www.clear-edge.com\/de\/maerkte\/andere-industrien\/\">Andere Industrien<\/a><\/li><\/ul><\/li><\/ul>\n\n\n\n<p><\/p>\n<\/div>\n<\/div>\n\n\n\n<div class=\"wp-block-media-text alignwide has-media-on-the-right\"><figure class=\"wp-block-media-text__media\"><img loading=\"lazy\" decoding=\"async\" width=\"1024\" height=\"549\" src=\"https:\/\/www.clear-edge.com\/wp-content\/uploads\/2019\/10\/Clear-Edge_Map_v2_2-1024x549.png\" alt=\"Clear Edge-Standortkarte\" class=\"wp-image-338\" srcset=\"https:\/\/www.clear-edge.com\/wp-content\/uploads\/2019\/10\/Clear-Edge_Map_v2_2-1024x549.png 1024w, https:\/\/www.clear-edge.com\/wp-content\/uploads\/2019\/10\/Clear-Edge_Map_v2_2-300x161.png 300w, https:\/\/www.clear-edge.com\/wp-content\/uploads\/2019\/10\/Clear-Edge_Map_v2_2-768x412.png 768w\" sizes=\"auto, (max-width: 1024px) 100vw, 1024px\" \/><\/figure><div class=\"wp-block-media-text__content\">\n<h2 class=\"wp-block-heading\">Wir liefern L\u00f6sungen direkt zu Ihnen nach Hause.<\/h2>\n\n\n\n<p>Wir bieten Vor-Ort-Unterst\u00fctzung bei Ihrem individuellen Filtrationsproblem.<\/p>\n\n\n\n<p><a href=\"https:\/\/www.clear-edge.com\/de\/weltweite-standorte\/\">Mehr erfahren<\/a><\/p>\n<\/div><\/div>\n","protected":false},"excerpt":{"rendered":"<p>Produkte, die auf anspruchsvolle Prozesse ausgelegt sind Clear Edge ist ein Hersteller von qualitativen Filtermedien und hat langj\u00e4hrige Erfahrungen in der Herstellung von Filtert\u00fcchern f\u00fcr Filterpressen und Gewebeb\u00e4nder f\u00fcr horizontale Vakuum-Bandfilteranlagen. Wir fertigen Produkte mit dem Anspruch, die besten Ergebnisse und die h\u00f6chsten Standzeiten zu erzielen. Produkt w\u00e4hlen Druckfiltration Vakuumfiltration Entstaubung und Verarbeitung Absetzfiltration Monodur\u2122 [&hellip;]<\/p>\n","protected":false},"author":3,"featured_media":0,"parent":0,"menu_order":0,"comment_status":"closed","ping_status":"closed","template":"","meta":{"_acf_changed":false,"footnotes":""},"class_list":["post-1044","page","type-page","status-publish","hentry"],"acf":[],"yoast_head":"<!-- This site is optimized with the Yoast SEO plugin v27.3 - https:\/\/yoast.com\/product\/yoast-seo-wordpress\/ -->\n<title>Startseite - Clear Edge<\/title>\n<meta name=\"robots\" content=\"index, follow, max-snippet:-1, max-image-preview:large, max-video-preview:-1\" \/>\n<link rel=\"canonical\" href=\"https:\/\/www.clear-edge.com\/de\/\" \/>\n<meta property=\"og:locale\" content=\"de_DE\" \/>\n<meta property=\"og:type\" content=\"article\" \/>\n<meta property=\"og:title\" content=\"Startseite - Clear Edge\" \/>\n<meta property=\"og:description\" content=\"Produkte, die auf anspruchsvolle Prozesse ausgelegt sind Clear Edge ist ein Hersteller von qualitativen Filtermedien und hat langj\u00e4hrige Erfahrungen in der Herstellung von Filtert\u00fcchern f\u00fcr Filterpressen und Gewebeb\u00e4nder f\u00fcr horizontale Vakuum-Bandfilteranlagen. Wir fertigen Produkte mit dem Anspruch, die besten Ergebnisse und die h\u00f6chsten Standzeiten zu erzielen. Produkt w\u00e4hlen Druckfiltration Vakuumfiltration Entstaubung und Verarbeitung Absetzfiltration Monodur\u2122 [&hellip;]\" \/>\n<meta property=\"og:url\" content=\"https:\/\/www.clear-edge.com\/de\/\" \/>\n<meta property=\"og:site_name\" content=\"Clear Edge\" \/>\n<meta property=\"article:modified_time\" content=\"2020-09-28T21:30:42+00:00\" \/>\n<meta property=\"og:image\" content=\"https:\/\/www.clear-edge.com\/wp-content\/uploads\/2019\/10\/Clear-Edge_Map_v2_2-1024x549.png\" \/>\n<meta name=\"twitter:card\" content=\"summary_large_image\" \/>\n<meta name=\"twitter:label1\" content=\"Gesch\u00e4tzte Lesezeit\" \/>\n\t<meta name=\"twitter:data1\" content=\"1 Minute\" \/>\n<script type=\"application\/ld+json\" class=\"yoast-schema-graph\">{\"@context\":\"https:\\\/\\\/schema.org\",\"@graph\":[{\"@type\":\"WebPage\",\"@id\":\"https:\\\/\\\/www.clear-edge.com\\\/de\\\/\",\"url\":\"https:\\\/\\\/www.clear-edge.com\\\/de\\\/\",\"name\":\"Startseite - Clear Edge\",\"isPartOf\":{\"@id\":\"https:\\\/\\\/www.clear-edge.com\\\/de\\\/#website\"},\"primaryImageOfPage\":{\"@id\":\"https:\\\/\\\/www.clear-edge.com\\\/de\\\/#primaryimage\"},\"image\":{\"@id\":\"https:\\\/\\\/www.clear-edge.com\\\/de\\\/#primaryimage\"},\"thumbnailUrl\":\"https:\\\/\\\/www.clear-edge.com\\\/wp-content\\\/uploads\\\/2019\\\/10\\\/Clear-Edge_Map_v2_2-1024x549.png\",\"datePublished\":\"2020-09-03T14:12:51+00:00\",\"dateModified\":\"2020-09-28T21:30:42+00:00\",\"breadcrumb\":{\"@id\":\"https:\\\/\\\/www.clear-edge.com\\\/de\\\/#breadcrumb\"},\"inLanguage\":\"de-DE\",\"potentialAction\":[{\"@type\":\"ReadAction\",\"target\":[\"https:\\\/\\\/www.clear-edge.com\\\/de\\\/\"]}]},{\"@type\":\"ImageObject\",\"inLanguage\":\"de-DE\",\"@id\":\"https:\\\/\\\/www.clear-edge.com\\\/de\\\/#primaryimage\",\"url\":\"https:\\\/\\\/www.clear-edge.com\\\/wp-content\\\/uploads\\\/2019\\\/10\\\/Clear-Edge_Map_v2_2-1024x549.png\",\"contentUrl\":\"https:\\\/\\\/www.clear-edge.com\\\/wp-content\\\/uploads\\\/2019\\\/10\\\/Clear-Edge_Map_v2_2-1024x549.png\"},{\"@type\":\"BreadcrumbList\",\"@id\":\"https:\\\/\\\/www.clear-edge.com\\\/de\\\/#breadcrumb\",\"itemListElement\":[{\"@type\":\"ListItem\",\"position\":1,\"name\":\"\",\"item\":\"https:\\\/\\\/www.clear-edge.com\\\/de\\\/\"},{\"@type\":\"ListItem\",\"position\":2,\"name\":\"Startseite\"}]},{\"@type\":\"WebSite\",\"@id\":\"https:\\\/\\\/www.clear-edge.com\\\/de\\\/#website\",\"url\":\"https:\\\/\\\/www.clear-edge.com\\\/de\\\/\",\"name\":\"Clear Edge\",\"description\":\"Global manufacturer and supplier of technical filter fabrics I filter cloths I filter belts I filtration solutions\",\"publisher\":{\"@id\":\"https:\\\/\\\/www.clear-edge.com\\\/de\\\/#organization\"},\"potentialAction\":[{\"@type\":\"SearchAction\",\"target\":{\"@type\":\"EntryPoint\",\"urlTemplate\":\"https:\\\/\\\/www.clear-edge.com\\\/de\\\/?s={search_term_string}\"},\"query-input\":{\"@type\":\"PropertyValueSpecification\",\"valueRequired\":true,\"valueName\":\"search_term_string\"}}],\"inLanguage\":\"de-DE\"},{\"@type\":\"Organization\",\"@id\":\"https:\\\/\\\/www.clear-edge.com\\\/de\\\/#organization\",\"name\":\"Filtration Group\",\"url\":\"https:\\\/\\\/www.clear-edge.com\\\/de\\\/\",\"logo\":{\"@type\":\"ImageObject\",\"inLanguage\":\"de-DE\",\"@id\":\"https:\\\/\\\/www.clear-edge.com\\\/de\\\/#\\\/schema\\\/logo\\\/image\\\/\",\"url\":\"https:\\\/\\\/www.clear-edge.com\\\/wp-content\\\/uploads\\\/2019\\\/06\\\/FGC-logo-1.png\",\"contentUrl\":\"https:\\\/\\\/www.clear-edge.com\\\/wp-content\\\/uploads\\\/2019\\\/06\\\/FGC-logo-1.png\",\"width\":1104,\"height\":224,\"caption\":\"Filtration Group\"},\"image\":{\"@id\":\"https:\\\/\\\/www.clear-edge.com\\\/de\\\/#\\\/schema\\\/logo\\\/image\\\/\"}}]}<\/script>\n<!-- \/ Yoast SEO plugin. -->","yoast_head_json":{"title":"Startseite - Clear Edge","robots":{"index":"index","follow":"follow","max-snippet":"max-snippet:-1","max-image-preview":"max-image-preview:large","max-video-preview":"max-video-preview:-1"},"canonical":"https:\/\/www.clear-edge.com\/de\/","og_locale":"de_DE","og_type":"article","og_title":"Startseite - Clear Edge","og_description":"Produkte, die auf anspruchsvolle Prozesse ausgelegt sind Clear Edge ist ein Hersteller von qualitativen Filtermedien und hat langj\u00e4hrige Erfahrungen in der Herstellung von Filtert\u00fcchern f\u00fcr Filterpressen und Gewebeb\u00e4nder f\u00fcr horizontale Vakuum-Bandfilteranlagen. Wir fertigen Produkte mit dem Anspruch, die besten Ergebnisse und die h\u00f6chsten Standzeiten zu erzielen. Produkt w\u00e4hlen Druckfiltration Vakuumfiltration Entstaubung und Verarbeitung Absetzfiltration Monodur\u2122 [&hellip;]","og_url":"https:\/\/www.clear-edge.com\/de\/","og_site_name":"Clear Edge","article_modified_time":"2020-09-28T21:30:42+00:00","og_image":[{"url":"https:\/\/www.clear-edge.com\/wp-content\/uploads\/2019\/10\/Clear-Edge_Map_v2_2-1024x549.png","type":"","width":"","height":""}],"twitter_card":"summary_large_image","twitter_misc":{"Gesch\u00e4tzte Lesezeit":"1 Minute"},"schema":{"@context":"https:\/\/schema.org","@graph":[{"@type":"WebPage","@id":"https:\/\/www.clear-edge.com\/de\/","url":"https:\/\/www.clear-edge.com\/de\/","name":"Startseite - Clear Edge","isPartOf":{"@id":"https:\/\/www.clear-edge.com\/de\/#website"},"primaryImageOfPage":{"@id":"https:\/\/www.clear-edge.com\/de\/#primaryimage"},"image":{"@id":"https:\/\/www.clear-edge.com\/de\/#primaryimage"},"thumbnailUrl":"https:\/\/www.clear-edge.com\/wp-content\/uploads\/2019\/10\/Clear-Edge_Map_v2_2-1024x549.png","datePublished":"2020-09-03T14:12:51+00:00","dateModified":"2020-09-28T21:30:42+00:00","breadcrumb":{"@id":"https:\/\/www.clear-edge.com\/de\/#breadcrumb"},"inLanguage":"de-DE","potentialAction":[{"@type":"ReadAction","target":["https:\/\/www.clear-edge.com\/de\/"]}]},{"@type":"ImageObject","inLanguage":"de-DE","@id":"https:\/\/www.clear-edge.com\/de\/#primaryimage","url":"https:\/\/www.clear-edge.com\/wp-content\/uploads\/2019\/10\/Clear-Edge_Map_v2_2-1024x549.png","contentUrl":"https:\/\/www.clear-edge.com\/wp-content\/uploads\/2019\/10\/Clear-Edge_Map_v2_2-1024x549.png"},{"@type":"BreadcrumbList","@id":"https:\/\/www.clear-edge.com\/de\/#breadcrumb","itemListElement":[{"@type":"ListItem","position":1,"name":"","item":"https:\/\/www.clear-edge.com\/de\/"},{"@type":"ListItem","position":2,"name":"Startseite"}]},{"@type":"WebSite","@id":"https:\/\/www.clear-edge.com\/de\/#website","url":"https:\/\/www.clear-edge.com\/de\/","name":"Clear Edge","description":"Global manufacturer and supplier of technical filter fabrics I filter cloths I filter belts I filtration solutions","publisher":{"@id":"https:\/\/www.clear-edge.com\/de\/#organization"},"potentialAction":[{"@type":"SearchAction","target":{"@type":"EntryPoint","urlTemplate":"https:\/\/www.clear-edge.com\/de\/?s={search_term_string}"},"query-input":{"@type":"PropertyValueSpecification","valueRequired":true,"valueName":"search_term_string"}}],"inLanguage":"de-DE"},{"@type":"Organization","@id":"https:\/\/www.clear-edge.com\/de\/#organization","name":"Filtration Group","url":"https:\/\/www.clear-edge.com\/de\/","logo":{"@type":"ImageObject","inLanguage":"de-DE","@id":"https:\/\/www.clear-edge.com\/de\/#\/schema\/logo\/image\/","url":"https:\/\/www.clear-edge.com\/wp-content\/uploads\/2019\/06\/FGC-logo-1.png","contentUrl":"https:\/\/www.clear-edge.com\/wp-content\/uploads\/2019\/06\/FGC-logo-1.png","width":1104,"height":224,"caption":"Filtration Group"},"image":{"@id":"https:\/\/www.clear-edge.com\/de\/#\/schema\/logo\/image\/"}}]}},"_links":{"self":[{"href":"https:\/\/www.clear-edge.com\/de\/wp-json\/wp\/v2\/pages\/1044","targetHints":{"allow":["GET"]}}],"collection":[{"href":"https:\/\/www.clear-edge.com\/de\/wp-json\/wp\/v2\/pages"}],"about":[{"href":"https:\/\/www.clear-edge.com\/de\/wp-json\/wp\/v2\/types\/page"}],"author":[{"embeddable":true,"href":"https:\/\/www.clear-edge.com\/de\/wp-json\/wp\/v2\/users\/3"}],"replies":[{"embeddable":true,"href":"https:\/\/www.clear-edge.com\/de\/wp-json\/wp\/v2\/comments?post=1044"}],"version-history":[{"count":0,"href":"https:\/\/www.clear-edge.com\/de\/wp-json\/wp\/v2\/pages\/1044\/revisions"}],"wp:attachment":[{"href":"https:\/\/www.clear-edge.com\/de\/wp-json\/wp\/v2\/media?parent=1044"}],"curies":[{"name":"wp","href":"https:\/\/api.w.org\/{rel}","templated":true}]}}