{"id":1039,"date":"2020-09-03T14:12:49","date_gmt":"2020-09-03T14:12:49","guid":{"rendered":"https:\/\/www.clear-edge.com\/produkte\/"},"modified":"2020-09-23T15:42:38","modified_gmt":"2020-09-23T15:42:38","slug":"produkte","status":"publish","type":"page","link":"https:\/\/www.clear-edge.com\/de\/produkte\/","title":{"rendered":"Produkte"},"content":{"rendered":"\n<div class=\"wp-block-cover alignfull has-background-dim\" style=\"background-image:url(https:\/\/www.clear-edge.com\/wp-content\/uploads\/2019\/10\/Product-Hero-Image.jpg)\"><div class=\"wp-block-cover__inner-container is-layout-flow wp-block-cover-is-layout-flow\">\n<h1 class=\"has-text-align-center wp-block-heading\">Produkte<\/h1>\n<\/div><\/div>\n\n\n\n<div class=\"wp-block-media-text alignwide is-stacked-on-mobile\" style=\"grid-template-columns:43% auto\"><figure class=\"wp-block-media-text__media\"><img loading=\"lazy\" decoding=\"async\" width=\"624\" height=\"429\" src=\"https:\/\/www.clear-edge.com\/wp-content\/uploads\/2019\/10\/Pressure-Filtration.jpg\" alt=\"\" class=\"wp-image-441\" srcset=\"https:\/\/www.clear-edge.com\/wp-content\/uploads\/2019\/10\/Pressure-Filtration.jpg 624w, https:\/\/www.clear-edge.com\/wp-content\/uploads\/2019\/10\/Pressure-Filtration-300x206.jpg 300w\" sizes=\"auto, (max-width: 624px) 100vw, 624px\" \/><\/figure><div class=\"wp-block-media-text__content\">\n<h3 class=\"wp-block-heading\">Druckfiltration<\/h3>\n\n\n\n<p>Clear Edge bietet marktf\u00fchrende Filtermedien f\u00fcr viele Druckfilterprozesse an, darunter <a href=\"https:\/\/www.clear-edge.com\/de\/produkte\/druckfiltration\/filtertuecher-fuer-filterpressen\/iltration\/filter-press-cloths\/\">Filterpressen<\/a>, <a href=\"https:\/\/www.clear-edge.com\/de\/produkte\/druckfiltration\/filterbaender-fuer-vertikale-turmfilterpressen\/\">Turmfilterpressen<\/a>, <a href=\"https:\/\/www.clear-edge.com\/de\/produkte\/druckfiltration\/druckblattfilter\/\">Druckblattfilterpressen.<\/a>\u00a0<br>und <a href=\"https:\/\/www.clear-edge.com\/de\/produkte\/druckfiltration\/filterbaender-fuer-siebband-filterpressen\/\">Bandfilterpressen<\/a>.<\/p>\n\n\n\n<p>Wir haben herausragende Produktmerkmale entwickelt, wie z. B. unseren Coreflo\u2122-Filtertuchhals, der dem Prozess unserer Kunden aufgrund der geschwei\u00dften N\u00e4hte einen Mehrwert hinzuf\u00fcgt.<br><\/p>\n\n\n\n<div class=\"wp-block-button\"><a class=\"wp-block-button__link has-green-background-color has-background\" href=\"https:\/\/www.clear-edge.com\/de\/produkte\/druckfiltration\/\">Mehr erfahren<\/a><\/div>\n<\/div><\/div>\n\n\n\n<div class=\"wp-block-media-text alignwide is-stacked-on-mobile\" style=\"grid-template-columns:43% auto\"><figure class=\"wp-block-media-text__media\"><img loading=\"lazy\" decoding=\"async\" width=\"624\" height=\"429\" src=\"https:\/\/www.clear-edge.com\/wp-content\/uploads\/2019\/10\/Vacuum-Filtration.jpg\" alt=\"\" class=\"wp-image-445\" srcset=\"https:\/\/www.clear-edge.com\/wp-content\/uploads\/2019\/10\/Vacuum-Filtration.jpg 624w, https:\/\/www.clear-edge.com\/wp-content\/uploads\/2019\/10\/Vacuum-Filtration-300x206.jpg 300w\" sizes=\"auto, (max-width: 624px) 100vw, 624px\" \/><\/figure><div class=\"wp-block-media-text__content\">\n<h3 class=\"wp-block-heading\">Vakuumfiltration<\/h3>\n\n\n\n<p>Durch das Scandiafelt\u2122-Erbe bietet Clear Edge die weltweit leistungsst\u00e4rksten <a href=\"https:\/\/www.clear-edge.com\/de\/produkte\/vakuumfiltration\/filterbaender-fuer-horizontale-vakuumbandfilter\/\">Vakuumfilterb\u00e4nder<\/a>.<\/p>\n\n\n\n<p>Unsere Filtermedien f\u00fcr <a href=\"https:\/\/www.clear-edge.com\/de\/produkte\/vakuumfiltration\/dreh-vakuumscheibenfilter\/\">Scheibenfilter<\/a>, <a href=\"https:\/\/www.clear-edge.com\/de\/produkte\/vakuumfiltration\/dreh-vakuumtrommelfilter\/\">Vakuumtrommelfilter<\/a>, <a href=\"https:\/\/www.clear-edge.com\/de\/produkte\/vakuumfiltration\/vakuum-teller-tisch\/\">Vakuumtellerfilter<\/a> und\u00a0<br><a href=\"https:\/\/www.clear-edge.com\/de\/produkte\/vakuumfiltration\/vakuum-blattfilter-moore\/\">Vakuumblattfilter<\/a> werden weltweit von vielen Kunden in vielen Anwendungen verl\u00e4sslich eingesetzt.<br><\/p>\n\n\n\n<div class=\"wp-block-button\"><a class=\"wp-block-button__link has-green-background-color has-background\" href=\"https:\/\/www.clear-edge.com\/de\/produkte\/vakuumfiltration\/\">Mehr erfahren<\/a><\/div>\n<\/div><\/div>\n\n\n\n<div class=\"wp-block-media-text alignwide is-stacked-on-mobile\" style=\"grid-template-columns:43% auto\"><figure class=\"wp-block-media-text__media\"><img loading=\"lazy\" decoding=\"async\" width=\"624\" height=\"429\" src=\"https:\/\/www.clear-edge.com\/wp-content\/uploads\/2019\/10\/Gravity-Filtration_cropped.jpg\" alt=\"\" class=\"wp-image-447\" srcset=\"https:\/\/www.clear-edge.com\/wp-content\/uploads\/2019\/10\/Gravity-Filtration_cropped.jpg 624w, https:\/\/www.clear-edge.com\/wp-content\/uploads\/2019\/10\/Gravity-Filtration_cropped-300x206.jpg 300w\" sizes=\"auto, (max-width: 624px) 100vw, 624px\" \/><\/figure><div class=\"wp-block-media-text__content\">\n<h3 class=\"wp-block-heading\">Absetzfiltration<\/h3>\n\n\n\n<p>Wenn die Schwerkraft zur Erzeugung des Trenndrucks eingesetzt wird, werden Filtermedien von Clear Edge verwendet, die f\u00fcr das Erreichen des angegebenen Ergebnisses entscheidend sind.<br><\/p>\n\n\n\n<div class=\"wp-block-button\"><a class=\"wp-block-button__link has-green-background-color has-background\" href=\"https:\/\/www.clear-edge.com\/de\/produkte\/absetzfiltration\/\">Mehr erfahren<\/a><\/div>\n<\/div><\/div>\n\n\n\n<div style=\"height:25px\" aria-hidden=\"true\" class=\"wp-block-spacer\"><\/div>\n\n\n\n<div class=\"wp-block-media-text alignwide is-stacked-on-mobile\" style=\"grid-template-columns:43% auto\"><figure class=\"wp-block-media-text__media\"><img loading=\"lazy\" decoding=\"async\" width=\"624\" height=\"429\" src=\"https:\/\/www.clear-edge.com\/wp-content\/uploads\/2019\/10\/Monodur_small.jpg\" alt=\"\" class=\"wp-image-450\" srcset=\"https:\/\/www.clear-edge.com\/wp-content\/uploads\/2019\/10\/Monodur_small.jpg 624w, https:\/\/www.clear-edge.com\/wp-content\/uploads\/2019\/10\/Monodur_small-300x206.jpg 300w\" sizes=\"auto, (max-width: 624px) 100vw, 624px\" \/><\/figure><div class=\"wp-block-media-text__content\">\n<h3 class=\"wp-block-heading\">Monodur\u2122 Pr\u00e4zisionsgewebe<\/h3>\n\n\n\n<p>Monodur\u2122 Pr\u00e4zisionsgewebe von Clar Edge sind in einer umfangreichen Auswahl an Maschenweiten erh\u00e4ltlich und werden aus Polyamid (Nylon), Polyester, Polypropylen, PFA, PEEK und FEP-Monofilamentfasern hergestellt.<br><\/p>\n\n\n\n<div class=\"wp-block-button\"><a class=\"wp-block-button__link has-green-background-color has-background\" href=\"https:\/\/www.clear-edge.com\/de\/produkte\/monodur-praezisionsgewebe\/\">Mehr erfahren<\/a><\/div>\n<\/div><\/div>\n\n\n\n<div style=\"height:25px\" aria-hidden=\"true\" class=\"wp-block-spacer\"><\/div>\n\n\n\n<div class=\"wp-block-media-text alignwide is-stacked-on-mobile\" style=\"grid-template-columns:43% auto\"><figure class=\"wp-block-media-text__media\"><img loading=\"lazy\" decoding=\"async\" width=\"624\" height=\"416\" src=\"https:\/\/www.clear-edge.com\/wp-content\/uploads\/2019\/10\/Candle-Leaf-Filter.jpg\" alt=\"\" class=\"wp-image-452\" srcset=\"https:\/\/www.clear-edge.com\/wp-content\/uploads\/2019\/10\/Candle-Leaf-Filter.jpg 624w, https:\/\/www.clear-edge.com\/wp-content\/uploads\/2019\/10\/Candle-Leaf-Filter-300x200.jpg 300w, https:\/\/www.clear-edge.com\/wp-content\/uploads\/2019\/10\/Candle-Leaf-Filter-272x182.jpg 272w\" sizes=\"auto, (max-width: 624px) 100vw, 624px\" \/><\/figure><div class=\"wp-block-media-text__content\">\n<h3 class=\"wp-block-heading\">Entstaubung<\/h3>\n\n\n\n<p>Die Auswahl an Medien von Clear Edge f\u00fcr die Entstaubung ist mit allen Arten von Schlauchfiltern kompatibel, unabh\u00e4ngig davon, ob die Anwendung die Produktfiltration oder den Schutz der Umwelt oder Ihrer Mitarbeiter betrifft.<\/p>\n\n\n\n<div class=\"wp-block-button\"><a class=\"wp-block-button__link has-green-background-color has-background\" href=\"https:\/\/www.clear-edge.com\/de\/produkte\/entstaubung-und-verarbeitung\/\">Mehr erfahren<\/a><\/div>\n\n\n\n<p><\/p>\n<\/div><\/div>\n\n\n\n<div style=\"height:25px\" aria-hidden=\"true\" class=\"wp-block-spacer\"><\/div>\n\n\n\n<div class=\"wp-block-media-text alignwide is-stacked-on-mobile\" style=\"grid-template-columns:43% auto\"><figure class=\"wp-block-media-text__media\"><img loading=\"lazy\" decoding=\"async\" width=\"624\" height=\"429\" src=\"https:\/\/www.clear-edge.com\/wp-content\/uploads\/2019\/10\/high-retention-media.jpg\" alt=\"\" class=\"wp-image-455\" srcset=\"https:\/\/www.clear-edge.com\/wp-content\/uploads\/2019\/10\/high-retention-media.jpg 624w, https:\/\/www.clear-edge.com\/wp-content\/uploads\/2019\/10\/high-retention-media-300x206.jpg 300w\" sizes=\"auto, (max-width: 624px) 100vw, 624px\" \/><\/figure><div class=\"wp-block-media-text__content\">\n<h3 class=\"wp-block-heading\">Medien mit hoher Abscheideleistung<\/h3>\n\n\n\n<p>Das Filtern extrem feiner Partikel ist eine Herausforderung. Clear Edge ist f\u00fchrend in der Entwicklung und Herstellung von beschichteten Filtermedien. Diese Produkte unterst\u00fctzen die Abscheideleistung selbst bei den anspruchsvollsten Partikelgr\u00f6\u00dfenverteilungen.<br><\/p>\n\n\n\n<div class=\"wp-block-button\"><a class=\"wp-block-button__link has-green-background-color has-background\" href=\"https:\/\/www.clear-edge.com\/de\/produkte\/medien-mit-hoher-abscheideleistung\/\">Mehr erfahren<\/a><\/div>\n<\/div><\/div>\n\n\n\n<div style=\"height:25px\" aria-hidden=\"true\" class=\"wp-block-spacer\"><\/div>\n\n\n\n<div style=\"height:25px\" aria-hidden=\"true\" class=\"wp-block-spacer\"><\/div>\n\n\n\n<div class=\"wp-block-media-text alignwide is-stacked-on-mobile\" style=\"grid-template-columns:43% auto\"><figure class=\"wp-block-media-text__media\"><img loading=\"lazy\" decoding=\"async\" width=\"624\" height=\"429\" src=\"https:\/\/www.clear-edge.com\/wp-content\/uploads\/2019\/10\/Anti-Statics-cropped.jpg\" alt=\"\" class=\"wp-image-457\" srcset=\"https:\/\/www.clear-edge.com\/wp-content\/uploads\/2019\/10\/Anti-Statics-cropped.jpg 624w, https:\/\/www.clear-edge.com\/wp-content\/uploads\/2019\/10\/Anti-Statics-cropped-300x206.jpg 300w\" sizes=\"auto, (max-width: 624px) 100vw, 624px\" \/><\/figure><div class=\"wp-block-media-text__content\">\n<h3 class=\"wp-block-heading\">Antistatische Filtermedien<\/h3>\n\n\n\n<p>Von <a href=\"https:\/\/www.clear-edge.com\/de\/produkte\/vakuumfiltration\/filterbaender-fuer-horizontale-vakuumbandfilter\/\">Prozessb\u00e4ndern<\/a> \u00fcber <a href=\"https:\/\/www.clear-edge.com\/de\/produkte\/druckfiltration\/filtertuecher-fuer-filterpressen\/\">T\u00fccher f\u00fcr Filterpressen<\/a> bis hin zu <a href=\"https:\/\/www.clear-edge.com\/de\/produkte\/entstaubung-und-verarbeitung\/\">Beuteln f\u00fcr die Entstaubung<\/a> hat Clear Edge Medien f\u00fcr den Einsatz dort entwickelt, wo antistatische Eigenschaften f\u00fcr einen sicheren Prozess ben\u00f6tigt werden.<br><\/p>\n\n\n\n<div class=\"wp-block-button\"><a class=\"wp-block-button__link has-green-background-color has-background\" href=\"https:\/\/www.clear-edge.com\/de\/produkte\/antistatische-filtermedien\/\">Mehr erfahren<\/a><\/div>\n<\/div><\/div>\n\n\n\n<div style=\"height:25px\" aria-hidden=\"true\" class=\"wp-block-spacer\"><\/div>\n\n\n\n<div style=\"height:25px\" aria-hidden=\"true\" class=\"wp-block-spacer\"><\/div>\n\n\n\n<div class=\"wp-block-media-text alignwide is-stacked-on-mobile\" style=\"grid-template-columns:43% auto\"><figure class=\"wp-block-media-text__media\"><img loading=\"lazy\" decoding=\"async\" width=\"624\" height=\"429\" src=\"https:\/\/www.clear-edge.com\/wp-content\/uploads\/2019\/10\/Roll-Goods_0.jpg\" alt=\"Rollenware\" class=\"wp-image-461\" srcset=\"https:\/\/www.clear-edge.com\/wp-content\/uploads\/2019\/10\/Roll-Goods_0.jpg 624w, https:\/\/www.clear-edge.com\/wp-content\/uploads\/2019\/10\/Roll-Goods_0-300x206.jpg 300w\" sizes=\"auto, (max-width: 624px) 100vw, 624px\" \/><\/figure><div class=\"wp-block-media-text__content\">\n<h3 class=\"wp-block-heading\">Rollenware<\/h3>\n\n\n\n<p>Wir von Clear Edge liefern pr\u00e4zisionsgewebte, qualit\u00e4tsgesicherte Filtermedien als <a href=\"https:\/\/www.clear-edge.com\/de\/produkte\/rollenware\/\">Rollenware<\/a>, die eine hohe Leistung und Effizienz f\u00fcr verschiedene Filtrationsanwendungen bietet.\u00a0<br><\/p>\n\n\n\n<div class=\"wp-block-button\"><a class=\"wp-block-button__link has-green-background-color has-background\" href=\"https:\/\/www.clear-edge.com\/de\/produkte\/rollenware\/\">Mehr erfahren<\/a><\/div>\n<\/div><\/div>\n\n\n\n<div style=\"height:25px\" aria-hidden=\"true\" class=\"wp-block-spacer\"><\/div>\n\n\n\n<div class=\"wp-block-media-text alignwide is-stacked-on-mobile\" style=\"grid-template-columns:43% auto\"><figure class=\"wp-block-media-text__media\"><img loading=\"lazy\" decoding=\"async\" width=\"624\" height=\"429\" src=\"https:\/\/www.clear-edge.com\/wp-content\/uploads\/2019\/10\/Hardware-Spares_NEW.jpg\" alt=\"\" class=\"wp-image-463\" srcset=\"https:\/\/www.clear-edge.com\/wp-content\/uploads\/2019\/10\/Hardware-Spares_NEW.jpg 624w, https:\/\/www.clear-edge.com\/wp-content\/uploads\/2019\/10\/Hardware-Spares_NEW-300x206.jpg 300w\" sizes=\"auto, (max-width: 624px) 100vw, 624px\" \/><\/figure><div class=\"wp-block-media-text__content\">\n<h3 class=\"wp-block-heading\">Maschinen Ersatzteile<\/h3>\n\n\n\n<p>Clear Edge bietet ein gezieltes Angebot an Ersatzteilen an, die die unsere Systeme erg\u00e4nzen und Ihre Prozesssicherheit und die Produktivit\u00e4t weiter verbessern.<\/p>\n\n\n\n<div class=\"wp-block-button\"><a class=\"wp-block-button__link has-green-background-color has-background\" href=\"https:\/\/www.clear-edge.com\/de\/produkte\/maschinen-ersatzteile\/\/\">Mehr erfahren<\/a><\/div>\n<\/div><\/div>\n","protected":false},"excerpt":{"rendered":"","protected":false},"author":7,"featured_media":0,"parent":0,"menu_order":0,"comment_status":"closed","ping_status":"closed","template":"","meta":{"_acf_changed":false,"footnotes":""},"class_list":["post-1039","page","type-page","status-publish","hentry"],"acf":[],"yoast_head":"<!-- This site is optimized with the Yoast SEO plugin v27.3 - https:\/\/yoast.com\/product\/yoast-seo-wordpress\/ -->\n<title>Produkte - Clear Edge<\/title>\n<meta name=\"robots\" content=\"index, follow, max-snippet:-1, max-image-preview:large, max-video-preview:-1\" \/>\n<link rel=\"canonical\" href=\"https:\/\/www.clear-edge.com\/de\/produkte\/\" \/>\n<meta property=\"og:locale\" content=\"de_DE\" \/>\n<meta property=\"og:type\" content=\"article\" \/>\n<meta property=\"og:title\" content=\"Produkte - Clear Edge\" \/>\n<meta property=\"og:url\" content=\"https:\/\/www.clear-edge.com\/de\/produkte\/\" \/>\n<meta property=\"og:site_name\" content=\"Clear Edge\" \/>\n<meta property=\"article:modified_time\" content=\"2020-09-23T15:42:38+00:00\" \/>\n<meta property=\"og:image\" content=\"https:\/\/www.clear-edge.com\/wp-content\/uploads\/2019\/10\/Pressure-Filtration.jpg\" \/>\n<meta name=\"twitter:card\" content=\"summary_large_image\" \/>\n<meta name=\"twitter:label1\" content=\"Gesch\u00e4tzte Lesezeit\" \/>\n\t<meta name=\"twitter:data1\" content=\"2 Minuten\" \/>\n<script type=\"application\/ld+json\" class=\"yoast-schema-graph\">{\"@context\":\"https:\\\/\\\/schema.org\",\"@graph\":[{\"@type\":\"WebPage\",\"@id\":\"https:\\\/\\\/www.clear-edge.com\\\/de\\\/produkte\\\/\",\"url\":\"https:\\\/\\\/www.clear-edge.com\\\/de\\\/produkte\\\/\",\"name\":\"Produkte - Clear Edge\",\"isPartOf\":{\"@id\":\"https:\\\/\\\/www.clear-edge.com\\\/de\\\/#website\"},\"primaryImageOfPage\":{\"@id\":\"https:\\\/\\\/www.clear-edge.com\\\/de\\\/produkte\\\/#primaryimage\"},\"image\":{\"@id\":\"https:\\\/\\\/www.clear-edge.com\\\/de\\\/produkte\\\/#primaryimage\"},\"thumbnailUrl\":\"https:\\\/\\\/www.clear-edge.com\\\/wp-content\\\/uploads\\\/2019\\\/10\\\/Pressure-Filtration.jpg\",\"datePublished\":\"2020-09-03T14:12:49+00:00\",\"dateModified\":\"2020-09-23T15:42:38+00:00\",\"breadcrumb\":{\"@id\":\"https:\\\/\\\/www.clear-edge.com\\\/de\\\/produkte\\\/#breadcrumb\"},\"inLanguage\":\"de-DE\",\"potentialAction\":[{\"@type\":\"ReadAction\",\"target\":[\"https:\\\/\\\/www.clear-edge.com\\\/de\\\/produkte\\\/\"]}]},{\"@type\":\"ImageObject\",\"inLanguage\":\"de-DE\",\"@id\":\"https:\\\/\\\/www.clear-edge.com\\\/de\\\/produkte\\\/#primaryimage\",\"url\":\"https:\\\/\\\/www.clear-edge.com\\\/wp-content\\\/uploads\\\/2019\\\/10\\\/Pressure-Filtration.jpg\",\"contentUrl\":\"https:\\\/\\\/www.clear-edge.com\\\/wp-content\\\/uploads\\\/2019\\\/10\\\/Pressure-Filtration.jpg\"},{\"@type\":\"BreadcrumbList\",\"@id\":\"https:\\\/\\\/www.clear-edge.com\\\/de\\\/produkte\\\/#breadcrumb\",\"itemListElement\":[{\"@type\":\"ListItem\",\"position\":1,\"name\":\"\",\"item\":\"https:\\\/\\\/www.clear-edge.com\\\/de\\\/\"},{\"@type\":\"ListItem\",\"position\":2,\"name\":\"Produkte\"}]},{\"@type\":\"WebSite\",\"@id\":\"https:\\\/\\\/www.clear-edge.com\\\/de\\\/#website\",\"url\":\"https:\\\/\\\/www.clear-edge.com\\\/de\\\/\",\"name\":\"Clear Edge\",\"description\":\"Global manufacturer and supplier of technical filter fabrics I filter cloths I filter belts I filtration solutions\",\"publisher\":{\"@id\":\"https:\\\/\\\/www.clear-edge.com\\\/de\\\/#organization\"},\"potentialAction\":[{\"@type\":\"SearchAction\",\"target\":{\"@type\":\"EntryPoint\",\"urlTemplate\":\"https:\\\/\\\/www.clear-edge.com\\\/de\\\/?s={search_term_string}\"},\"query-input\":{\"@type\":\"PropertyValueSpecification\",\"valueRequired\":true,\"valueName\":\"search_term_string\"}}],\"inLanguage\":\"de-DE\"},{\"@type\":\"Organization\",\"@id\":\"https:\\\/\\\/www.clear-edge.com\\\/de\\\/#organization\",\"name\":\"Filtration Group\",\"url\":\"https:\\\/\\\/www.clear-edge.com\\\/de\\\/\",\"logo\":{\"@type\":\"ImageObject\",\"inLanguage\":\"de-DE\",\"@id\":\"https:\\\/\\\/www.clear-edge.com\\\/de\\\/#\\\/schema\\\/logo\\\/image\\\/\",\"url\":\"https:\\\/\\\/www.clear-edge.com\\\/wp-content\\\/uploads\\\/2019\\\/06\\\/FGC-logo-1.png\",\"contentUrl\":\"https:\\\/\\\/www.clear-edge.com\\\/wp-content\\\/uploads\\\/2019\\\/06\\\/FGC-logo-1.png\",\"width\":1104,\"height\":224,\"caption\":\"Filtration Group\"},\"image\":{\"@id\":\"https:\\\/\\\/www.clear-edge.com\\\/de\\\/#\\\/schema\\\/logo\\\/image\\\/\"}}]}<\/script>\n<!-- \/ Yoast SEO plugin. -->","yoast_head_json":{"title":"Produkte - Clear Edge","robots":{"index":"index","follow":"follow","max-snippet":"max-snippet:-1","max-image-preview":"max-image-preview:large","max-video-preview":"max-video-preview:-1"},"canonical":"https:\/\/www.clear-edge.com\/de\/produkte\/","og_locale":"de_DE","og_type":"article","og_title":"Produkte - Clear Edge","og_url":"https:\/\/www.clear-edge.com\/de\/produkte\/","og_site_name":"Clear Edge","article_modified_time":"2020-09-23T15:42:38+00:00","og_image":[{"url":"https:\/\/www.clear-edge.com\/wp-content\/uploads\/2019\/10\/Pressure-Filtration.jpg","type":"","width":"","height":""}],"twitter_card":"summary_large_image","twitter_misc":{"Gesch\u00e4tzte Lesezeit":"2 Minuten"},"schema":{"@context":"https:\/\/schema.org","@graph":[{"@type":"WebPage","@id":"https:\/\/www.clear-edge.com\/de\/produkte\/","url":"https:\/\/www.clear-edge.com\/de\/produkte\/","name":"Produkte - Clear Edge","isPartOf":{"@id":"https:\/\/www.clear-edge.com\/de\/#website"},"primaryImageOfPage":{"@id":"https:\/\/www.clear-edge.com\/de\/produkte\/#primaryimage"},"image":{"@id":"https:\/\/www.clear-edge.com\/de\/produkte\/#primaryimage"},"thumbnailUrl":"https:\/\/www.clear-edge.com\/wp-content\/uploads\/2019\/10\/Pressure-Filtration.jpg","datePublished":"2020-09-03T14:12:49+00:00","dateModified":"2020-09-23T15:42:38+00:00","breadcrumb":{"@id":"https:\/\/www.clear-edge.com\/de\/produkte\/#breadcrumb"},"inLanguage":"de-DE","potentialAction":[{"@type":"ReadAction","target":["https:\/\/www.clear-edge.com\/de\/produkte\/"]}]},{"@type":"ImageObject","inLanguage":"de-DE","@id":"https:\/\/www.clear-edge.com\/de\/produkte\/#primaryimage","url":"https:\/\/www.clear-edge.com\/wp-content\/uploads\/2019\/10\/Pressure-Filtration.jpg","contentUrl":"https:\/\/www.clear-edge.com\/wp-content\/uploads\/2019\/10\/Pressure-Filtration.jpg"},{"@type":"BreadcrumbList","@id":"https:\/\/www.clear-edge.com\/de\/produkte\/#breadcrumb","itemListElement":[{"@type":"ListItem","position":1,"name":"","item":"https:\/\/www.clear-edge.com\/de\/"},{"@type":"ListItem","position":2,"name":"Produkte"}]},{"@type":"WebSite","@id":"https:\/\/www.clear-edge.com\/de\/#website","url":"https:\/\/www.clear-edge.com\/de\/","name":"Clear Edge","description":"Global manufacturer and supplier of technical filter fabrics I filter cloths I filter belts I filtration solutions","publisher":{"@id":"https:\/\/www.clear-edge.com\/de\/#organization"},"potentialAction":[{"@type":"SearchAction","target":{"@type":"EntryPoint","urlTemplate":"https:\/\/www.clear-edge.com\/de\/?s={search_term_string}"},"query-input":{"@type":"PropertyValueSpecification","valueRequired":true,"valueName":"search_term_string"}}],"inLanguage":"de-DE"},{"@type":"Organization","@id":"https:\/\/www.clear-edge.com\/de\/#organization","name":"Filtration Group","url":"https:\/\/www.clear-edge.com\/de\/","logo":{"@type":"ImageObject","inLanguage":"de-DE","@id":"https:\/\/www.clear-edge.com\/de\/#\/schema\/logo\/image\/","url":"https:\/\/www.clear-edge.com\/wp-content\/uploads\/2019\/06\/FGC-logo-1.png","contentUrl":"https:\/\/www.clear-edge.com\/wp-content\/uploads\/2019\/06\/FGC-logo-1.png","width":1104,"height":224,"caption":"Filtration Group"},"image":{"@id":"https:\/\/www.clear-edge.com\/de\/#\/schema\/logo\/image\/"}}]}},"_links":{"self":[{"href":"https:\/\/www.clear-edge.com\/de\/wp-json\/wp\/v2\/pages\/1039","targetHints":{"allow":["GET"]}}],"collection":[{"href":"https:\/\/www.clear-edge.com\/de\/wp-json\/wp\/v2\/pages"}],"about":[{"href":"https:\/\/www.clear-edge.com\/de\/wp-json\/wp\/v2\/types\/page"}],"author":[{"embeddable":true,"href":"https:\/\/www.clear-edge.com\/de\/wp-json\/wp\/v2\/users\/7"}],"replies":[{"embeddable":true,"href":"https:\/\/www.clear-edge.com\/de\/wp-json\/wp\/v2\/comments?post=1039"}],"version-history":[{"count":0,"href":"https:\/\/www.clear-edge.com\/de\/wp-json\/wp\/v2\/pages\/1039\/revisions"}],"wp:attachment":[{"href":"https:\/\/www.clear-edge.com\/de\/wp-json\/wp\/v2\/media?parent=1039"}],"curies":[{"name":"wp","href":"https:\/\/api.w.org\/{rel}","templated":true}]}}